{"id":8335,"date":"2019-03-21T17:16:10","date_gmt":"2019-03-21T16:16:10","guid":{"rendered":"http:\/\/serveiseducatius.xtec.cat\/horta-guinardo\/?page_id=8335"},"modified":"2025-07-03T12:56:31","modified_gmt":"2025-07-03T10:56:31","slug":"crp","status":"publish","type":"page","link":"https:\/\/serveiseducatius.xtec.cat\/horta-guinardo\/crp\/","title":{"rendered":"CRP"},"content":{"rendered":"<p>Els centres de recursos pedag\u00f2gics (CRP) s\u00f3n serveis educatius creats pel Departament d\u2019Educaci\u00f3 i Formaci\u00f3 Professional per donar suport a l&#8217;activitat pedag\u00f2gica dels centres i a la tasca docent del professorat.<\/p>\n<p>En el marc de les funcions espec\u00edfiques dels CRP, que es concreten en els \u00e0mbits de formaci\u00f3, dinamitzaci\u00f3 i recursos, per al curs 2025-2026 es prioritzen els aspectes seg\u00fcents:<\/p>\n<ul>\n<li>El disseny, la planificaci\u00f3, la coordinaci\u00f3 i la implementaci\u00f3 de la pr\u00e0ctica assessora al centre, per acompanyar-lo en els processos de transformaci\u00f3 i millora educativa.<\/li>\n<li>La detecci\u00f3, el recull i la difusi\u00f3 de pr\u00e0ctiques educatives de refer\u00e8ncia del professorat de la zona, aix\u00ed com projectes innovadors de centres.<\/li>\n<li>El suport a les iniciatives que desplega el Departament per digitalitzar els centres educatius.<\/li>\n<li>La dinamitzaci\u00f3 i el suport a les xarxes educatives de la zona, vetllant per l&#8217;equitat i la inclusi\u00f3.<\/li>\n<li>L\u2019elaboraci\u00f3 de la proposta formativa del pla de formaci\u00f3 de zona (PFZ), a partir de la detecci\u00f3 de necessitats dels centres i del professorat.<\/li>\n<\/ul>\n","protected":false},"excerpt":{"rendered":"<p>Els centres de recursos pedag\u00f2gics (CRP) s\u00f3n serveis educatius creats pel Departament d\u2019Educaci\u00f3 i Formaci\u00f3 Professional per donar suport a l&#8217;activitat pedag\u00f2gica dels centres i a la tasca docent del professorat. En el marc de les funcions espec\u00edfiques dels CRP, que es concreten en els \u00e0mbits de formaci\u00f3, dinamitzaci\u00f3 i recursos, per al curs 2025-2026 [&hellip;]<\/p>\n","protected":false},"author":1,"featured_media":0,"parent":0,"menu_order":0,"comment_status":"closed","ping_status":"closed","template":"","meta":{"_bbp_topic_count":0,"_bbp_reply_count":0,"_bbp_total_topic_count":0,"_bbp_total_reply_count":0,"_bbp_voice_count":0,"_bbp_anonymous_reply_count":0,"_bbp_topic_count_hidden":0,"_bbp_reply_count_hidden":0,"_bbp_forum_subforum_count":0,"site-sidebar-layout":"default","site-content-layout":"","ast-site-content-layout":"","site-content-style":"default","site-sidebar-style":"default","ast-global-header-display":"","ast-banner-title-visibility":"","ast-main-header-display":"","ast-hfb-above-header-display":"","ast-hfb-below-header-display":"","ast-hfb-mobile-header-display":"","site-post-title":"","ast-breadcrumbs-content":"","ast-featured-img":"","footer-sml-layout":"","theme-transparent-header-meta":"","adv-header-id-meta":"","stick-header-meta":"","header-above-stick-meta":"","header-main-stick-meta":"","header-below-stick-meta":"","astra-migrate-meta-layouts":"default","ast-page-background-enabled":"default","ast-page-background-meta":{"desktop":{"background-color":"var(--ast-global-color-4)","background-image":"","background-repeat":"repeat","background-position":"center center","background-size":"auto","background-attachment":"scroll","background-type":"","background-media":"","overlay-type":"","overlay-color":"","overlay-opacity":"","overlay-gradient":""},"tablet":{"background-color":"","background-image":"","background-repeat":"repeat","background-position":"center center","background-size":"auto","background-attachment":"scroll","background-type":"","background-media":"","overlay-type":"","overlay-color":"","overlay-opacity":"","overlay-gradient":""},"mobile":{"background-color":"","background-image":"","background-repeat":"repeat","background-position":"center center","background-size":"auto","background-attachment":"scroll","background-type":"","background-media":"","overlay-type":"","overlay-color":"","overlay-opacity":"","overlay-gradient":""}},"ast-content-background-meta":{"desktop":{"background-color":"var(--ast-global-color-5)","background-image":"","background-repeat":"repeat","background-position":"center center","background-size":"auto","background-attachment":"scroll","background-type":"","background-media":"","overlay-type":"","overlay-color":"","overlay-opacity":"","overlay-gradient":""},"tablet":{"background-color":"var(--ast-global-color-5)","background-image":"","background-repeat":"repeat","background-position":"center center","background-size":"auto","background-attachment":"scroll","background-type":"","background-media":"","overlay-type":"","overlay-color":"","overlay-opacity":"","overlay-gradient":""},"mobile":{"background-color":"var(--ast-global-color-5)","background-image":"","background-repeat":"repeat","background-position":"center center","background-size":"auto","background-attachment":"scroll","background-type":"","background-media":"","overlay-type":"","overlay-color":"","overlay-opacity":"","overlay-gradient":""}},"footnotes":""},"class_list":["post-8335","page","type-page","status-publish","hentry"],"post_mailing_queue_ids":[],"_links":{"self":[{"href":"https:\/\/serveiseducatius.xtec.cat\/horta-guinardo\/wp-json\/wp\/v2\/pages\/8335","targetHints":{"allow":["GET"]}}],"collection":[{"href":"https:\/\/serveiseducatius.xtec.cat\/horta-guinardo\/wp-json\/wp\/v2\/pages"}],"about":[{"href":"https:\/\/serveiseducatius.xtec.cat\/horta-guinardo\/wp-json\/wp\/v2\/types\/page"}],"author":[{"embeddable":true,"href":"https:\/\/serveiseducatius.xtec.cat\/horta-guinardo\/wp-json\/wp\/v2\/users\/1"}],"replies":[{"embeddable":true,"href":"https:\/\/serveiseducatius.xtec.cat\/horta-guinardo\/wp-json\/wp\/v2\/comments?post=8335"}],"version-history":[{"count":2,"href":"https:\/\/serveiseducatius.xtec.cat\/horta-guinardo\/wp-json\/wp\/v2\/pages\/8335\/revisions"}],"predecessor-version":[{"id":12392,"href":"https:\/\/serveiseducatius.xtec.cat\/horta-guinardo\/wp-json\/wp\/v2\/pages\/8335\/revisions\/12392"}],"wp:attachment":[{"href":"https:\/\/serveiseducatius.xtec.cat\/horta-guinardo\/wp-json\/wp\/v2\/media?parent=8335"}],"curies":[{"name":"wp","href":"https:\/\/api.w.org\/{rel}","templated":true}]}}