{"id":8240,"date":"2019-02-15T12:54:50","date_gmt":"2019-02-15T11:54:50","guid":{"rendered":"http:\/\/serveiseducatius.xtec.cat\/horta-guinardo\/?page_id=8240"},"modified":"2024-01-11T13:04:29","modified_gmt":"2024-01-11T12:04:29","slug":"atencio-a-la-diversitat","status":"publish","type":"page","link":"https:\/\/serveiseducatius.xtec.cat\/horta-guinardo\/atencio-a-la-diversitat\/","title":{"rendered":"INCLUSIVA"},"content":{"rendered":"<p>En aquest espai trobareu informacions i enlla\u00e7os a normatives, recursos i experi\u00e8ncies relacionats amb l&#8217;<strong>atenci\u00f3 a la diversitat<\/strong> als centres (com s&#8217;organitzen els elements escolars i curriculars\u00a0 &#8211; tenint en compte la diversitat de les persones i la complexitat social &#8211; per facilitar la participaci\u00f3 i l&#8217;aprenentatge de tots i cadasc\u00fa dels alumnes oferint expectatives d&#8217;\u00e8xit)<\/p>\n","protected":false},"excerpt":{"rendered":"<p>En aquest espai trobareu informacions i enlla\u00e7os a normatives, recursos i experi\u00e8ncies relacionats amb l&#8217;atenci\u00f3 a la diversitat als centres (com s&#8217;organitzen els elements escolars i curriculars\u00a0 &#8211; tenint en compte la diversitat de les persones i la complexitat social &#8211; per facilitar la participaci\u00f3 i l&#8217;aprenentatge de tots i cadasc\u00fa dels alumnes oferint expectatives [&hellip;]<\/p>\n","protected":false},"author":1,"featured_media":0,"parent":0,"menu_order":0,"comment_status":"closed","ping_status":"closed","template":"","meta":{"_bbp_topic_count":0,"_bbp_reply_count":0,"_bbp_total_topic_count":0,"_bbp_total_reply_count":0,"_bbp_voice_count":0,"_bbp_anonymous_reply_count":0,"_bbp_topic_count_hidden":0,"_bbp_reply_count_hidden":0,"_bbp_forum_subforum_count":0,"site-sidebar-layout":"default","site-content-layout":"","ast-site-content-layout":"","site-content-style":"default","site-sidebar-style":"default","ast-global-header-display":"","ast-banner-title-visibility":"","ast-main-header-display":"","ast-hfb-above-header-display":"","ast-hfb-below-header-display":"","ast-hfb-mobile-header-display":"","site-post-title":"","ast-breadcrumbs-content":"","ast-featured-img":"","footer-sml-layout":"","theme-transparent-header-meta":"","adv-header-id-meta":"","stick-header-meta":"","header-above-stick-meta":"","header-main-stick-meta":"","header-below-stick-meta":"","astra-migrate-meta-layouts":"default","ast-page-background-enabled":"default","ast-page-background-meta":{"desktop":{"background-color":"var(--ast-global-color-4)","background-image":"","background-repeat":"repeat","background-position":"center center","background-size":"auto","background-attachment":"scroll","background-type":"","background-media":"","overlay-type":"","overlay-color":"","overlay-opacity":"","overlay-gradient":""},"tablet":{"background-color":"","background-image":"","background-repeat":"repeat","background-position":"center center","background-size":"auto","background-attachment":"scroll","background-type":"","background-media":"","overlay-type":"","overlay-color":"","overlay-opacity":"","overlay-gradient":""},"mobile":{"background-color":"","background-image":"","background-repeat":"repeat","background-position":"center center","background-size":"auto","background-attachment":"scroll","background-type":"","background-media":"","overlay-type":"","overlay-color":"","overlay-opacity":"","overlay-gradient":""}},"ast-content-background-meta":{"desktop":{"background-color":"var(--ast-global-color-5)","background-image":"","background-repeat":"repeat","background-position":"center center","background-size":"auto","background-attachment":"scroll","background-type":"","background-media":"","overlay-type":"","overlay-color":"","overlay-opacity":"","overlay-gradient":""},"tablet":{"background-color":"var(--ast-global-color-5)","background-image":"","background-repeat":"repeat","background-position":"center center","background-size":"auto","background-attachment":"scroll","background-type":"","background-media":"","overlay-type":"","overlay-color":"","overlay-opacity":"","overlay-gradient":""},"mobile":{"background-color":"var(--ast-global-color-5)","background-image":"","background-repeat":"repeat","background-position":"center center","background-size":"auto","background-attachment":"scroll","background-type":"","background-media":"","overlay-type":"","overlay-color":"","overlay-opacity":"","overlay-gradient":""}},"footnotes":""},"class_list":["post-8240","page","type-page","status-publish","hentry"],"post_mailing_queue_ids":[],"_links":{"self":[{"href":"https:\/\/serveiseducatius.xtec.cat\/horta-guinardo\/wp-json\/wp\/v2\/pages\/8240","targetHints":{"allow":["GET"]}}],"collection":[{"href":"https:\/\/serveiseducatius.xtec.cat\/horta-guinardo\/wp-json\/wp\/v2\/pages"}],"about":[{"href":"https:\/\/serveiseducatius.xtec.cat\/horta-guinardo\/wp-json\/wp\/v2\/types\/page"}],"author":[{"embeddable":true,"href":"https:\/\/serveiseducatius.xtec.cat\/horta-guinardo\/wp-json\/wp\/v2\/users\/1"}],"replies":[{"embeddable":true,"href":"https:\/\/serveiseducatius.xtec.cat\/horta-guinardo\/wp-json\/wp\/v2\/comments?post=8240"}],"version-history":[{"count":4,"href":"https:\/\/serveiseducatius.xtec.cat\/horta-guinardo\/wp-json\/wp\/v2\/pages\/8240\/revisions"}],"predecessor-version":[{"id":11516,"href":"https:\/\/serveiseducatius.xtec.cat\/horta-guinardo\/wp-json\/wp\/v2\/pages\/8240\/revisions\/11516"}],"wp:attachment":[{"href":"https:\/\/serveiseducatius.xtec.cat\/horta-guinardo\/wp-json\/wp\/v2\/media?parent=8240"}],"curies":[{"name":"wp","href":"https:\/\/api.w.org\/{rel}","templated":true}]}}