{"id":8172,"date":"2018-12-13T17:03:27","date_gmt":"2018-12-13T16:03:27","guid":{"rendered":"http:\/\/serveiseducatius.xtec.cat\/horta-guinardo\/?page_id=8172"},"modified":"2025-12-04T13:53:00","modified_gmt":"2025-12-04T12:53:00","slug":"assessorament-a-families","status":"publish","type":"page","link":"https:\/\/serveiseducatius.xtec.cat\/horta-guinardo\/atencio-a-la-diversitat\/assessorament-a-families\/","title":{"rendered":"Assessorament a families"},"content":{"rendered":"<header class=\"entry-header\">\n<p class=\"entry-title\">Des del Servei, especialment des de l&#8217;equip de l&#8217;EAP,\u00a0 proporcionem a les fam\u00edlies, i en especial als pares\/mares\/tutors de l&#8217;alumnat amb necessitats espec\u00edfiques de suport educatiu,<\/p>\n<\/header>\n<div class=\"entry-content\">\n<ul>\n<li>Assessorament en aspectes d&#8217;aprenentatge, personals i socials aix\u00ed com acompanyament en els moments de transici\u00f3 d&#8217;etapes.<\/li>\n<li>Orientaci\u00f3 acad\u00e8mica personalitzada dels itineraris formatius del sistema educatiu.<\/li>\n<li>Informaci\u00f3 d\u2019altres recursos formatius per a joves a la ciutat i seguiment del proc\u00e9s educatiu del jove orientat.<\/li>\n<li>Informaci\u00f3\u00a0 i suport en els processos de preinscripci\u00f3 i matr\u00edcula.<\/li>\n<li>Orientaci\u00f3 i acompanyament en la recerca de recursos i ajuts.<\/li>\n<\/ul>\n<\/div>\n<p>En els seg\u00fcents links trobareu informaci\u00f3\u00a0 amb relaci\u00f3 a alguns recursos, programes, serveis i convocat\u00f2ries d&#8217;ajuts.<\/p>\n<h4><strong><a href=\"https:\/\/www.edubcn.cat\/ca\/alumnat_i_familia\/ajuts_beques_i_subvencions\/ajuts_de_menjador_escolar\" target=\"_blank\" rel=\"noopener\">Beques menjador<\/a><\/strong><\/h4>\n<p>L&#8217;alumnat de P-3 a 4t d&#8217;ESO escolaritzat en centres p\u00fablics i concertats de fam\u00edlies amb ingressos per sota dels llindars establerts a la convocat\u00f2ria pot sol\u00b7licitar l&#8217;ajut individual de menjador a trav\u00e9s del seu centre educatiu.<\/p>\n<h4><a href=\"https:\/\/www.edubcn.cat\/ca\/alumnat_i_familia\/ajuts_beques_i_subvencions\/ajuts_nee\" target=\"_blank\" rel=\"noopener\">Beques <strong>NESE<\/strong><\/a><\/h4>\n<p>Ajuts individualitzats convocats pel Ministeri d&#8217;Educaci\u00f3 i Formaci\u00f3 Professional per a alumnes amb necessitat espec\u00edfica de suport educatiu derivades de discapacitat, trastorn greu de conducta o altes capacitats.<\/p>\n<p><a href=\"https:\/\/web.gencat.cat\/ca\/tramits\/tramits-temes\/Reconeixement-o-revisio-del-grau-de-la-discapacitat\" target=\"_blank\" rel=\"noopener\"><strong style=\"font-size: 1.4375em;\">Tramitaci\u00f3\/Renovaci\u00f3 del Grau de Discapacitat (CAD)\u00a0<\/strong><\/a><\/p>\n<p>Document que acredita legalment el grau de discapacitat i facilita l\u2019acc\u00e9s a diversos drets, serveis, programes i prestacions que tenen com a objecte compensar els desavantatges socials derivats de la discapacitat o de les barreres socials que limiten la participaci\u00f3 plena i efectiva en la societat<\/p>\n<h4><a href=\"https:\/\/ajuntament.barcelona.cat\/centrescivics\/ca\/activitat\/temps-tu\" target=\"_blank\" rel=\"noopener\">Temps per TU<\/a><\/h4>\n<p>Servei per fomentar el lleure de qualitat dels infants, els adolescents, els joves i les persones adultes amb discapacitat i, alhora, per promoure la conciliaci\u00f3 de la vida laboral i personal de les fam\u00edlies.<\/p>\n<h4><a href=\"https:\/\/ajuntament.barcelona.cat\/familia\/ca\/que-es-centre-per-families-amb-adolescents\" target=\"_blank\" rel=\"noopener\">Centre per a fam\u00edlies amb adolescents<\/a><\/h4>\n<p>Servei de l&#8217;Ajuntament de Barcelona adre\u00e7at a les persones que exerceixen el rol parental (pares, mares o tutors\/es). S&#8217;ofereix informaci\u00f3, formaci\u00f3 i orientaci\u00f3 per tal d&#8217;afavorir la revisi\u00f3 i reconeixement de la funci\u00f3 parental, fer l&#8217;acompanyament als fills en l&#8217;etapa adolescent, etc.<\/p>\n<h4><a href=\"https:\/\/ajuntament.barcelona.cat\/novaciutadania\/ca\/acompanyament-al-reagrupament-familiar\" target=\"_blank\" rel=\"noopener\">Noves fam\u00edlies a Barcelona<\/a><\/h4>\n<p>Programa municipal que dona suport a totes les persones estrangeres extracomunit\u00e0ries que viuen a Barcelona i volen reagrupar els seus familiars: fills, c\u00f2njuge, parella de fet, pares&#8230; Ofereix assessorament jur\u00eddic, orientaci\u00f3 i acompanyament als menor i joves reagrupats per facilitar-los l&#8217;acc\u00e9s al sistema educatiu i de lleure a Barcelona, etc.<\/p>\n<h4><a href=\"https:\/\/ajuntament.barcelona.cat\/infancia\/ca\/canal\/servei-de-families-collaboradores\" target=\"_blank\" rel=\"noopener\">Servei de Fam\u00edlies Col\u00b7laboradores<\/a><\/h4>\n<p>A Barcelona hi ha fam\u00edlies que, de manera temporal i per diferents circumst\u00e0ncies (motius de salut, conciliaci\u00f3 de la vida familiar i laboral&#8230;), necessiten ajuda per atendre els seus infants i que altres persones els donin un cop de m\u00e0. Aquest servei de l\u2019Ajuntament de Barcelona interv\u00e9 per ajudar aquestes fam\u00edlies oferint-los una fam\u00edlia propera que durant aquest temps determinat les complementi en la cura dels seus fills i filles.<\/p>\n<p>&nbsp;<\/p>\n","protected":false},"excerpt":{"rendered":"<p>Des del Servei, especialment des de l&#8217;equip de l&#8217;EAP,\u00a0 proporcionem a les fam\u00edlies, i en especial als pares\/mares\/tutors de l&#8217;alumnat amb necessitats espec\u00edfiques de suport educatiu, Assessorament en aspectes d&#8217;aprenentatge, personals i socials aix\u00ed com acompanyament en els moments de transici\u00f3 d&#8217;etapes. Orientaci\u00f3 acad\u00e8mica personalitzada dels itineraris formatius del sistema educatiu. Informaci\u00f3 d\u2019altres recursos formatius [&hellip;]<\/p>\n","protected":false},"author":1,"featured_media":0,"parent":8240,"menu_order":0,"comment_status":"closed","ping_status":"closed","template":"","meta":{"_bbp_topic_count":0,"_bbp_reply_count":0,"_bbp_total_topic_count":0,"_bbp_total_reply_count":0,"_bbp_voice_count":0,"_bbp_anonymous_reply_count":0,"_bbp_topic_count_hidden":0,"_bbp_reply_count_hidden":0,"_bbp_forum_subforum_count":0,"site-sidebar-layout":"default","site-content-layout":"","ast-site-content-layout":"default","site-content-style":"default","site-sidebar-style":"default","ast-global-header-display":"","ast-banner-title-visibility":"","ast-main-header-display":"","ast-hfb-above-header-display":"","ast-hfb-below-header-display":"","ast-hfb-mobile-header-display":"","site-post-title":"","ast-breadcrumbs-content":"","ast-featured-img":"","footer-sml-layout":"","theme-transparent-header-meta":"default","adv-header-id-meta":"","stick-header-meta":"","header-above-stick-meta":"","header-main-stick-meta":"","header-below-stick-meta":"","astra-migrate-meta-layouts":"set","ast-page-background-enabled":"default","ast-page-background-meta":{"desktop":{"background-color":"var(--ast-global-color-4)","background-image":"","background-repeat":"repeat","background-position":"center center","background-size":"auto","background-attachment":"scroll","background-type":"","background-media":"","overlay-type":"","overlay-color":"","overlay-opacity":"","overlay-gradient":""},"tablet":{"background-color":"","background-image":"","background-repeat":"repeat","background-position":"center center","background-size":"auto","background-attachment":"scroll","background-type":"","background-media":"","overlay-type":"","overlay-color":"","overlay-opacity":"","overlay-gradient":""},"mobile":{"background-color":"","background-image":"","background-repeat":"repeat","background-position":"center center","background-size":"auto","background-attachment":"scroll","background-type":"","background-media":"","overlay-type":"","overlay-color":"","overlay-opacity":"","overlay-gradient":""}},"ast-content-background-meta":{"desktop":{"background-color":"var(--ast-global-color-5)","background-image":"","background-repeat":"repeat","background-position":"center center","background-size":"auto","background-attachment":"scroll","background-type":"","background-media":"","overlay-type":"","overlay-color":"","overlay-opacity":"","overlay-gradient":""},"tablet":{"background-color":"var(--ast-global-color-5)","background-image":"","background-repeat":"repeat","background-position":"center center","background-size":"auto","background-attachment":"scroll","background-type":"","background-media":"","overlay-type":"","overlay-color":"","overlay-opacity":"","overlay-gradient":""},"mobile":{"background-color":"var(--ast-global-color-5)","background-image":"","background-repeat":"repeat","background-position":"center center","background-size":"auto","background-attachment":"scroll","background-type":"","background-media":"","overlay-type":"","overlay-color":"","overlay-opacity":"","overlay-gradient":""}},"footnotes":""},"class_list":["post-8172","page","type-page","status-publish","hentry"],"post_mailing_queue_ids":[],"_links":{"self":[{"href":"https:\/\/serveiseducatius.xtec.cat\/horta-guinardo\/wp-json\/wp\/v2\/pages\/8172","targetHints":{"allow":["GET"]}}],"collection":[{"href":"https:\/\/serveiseducatius.xtec.cat\/horta-guinardo\/wp-json\/wp\/v2\/pages"}],"about":[{"href":"https:\/\/serveiseducatius.xtec.cat\/horta-guinardo\/wp-json\/wp\/v2\/types\/page"}],"author":[{"embeddable":true,"href":"https:\/\/serveiseducatius.xtec.cat\/horta-guinardo\/wp-json\/wp\/v2\/users\/1"}],"replies":[{"embeddable":true,"href":"https:\/\/serveiseducatius.xtec.cat\/horta-guinardo\/wp-json\/wp\/v2\/comments?post=8172"}],"version-history":[{"count":6,"href":"https:\/\/serveiseducatius.xtec.cat\/horta-guinardo\/wp-json\/wp\/v2\/pages\/8172\/revisions"}],"predecessor-version":[{"id":12557,"href":"https:\/\/serveiseducatius.xtec.cat\/horta-guinardo\/wp-json\/wp\/v2\/pages\/8172\/revisions\/12557"}],"up":[{"embeddable":true,"href":"https:\/\/serveiseducatius.xtec.cat\/horta-guinardo\/wp-json\/wp\/v2\/pages\/8240"}],"wp:attachment":[{"href":"https:\/\/serveiseducatius.xtec.cat\/horta-guinardo\/wp-json\/wp\/v2\/media?parent=8172"}],"curies":[{"name":"wp","href":"https:\/\/api.w.org\/{rel}","templated":true}]}}