{"id":8164,"date":"2018-12-13T16:53:14","date_gmt":"2018-12-13T15:53:14","guid":{"rendered":"http:\/\/serveiseducatius.xtec.cat\/horta-guinardo\/?page_id=8164"},"modified":"2024-10-10T10:06:04","modified_gmt":"2024-10-10T08:06:04","slug":"protocols-per-a-centres","status":"publish","type":"page","link":"https:\/\/serveiseducatius.xtec.cat\/horta-guinardo\/protocols-per-a-centres\/","title":{"rendered":"Protocols per a centres"},"content":{"rendered":"<p style=\"text-align: justify;\">A continuaci\u00f3 es presenten els <strong>diferents protocols<\/strong> establerts pel Departament D&#8217;educaci\u00f3 i Formaci\u00f3 Professional i el Consorci d&#8217;Educaci\u00f3 de Barcelona:<\/p>\n<ul>\n<li style=\"list-style-type: none;\">\n<ul>\n<li style=\"text-align: justify;\">\n<p class=\"NG-menu__title\"><a href=\"https:\/\/educacio.gencat.cat\/ca\/departament\/publicacions\/protocols\/atencio-acompanyament-alumnat-transgenere\/\">Protocol per a l&#8217;atenci\u00f3 i l&#8217;acompanyament de l&#8217;alumnat transg\u00e8nere als centres educatius<\/a><\/p>\n<\/li>\n<li style=\"text-align: justify;\">\n<p class=\"NG-menu__title\"><a href=\"https:\/\/educacio.gencat.cat\/ca\/departament\/publicacions\/protocols\/intervencio-faltes-greus-convivencia\/\">Procediment d&#8217;intervenci\u00f3 en cas de faltes greument perjudicials per a la conviv\u00e8ncia<\/a><\/p>\n<\/li>\n<li>\n<p class=\"NG-menu__title\" style=\"text-align: justify;\"><a href=\"https:\/\/educacio.gencat.cat\/ca\/departament\/publicacions\/protocols\/actuacio-davant-violencia-ambit-educatiu\/\">Protocol d&#8217;actuaci\u00f3 davant de qualsevol tipus de viol\u00e8ncia en l&#8217;\u00e0mbit educatiu<\/a><\/p>\n<\/li>\n<\/ul>\n<\/li>\n<\/ul>\n<ul>\n<li style=\"list-style-type: none;\">\n<ul>\n<li>\n<p id=\"main-title\" class=\"supra-title \"><a href=\"https:\/\/www.edubcn.cat\/ca\/centres_serveis_educatius\/gestio_situacions_de_violencia_i_convivencia\">Gesti\u00f3 de les situacions de viol\u00e8ncia i de conviv\u00e8ncia<\/a><\/p>\n<\/li>\n<\/ul>\n<\/li>\n<\/ul>\n<p>&nbsp;<\/p>\n","protected":false},"excerpt":{"rendered":"<p>A continuaci\u00f3 es presenten els diferents protocols establerts pel Departament D&#8217;educaci\u00f3 i Formaci\u00f3 Professional i el Consorci d&#8217;Educaci\u00f3 de Barcelona: Protocol per a l&#8217;atenci\u00f3 i l&#8217;acompanyament de l&#8217;alumnat transg\u00e8nere als centres educatius Procediment d&#8217;intervenci\u00f3 en cas de faltes greument perjudicials per a la conviv\u00e8ncia Protocol d&#8217;actuaci\u00f3 davant de qualsevol tipus de viol\u00e8ncia en l&#8217;\u00e0mbit educatiu [&hellip;]<\/p>\n","protected":false},"author":1,"featured_media":0,"parent":0,"menu_order":10,"comment_status":"closed","ping_status":"closed","template":"","meta":{"_bbp_topic_count":0,"_bbp_reply_count":0,"_bbp_total_topic_count":0,"_bbp_total_reply_count":0,"_bbp_voice_count":0,"_bbp_anonymous_reply_count":0,"_bbp_topic_count_hidden":0,"_bbp_reply_count_hidden":0,"_bbp_forum_subforum_count":0,"site-sidebar-layout":"default","site-content-layout":"","ast-site-content-layout":"","site-content-style":"default","site-sidebar-style":"default","ast-global-header-display":"","ast-banner-title-visibility":"","ast-main-header-display":"","ast-hfb-above-header-display":"","ast-hfb-below-header-display":"","ast-hfb-mobile-header-display":"","site-post-title":"","ast-breadcrumbs-content":"","ast-featured-img":"","footer-sml-layout":"","theme-transparent-header-meta":"","adv-header-id-meta":"","stick-header-meta":"","header-above-stick-meta":"","header-main-stick-meta":"","header-below-stick-meta":"","astra-migrate-meta-layouts":"default","ast-page-background-enabled":"default","ast-page-background-meta":{"desktop":{"background-color":"var(--ast-global-color-4)","background-image":"","background-repeat":"repeat","background-position":"center center","background-size":"auto","background-attachment":"scroll","background-type":"","background-media":"","overlay-type":"","overlay-color":"","overlay-opacity":"","overlay-gradient":""},"tablet":{"background-color":"","background-image":"","background-repeat":"repeat","background-position":"center center","background-size":"auto","background-attachment":"scroll","background-type":"","background-media":"","overlay-type":"","overlay-color":"","overlay-opacity":"","overlay-gradient":""},"mobile":{"background-color":"","background-image":"","background-repeat":"repeat","background-position":"center center","background-size":"auto","background-attachment":"scroll","background-type":"","background-media":"","overlay-type":"","overlay-color":"","overlay-opacity":"","overlay-gradient":""}},"ast-content-background-meta":{"desktop":{"background-color":"var(--ast-global-color-5)","background-image":"","background-repeat":"repeat","background-position":"center center","background-size":"auto","background-attachment":"scroll","background-type":"","background-media":"","overlay-type":"","overlay-color":"","overlay-opacity":"","overlay-gradient":""},"tablet":{"background-color":"var(--ast-global-color-5)","background-image":"","background-repeat":"repeat","background-position":"center center","background-size":"auto","background-attachment":"scroll","background-type":"","background-media":"","overlay-type":"","overlay-color":"","overlay-opacity":"","overlay-gradient":""},"mobile":{"background-color":"var(--ast-global-color-5)","background-image":"","background-repeat":"repeat","background-position":"center center","background-size":"auto","background-attachment":"scroll","background-type":"","background-media":"","overlay-type":"","overlay-color":"","overlay-opacity":"","overlay-gradient":""}},"footnotes":""},"class_list":["post-8164","page","type-page","status-publish","hentry"],"post_mailing_queue_ids":[],"_links":{"self":[{"href":"https:\/\/serveiseducatius.xtec.cat\/horta-guinardo\/wp-json\/wp\/v2\/pages\/8164","targetHints":{"allow":["GET"]}}],"collection":[{"href":"https:\/\/serveiseducatius.xtec.cat\/horta-guinardo\/wp-json\/wp\/v2\/pages"}],"about":[{"href":"https:\/\/serveiseducatius.xtec.cat\/horta-guinardo\/wp-json\/wp\/v2\/types\/page"}],"author":[{"embeddable":true,"href":"https:\/\/serveiseducatius.xtec.cat\/horta-guinardo\/wp-json\/wp\/v2\/users\/1"}],"replies":[{"embeddable":true,"href":"https:\/\/serveiseducatius.xtec.cat\/horta-guinardo\/wp-json\/wp\/v2\/comments?post=8164"}],"version-history":[{"count":6,"href":"https:\/\/serveiseducatius.xtec.cat\/horta-guinardo\/wp-json\/wp\/v2\/pages\/8164\/revisions"}],"predecessor-version":[{"id":11934,"href":"https:\/\/serveiseducatius.xtec.cat\/horta-guinardo\/wp-json\/wp\/v2\/pages\/8164\/revisions\/11934"}],"wp:attachment":[{"href":"https:\/\/serveiseducatius.xtec.cat\/horta-guinardo\/wp-json\/wp\/v2\/media?parent=8164"}],"curies":[{"name":"wp","href":"https:\/\/api.w.org\/{rel}","templated":true}]}}