{"id":8162,"date":"2018-12-13T16:50:35","date_gmt":"2018-12-13T15:50:35","guid":{"rendered":"http:\/\/serveiseducatius.xtec.cat\/horta-guinardo\/?page_id=8162"},"modified":"2024-09-13T09:59:23","modified_gmt":"2024-09-13T07:59:23","slug":"escola-inclusiva","status":"publish","type":"page","link":"https:\/\/serveiseducatius.xtec.cat\/horta-guinardo\/escola-inclusiva\/","title":{"rendered":"Escola Inclusiva"},"content":{"rendered":"<p>El 17 d\u2019octubre de 2017 aprovava el Decret 150\/2017 de l\u2019atenci\u00f3 educativa a l\u2019alumnat en el marc d\u2019un sistema educatiu inclusiu, que t\u00e9 per objecte garantir que tots els centres educatius sostinguts amb fons p\u00fablics dins l\u2019\u00e0mbit de l\u2019ensenyament no universitari siguin inclusius.<\/p>\n<p>Aquest Decret \u00e9s el resultat d\u2019un intens proc\u00e9s de di\u00e0leg, complicitat i consens per millorar la qualitat de l\u2019educaci\u00f3; fruit de la implicaci\u00f3 de professionals i experts en curr\u00edculum, metodologia, avaluaci\u00f3 i atenci\u00f3 a la diversitat i la inclusi\u00f3; aix\u00ed com entitats, associacions i fam\u00edlies.<\/p>\n<p>Recull la voluntat d\u2019avan\u00e7ar en la fita d\u2019una escola per a tothom, amb un projecte per a cadasc\u00fa.<\/p>\n<p>El Decret estableix que tot l&#8217;alumnat s&#8217;escolaritza en centres ordinaris i, nom\u00e9s de manera excepcional i a petici\u00f3 de la fam\u00edlia, s&#8217;escolaritzen en centres d&#8217;educaci\u00f3 especial els alumnes amb necessitats associades a discapacitat severa o profunda.<\/p>\n<p>Un altre canvi important \u00e9s el reconeixement del treball coordinat i col\u00b7laboratiu de tota la comunitat educativa amb la creaci\u00f3 de la xarxa de suports a l&#8217;educaci\u00f3 inclusiva, integrada per totes les persones i institucions que intervenen en el proc\u00e9s educatiu.<\/p>\n<p>Enlla\u00e7os d\u2019inter\u00e8s sobre escola inclusiva i sistema inclusiu:<\/p>\n<table style=\"border-collapse: collapse; width: 100%; height: 341px;\" border=\"1\">\n<tbody>\n<tr style=\"height: 341px;\">\n<td style=\"width: 60.1256%; height: 341px;\">&nbsp;<\/p>\n<h4><strong><a href=\"http:\/\/portaldogc.gencat.cat\/utilsEADOP\/PDF\/7477\/1639866.pdf\">DECRET 150\/2017, de 17 d&#8217;octubre, de l&#8217;atenci\u00f3 educativa a l&#8217;alumnat en el marc d&#8217;un sistema educatiu inclusiu.<\/a><\/strong><\/h4>\n<h4><a href=\"https:\/\/educacio.gencat.cat\/ca\/departament\/publicacions\/colleccions\/inclusio\/escola-inclusiva\/index.html\">Document: De l&#8217;Escola inclusiva al Sistema Inclusiu<\/a><\/h4>\n<h4><strong><a href=\"http:\/\/www.xtec.cat\/monografics\/inclusio\/index2.html\" target=\"_blank\" rel=\"noopener noreferrer\">\u00cdndex d&#8217;inclusi\u00f3. Guia per a l&#8217;avaluaci\u00f3 i millora de l&#8217;educaci\u00f3 inclusiva<\/a><\/strong><\/h4>\n<\/td>\n<td style=\"width: 39.8744%; height: 341px;\"><a href=\"https:\/\/serveiseducatius.xtec.cat\/horta-guinardo\/wp-content\/uploads\/usu1124\/2019\/02\/inclusiva-2.gif\"><img loading=\"lazy\" decoding=\"async\" class=\"alignnone size-full wp-image-8250\" src=\"https:\/\/serveiseducatius.xtec.cat\/horta-guinardo\/wp-content\/uploads\/usu1124\/2019\/02\/inclusiva-2.gif\" alt=\"\" width=\"400\" height=\"321\" \/><\/a><\/td>\n<\/tr>\n<\/tbody>\n<\/table>\n<p>&nbsp;<\/p>\n","protected":false},"excerpt":{"rendered":"<p>El 17 d\u2019octubre de 2017 aprovava el Decret 150\/2017 de l\u2019atenci\u00f3 educativa a l\u2019alumnat en el marc d\u2019un sistema educatiu inclusiu, que t\u00e9 per objecte garantir que tots els centres educatius sostinguts amb fons p\u00fablics dins l\u2019\u00e0mbit de l\u2019ensenyament no universitari siguin inclusius. Aquest Decret \u00e9s el resultat d\u2019un intens proc\u00e9s de di\u00e0leg, complicitat i [&hellip;]<\/p>\n","protected":false},"author":1,"featured_media":0,"parent":0,"menu_order":0,"comment_status":"closed","ping_status":"closed","template":"","meta":{"_bbp_topic_count":0,"_bbp_reply_count":0,"_bbp_total_topic_count":0,"_bbp_total_reply_count":0,"_bbp_voice_count":0,"_bbp_anonymous_reply_count":0,"_bbp_topic_count_hidden":0,"_bbp_reply_count_hidden":0,"_bbp_forum_subforum_count":0,"site-sidebar-layout":"default","site-content-layout":"","ast-site-content-layout":"","site-content-style":"default","site-sidebar-style":"default","ast-global-header-display":"","ast-banner-title-visibility":"","ast-main-header-display":"","ast-hfb-above-header-display":"","ast-hfb-below-header-display":"","ast-hfb-mobile-header-display":"","site-post-title":"","ast-breadcrumbs-content":"","ast-featured-img":"","footer-sml-layout":"","theme-transparent-header-meta":"","adv-header-id-meta":"","stick-header-meta":"","header-above-stick-meta":"","header-main-stick-meta":"","header-below-stick-meta":"","astra-migrate-meta-layouts":"default","ast-page-background-enabled":"default","ast-page-background-meta":{"desktop":{"background-color":"var(--ast-global-color-4)","background-image":"","background-repeat":"repeat","background-position":"center center","background-size":"auto","background-attachment":"scroll","background-type":"","background-media":"","overlay-type":"","overlay-color":"","overlay-opacity":"","overlay-gradient":""},"tablet":{"background-color":"","background-image":"","background-repeat":"repeat","background-position":"center center","background-size":"auto","background-attachment":"scroll","background-type":"","background-media":"","overlay-type":"","overlay-color":"","overlay-opacity":"","overlay-gradient":""},"mobile":{"background-color":"","background-image":"","background-repeat":"repeat","background-position":"center center","background-size":"auto","background-attachment":"scroll","background-type":"","background-media":"","overlay-type":"","overlay-color":"","overlay-opacity":"","overlay-gradient":""}},"ast-content-background-meta":{"desktop":{"background-color":"var(--ast-global-color-5)","background-image":"","background-repeat":"repeat","background-position":"center center","background-size":"auto","background-attachment":"scroll","background-type":"","background-media":"","overlay-type":"","overlay-color":"","overlay-opacity":"","overlay-gradient":""},"tablet":{"background-color":"var(--ast-global-color-5)","background-image":"","background-repeat":"repeat","background-position":"center center","background-size":"auto","background-attachment":"scroll","background-type":"","background-media":"","overlay-type":"","overlay-color":"","overlay-opacity":"","overlay-gradient":""},"mobile":{"background-color":"var(--ast-global-color-5)","background-image":"","background-repeat":"repeat","background-position":"center center","background-size":"auto","background-attachment":"scroll","background-type":"","background-media":"","overlay-type":"","overlay-color":"","overlay-opacity":"","overlay-gradient":""}},"footnotes":""},"class_list":["post-8162","page","type-page","status-publish","hentry"],"post_mailing_queue_ids":[],"_links":{"self":[{"href":"https:\/\/serveiseducatius.xtec.cat\/horta-guinardo\/wp-json\/wp\/v2\/pages\/8162","targetHints":{"allow":["GET"]}}],"collection":[{"href":"https:\/\/serveiseducatius.xtec.cat\/horta-guinardo\/wp-json\/wp\/v2\/pages"}],"about":[{"href":"https:\/\/serveiseducatius.xtec.cat\/horta-guinardo\/wp-json\/wp\/v2\/types\/page"}],"author":[{"embeddable":true,"href":"https:\/\/serveiseducatius.xtec.cat\/horta-guinardo\/wp-json\/wp\/v2\/users\/1"}],"replies":[{"embeddable":true,"href":"https:\/\/serveiseducatius.xtec.cat\/horta-guinardo\/wp-json\/wp\/v2\/comments?post=8162"}],"version-history":[{"count":6,"href":"https:\/\/serveiseducatius.xtec.cat\/horta-guinardo\/wp-json\/wp\/v2\/pages\/8162\/revisions"}],"predecessor-version":[{"id":11911,"href":"https:\/\/serveiseducatius.xtec.cat\/horta-guinardo\/wp-json\/wp\/v2\/pages\/8162\/revisions\/11911"}],"wp:attachment":[{"href":"https:\/\/serveiseducatius.xtec.cat\/horta-guinardo\/wp-json\/wp\/v2\/media?parent=8162"}],"curies":[{"name":"wp","href":"https:\/\/api.w.org\/{rel}","templated":true}]}}