{"id":608,"date":"2015-11-27T10:04:51","date_gmt":"2015-11-27T09:04:51","guid":{"rendered":"http:\/\/serveiseducatius.xtec.cat\/horta-guinardo\/?page_id=608"},"modified":"2025-09-04T13:57:00","modified_gmt":"2025-09-04T11:57:00","slug":"horari-i-calendari","status":"publish","type":"page","link":"https:\/\/serveiseducatius.xtec.cat\/horta-guinardo\/el-servei-educatiu\/horari-i-calendari\/","title":{"rendered":"Horari i calendari"},"content":{"rendered":"<p><strong>L\u2019horari d\u2019atenci\u00f3 al p\u00fablic \u00e9s:<\/strong><\/p>\n<ul>\n<li>De dilluns a dijous de 8:30 a 14 h. i de 15 a 18 h.<\/li>\n<li>Divendres de 8:30 a 14 h.<\/li>\n<\/ul>\n<p><strong>Dies festius i de lliure disposici\u00f3 en els que el servei romandr\u00e0 tancat:<\/strong><\/p>\n<ul>\n<li>Dijous 11 de setembre de 2025 (Festiu)<\/li>\n<li>Dimecres 24 de setembre de 2025 (Festiu)<\/li>\n<li>Divendres 10 d&#8217;octubre de 2025 (Lliure disposici\u00f3)<\/li>\n<li>Dilluns 3 de novembre de 2025 (Lliure disposici\u00f3)<\/li>\n<li>Dilluns 8 de desembre de 2025 (Festiu)<\/li>\n<li>Del 22 de desembre de 2025 al 7 de gener de 2026 (Vacances de Nadal)<\/li>\n<li>Dilluns 16 de febrer de 2026 (Lliure disposici\u00f3)<\/li>\n<li>Del 28 de mar\u00e7 al 8 d&#8217;abril de 2026 (Vacances de Setmana Santa)<\/li>\n<li>Divendres 1 de maig de 2026 (Festiu)<\/li>\n<li>Divendres 22 de maig de 2026 (Lliure disposici\u00f3)<\/li>\n<li>Dilluns 25 de maig de 2026 (Festiu)<\/li>\n<li>Dimecres 24 de juny de 2026 (Festiu)<\/li>\n<\/ul>\n<p><strong>Jornada continuada:<\/strong><\/p>\n<ul>\n<li>Del 8 de juny al 15 de juliol 2026<\/li>\n<\/ul>\n<p><strong><img loading=\"lazy\" decoding=\"async\" class=\"alignnone wp-image-11754\" src=\"https:\/\/serveiseducatius.xtec.cat\/horta-guinardo\/wp-content\/uploads\/usu1124\/2024\/03\/megaphone.png\" alt=\"\" width=\"23\" height=\"23\" srcset=\"https:\/\/serveiseducatius.xtec.cat\/horta-guinardo\/wp-content\/uploads\/usu1124\/2024\/03\/megaphone.png 512w, https:\/\/serveiseducatius.xtec.cat\/horta-guinardo\/wp-content\/uploads\/usu1124\/2024\/03\/megaphone-300x300.png 300w, https:\/\/serveiseducatius.xtec.cat\/horta-guinardo\/wp-content\/uploads\/usu1124\/2024\/03\/megaphone-150x150.png 150w\" sizes=\"auto, (max-width: 23px) 100vw, 23px\" \/>\u00a0 <span style=\"color: #ff0000;\">Descarrega&#8217;t<\/span> <span style=\"color: #ff0000;\">el<\/span> <a href=\"https:\/\/drive.google.com\/file\/d\/1BWhcEzCRWzS-cp15HlS76iy4WAT5fIHG\/view?usp=sharing\" target=\"_blank\" rel=\"noopener\">calendari escolar 25-26 en PDF<\/a><\/strong><\/p>\n<p><iframe loading=\"lazy\" src=\"https:\/\/drive.google.com\/file\/d\/1BWhcEzCRWzS-cp15HlS76iy4WAT5fIHG\/preview\" width=\"640\" height=\"480\"><\/iframe><\/p>\n","protected":false},"excerpt":{"rendered":"<p>L\u2019horari d\u2019atenci\u00f3 al p\u00fablic \u00e9s: De dilluns a dijous de 8:30 a 14 h. i de 15 a 18 h. Divendres de 8:30 a 14 h. Dies festius i de lliure disposici\u00f3 en els que el servei romandr\u00e0 tancat: Dijous 11 de setembre de 2025 (Festiu) Dimecres 24 de setembre de 2025 (Festiu) Divendres 10 [&hellip;]<\/p>\n","protected":false},"author":1,"featured_media":0,"parent":806,"menu_order":30,"comment_status":"closed","ping_status":"closed","template":"page-templates\/side-menu.php","meta":{"_bbp_topic_count":0,"_bbp_reply_count":0,"_bbp_total_topic_count":0,"_bbp_total_reply_count":0,"_bbp_voice_count":0,"_bbp_anonymous_reply_count":0,"_bbp_topic_count_hidden":0,"_bbp_reply_count_hidden":0,"_bbp_forum_subforum_count":0,"site-sidebar-layout":"default","site-content-layout":"","ast-site-content-layout":"","site-content-style":"default","site-sidebar-style":"default","ast-global-header-display":"","ast-banner-title-visibility":"","ast-main-header-display":"","ast-hfb-above-header-display":"","ast-hfb-below-header-display":"","ast-hfb-mobile-header-display":"","site-post-title":"","ast-breadcrumbs-content":"","ast-featured-img":"","footer-sml-layout":"","theme-transparent-header-meta":"","adv-header-id-meta":"","stick-header-meta":"","header-above-stick-meta":"","header-main-stick-meta":"","header-below-stick-meta":"","astra-migrate-meta-layouts":"default","ast-page-background-enabled":"default","ast-page-background-meta":{"desktop":{"background-color":"var(--ast-global-color-4)","background-image":"","background-repeat":"repeat","background-position":"center center","background-size":"auto","background-attachment":"scroll","background-type":"","background-media":"","overlay-type":"","overlay-color":"","overlay-opacity":"","overlay-gradient":""},"tablet":{"background-color":"","background-image":"","background-repeat":"repeat","background-position":"center center","background-size":"auto","background-attachment":"scroll","background-type":"","background-media":"","overlay-type":"","overlay-color":"","overlay-opacity":"","overlay-gradient":""},"mobile":{"background-color":"","background-image":"","background-repeat":"repeat","background-position":"center center","background-size":"auto","background-attachment":"scroll","background-type":"","background-media":"","overlay-type":"","overlay-color":"","overlay-opacity":"","overlay-gradient":""}},"ast-content-background-meta":{"desktop":{"background-color":"var(--ast-global-color-5)","background-image":"","background-repeat":"repeat","background-position":"center center","background-size":"auto","background-attachment":"scroll","background-type":"","background-media":"","overlay-type":"","overlay-color":"","overlay-opacity":"","overlay-gradient":""},"tablet":{"background-color":"var(--ast-global-color-5)","background-image":"","background-repeat":"repeat","background-position":"center center","background-size":"auto","background-attachment":"scroll","background-type":"","background-media":"","overlay-type":"","overlay-color":"","overlay-opacity":"","overlay-gradient":""},"mobile":{"background-color":"var(--ast-global-color-5)","background-image":"","background-repeat":"repeat","background-position":"center center","background-size":"auto","background-attachment":"scroll","background-type":"","background-media":"","overlay-type":"","overlay-color":"","overlay-opacity":"","overlay-gradient":""}},"footnotes":""},"class_list":["post-608","page","type-page","status-publish","hentry"],"post_mailing_queue_ids":[],"_links":{"self":[{"href":"https:\/\/serveiseducatius.xtec.cat\/horta-guinardo\/wp-json\/wp\/v2\/pages\/608","targetHints":{"allow":["GET"]}}],"collection":[{"href":"https:\/\/serveiseducatius.xtec.cat\/horta-guinardo\/wp-json\/wp\/v2\/pages"}],"about":[{"href":"https:\/\/serveiseducatius.xtec.cat\/horta-guinardo\/wp-json\/wp\/v2\/types\/page"}],"author":[{"embeddable":true,"href":"https:\/\/serveiseducatius.xtec.cat\/horta-guinardo\/wp-json\/wp\/v2\/users\/1"}],"replies":[{"embeddable":true,"href":"https:\/\/serveiseducatius.xtec.cat\/horta-guinardo\/wp-json\/wp\/v2\/comments?post=608"}],"version-history":[{"count":6,"href":"https:\/\/serveiseducatius.xtec.cat\/horta-guinardo\/wp-json\/wp\/v2\/pages\/608\/revisions"}],"predecessor-version":[{"id":12414,"href":"https:\/\/serveiseducatius.xtec.cat\/horta-guinardo\/wp-json\/wp\/v2\/pages\/608\/revisions\/12414"}],"up":[{"embeddable":true,"href":"https:\/\/serveiseducatius.xtec.cat\/horta-guinardo\/wp-json\/wp\/v2\/pages\/806"}],"wp:attachment":[{"href":"https:\/\/serveiseducatius.xtec.cat\/horta-guinardo\/wp-json\/wp\/v2\/media?parent=608"}],"curies":[{"name":"wp","href":"https:\/\/api.w.org\/{rel}","templated":true}]}}