{"id":416,"date":"2015-11-25T15:58:53","date_gmt":"2015-11-25T14:58:53","guid":{"rendered":"http:\/\/serveiseducatius.xtec.cat\/horta-guinardo\/?page_id=416"},"modified":"2025-12-04T12:19:38","modified_gmt":"2025-12-04T11:19:38","slug":"formacio","status":"publish","type":"page","link":"https:\/\/serveiseducatius.xtec.cat\/horta-guinardo\/formacio\/","title":{"rendered":"Formaci\u00f3"},"content":{"rendered":"<p><span style=\"font-weight: 400;\">Les diferents modalitats de formaci\u00f3 han de respondre a la finalitat de l\u2019acci\u00f3 formativa i impliquen una din\u00e0mica espec\u00edfica de treball del professorat participant.<\/span><\/p>\n<p><span style=\"font-weight: 400;\">Les activitats de formaci\u00f3 es poden classificar en les modalitats seg\u00fcents:<\/span><\/p>\n<p>&nbsp;<\/p>\n<table style=\"width: 83.5877%;\">\n<tbody>\n<tr>\n<td style=\"width: 18.3206%;\"><span style=\"font-weight: 400;\">Professorat d\u2019un centre<\/span><\/td>\n<td style=\"width: 28.2091%;\">\n<ul>\n<li style=\"font-weight: 400;\" aria-level=\"1\"><span style=\"font-weight: 400;\">Assessorament<\/span><\/li>\n<li style=\"font-weight: 400;\" aria-level=\"1\"><span style=\"font-weight: 400;\">Taller a centre<\/span><\/li>\n<li style=\"font-weight: 400;\" aria-level=\"1\"><span style=\"font-weight: 400;\">Formaci\u00f3 interna de centre ( FIC )<\/span><\/li>\n<li style=\"font-weight: 400;\" aria-level=\"1\"><span style=\"font-weight: 400;\">Visita formativa a centre\u00a0<\/span><\/li>\n<\/ul>\n<\/td>\n<td style=\"width: 15.5385%;\"><span style=\"font-weight: 400;\">Formaci\u00f3 en centre<\/span><\/td>\n<td style=\"width: 21.5196%;\" rowspan=\"2\"><span style=\"font-weight: 400;\">Centre<\/span><\/td>\n<\/tr>\n<tr>\n<td style=\"width: 18.3206%;\" rowspan=\"2\"><span style=\"font-weight: 400;\">Professorat de diversos centres<\/span><\/td>\n<td style=\"width: 28.2091%;\">\n<ul>\n<li style=\"font-weight: 400;\" aria-level=\"1\"><span style=\"font-weight: 400;\">Seminari de coordinaci\u00f3<\/span><\/li>\n<li style=\"font-weight: 400;\" aria-level=\"1\"><span style=\"font-weight: 400;\">Curs \/ seminari d\u2019equips de centre<\/span><\/li>\n<li style=\"font-weight: 400;\" aria-level=\"1\"><span style=\"font-weight: 400;\">Taller d\u2019equips de centre\u00a0<\/span><\/li>\n<\/ul>\n<\/td>\n<td style=\"width: 15.5385%;\"><span style=\"font-weight: 400;\">Formaci\u00f3 per a centres<\/span><\/td>\n<\/tr>\n<tr>\n<td style=\"width: 28.2091%;\">\n<ul>\n<li style=\"font-weight: 400;\" aria-level=\"1\"><span style=\"font-weight: 400;\">Taller<\/span><\/li>\n<li style=\"font-weight: 400;\" aria-level=\"1\"><span style=\"font-weight: 400;\">Curs<\/span><\/li>\n<li style=\"font-weight: 400;\" aria-level=\"1\"><span style=\"font-weight: 400;\">Seminari<\/span><\/li>\n<li style=\"font-weight: 400;\" aria-level=\"1\"><span style=\"font-weight: 400;\">Grup de treball\u00a0<\/span><\/li>\n<li style=\"font-weight: 400;\" aria-level=\"1\"><span style=\"font-weight: 400;\">Confer\u00e8ncia, taula rodona, trobada pedag\u00f2gica, intercanvi d\u2019experi\u00e8ncies, jornades i cicle de confer\u00e8ncies<\/span><\/li>\n<li style=\"font-weight: 400;\" aria-level=\"1\"><span style=\"font-weight: 400;\">Estada formativa a l\u2019empresa<\/span><\/li>\n<li style=\"font-weight: 400;\" aria-level=\"1\"><span style=\"font-weight: 400;\">Estada formativa a l\u2019estranger<\/span><\/li>\n<\/ul>\n<\/td>\n<td style=\"width: 15.5385%;\"><span style=\"font-weight: 400;\">Formaci\u00f3 individual<\/span><\/td>\n<td style=\"width: 21.5196%;\"><span style=\"font-weight: 400;\">Individual<\/span><\/td>\n<\/tr>\n<\/tbody>\n<\/table>\n<p><span style=\"font-weight: 400;\">Les activitats de formaci\u00f3 es poden organitzar en tres <\/span><b>formats<\/b><span style=\"font-weight: 400;\">:\u00a0<\/span><\/p>\n<table>\n<tbody>\n<tr>\n<td><b>Presencials<\/b><\/td>\n<td><b>Semipresencials<\/b><\/td>\n<td><b>En l\u00ednia<\/b><\/td>\n<\/tr>\n<tr>\n<td><span style=\"font-weight: 400;\">Totes les sessions s\u00f3n presencials (en un espai f\u00edsic concret)<\/span><\/td>\n<td><span style=\"font-weight: 400;\">Combinaci\u00f3 de sessions presencials i <\/span><b>sessions en l\u00ednia <\/b><span style=\"font-weight: 400;\">(*)<\/span><\/p>\n<p><span style=\"font-weight: 400;\">Les sessions en l\u00ednia poden ser s\u00edncrones, as\u00edncrones o mixtes.<\/span><\/td>\n<td><span style=\"font-weight: 400;\">Totes les sessions s\u00f3n en l\u00ednia\u00a0<\/span><\/p>\n<p><span style=\"font-weight: 400;\">Les sessions en l\u00ednia poden ser s\u00edncrones, <\/span><b>as\u00edncrones<\/b><span style=\"font-weight: 400;\">(*) o mixtes.<\/span><\/td>\n<\/tr>\n<\/tbody>\n<\/table>\n<p><span style=\"font-weight: 400;\">(*) Les hores as\u00edncrones de les formacions en l\u00ednia o semipresencials no poden superar:<\/span><\/p>\n<ul>\n<li style=\"font-weight: 400;\" aria-level=\"1\"><span style=\"font-weight: 400;\">10 hores en l\u00ednia per setmana en per\u00edode de perman\u00e8ncia al centre<\/span><\/li>\n<li style=\"font-weight: 400;\" aria-level=\"1\"><span style=\"font-weight: 400;\">15 hores en l\u00ednia per setmana en per\u00edode de no perman\u00e8ncia al centre<\/span><\/li>\n<\/ul>\n<p><span style=\"font-weight: 400;\">La limitaci\u00f3 d\u2019hores a realitzar per setmana nom\u00e9s afecta al disseny de cada activitat, per\u00f2 no a les persones participants, que poden inscriure&#8217;s a les activitats que vulguin sense l\u00edmit d&#8217;hores.<\/span><\/p>\n","protected":false},"excerpt":{"rendered":"<p>Les diferents modalitats de formaci\u00f3 han de respondre a la finalitat de l\u2019acci\u00f3 formativa i impliquen una din\u00e0mica espec\u00edfica de treball del professorat participant. Les activitats de formaci\u00f3 es poden classificar en les modalitats seg\u00fcents: &nbsp; Professorat d\u2019un centre Assessorament Taller a centre Formaci\u00f3 interna de centre ( FIC ) Visita formativa a centre\u00a0 Formaci\u00f3 [&hellip;]<\/p>\n","protected":false},"author":1,"featured_media":0,"parent":0,"menu_order":0,"comment_status":"closed","ping_status":"closed","template":"","meta":{"_bbp_topic_count":0,"_bbp_reply_count":0,"_bbp_total_topic_count":0,"_bbp_total_reply_count":0,"_bbp_voice_count":0,"_bbp_anonymous_reply_count":0,"_bbp_topic_count_hidden":0,"_bbp_reply_count_hidden":0,"_bbp_forum_subforum_count":0,"site-sidebar-layout":"default","site-content-layout":"","ast-site-content-layout":"default","site-content-style":"default","site-sidebar-style":"default","ast-global-header-display":"","ast-banner-title-visibility":"","ast-main-header-display":"","ast-hfb-above-header-display":"","ast-hfb-below-header-display":"","ast-hfb-mobile-header-display":"","site-post-title":"","ast-breadcrumbs-content":"","ast-featured-img":"","footer-sml-layout":"","theme-transparent-header-meta":"default","adv-header-id-meta":"","stick-header-meta":"","header-above-stick-meta":"","header-main-stick-meta":"","header-below-stick-meta":"","astra-migrate-meta-layouts":"set","ast-page-background-enabled":"default","ast-page-background-meta":{"desktop":{"background-color":"var(--ast-global-color-4)","background-image":"","background-repeat":"repeat","background-position":"center center","background-size":"auto","background-attachment":"scroll","background-type":"","background-media":"","overlay-type":"","overlay-color":"","overlay-opacity":"","overlay-gradient":""},"tablet":{"background-color":"","background-image":"","background-repeat":"repeat","background-position":"center center","background-size":"auto","background-attachment":"scroll","background-type":"","background-media":"","overlay-type":"","overlay-color":"","overlay-opacity":"","overlay-gradient":""},"mobile":{"background-color":"","background-image":"","background-repeat":"repeat","background-position":"center center","background-size":"auto","background-attachment":"scroll","background-type":"","background-media":"","overlay-type":"","overlay-color":"","overlay-opacity":"","overlay-gradient":""}},"ast-content-background-meta":{"desktop":{"background-color":"var(--ast-global-color-5)","background-image":"","background-repeat":"repeat","background-position":"center center","background-size":"auto","background-attachment":"scroll","background-type":"","background-media":"","overlay-type":"","overlay-color":"","overlay-opacity":"","overlay-gradient":""},"tablet":{"background-color":"var(--ast-global-color-5)","background-image":"","background-repeat":"repeat","background-position":"center center","background-size":"auto","background-attachment":"scroll","background-type":"","background-media":"","overlay-type":"","overlay-color":"","overlay-opacity":"","overlay-gradient":""},"mobile":{"background-color":"var(--ast-global-color-5)","background-image":"","background-repeat":"repeat","background-position":"center center","background-size":"auto","background-attachment":"scroll","background-type":"","background-media":"","overlay-type":"","overlay-color":"","overlay-opacity":"","overlay-gradient":""}},"footnotes":""},"class_list":["post-416","page","type-page","status-publish","hentry"],"post_mailing_queue_ids":[],"_links":{"self":[{"href":"https:\/\/serveiseducatius.xtec.cat\/horta-guinardo\/wp-json\/wp\/v2\/pages\/416","targetHints":{"allow":["GET"]}}],"collection":[{"href":"https:\/\/serveiseducatius.xtec.cat\/horta-guinardo\/wp-json\/wp\/v2\/pages"}],"about":[{"href":"https:\/\/serveiseducatius.xtec.cat\/horta-guinardo\/wp-json\/wp\/v2\/types\/page"}],"author":[{"embeddable":true,"href":"https:\/\/serveiseducatius.xtec.cat\/horta-guinardo\/wp-json\/wp\/v2\/users\/1"}],"replies":[{"embeddable":true,"href":"https:\/\/serveiseducatius.xtec.cat\/horta-guinardo\/wp-json\/wp\/v2\/comments?post=416"}],"version-history":[{"count":6,"href":"https:\/\/serveiseducatius.xtec.cat\/horta-guinardo\/wp-json\/wp\/v2\/pages\/416\/revisions"}],"predecessor-version":[{"id":12544,"href":"https:\/\/serveiseducatius.xtec.cat\/horta-guinardo\/wp-json\/wp\/v2\/pages\/416\/revisions\/12544"}],"wp:attachment":[{"href":"https:\/\/serveiseducatius.xtec.cat\/horta-guinardo\/wp-json\/wp\/v2\/media?parent=416"}],"curies":[{"name":"wp","href":"https:\/\/api.w.org\/{rel}","templated":true}]}}