{"id":385,"date":"2015-11-25T14:26:15","date_gmt":"2015-11-25T13:26:15","guid":{"rendered":"http:\/\/serveiseducatius.xtec.cat\/horta-guinardo\/?page_id=385"},"modified":"2026-03-25T09:57:23","modified_gmt":"2026-03-25T08:57:23","slug":"ensenyament-secundari-batxillerat-i-formacio-professional","status":"publish","type":"page","link":"https:\/\/serveiseducatius.xtec.cat\/horta-guinardo\/comunitat\/centres-del-districte-dhg\/ensenyament-secundari-batxillerat-i-formacio-professional\/","title":{"rendered":"Ensenyament secundari, Batxillerat i Formaci\u00f3 professional"},"content":{"rendered":"\n<figure class=\"wp-block-table is-style-stripes\"><table class=\"has-fixed-layout\"><tbody><tr><td colspan=\"2\">&nbsp;<\/td><\/tr><tr><td><a href=\"http:\/\/www.agmundet.es\/\">Institut ANNA G. DE MUNDET<\/a><\/td><td><a href=\"http:\/\/www.institutjoanbrossa.cat\/\">Institut JOAN BROSSA<\/a><\/td><\/tr><tr><td><a href=\"http:\/\/insvallhebron.cat\/\">Institut VALL D&#8217;HEBRON<\/a><\/td><td><a href=\"https:\/\/agora.xtec.cat\/iesjpla\/\">Institut JOSEP PLA<\/a><\/td><\/tr><tr><td><a href=\"http:\/\/instpamies.cat\/\">Institut TERESA P\u00c0MIES<\/a><\/td><td><a href=\"https:\/\/agora.xtec.cat\/iescarrascobarcelona\/\">Institut MANUEL CARRASCO I FORMIGUERA<\/a><\/td><\/tr><tr><td><a href=\"http:\/\/www.ferrantallada.cat\/\">Institut FERRAN TALLADA<\/a><\/td><td><a href=\"https:\/\/insmonturiol.cat\/\">Institut NARC\u00cdS MONTURIOL<\/a><\/td><\/tr><tr><td><a href=\"https:\/\/agora.xtec.cat\/iesgoya\/\">Institut FRANCISCO DE GOYA<\/a><\/td><td><a href=\"https:\/\/agora.xtec.cat\/isvh\/\" target=\"_blank\" rel=\"noreferrer noopener\">Institut d&#8217;FP SANIT\u00c0RIA VALL D&#8217;HEBRON<\/a><\/td><\/tr><tr><td>&nbsp;<\/td><td><a href=\"https:\/\/agora.xtec.cat\/ifeb\/\" target=\"_blank\" rel=\"noreferrer noopener\">Institut de FORMACI\u00d3 EMPRESARIAL DE BARCELONA<\/a><\/td><\/tr><\/tbody><\/table><\/figure>\n","protected":false},"excerpt":{"rendered":"<p>&nbsp; Institut ANNA G. DE MUNDET Institut JOAN BROSSA Institut VALL D&#8217;HEBRON Institut JOSEP PLA Institut TERESA P\u00c0MIES Institut MANUEL CARRASCO I FORMIGUERA Institut FERRAN TALLADA Institut NARC\u00cdS MONTURIOL Institut FRANCISCO DE GOYA Institut d&#8217;FP SANIT\u00c0RIA VALL D&#8217;HEBRON &nbsp; Institut de FORMACI\u00d3 EMPRESARIAL DE BARCELONA<\/p>\n","protected":false},"author":1,"featured_media":0,"parent":8214,"menu_order":30,"comment_status":"closed","ping_status":"closed","template":"","meta":{"_bbp_topic_count":0,"_bbp_reply_count":0,"_bbp_total_topic_count":0,"_bbp_total_reply_count":0,"_bbp_voice_count":0,"_bbp_anonymous_reply_count":0,"_bbp_topic_count_hidden":0,"_bbp_reply_count_hidden":0,"_bbp_forum_subforum_count":0,"site-sidebar-layout":"default","site-content-layout":"","ast-site-content-layout":"default","site-content-style":"default","site-sidebar-style":"default","ast-global-header-display":"","ast-banner-title-visibility":"","ast-main-header-display":"","ast-hfb-above-header-display":"","ast-hfb-below-header-display":"","ast-hfb-mobile-header-display":"","site-post-title":"","ast-breadcrumbs-content":"","ast-featured-img":"","footer-sml-layout":"","theme-transparent-header-meta":"","adv-header-id-meta":"","stick-header-meta":"","header-above-stick-meta":"","header-main-stick-meta":"","header-below-stick-meta":"","astra-migrate-meta-layouts":"set","ast-page-background-enabled":"default","ast-page-background-meta":{"desktop":{"background-color":"var(--ast-global-color-4)","background-image":"","background-repeat":"repeat","background-position":"center center","background-size":"auto","background-attachment":"scroll","background-type":"","background-media":"","overlay-type":"","overlay-color":"","overlay-opacity":"","overlay-gradient":""},"tablet":{"background-color":"","background-image":"","background-repeat":"repeat","background-position":"center center","background-size":"auto","background-attachment":"scroll","background-type":"","background-media":"","overlay-type":"","overlay-color":"","overlay-opacity":"","overlay-gradient":""},"mobile":{"background-color":"","background-image":"","background-repeat":"repeat","background-position":"center center","background-size":"auto","background-attachment":"scroll","background-type":"","background-media":"","overlay-type":"","overlay-color":"","overlay-opacity":"","overlay-gradient":""}},"ast-content-background-meta":{"desktop":{"background-color":"var(--ast-global-color-5)","background-image":"","background-repeat":"repeat","background-position":"center center","background-size":"auto","background-attachment":"scroll","background-type":"","background-media":"","overlay-type":"","overlay-color":"","overlay-opacity":"","overlay-gradient":""},"tablet":{"background-color":"var(--ast-global-color-5)","background-image":"","background-repeat":"repeat","background-position":"center center","background-size":"auto","background-attachment":"scroll","background-type":"","background-media":"","overlay-type":"","overlay-color":"","overlay-opacity":"","overlay-gradient":""},"mobile":{"background-color":"var(--ast-global-color-5)","background-image":"","background-repeat":"repeat","background-position":"center center","background-size":"auto","background-attachment":"scroll","background-type":"","background-media":"","overlay-type":"","overlay-color":"","overlay-opacity":"","overlay-gradient":""}},"footnotes":""},"class_list":["post-385","page","type-page","status-publish","hentry"],"post_mailing_queue_ids":[],"_links":{"self":[{"href":"https:\/\/serveiseducatius.xtec.cat\/horta-guinardo\/wp-json\/wp\/v2\/pages\/385","targetHints":{"allow":["GET"]}}],"collection":[{"href":"https:\/\/serveiseducatius.xtec.cat\/horta-guinardo\/wp-json\/wp\/v2\/pages"}],"about":[{"href":"https:\/\/serveiseducatius.xtec.cat\/horta-guinardo\/wp-json\/wp\/v2\/types\/page"}],"author":[{"embeddable":true,"href":"https:\/\/serveiseducatius.xtec.cat\/horta-guinardo\/wp-json\/wp\/v2\/users\/1"}],"replies":[{"embeddable":true,"href":"https:\/\/serveiseducatius.xtec.cat\/horta-guinardo\/wp-json\/wp\/v2\/comments?post=385"}],"version-history":[{"count":6,"href":"https:\/\/serveiseducatius.xtec.cat\/horta-guinardo\/wp-json\/wp\/v2\/pages\/385\/revisions"}],"predecessor-version":[{"id":12877,"href":"https:\/\/serveiseducatius.xtec.cat\/horta-guinardo\/wp-json\/wp\/v2\/pages\/385\/revisions\/12877"}],"up":[{"embeddable":true,"href":"https:\/\/serveiseducatius.xtec.cat\/horta-guinardo\/wp-json\/wp\/v2\/pages\/8214"}],"wp:attachment":[{"href":"https:\/\/serveiseducatius.xtec.cat\/horta-guinardo\/wp-json\/wp\/v2\/media?parent=385"}],"curies":[{"name":"wp","href":"https:\/\/api.w.org\/{rel}","templated":true}]}}