{"id":379,"date":"2015-11-25T14:19:13","date_gmt":"2015-11-25T13:19:13","guid":{"rendered":"http:\/\/serveiseducatius.xtec.cat\/horta-guinardo\/?page_id=379"},"modified":"2026-03-09T13:00:30","modified_gmt":"2026-03-09T12:00:30","slug":"educacio-infantil-i-primaria","status":"publish","type":"page","link":"https:\/\/serveiseducatius.xtec.cat\/horta-guinardo\/comunitat\/centres-del-districte-dhg\/educacio-infantil-i-primaria\/","title":{"rendered":"Educaci\u00f3 infantil i prim\u00e0ria"},"content":{"rendered":"\n<div class=\"wp-block-columns is-layout-flex wp-container-core-columns-is-layout-1 wp-block-columns-is-layout-flex\">\n<div class=\"wp-block-column is-layout-flow wp-block-column-is-layout-flow\" style=\"flex-basis:100%\">\n<figure class=\"wp-block-table is-style-stripes\"><table class=\"has-fixed-layout\"><tbody><tr><td colspan=\"2\">&nbsp;<\/td><\/tr><tr><td><a href=\"https:\/\/agora.xtec.cat\/ceipangelsgarrigabcn\/\">Escola \u00c0NGELS GARRIGA<\/a><\/td><td><a href=\"https:\/\/sites.google.com\/xtec.cat\/mascasanovasescola\">Escola MAS CASANOVAS<\/a><\/td><\/tr><tr><td><a href=\"https:\/\/agora.xtec.cat\/escolabaloo\/\">Escola BALOO<\/a><\/td><td><a href=\"https:\/\/agora.xtec.cat\/ceipcancarabassa\/\">Escola TORRENT DE CAN CARABASSA<\/a><\/td><\/tr><tr><td><a href=\"https:\/\/agora.xtec.cat\/escolaparcdelguinardo\/\">Escola PARC DEL GUINARD\u00d3<\/a><\/td><td><a href=\"https:\/\/agora.xtec.cat\/escolapaucasals-horta\/\">Escola PAU CASALS<\/a><\/td><\/tr><tr><td><a href=\"https:\/\/agora.xtec.cat\/ceipelcarmel\/\">Escola EL CARMEL<\/a><\/td><td><a href=\"https:\/\/escolapitroig.cat\/\">Escola PIT ROIG<\/a><\/td><\/tr><tr><td><a href=\"https:\/\/agora.xtec.cat\/escolaestelguinardo\/\">Escola ESTEL &#8211; GUINARD\u00d3<\/a><\/td><td><a href=\"https:\/\/agora.xtec.cat\/ceip-marenostrum-barcelona\/\">Escola MARE NOSTRUM<\/a><\/td><\/tr><tr><td><a href=\"https:\/\/agora.xtec.cat\/escolafontfargas\/\">Escola FONT D&#8217;EN FARGAS<\/a><\/td><td><a href=\"https:\/\/agora.xtec.cat\/ceiptorrentdenmelis\/\">Escola TORRENT D&#8217;EN MELIS<\/a><\/td><\/tr><tr><td><a href=\"https:\/\/agora.xtec.cat\/escola-heura\/\">Escola HEURA<\/a><\/td><td><a href=\"https:\/\/agora.xtec.cat\/ceipmelspins\/\">Escola ELS PINS<\/a><\/td><\/tr><tr><td><a href=\"https:\/\/www.xn--escoladelesaiges-wzb.cat\/\">Escola de les AIG\u00dcES<\/a><\/td><td><a href=\"https:\/\/www.escola-arciris.cat\/\">Escola ARC IRIS<\/a><\/td><\/tr><tr><td><a href=\"https:\/\/agora.xtec.cat\/ceip-mddmontserrat-horta\/\">Escola MARE DE D\u00c9U DE MONSERRAT<\/a><\/td><td><a href=\"https:\/\/agora.xtec.cat\/escoladelmar\/\">Escola ESCOLA DEL MAR<\/a><\/td><\/tr><tr><td><\/td><td>&nbsp;<\/td><\/tr><\/tbody><\/table><\/figure>\n<\/div>\n<\/div>\n","protected":false},"excerpt":{"rendered":"<p>&nbsp; Escola \u00c0NGELS GARRIGA Escola MAS CASANOVAS Escola BALOO Escola TORRENT DE CAN CARABASSA Escola PARC DEL GUINARD\u00d3 Escola PAU CASALS Escola EL CARMEL Escola PIT ROIG Escola ESTEL &#8211; GUINARD\u00d3 Escola MARE NOSTRUM Escola FONT D&#8217;EN FARGAS Escola TORRENT D&#8217;EN MELIS Escola HEURA Escola ELS PINS Escola de les AIG\u00dcES Escola ARC IRIS Escola [&hellip;]<\/p>\n","protected":false},"author":1,"featured_media":0,"parent":8214,"menu_order":20,"comment_status":"closed","ping_status":"closed","template":"","meta":{"_bbp_topic_count":0,"_bbp_reply_count":0,"_bbp_total_topic_count":0,"_bbp_total_reply_count":0,"_bbp_voice_count":0,"_bbp_anonymous_reply_count":0,"_bbp_topic_count_hidden":0,"_bbp_reply_count_hidden":0,"_bbp_forum_subforum_count":0,"site-sidebar-layout":"default","site-content-layout":"","ast-site-content-layout":"default","site-content-style":"default","site-sidebar-style":"default","ast-global-header-display":"","ast-banner-title-visibility":"","ast-main-header-display":"","ast-hfb-above-header-display":"","ast-hfb-below-header-display":"","ast-hfb-mobile-header-display":"","site-post-title":"","ast-breadcrumbs-content":"","ast-featured-img":"","footer-sml-layout":"","theme-transparent-header-meta":"","adv-header-id-meta":"","stick-header-meta":"","header-above-stick-meta":"","header-main-stick-meta":"","header-below-stick-meta":"","astra-migrate-meta-layouts":"set","ast-page-background-enabled":"default","ast-page-background-meta":{"desktop":{"background-color":"var(--ast-global-color-4)","background-image":"","background-repeat":"repeat","background-position":"center center","background-size":"auto","background-attachment":"scroll","background-type":"","background-media":"","overlay-type":"","overlay-color":"","overlay-opacity":"","overlay-gradient":""},"tablet":{"background-color":"","background-image":"","background-repeat":"repeat","background-position":"center center","background-size":"auto","background-attachment":"scroll","background-type":"","background-media":"","overlay-type":"","overlay-color":"","overlay-opacity":"","overlay-gradient":""},"mobile":{"background-color":"","background-image":"","background-repeat":"repeat","background-position":"center center","background-size":"auto","background-attachment":"scroll","background-type":"","background-media":"","overlay-type":"","overlay-color":"","overlay-opacity":"","overlay-gradient":""}},"ast-content-background-meta":{"desktop":{"background-color":"var(--ast-global-color-5)","background-image":"","background-repeat":"repeat","background-position":"center center","background-size":"auto","background-attachment":"scroll","background-type":"","background-media":"","overlay-type":"","overlay-color":"","overlay-opacity":"","overlay-gradient":""},"tablet":{"background-color":"var(--ast-global-color-5)","background-image":"","background-repeat":"repeat","background-position":"center center","background-size":"auto","background-attachment":"scroll","background-type":"","background-media":"","overlay-type":"","overlay-color":"","overlay-opacity":"","overlay-gradient":""},"mobile":{"background-color":"var(--ast-global-color-5)","background-image":"","background-repeat":"repeat","background-position":"center center","background-size":"auto","background-attachment":"scroll","background-type":"","background-media":"","overlay-type":"","overlay-color":"","overlay-opacity":"","overlay-gradient":""}},"footnotes":""},"class_list":["post-379","page","type-page","status-publish","hentry"],"post_mailing_queue_ids":[],"_links":{"self":[{"href":"https:\/\/serveiseducatius.xtec.cat\/horta-guinardo\/wp-json\/wp\/v2\/pages\/379","targetHints":{"allow":["GET"]}}],"collection":[{"href":"https:\/\/serveiseducatius.xtec.cat\/horta-guinardo\/wp-json\/wp\/v2\/pages"}],"about":[{"href":"https:\/\/serveiseducatius.xtec.cat\/horta-guinardo\/wp-json\/wp\/v2\/types\/page"}],"author":[{"embeddable":true,"href":"https:\/\/serveiseducatius.xtec.cat\/horta-guinardo\/wp-json\/wp\/v2\/users\/1"}],"replies":[{"embeddable":true,"href":"https:\/\/serveiseducatius.xtec.cat\/horta-guinardo\/wp-json\/wp\/v2\/comments?post=379"}],"version-history":[{"count":5,"href":"https:\/\/serveiseducatius.xtec.cat\/horta-guinardo\/wp-json\/wp\/v2\/pages\/379\/revisions"}],"predecessor-version":[{"id":12758,"href":"https:\/\/serveiseducatius.xtec.cat\/horta-guinardo\/wp-json\/wp\/v2\/pages\/379\/revisions\/12758"}],"up":[{"embeddable":true,"href":"https:\/\/serveiseducatius.xtec.cat\/horta-guinardo\/wp-json\/wp\/v2\/pages\/8214"}],"wp:attachment":[{"href":"https:\/\/serveiseducatius.xtec.cat\/horta-guinardo\/wp-json\/wp\/v2\/media?parent=379"}],"curies":[{"name":"wp","href":"https:\/\/api.w.org\/{rel}","templated":true}]}}