{"id":341,"date":"2015-11-24T18:41:15","date_gmt":"2015-11-24T17:41:15","guid":{"rendered":"http:\/\/serveiseducatius.xtec.cat\/horta-guinardo\/?page_id=341"},"modified":"2025-12-03T12:07:07","modified_gmt":"2025-12-03T11:07:07","slug":"comunitat","status":"publish","type":"page","link":"https:\/\/serveiseducatius.xtec.cat\/horta-guinardo\/comunitat\/","title":{"rendered":"Servei Educatiu Integrat"},"content":{"rendered":"<header class=\"entry-header \">\n<p class=\"entry-title\"><span style=\"font-size: 16px;\">El <\/span><strong style=\"font-size: 16px;\">Servei Educatiu Integrat<\/strong><span style=\"font-size: 16px;\"> col\u00b7labora i dona suport als centres educatius p\u00fablics i privats concertats de nivells educatius no universitaris, als equips directius, als equips de docents i l\u2019alumnat del districte d&#8217;Horta-Guinard\u00f3. El Servei Educatiu est\u00e0 format per un equip multidisciplinar:<\/span><\/p>\n<\/header>\n<div class=\"entry-content clear\">\n<div class=\"entry-content\">\n<ul>\n<li><strong>CRP\u00a0<\/strong>(Centre de recursos pedag\u00f2gics): <span class=\"a_GcMg font-feature-liga-off font-feature-clig-off font-feature-calt-off text-decoration-none text-strikethrough-none\">Equip que assessora i dona suport a l\u2019activitat pedag\u00f2gica dels centres i a la tasca docent de mestres i professorat, especialment, en temes de formaci\u00f3 permanent, de recursos pedag\u00f2gics i de dinamitzaci\u00f3 de xarxes i projectes de centre i de la zona.<\/span><\/li>\n<li><strong>EAP\u00a0<\/strong>(Equip d\u2019assessorament i orientaci\u00f3 psicopedag\u00f2gic)<span class=\"Apple-converted-space\">: <span class=\"a_GcMg font-feature-liga-off font-feature-clig-off font-feature-calt-off text-decoration-none text-strikethrough-none\">Equip que assessora i dona suport al professorat i als centres educatius en la resposta a la diversitat de l\u2019alumnat i en relaci\u00f3 als alumnes que presenten necessitats educatives especials, aix\u00ed com a les seves fam\u00edlies.<\/span><\/span><\/li>\n<li><strong>ELIC\u00a0<\/strong>(Equip d\u2019assessorament i orientaci\u00f3 en llengua, interculturalitat i cohesi\u00f3 social): <span class=\"a_GcMg font-feature-liga-off font-feature-clig-off font-feature-calt-off text-decoration-none text-strikethrough-none\">Equip que assessora i dona suport al professorat en l\u2019atenci\u00f3 a la diversitat relacionada amb l\u2019alumnat, especialment procedent de la immigraci\u00f3 i\/o amb l\u2019alumnat amb risc d\u2019exclusi\u00f3 social, en l\u2019\u00e0mbit dels centres educatius i els plans educatius d\u2019entorn.<\/span><\/li>\n<li><strong>SO <\/strong>(Servei d\u2019Orientaci\u00f3): <span class=\"a_GcMg font-feature-liga-off font-feature-clig-off font-feature-calt-off text-decoration-none text-strikethrough-none\">El Servei d\u2019Orientaci\u00f3 del Consorci d\u2019Educaci\u00f3 de Barcelona col\u00b7labora amb els centres en les accions d\u2019orientaci\u00f3 de l\u2019alumnat i dona suport als processos de transici\u00f3 de l\u2019etapa obligat\u00f2ria a la post obligat\u00f2ria.<\/span><\/li>\n<li><strong>Mentoria 4.0:<\/strong> <span class=\"a_GcMg font-feature-liga-off font-feature-clig-off font-feature-calt-off text-decoration-none text-strikethrough-none\">La figura del mentor 4.0 s&#8217;encarrega d\u2019assessorar i acompanyar els docents amb la finalitat de capacitar el professorat i l\u2019alumnat en compet\u00e8ncies digitals, especialment les relacionades amb el pensament computacional, la rob\u00f2tica i la programaci\u00f3.<\/span><\/li>\n<li><strong>T\u00e8cnica de Gesti\u00f3 Territorial:<\/strong> <span class=\"a_GcMg font-feature-liga-off font-feature-clig-off font-feature-calt-off text-decoration-none text-strikethrough-none\">La TGT elabora propostes de millora de l\u2019oferta educativa del districte, gestiona la campanya de preinscripci\u00f3, dona suport en la implementaci\u00f3 i disseny de programes fora de l\u2019horari lectiu amb impacte als centres educatius i representa al CEB davant dels \u00f2rgans competents en mat\u00e8ria educativa a nivell de districte i ciutat.<\/span><\/li>\n<\/ul>\n<\/div>\n<\/div>\n","protected":false},"excerpt":{"rendered":"<p>El Servei Educatiu Integrat col\u00b7labora i dona suport als centres educatius p\u00fablics i privats concertats de nivells educatius no universitaris, als equips directius, als equips de docents i l\u2019alumnat del districte d&#8217;Horta-Guinard\u00f3. El Servei Educatiu est\u00e0 format per un equip multidisciplinar: CRP\u00a0(Centre de recursos pedag\u00f2gics): Equip que assessora i dona suport a l\u2019activitat pedag\u00f2gica dels [&hellip;]<\/p>\n","protected":false},"author":1,"featured_media":0,"parent":0,"menu_order":0,"comment_status":"closed","ping_status":"closed","template":"","meta":{"_bbp_topic_count":0,"_bbp_reply_count":0,"_bbp_total_topic_count":0,"_bbp_total_reply_count":0,"_bbp_voice_count":0,"_bbp_anonymous_reply_count":0,"_bbp_topic_count_hidden":0,"_bbp_reply_count_hidden":0,"_bbp_forum_subforum_count":0,"site-sidebar-layout":"default","site-content-layout":"","ast-site-content-layout":"default","site-content-style":"default","site-sidebar-style":"default","ast-global-header-display":"","ast-banner-title-visibility":"","ast-main-header-display":"","ast-hfb-above-header-display":"","ast-hfb-below-header-display":"","ast-hfb-mobile-header-display":"","site-post-title":"","ast-breadcrumbs-content":"","ast-featured-img":"","footer-sml-layout":"","theme-transparent-header-meta":"default","adv-header-id-meta":"","stick-header-meta":"","header-above-stick-meta":"","header-main-stick-meta":"","header-below-stick-meta":"","astra-migrate-meta-layouts":"set","ast-page-background-enabled":"default","ast-page-background-meta":{"desktop":{"background-color":"var(--ast-global-color-4)","background-image":"","background-repeat":"repeat","background-position":"center center","background-size":"auto","background-attachment":"scroll","background-type":"","background-media":"","overlay-type":"","overlay-color":"","overlay-opacity":"","overlay-gradient":""},"tablet":{"background-color":"","background-image":"","background-repeat":"repeat","background-position":"center center","background-size":"auto","background-attachment":"scroll","background-type":"","background-media":"","overlay-type":"","overlay-color":"","overlay-opacity":"","overlay-gradient":""},"mobile":{"background-color":"","background-image":"","background-repeat":"repeat","background-position":"center center","background-size":"auto","background-attachment":"scroll","background-type":"","background-media":"","overlay-type":"","overlay-color":"","overlay-opacity":"","overlay-gradient":""}},"ast-content-background-meta":{"desktop":{"background-color":"var(--ast-global-color-5)","background-image":"","background-repeat":"repeat","background-position":"center center","background-size":"auto","background-attachment":"scroll","background-type":"","background-media":"","overlay-type":"","overlay-color":"","overlay-opacity":"","overlay-gradient":""},"tablet":{"background-color":"var(--ast-global-color-5)","background-image":"","background-repeat":"repeat","background-position":"center center","background-size":"auto","background-attachment":"scroll","background-type":"","background-media":"","overlay-type":"","overlay-color":"","overlay-opacity":"","overlay-gradient":""},"mobile":{"background-color":"var(--ast-global-color-5)","background-image":"","background-repeat":"repeat","background-position":"center center","background-size":"auto","background-attachment":"scroll","background-type":"","background-media":"","overlay-type":"","overlay-color":"","overlay-opacity":"","overlay-gradient":""}},"footnotes":""},"class_list":["post-341","page","type-page","status-publish","hentry"],"post_mailing_queue_ids":[],"_links":{"self":[{"href":"https:\/\/serveiseducatius.xtec.cat\/horta-guinardo\/wp-json\/wp\/v2\/pages\/341","targetHints":{"allow":["GET"]}}],"collection":[{"href":"https:\/\/serveiseducatius.xtec.cat\/horta-guinardo\/wp-json\/wp\/v2\/pages"}],"about":[{"href":"https:\/\/serveiseducatius.xtec.cat\/horta-guinardo\/wp-json\/wp\/v2\/types\/page"}],"author":[{"embeddable":true,"href":"https:\/\/serveiseducatius.xtec.cat\/horta-guinardo\/wp-json\/wp\/v2\/users\/1"}],"replies":[{"embeddable":true,"href":"https:\/\/serveiseducatius.xtec.cat\/horta-guinardo\/wp-json\/wp\/v2\/comments?post=341"}],"version-history":[{"count":5,"href":"https:\/\/serveiseducatius.xtec.cat\/horta-guinardo\/wp-json\/wp\/v2\/pages\/341\/revisions"}],"predecessor-version":[{"id":12527,"href":"https:\/\/serveiseducatius.xtec.cat\/horta-guinardo\/wp-json\/wp\/v2\/pages\/341\/revisions\/12527"}],"wp:attachment":[{"href":"https:\/\/serveiseducatius.xtec.cat\/horta-guinardo\/wp-json\/wp\/v2\/media?parent=341"}],"curies":[{"name":"wp","href":"https:\/\/api.w.org\/{rel}","templated":true}]}}