{"id":306,"date":"2015-11-24T18:02:44","date_gmt":"2015-11-24T17:02:44","guid":{"rendered":"http:\/\/serveiseducatius.xtec.cat\/horta-guinardo\/?page_id=306"},"modified":"2026-03-27T11:35:39","modified_gmt":"2026-03-27T10:35:39","slug":"equip","status":"publish","type":"page","link":"https:\/\/serveiseducatius.xtec.cat\/horta-guinardo\/el-servei-educatiu\/equip\/","title":{"rendered":"Equip"},"content":{"rendered":"<p><strong>Correus de contacte dels i les professionals<\/strong><\/p>\n<table style=\"height: 10px; width: 125.162%; border-style: none;\">\n<tbody>\n<tr style=\"height: 33px;\">\n<td style=\"width: 56.2099%; height: 10px; border-style: none;\"><strong>EAP (<a href=\"mailto:eap-horta-guinardo@xtec.cat\">eap-horta-guinardo<span class=\"\">@xtec.cat<\/span><\/a>)<\/strong>MONTEMAR ROMERO, Carme <a href=\"mailto:cmontema@xtec.cat\">cmontema@xtec.cat<\/a> \/ Psicopedagoga (direcci\u00f3)<\/p>\n<p>PERIBA\u00d1EZ POBO, Eva M. <a href=\"mailto:eperiba2@xtec.cat\">eperiba2@xtec.cat\u00a0<\/a>Psicopedagoga<\/p>\n<p>GARC\u00cdA N\u00da\u00d1EZ, S<span style=\"font-family: inherit; font-size: 0.875em;\">\u00edlvia <\/span><a style=\"font-family: inherit; font-size: 1em;\" href=\"mailto:sgarci88@xtec.cat\">sgarci88@xtec.cat<\/a><span style=\"font-family: inherit; font-size: 1em;\">\u00a0<\/span><span style=\"font-family: inherit; font-size: 1em;\">Psicopedagoga<\/span><\/p>\n<p>JOAN BURRULL, Judit <a href=\"mailto:jjoan@xtec.cat\">jjoan@xtec.cat<\/a>\u00a0Psicopedagoga<\/p>\n<p>MARZIANO LOZANO, Andrea <a href=\"mailto:amarzian@xtec.cat\">amarzian@xtec.cat <\/a>Psicopedagoga<\/p>\n<p>MEDINA ROCA, Merc\u00e8 <a href=\"mailto:mmedin34@xtec.cat\">mmedin34@xtec.cat<\/a>\u00a0Psicopedagoga<\/p>\n<p>MART\u00cd LATRE Helena <a href=\"mailto:hmarti9@xtec.cat\">hmarti9<span class=\"\">@xtec.cat<\/span><\/a> Psicopedagoga<\/p>\n<p>RUB\u00cd ESQUINAS, Mireia <a href=\"mailto:mrubi2@xtec.cat\">mrubi2@xtec.cat<\/a> Psicopedagoga<\/p>\n<p>M\u00c1RQUEZ SALAS, Mila <a href=\"mailto:mmarqu30@xtec.cat\">mmarqu30@xtec.cat<\/a> Psicopedagoga<\/p>\n<p>P\u00c9REZ TARD\u00cdO, Encarna <a href=\"mailto:eperez25@xtec.cat\">eperez25<span class=\"\">@xtec.cat<\/span><\/a> Psicopedagoga<\/p>\n<p>VILADOMS CEBRI\u00c1N, Emilia <a href=\"mailto:eviladom@xtec.cat\">eviladom@xtec.cat<\/a> Psicopedagoga<\/p>\n<p>L\u00d3PEZ MART\u00cdNEZ, Elena <a href=\"mailto:elope131@xtec.cat\">elope131@xtec.cat <\/a>Psicopedagoga<\/p>\n<p>HERN\u00c1NDEZ VICENTE, YASMIN <a href=\"mailto:yhernan1@xtec.cat\">yhernan1@xtec.cat<\/a> Psicopedagoga<\/p>\n<p>D\u00cdAZ JOV\u00c9, Montserrat <a href=\"mailto:ngranade@xtec.cat\">mdiaz325@xtec.cat<\/a> Treballadora Social<\/p>\n<p>MANUBENS RIERA, Clara <a href=\"mailto:cmanube2@xtec.cat\">cmanube2@xtec.cat<\/a> Treballadora Social<\/p>\n<p>PE\u00d1A ROMERO, Ana <a href=\"mailto:apena33@xtec.cat\">apena33@xtec.cat<\/a> Treballadora Social<\/p>\n<p>ROTGER GR\u00cdFUL, Carla <a href=\"mailto:crotger1@xtec.cat\">crotger1@xtec.cat<\/a> Fisioterapeuta<\/p>\n<p><span class=\"\">ANG<\/span>UERA ESCARR\u00c9, Marcel <a href=\"mailto:mangue17@xtec.cat\">mangue17@xtec.cat<\/a> Fisioterapeuta<\/p>\n<p>BRACERO RODR\u00cdGUEZ, Adri\u00e0 <a href=\"mailto:abracero@xtec.cat\">abracero@xtec.cat <\/a>Fisioterapeuta<\/p>\n<p>MURILLO P\u00c9REZ, Cristina <a href=\"mailto:cmurill@xtec.cat\" target=\"_blank\" rel=\"noopener\">cmurill@xtec.cat<\/a> Logopeda<\/p>\n<p><strong>ELIC\u00a0<\/strong><\/p>\n<p>COSTA IZURDIAGA, Andr\u00e9s <a href=\"acosta36@xtec.cat\" rel=\"noopener\">acosta36@xtec.cat<\/a><\/p>\n<p>MINGUELA BRUNAT, David <a href=\"mailto:dmingue2@xtec.cat\">dmingue2@xtec.cat<\/a><\/p>\n<p><strong>CRP\u00a0 (<a href=\"mailto:crp-horta-guinardo@xtec.cat\">crp-horta-guinardo@xtec.cat)<\/a><\/strong><\/p>\n<p>FONTDEGL\u00d2RIA SOL\u00c0, Joan <a href=\"mailto:jfontdeg@xtec.cat\">jfontdeg@xtec.cat<\/a> <span style=\"font-family: inherit; font-size: 1em;\">(direcci\u00f3)<\/span><\/p>\n<p><span style=\"font-family: inherit; font-size: 1em;\">MORALES OJEDA, Beatriz <\/span><a style=\"font-family: inherit; font-size: 1em;\" href=\"mailto:bmorale2@xtec.cat\">bmorale2<span class=\"\">@xtec.cat<\/span><\/a><span style=\"font-family: inherit; font-size: 1em;\">\u00a0<\/span><\/p>\n<p>PONT LLONGUERAS, Emma <a href=\"mailto:epont7@xtec.cat\">epont7@xtec.catON<\/a><\/p>\n<p>SERRAT P\u00c9REZ, Esther <a href=\"mailto:eserrat2@xtec.cat\">eserrat2@xtec.cat<\/a><\/p>\n<p>NICOLAU FIGUERA, Gl\u00f2ria <a href=\"mailto:gnicola4@xtec.cat\">gnicola4<span class=\"\">@xtec.cat<\/span><\/a> (bibliotec\u00e0ria guia PLAMIB)<\/p>\n<p><strong>SERVEI D&#8217;ORIENTACI\u00d3<\/strong><\/p>\n<p>BOADA ADROV\u00c9, Marta <a href=\"mailto:mboada.ceb@gencat.cat\">mboada.ceb@gencat.cat<\/a><\/p>\n<p>PAMP\u00cdN SANTOS, M\u00f3nica <a href=\"mailto:monicapampin.ceb@gencat.cat\">monicapampin.ceb@gencat.cat<\/a><\/p>\n<p><strong>MENTORIA DIGITAL<\/strong><\/p>\n<p>BELMANTE TARIN, Nelson <a href=\"mailto:nbelmont@xtec.cat\">nbelmont@xtec.cat<\/a><\/p>\n<p>ESPA\u00d1OL MIL\u00c1N, Daniel <a href=\"mailto:despanol@xtec.cat\">despanol@xtec.cat<\/a><\/p>\n<p><strong>T\u00c8CNICA DE GESTI\u00d3 TERRITORIAL<\/strong><\/p>\n<p>VERA RIGO, Anna <a href=\"mailto:averar.ceb@gencat.cat\">averar.ceb@gencat.cat<\/a><\/p>\n<p><strong>ADMINISTRACI\u00d3<\/strong><\/p>\n<p>Moreno Robles, J\u00e9ssica <a href=\"mailto:jmoren60@xtec.cat\">jmoren60@xtec.cat<\/a><\/p>\n<p><strong>CONSERGERIA<\/strong><\/p>\n<p>P\u00c9REZ JIM\u00c9NEZ, Jos\u00e9 Lu\u00eds <a href=\"mailto:vlafarg2@xtec.cat\">jpere139@xtec.cat<\/a><\/td>\n<td style=\"width: 8.61629%; border-style: none; height: 10px; padding-left: 40px;\"><\/td>\n<td style=\"width: 2.52261%; height: 10px; border-style: none;\"><\/td>\n<td style=\"width: 32.2228%; height: 10px; border-style: none;\"><\/td>\n<\/tr>\n<\/tbody>\n<\/table>\n","protected":false},"excerpt":{"rendered":"<p>Correus de contacte dels i les professionals EAP (eap-horta-guinardo@xtec.cat)MONTEMAR ROMERO, Carme cmontema@xtec.cat \/ Psicopedagoga (direcci\u00f3) PERIBA\u00d1EZ POBO, Eva M. eperiba2@xtec.cat\u00a0Psicopedagoga GARC\u00cdA N\u00da\u00d1EZ, S\u00edlvia sgarci88@xtec.cat\u00a0Psicopedagoga JOAN BURRULL, Judit jjoan@xtec.cat\u00a0Psicopedagoga MARZIANO LOZANO, Andrea amarzian@xtec.cat Psicopedagoga MEDINA ROCA, Merc\u00e8 mmedin34@xtec.cat\u00a0Psicopedagoga MART\u00cd LATRE Helena hmarti9@xtec.cat Psicopedagoga RUB\u00cd ESQUINAS, Mireia mrubi2@xtec.cat Psicopedagoga M\u00c1RQUEZ SALAS, Mila mmarqu30@xtec.cat Psicopedagoga P\u00c9REZ TARD\u00cdO, Encarna [&hellip;]<\/p>\n","protected":false},"author":1,"featured_media":0,"parent":806,"menu_order":20,"comment_status":"closed","ping_status":"closed","template":"","meta":{"_bbp_topic_count":0,"_bbp_reply_count":0,"_bbp_total_topic_count":0,"_bbp_total_reply_count":0,"_bbp_voice_count":0,"_bbp_anonymous_reply_count":0,"_bbp_topic_count_hidden":0,"_bbp_reply_count_hidden":0,"_bbp_forum_subforum_count":0,"site-sidebar-layout":"no-sidebar","site-content-layout":"","ast-site-content-layout":"default","site-content-style":"default","site-sidebar-style":"default","ast-global-header-display":"","ast-banner-title-visibility":"","ast-main-header-display":"","ast-hfb-above-header-display":"","ast-hfb-below-header-display":"","ast-hfb-mobile-header-display":"","site-post-title":"","ast-breadcrumbs-content":"","ast-featured-img":"","footer-sml-layout":"","theme-transparent-header-meta":"default","adv-header-id-meta":"","stick-header-meta":"","header-above-stick-meta":"","header-main-stick-meta":"","header-below-stick-meta":"","astra-migrate-meta-layouts":"set","ast-page-background-enabled":"default","ast-page-background-meta":{"desktop":{"background-color":"var(--ast-global-color-4)","background-image":"","background-repeat":"repeat","background-position":"center center","background-size":"auto","background-attachment":"scroll","background-type":"","background-media":"","overlay-type":"","overlay-color":"","overlay-opacity":"","overlay-gradient":""},"tablet":{"background-color":"","background-image":"","background-repeat":"repeat","background-position":"center center","background-size":"auto","background-attachment":"scroll","background-type":"","background-media":"","overlay-type":"","overlay-color":"","overlay-opacity":"","overlay-gradient":""},"mobile":{"background-color":"","background-image":"","background-repeat":"repeat","background-position":"center center","background-size":"auto","background-attachment":"scroll","background-type":"","background-media":"","overlay-type":"","overlay-color":"","overlay-opacity":"","overlay-gradient":""}},"ast-content-background-meta":{"desktop":{"background-color":"var(--ast-global-color-5)","background-image":"","background-repeat":"repeat","background-position":"center center","background-size":"auto","background-attachment":"scroll","background-type":"","background-media":"","overlay-type":"","overlay-color":"","overlay-opacity":"","overlay-gradient":""},"tablet":{"background-color":"var(--ast-global-color-5)","background-image":"","background-repeat":"repeat","background-position":"center center","background-size":"auto","background-attachment":"scroll","background-type":"","background-media":"","overlay-type":"","overlay-color":"","overlay-opacity":"","overlay-gradient":""},"mobile":{"background-color":"var(--ast-global-color-5)","background-image":"","background-repeat":"repeat","background-position":"center center","background-size":"auto","background-attachment":"scroll","background-type":"","background-media":"","overlay-type":"","overlay-color":"","overlay-opacity":"","overlay-gradient":""}},"footnotes":""},"class_list":["post-306","page","type-page","status-publish","hentry"],"post_mailing_queue_ids":[],"_links":{"self":[{"href":"https:\/\/serveiseducatius.xtec.cat\/horta-guinardo\/wp-json\/wp\/v2\/pages\/306","targetHints":{"allow":["GET"]}}],"collection":[{"href":"https:\/\/serveiseducatius.xtec.cat\/horta-guinardo\/wp-json\/wp\/v2\/pages"}],"about":[{"href":"https:\/\/serveiseducatius.xtec.cat\/horta-guinardo\/wp-json\/wp\/v2\/types\/page"}],"author":[{"embeddable":true,"href":"https:\/\/serveiseducatius.xtec.cat\/horta-guinardo\/wp-json\/wp\/v2\/users\/1"}],"replies":[{"embeddable":true,"href":"https:\/\/serveiseducatius.xtec.cat\/horta-guinardo\/wp-json\/wp\/v2\/comments?post=306"}],"version-history":[{"count":5,"href":"https:\/\/serveiseducatius.xtec.cat\/horta-guinardo\/wp-json\/wp\/v2\/pages\/306\/revisions"}],"predecessor-version":[{"id":12901,"href":"https:\/\/serveiseducatius.xtec.cat\/horta-guinardo\/wp-json\/wp\/v2\/pages\/306\/revisions\/12901"}],"up":[{"embeddable":true,"href":"https:\/\/serveiseducatius.xtec.cat\/horta-guinardo\/wp-json\/wp\/v2\/pages\/806"}],"wp:attachment":[{"href":"https:\/\/serveiseducatius.xtec.cat\/horta-guinardo\/wp-json\/wp\/v2\/media?parent=306"}],"curies":[{"name":"wp","href":"https:\/\/api.w.org\/{rel}","templated":true}]}}