{"id":8551,"date":"2018-12-19T12:09:08","date_gmt":"2018-12-19T11:09:08","guid":{"rendered":"http:\/\/serveiseducatius.xtec.cat\/gracia\/?page_id=8551"},"modified":"2018-12-19T12:43:02","modified_gmt":"2018-12-19T11:43:02","slug":"trencadis-de-sons-i-colors","status":"publish","type":"page","link":"https:\/\/serveiseducatius.xtec.cat\/gracia\/trencadis-de-sons-i-colors\/","title":{"rendered":"Trencad\u00eds de sons i colors"},"content":{"rendered":"<p><a href=\"https:\/\/serveiseducatius.xtec.cat\/gracia\/wp-content\/uploads\/usu1170\/2018\/12\/Trencad\u00eds_-DSC_3649-2.jpg\"><img loading=\"lazy\" decoding=\"async\" class=\"alignleft wp-image-8360\" src=\"https:\/\/serveiseducatius.xtec.cat\/gracia\/wp-content\/uploads\/usu1170\/2018\/12\/Trencad\u00eds_-DSC_3649-2-1024x602.jpg\" alt=\"\" width=\"360\" height=\"212\" srcset=\"https:\/\/serveiseducatius.xtec.cat\/gracia\/wp-content\/uploads\/usu1170\/2018\/12\/Trencad\u00eds_-DSC_3649-2-1024x602.jpg 1024w, https:\/\/serveiseducatius.xtec.cat\/gracia\/wp-content\/uploads\/usu1170\/2018\/12\/Trencad\u00eds_-DSC_3649-2-300x176.jpg 300w, https:\/\/serveiseducatius.xtec.cat\/gracia\/wp-content\/uploads\/usu1170\/2018\/12\/Trencad\u00eds_-DSC_3649-2-768x452.jpg 768w, https:\/\/serveiseducatius.xtec.cat\/gracia\/wp-content\/uploads\/usu1170\/2018\/12\/Trencad\u00eds_-DSC_3649-2.jpg 1608w\" sizes=\"auto, (max-width: 360px) 100vw, 360px\" \/><\/a><\/p>\n<p>Aquest projecte es gesta en el s\u00ed de les escoles bressol del barri de Gr\u00e0cia interessades en trobar un projecte com\u00fa, interdisciplinari vehiculat per el moviment, la m\u00fasica i la pl\u00e0stica.<\/p>\n<p>El projecte va vinculat a una formaci\u00f3 per els\/les educadors\/es de l\u2019escola per preparar el treball amb els infants. La cloenda del projecte es realitza al Park G\u00fcell els dies de portes tancades.<\/p>\n<p>&nbsp;<\/p>\n<p>&nbsp;<\/p>\n<p>&nbsp;<\/p>\n<p>&nbsp;<\/p>\n<p>&nbsp;<\/p>\n<p>&nbsp;<\/p>\n<p>&nbsp;<\/p>\n<p>&nbsp;<\/p>\n<p>&nbsp;<\/p>\n<p>&nbsp;<\/p>\n","protected":false},"excerpt":{"rendered":"<p>Aquest projecte es gesta en el s\u00ed de les escoles bressol del barri de Gr\u00e0cia interessades en trobar un projecte com\u00fa, interdisciplinari vehiculat per el moviment, la m\u00fasica i la pl\u00e0stica. El projecte va vinculat a una formaci\u00f3 per els\/les educadors\/es de l\u2019escola per preparar el treball amb els infants. La cloenda del projecte es [&hellip;]<\/p>\n","protected":false},"author":5,"featured_media":0,"parent":0,"menu_order":0,"comment_status":"closed","ping_status":"closed","template":"","meta":{"_bbp_topic_count":0,"_bbp_reply_count":0,"_bbp_total_topic_count":0,"_bbp_total_reply_count":0,"_bbp_voice_count":0,"_bbp_anonymous_reply_count":0,"_bbp_topic_count_hidden":0,"_bbp_reply_count_hidden":0,"_bbp_forum_subforum_count":0,"site-sidebar-layout":"default","site-content-layout":"","ast-site-content-layout":"","site-content-style":"default","site-sidebar-style":"default","ast-global-header-display":"","ast-banner-title-visibility":"","ast-main-header-display":"","ast-hfb-above-header-display":"","ast-hfb-below-header-display":"","ast-hfb-mobile-header-display":"","site-post-title":"","ast-breadcrumbs-content":"","ast-featured-img":"","footer-sml-layout":"","theme-transparent-header-meta":"","adv-header-id-meta":"","stick-header-meta":"","header-above-stick-meta":"","header-main-stick-meta":"","header-below-stick-meta":"","astra-migrate-meta-layouts":"default","ast-page-background-enabled":"default","ast-page-background-meta":{"desktop":{"background-color":"var(--ast-global-color-4)","background-image":"","background-repeat":"repeat","background-position":"center center","background-size":"auto","background-attachment":"scroll","background-type":"","background-media":"","overlay-type":"","overlay-color":"","overlay-opacity":"","overlay-gradient":""},"tablet":{"background-color":"","background-image":"","background-repeat":"repeat","background-position":"center center","background-size":"auto","background-attachment":"scroll","background-type":"","background-media":"","overlay-type":"","overlay-color":"","overlay-opacity":"","overlay-gradient":""},"mobile":{"background-color":"","background-image":"","background-repeat":"repeat","background-position":"center center","background-size":"auto","background-attachment":"scroll","background-type":"","background-media":"","overlay-type":"","overlay-color":"","overlay-opacity":"","overlay-gradient":""}},"ast-content-background-meta":{"desktop":{"background-color":"var(--ast-global-color-5)","background-image":"","background-repeat":"repeat","background-position":"center center","background-size":"auto","background-attachment":"scroll","background-type":"","background-media":"","overlay-type":"","overlay-color":"","overlay-opacity":"","overlay-gradient":""},"tablet":{"background-color":"var(--ast-global-color-5)","background-image":"","background-repeat":"repeat","background-position":"center center","background-size":"auto","background-attachment":"scroll","background-type":"","background-media":"","overlay-type":"","overlay-color":"","overlay-opacity":"","overlay-gradient":""},"mobile":{"background-color":"var(--ast-global-color-5)","background-image":"","background-repeat":"repeat","background-position":"center center","background-size":"auto","background-attachment":"scroll","background-type":"","background-media":"","overlay-type":"","overlay-color":"","overlay-opacity":"","overlay-gradient":""}},"footnotes":""},"class_list":["post-8551","page","type-page","status-publish","hentry"],"post_mailing_queue_ids":[],"_links":{"self":[{"href":"https:\/\/serveiseducatius.xtec.cat\/gracia\/wp-json\/wp\/v2\/pages\/8551","targetHints":{"allow":["GET"]}}],"collection":[{"href":"https:\/\/serveiseducatius.xtec.cat\/gracia\/wp-json\/wp\/v2\/pages"}],"about":[{"href":"https:\/\/serveiseducatius.xtec.cat\/gracia\/wp-json\/wp\/v2\/types\/page"}],"author":[{"embeddable":true,"href":"https:\/\/serveiseducatius.xtec.cat\/gracia\/wp-json\/wp\/v2\/users\/5"}],"replies":[{"embeddable":true,"href":"https:\/\/serveiseducatius.xtec.cat\/gracia\/wp-json\/wp\/v2\/comments?post=8551"}],"version-history":[{"count":3,"href":"https:\/\/serveiseducatius.xtec.cat\/gracia\/wp-json\/wp\/v2\/pages\/8551\/revisions"}],"predecessor-version":[{"id":8559,"href":"https:\/\/serveiseducatius.xtec.cat\/gracia\/wp-json\/wp\/v2\/pages\/8551\/revisions\/8559"}],"wp:attachment":[{"href":"https:\/\/serveiseducatius.xtec.cat\/gracia\/wp-json\/wp\/v2\/media?parent=8551"}],"curies":[{"name":"wp","href":"https:\/\/api.w.org\/{rel}","templated":true}]}}