{"id":8449,"date":"2018-12-17T17:01:23","date_gmt":"2018-12-17T16:01:23","guid":{"rendered":"http:\/\/serveiseducatius.xtec.cat\/gracia\/?page_id=8449"},"modified":"2018-12-18T12:28:31","modified_gmt":"2018-12-18T11:28:31","slug":"barcelona-1902","status":"publish","type":"page","link":"https:\/\/serveiseducatius.xtec.cat\/gracia\/barcelona-1902\/","title":{"rendered":"Barcelona 1902 (visita educativa pels dies de portes obertes al Park G\u00fcell)"},"content":{"rendered":"<p><u>Cicle Superior <a href=\"https:\/\/serveiseducatius.xtec.cat\/gracia\/wp-content\/uploads\/usu1170\/2018\/12\/20_Casa_Mart\u00ed_Trias_i_Dom\u00e8nech.jpg\"><img loading=\"lazy\" decoding=\"async\" class=\"alignleft  wp-image-8517\" src=\"https:\/\/serveiseducatius.xtec.cat\/gracia\/wp-content\/uploads\/usu1170\/2018\/12\/20_Casa_Mart\u00ed_Trias_i_Dom\u00e8nech-1024x768.jpg\" alt=\"\" width=\"312\" height=\"234\" srcset=\"https:\/\/serveiseducatius.xtec.cat\/gracia\/wp-content\/uploads\/usu1170\/2018\/12\/20_Casa_Mart\u00ed_Trias_i_Dom\u00e8nech-1024x768.jpg 1024w, https:\/\/serveiseducatius.xtec.cat\/gracia\/wp-content\/uploads\/usu1170\/2018\/12\/20_Casa_Mart\u00ed_Trias_i_Dom\u00e8nech-300x225.jpg 300w, https:\/\/serveiseducatius.xtec.cat\/gracia\/wp-content\/uploads\/usu1170\/2018\/12\/20_Casa_Mart\u00ed_Trias_i_Dom\u00e8nech-768x576.jpg 768w, https:\/\/serveiseducatius.xtec.cat\/gracia\/wp-content\/uploads\/usu1170\/2018\/12\/20_Casa_Mart\u00ed_Trias_i_Dom\u00e8nech-200x150.jpg 200w, https:\/\/serveiseducatius.xtec.cat\/gracia\/wp-content\/uploads\/usu1170\/2018\/12\/20_Casa_Mart\u00ed_Trias_i_Dom\u00e8nech.jpg 1364w\" sizes=\"auto, (max-width: 312px) 100vw, 312px\" \/><\/a><br \/>\n<\/u><\/p>\n<p>El projecte residencial del Park G\u00fcell va comportar la urbanitzaci\u00f3 de part de l\u2019anomenada Muntanya Pelada. Allunyat de l\u2019Eixample i dels barris benestants de l\u2019\u00e8poca, sota la permanent mirada de G\u00fcell poques fam\u00edlies van trobar l\u2019indret atractiu i de les 60 parcel\u00b7les que s\u2019havien d\u2019edificar nom\u00e9s se\u2019n va construir una, la Casa Trias.<\/p>\n<p>Aquesta visita s\u2019enfila fins la Casa Trias per fer entendre el projecte original del Park G\u00fcell, explorar la seva relaci\u00f3 amb la ciutat i apuntar el seu context hist\u00f2ric. Durant l\u2019activitat els alumnes tamb\u00e9 descobriran els elements que van inspirar Gaud\u00ed per crear les formes i la simbologia del parc.<\/p>\n<p><strong>Punts de la visita:<\/strong><\/p>\n<ul>\n<li>Escalinata<\/li>\n<li>Sala hip\u00f2stila<\/li>\n<li>Pla\u00e7a del Teatre Grec<\/li>\n<li>Viaducte del Garrofer<\/li>\n<li>Casa Trias<\/li>\n<\/ul>\n","protected":false},"excerpt":{"rendered":"<p>Cicle Superior El projecte residencial del Park G\u00fcell va comportar la urbanitzaci\u00f3 de part de l\u2019anomenada Muntanya Pelada. Allunyat de l\u2019Eixample i dels barris benestants de l\u2019\u00e8poca, sota la permanent mirada de G\u00fcell poques fam\u00edlies van trobar l\u2019indret atractiu i de les 60 parcel\u00b7les que s\u2019havien d\u2019edificar nom\u00e9s se\u2019n va construir una, la Casa Trias. [&hellip;]<\/p>\n","protected":false},"author":5,"featured_media":0,"parent":0,"menu_order":0,"comment_status":"closed","ping_status":"closed","template":"","meta":{"_bbp_topic_count":0,"_bbp_reply_count":0,"_bbp_total_topic_count":0,"_bbp_total_reply_count":0,"_bbp_voice_count":0,"_bbp_anonymous_reply_count":0,"_bbp_topic_count_hidden":0,"_bbp_reply_count_hidden":0,"_bbp_forum_subforum_count":0,"site-sidebar-layout":"default","site-content-layout":"","ast-site-content-layout":"","site-content-style":"default","site-sidebar-style":"default","ast-global-header-display":"","ast-banner-title-visibility":"","ast-main-header-display":"","ast-hfb-above-header-display":"","ast-hfb-below-header-display":"","ast-hfb-mobile-header-display":"","site-post-title":"","ast-breadcrumbs-content":"","ast-featured-img":"","footer-sml-layout":"","theme-transparent-header-meta":"","adv-header-id-meta":"","stick-header-meta":"","header-above-stick-meta":"","header-main-stick-meta":"","header-below-stick-meta":"","astra-migrate-meta-layouts":"default","ast-page-background-enabled":"default","ast-page-background-meta":{"desktop":{"background-color":"var(--ast-global-color-4)","background-image":"","background-repeat":"repeat","background-position":"center center","background-size":"auto","background-attachment":"scroll","background-type":"","background-media":"","overlay-type":"","overlay-color":"","overlay-opacity":"","overlay-gradient":""},"tablet":{"background-color":"","background-image":"","background-repeat":"repeat","background-position":"center center","background-size":"auto","background-attachment":"scroll","background-type":"","background-media":"","overlay-type":"","overlay-color":"","overlay-opacity":"","overlay-gradient":""},"mobile":{"background-color":"","background-image":"","background-repeat":"repeat","background-position":"center center","background-size":"auto","background-attachment":"scroll","background-type":"","background-media":"","overlay-type":"","overlay-color":"","overlay-opacity":"","overlay-gradient":""}},"ast-content-background-meta":{"desktop":{"background-color":"var(--ast-global-color-5)","background-image":"","background-repeat":"repeat","background-position":"center center","background-size":"auto","background-attachment":"scroll","background-type":"","background-media":"","overlay-type":"","overlay-color":"","overlay-opacity":"","overlay-gradient":""},"tablet":{"background-color":"var(--ast-global-color-5)","background-image":"","background-repeat":"repeat","background-position":"center center","background-size":"auto","background-attachment":"scroll","background-type":"","background-media":"","overlay-type":"","overlay-color":"","overlay-opacity":"","overlay-gradient":""},"mobile":{"background-color":"var(--ast-global-color-5)","background-image":"","background-repeat":"repeat","background-position":"center center","background-size":"auto","background-attachment":"scroll","background-type":"","background-media":"","overlay-type":"","overlay-color":"","overlay-opacity":"","overlay-gradient":""}},"footnotes":""},"class_list":["post-8449","page","type-page","status-publish","hentry"],"post_mailing_queue_ids":[],"_links":{"self":[{"href":"https:\/\/serveiseducatius.xtec.cat\/gracia\/wp-json\/wp\/v2\/pages\/8449","targetHints":{"allow":["GET"]}}],"collection":[{"href":"https:\/\/serveiseducatius.xtec.cat\/gracia\/wp-json\/wp\/v2\/pages"}],"about":[{"href":"https:\/\/serveiseducatius.xtec.cat\/gracia\/wp-json\/wp\/v2\/types\/page"}],"author":[{"embeddable":true,"href":"https:\/\/serveiseducatius.xtec.cat\/gracia\/wp-json\/wp\/v2\/users\/5"}],"replies":[{"embeddable":true,"href":"https:\/\/serveiseducatius.xtec.cat\/gracia\/wp-json\/wp\/v2\/comments?post=8449"}],"version-history":[{"count":3,"href":"https:\/\/serveiseducatius.xtec.cat\/gracia\/wp-json\/wp\/v2\/pages\/8449\/revisions"}],"predecessor-version":[{"id":8516,"href":"https:\/\/serveiseducatius.xtec.cat\/gracia\/wp-json\/wp\/v2\/pages\/8449\/revisions\/8516"}],"wp:attachment":[{"href":"https:\/\/serveiseducatius.xtec.cat\/gracia\/wp-json\/wp\/v2\/media?parent=8449"}],"curies":[{"name":"wp","href":"https:\/\/api.w.org\/{rel}","templated":true}]}}