{"id":8444,"date":"2018-12-17T16:55:59","date_gmt":"2018-12-17T15:55:59","guid":{"rendered":"http:\/\/serveiseducatius.xtec.cat\/gracia\/?page_id=8444"},"modified":"2018-12-18T12:18:41","modified_gmt":"2018-12-18T11:18:41","slug":"projecte-park-guell-visita-educativa-pels-dies-de-portes-obertes-al-park-guell","status":"publish","type":"page","link":"https:\/\/serveiseducatius.xtec.cat\/gracia\/projecte-park-guell-visita-educativa-pels-dies-de-portes-obertes-al-park-guell\/","title":{"rendered":"Projecte Park G\u00fcell (visita educativa pels dies de portes obertes al Park G\u00fcell)"},"content":{"rendered":"<p><u>Cicle mitj\u00e0 <\/u><a href=\"https:\/\/serveiseducatius.xtec.cat\/gracia\/wp-content\/uploads\/usu1170\/2018\/12\/park-guell-5249-2.jpg\"><img loading=\"lazy\" decoding=\"async\" class=\"alignleft\" src=\"https:\/\/serveiseducatius.xtec.cat\/gracia\/wp-content\/uploads\/usu1170\/2018\/12\/park-guell-5249-2-1024x768.jpg\" alt=\"\" width=\"284\" height=\"213\" \/><\/a><u><br \/>\n<\/u><\/p>\n<p>L\u2019any 1900 l\u2019industrial t\u00e8xtil Eusebi G\u00fcell va encarregar el projecte del Park G\u00fcell a Antoni Gaud\u00ed. La idea original era la construcci\u00f3 d\u2019 una urbanitzaci\u00f3 privada en un entorn saludable i lluny de la ciutat per a fam\u00edlies acomodades.<\/p>\n<p>Aquesta visita explica el projecte residencial de luxe que van idear Gaud\u00ed i G\u00fcell. Durant l\u2019activitat es descobreixen les formes i significats del parc i es mostren els vincles entre l\u2019espai natural i el projecte urban\u00edstic i arquitect\u00f2nic .<\/p>\n<p><strong>Punts de la visita<\/strong>:<\/p>\n<ul>\n<li>Casa del Guarda<\/li>\n<li>Gruta per aparcar els carruatges<\/li>\n<li>Escalinata d\u2019ingr\u00e9s<\/li>\n<li>Sala hip\u00f2stila<\/li>\n<li>Pla\u00e7a del Teatre Grec<\/li>\n<li>Viaducte de la Bugadera<\/li>\n<\/ul>\n","protected":false},"excerpt":{"rendered":"<p>Cicle mitj\u00e0 L\u2019any 1900 l\u2019industrial t\u00e8xtil Eusebi G\u00fcell va encarregar el projecte del Park G\u00fcell a Antoni Gaud\u00ed. La idea original era la construcci\u00f3 d\u2019 una urbanitzaci\u00f3 privada en un entorn saludable i lluny de la ciutat per a fam\u00edlies acomodades. Aquesta visita explica el projecte residencial de luxe que van idear Gaud\u00ed i G\u00fcell. [&hellip;]<\/p>\n","protected":false},"author":5,"featured_media":0,"parent":0,"menu_order":0,"comment_status":"closed","ping_status":"closed","template":"","meta":{"_bbp_topic_count":0,"_bbp_reply_count":0,"_bbp_total_topic_count":0,"_bbp_total_reply_count":0,"_bbp_voice_count":0,"_bbp_anonymous_reply_count":0,"_bbp_topic_count_hidden":0,"_bbp_reply_count_hidden":0,"_bbp_forum_subforum_count":0,"site-sidebar-layout":"default","site-content-layout":"","ast-site-content-layout":"","site-content-style":"default","site-sidebar-style":"default","ast-global-header-display":"","ast-banner-title-visibility":"","ast-main-header-display":"","ast-hfb-above-header-display":"","ast-hfb-below-header-display":"","ast-hfb-mobile-header-display":"","site-post-title":"","ast-breadcrumbs-content":"","ast-featured-img":"","footer-sml-layout":"","theme-transparent-header-meta":"","adv-header-id-meta":"","stick-header-meta":"","header-above-stick-meta":"","header-main-stick-meta":"","header-below-stick-meta":"","astra-migrate-meta-layouts":"default","ast-page-background-enabled":"default","ast-page-background-meta":{"desktop":{"background-color":"var(--ast-global-color-4)","background-image":"","background-repeat":"repeat","background-position":"center center","background-size":"auto","background-attachment":"scroll","background-type":"","background-media":"","overlay-type":"","overlay-color":"","overlay-opacity":"","overlay-gradient":""},"tablet":{"background-color":"","background-image":"","background-repeat":"repeat","background-position":"center center","background-size":"auto","background-attachment":"scroll","background-type":"","background-media":"","overlay-type":"","overlay-color":"","overlay-opacity":"","overlay-gradient":""},"mobile":{"background-color":"","background-image":"","background-repeat":"repeat","background-position":"center center","background-size":"auto","background-attachment":"scroll","background-type":"","background-media":"","overlay-type":"","overlay-color":"","overlay-opacity":"","overlay-gradient":""}},"ast-content-background-meta":{"desktop":{"background-color":"var(--ast-global-color-5)","background-image":"","background-repeat":"repeat","background-position":"center center","background-size":"auto","background-attachment":"scroll","background-type":"","background-media":"","overlay-type":"","overlay-color":"","overlay-opacity":"","overlay-gradient":""},"tablet":{"background-color":"var(--ast-global-color-5)","background-image":"","background-repeat":"repeat","background-position":"center center","background-size":"auto","background-attachment":"scroll","background-type":"","background-media":"","overlay-type":"","overlay-color":"","overlay-opacity":"","overlay-gradient":""},"mobile":{"background-color":"var(--ast-global-color-5)","background-image":"","background-repeat":"repeat","background-position":"center center","background-size":"auto","background-attachment":"scroll","background-type":"","background-media":"","overlay-type":"","overlay-color":"","overlay-opacity":"","overlay-gradient":""}},"footnotes":""},"class_list":["post-8444","page","type-page","status-publish","hentry"],"post_mailing_queue_ids":[],"_links":{"self":[{"href":"https:\/\/serveiseducatius.xtec.cat\/gracia\/wp-json\/wp\/v2\/pages\/8444","targetHints":{"allow":["GET"]}}],"collection":[{"href":"https:\/\/serveiseducatius.xtec.cat\/gracia\/wp-json\/wp\/v2\/pages"}],"about":[{"href":"https:\/\/serveiseducatius.xtec.cat\/gracia\/wp-json\/wp\/v2\/types\/page"}],"author":[{"embeddable":true,"href":"https:\/\/serveiseducatius.xtec.cat\/gracia\/wp-json\/wp\/v2\/users\/5"}],"replies":[{"embeddable":true,"href":"https:\/\/serveiseducatius.xtec.cat\/gracia\/wp-json\/wp\/v2\/comments?post=8444"}],"version-history":[{"count":3,"href":"https:\/\/serveiseducatius.xtec.cat\/gracia\/wp-json\/wp\/v2\/pages\/8444\/revisions"}],"predecessor-version":[{"id":8513,"href":"https:\/\/serveiseducatius.xtec.cat\/gracia\/wp-json\/wp\/v2\/pages\/8444\/revisions\/8513"}],"wp:attachment":[{"href":"https:\/\/serveiseducatius.xtec.cat\/gracia\/wp-json\/wp\/v2\/media?parent=8444"}],"curies":[{"name":"wp","href":"https:\/\/api.w.org\/{rel}","templated":true}]}}