{"id":608,"date":"2015-11-27T10:04:51","date_gmt":"2015-11-27T09:04:51","guid":{"rendered":"http:\/\/serveiseducatius.xtec.cat\/gracia\/?page_id=608"},"modified":"2025-09-05T13:42:53","modified_gmt":"2025-09-05T11:42:53","slug":"horari-i-calendari","status":"publish","type":"page","link":"https:\/\/serveiseducatius.xtec.cat\/gracia\/el-servei-educatiu\/horari-i-calendari\/","title":{"rendered":"Horari i calendari"},"content":{"rendered":"<p><b>Horari:<\/b><\/p>\n<ul>\n<li>Dilluns a divendres mat\u00ed, 9h a 14h<\/li>\n<li>Dilluns a dijous tarda, 15h a 18h<\/li>\n<\/ul>\n<div><b>Horari intensiu de 9h a 14h:<\/b><\/div>\n<div><\/div>\n<ul>\n<li>De l&#8217;1 de setembre fins al 5 de setembre<\/li>\n<li>Del 8 de juny fins al 15 de juliol<\/li>\n<\/ul>\n<p>El nostre servei educatiu romandr\u00e0 tancat al p\u00fablic, a part dels per\u00edodes de<strong> vacances escolars<\/strong> i dels dies de festes laborals oficials a Catalunya, els seg\u00fcents <strong>dies de festa local<\/strong> i de <strong>lliure disposici\u00f3<\/strong>, acordats pel Consell Escolar Municipal de Barcelona:<\/p>\n<ul>\n<li>10 d&#8217;octubre de 2025 (festa de lliure disposici\u00f3)<\/li>\n<li>3 de novembre de 2025 (festa de lliure disposici\u00f3)<\/li>\n<li>16 de febrer de 2026 (festa de lliure disposici\u00f3)<\/li>\n<li>22 de maig de 2025 (festa de lliure disposici\u00f3)<\/li>\n<\/ul>\n<ul>\n<li><strong>Vacances de Nadal:\u00a0<\/strong>Del 20\/12\/2025 al 7\/01\/2026 (ambd\u00f3s inclosos)<\/li>\n<li><strong>Vacances de Setmana Santa:\u00a0<\/strong>Del\u00a0 28\/03\/2026 al 06\/04\/2026 (ambd\u00f3s inclosos)<\/li>\n<li><strong>Vacances d\u2019estiu:\u00a0<\/strong>Del 15 de Juliol de 2026 fins el 31\/08\/2026<\/li>\n<\/ul>\n","protected":false},"excerpt":{"rendered":"<p>Horari: Dilluns a divendres mat\u00ed, 9h a 14h Dilluns a dijous tarda, 15h a 18h Horari intensiu de 9h a 14h: De l&#8217;1 de setembre fins al 5 de setembre Del 8 de juny fins al 15 de juliol El nostre servei educatiu romandr\u00e0 tancat al p\u00fablic, a part dels per\u00edodes de vacances escolars i [&hellip;]<\/p>\n","protected":false},"author":1,"featured_media":0,"parent":806,"menu_order":30,"comment_status":"closed","ping_status":"closed","template":"page-templates\/side-menu.php","meta":{"_bbp_topic_count":0,"_bbp_reply_count":0,"_bbp_total_topic_count":0,"_bbp_total_reply_count":0,"_bbp_voice_count":0,"_bbp_anonymous_reply_count":0,"_bbp_topic_count_hidden":0,"_bbp_reply_count_hidden":0,"_bbp_forum_subforum_count":0,"site-sidebar-layout":"default","site-content-layout":"","ast-site-content-layout":"","site-content-style":"default","site-sidebar-style":"default","ast-global-header-display":"","ast-banner-title-visibility":"","ast-main-header-display":"","ast-hfb-above-header-display":"","ast-hfb-below-header-display":"","ast-hfb-mobile-header-display":"","site-post-title":"","ast-breadcrumbs-content":"","ast-featured-img":"","footer-sml-layout":"","theme-transparent-header-meta":"","adv-header-id-meta":"","stick-header-meta":"","header-above-stick-meta":"","header-main-stick-meta":"","header-below-stick-meta":"","astra-migrate-meta-layouts":"default","ast-page-background-enabled":"default","ast-page-background-meta":{"desktop":{"background-color":"var(--ast-global-color-4)","background-image":"","background-repeat":"repeat","background-position":"center center","background-size":"auto","background-attachment":"scroll","background-type":"","background-media":"","overlay-type":"","overlay-color":"","overlay-opacity":"","overlay-gradient":""},"tablet":{"background-color":"","background-image":"","background-repeat":"repeat","background-position":"center center","background-size":"auto","background-attachment":"scroll","background-type":"","background-media":"","overlay-type":"","overlay-color":"","overlay-opacity":"","overlay-gradient":""},"mobile":{"background-color":"","background-image":"","background-repeat":"repeat","background-position":"center center","background-size":"auto","background-attachment":"scroll","background-type":"","background-media":"","overlay-type":"","overlay-color":"","overlay-opacity":"","overlay-gradient":""}},"ast-content-background-meta":{"desktop":{"background-color":"var(--ast-global-color-5)","background-image":"","background-repeat":"repeat","background-position":"center center","background-size":"auto","background-attachment":"scroll","background-type":"","background-media":"","overlay-type":"","overlay-color":"","overlay-opacity":"","overlay-gradient":""},"tablet":{"background-color":"var(--ast-global-color-5)","background-image":"","background-repeat":"repeat","background-position":"center center","background-size":"auto","background-attachment":"scroll","background-type":"","background-media":"","overlay-type":"","overlay-color":"","overlay-opacity":"","overlay-gradient":""},"mobile":{"background-color":"var(--ast-global-color-5)","background-image":"","background-repeat":"repeat","background-position":"center center","background-size":"auto","background-attachment":"scroll","background-type":"","background-media":"","overlay-type":"","overlay-color":"","overlay-opacity":"","overlay-gradient":""}},"footnotes":""},"class_list":["post-608","page","type-page","status-publish","hentry"],"post_mailing_queue_ids":[],"_links":{"self":[{"href":"https:\/\/serveiseducatius.xtec.cat\/gracia\/wp-json\/wp\/v2\/pages\/608","targetHints":{"allow":["GET"]}}],"collection":[{"href":"https:\/\/serveiseducatius.xtec.cat\/gracia\/wp-json\/wp\/v2\/pages"}],"about":[{"href":"https:\/\/serveiseducatius.xtec.cat\/gracia\/wp-json\/wp\/v2\/types\/page"}],"author":[{"embeddable":true,"href":"https:\/\/serveiseducatius.xtec.cat\/gracia\/wp-json\/wp\/v2\/users\/1"}],"replies":[{"embeddable":true,"href":"https:\/\/serveiseducatius.xtec.cat\/gracia\/wp-json\/wp\/v2\/comments?post=608"}],"version-history":[{"count":6,"href":"https:\/\/serveiseducatius.xtec.cat\/gracia\/wp-json\/wp\/v2\/pages\/608\/revisions"}],"predecessor-version":[{"id":11395,"href":"https:\/\/serveiseducatius.xtec.cat\/gracia\/wp-json\/wp\/v2\/pages\/608\/revisions\/11395"}],"up":[{"embeddable":true,"href":"https:\/\/serveiseducatius.xtec.cat\/gracia\/wp-json\/wp\/v2\/pages\/806"}],"wp:attachment":[{"href":"https:\/\/serveiseducatius.xtec.cat\/gracia\/wp-json\/wp\/v2\/media?parent=608"}],"curies":[{"name":"wp","href":"https:\/\/api.w.org\/{rel}","templated":true}]}}