{"id":377,"date":"2015-11-25T14:17:51","date_gmt":"2015-11-25T13:17:51","guid":{"rendered":"http:\/\/serveiseducatius.xtec.cat\/gracia\/?page_id=377"},"modified":"2018-12-19T10:15:17","modified_gmt":"2018-12-19T09:15:17","slug":"escoles-bressol","status":"publish","type":"page","link":"https:\/\/serveiseducatius.xtec.cat\/gracia\/comunitat\/centres-educatius\/escoles-bressol\/","title":{"rendered":"Escoles bressol"},"content":{"rendered":"<p><a href=\"https:\/\/serveiseducatius.xtec.cat\/gracia\/wp-content\/uploads\/usu1170\/2018\/12\/mapa_bresso_text.png\"><img loading=\"lazy\" decoding=\"async\" class=\"alignnone wp-image-8410 size-full\" src=\"https:\/\/serveiseducatius.xtec.cat\/gracia\/wp-content\/uploads\/usu1170\/2018\/12\/mapa_bresso_text.png\" alt=\"\" width=\"846\" height=\"746\" srcset=\"https:\/\/serveiseducatius.xtec.cat\/gracia\/wp-content\/uploads\/usu1170\/2018\/12\/mapa_bresso_text.png 846w, https:\/\/serveiseducatius.xtec.cat\/gracia\/wp-content\/uploads\/usu1170\/2018\/12\/mapa_bresso_text-300x265.png 300w, https:\/\/serveiseducatius.xtec.cat\/gracia\/wp-content\/uploads\/usu1170\/2018\/12\/mapa_bresso_text-768x677.png 768w\" sizes=\"auto, (max-width: 846px) 100vw, 846px\" \/><\/a><\/p>\n<p><strong>Escola Bressol Caspolino<br \/>\n<\/strong>Carrer de Nept\u00fa, 12<br \/>\nTel. 936242796<br \/>\nCorreu electr\u00f2nic: ebmcaspolino@bcn.cat<br \/>\nWeb: <a href=\"http:\/\/ajuntament.barcelona.cat\/escolesbressol\/ebmcaspolino\">http:\/\/web-del-centre<\/a><\/p>\n<p style=\"text-align: justify;\"><strong>Escola Bressol Enxaneta<br \/>\n<\/strong>Carrer de Ja\u00e9n, 22<br \/>\nTel. 932178684<br \/>\nCorreu electr\u00f2nic: ebmenxaneta@bcn.cat<br \/>\nWeb: <a href=\"http:\/\/ajuntament.barcelona.cat\/escolesbressol\/ebmenxaneta\">http:\/\/web-del-centre<\/a><\/p>\n<p style=\"text-align: justify;\"><strong>Escola Bressol Galatea<br \/>\n<\/strong>Avinguda de Vallcarca, 229<br \/>\nTel. 934189436<br \/>\nCorreu electr\u00f2nic: ebmgalatea@bcn.cat<br \/>\nWeb: <a href=\"http:\/\/ajuntament.barcelona.cat\/escolesbressol\/ebmgalatea\">http:\/\/web-del-centre<\/a><\/p>\n<p><strong>Escola Bressol Gat negre<br \/>\n<\/strong>Cam\u00ed de Can M\u00f3ra, 13<br \/>\nTel. 932856679<br \/>\nCorreu electr\u00f2nic: ebmelgatnegre@bcn.cat<br \/>\nWeb: <a href=\"http:\/\/ajuntament.barcelona.cat\/escolesbressol\/ebmelgatnegre\">http:\/\/web-del-centre<\/a><\/p>\n<p><strong>Escola Bressol Gr\u00e0cia<br \/>\n<\/strong>Carrer de Maignon, 2<br \/>\nTel. 932171833<br \/>\nCorreu electr\u00f2nic: ebmgracia@bcn.cat<br \/>\nWeb: <a href=\"http:\/\/ajuntament.barcelona.cat\/escolesbressol\/ebmgracia\">http:\/\/web-del-centre<\/a><\/p>\n<p><strong>Escola Bressol La Fontana<br \/>\n<\/strong>Carrer Gran de Gr\u00e0cia, 123<br \/>\nTel. 932186456<br \/>\nCorreu electr\u00f2nic: ebmlafontana<span class=\"\">@bcn<\/span>.cat<br \/>\nWeb:\u00a0<a href=\"http:\/\/ajuntament.barcelona.cat\/escolesbressol\/ebmlafontana\">http:\/\/web-del-centre<\/a><\/p>\n<p><strong>Escola Bressol\u00a0Petit Univers<\/strong><strong><br \/>\n<\/strong>Carrer de Quevedo, 14<br \/>\nTel. 937687784<br \/>\nCorreu electr\u00f2nic: ebmpetitunivers@bcn.cat<br \/>\nWeb:\u00a0<a href=\"http:\/\/ajuntament.barcelona.cat\/escolesbressol\/ebmpetitunivers\">http:\/\/web-del-centre<\/a><\/p>\n<p><strong>Escola Bressol Sant Medir<br \/>\n<\/strong>Carrer de Santa Rosa, 7<br \/>\nTel. 933689784<br \/>\nCorreu electr\u00f2nic: ebmsantmedir@bcn.cat<br \/>\nWeb:\u00a0<a href=\"http:\/\/ajuntament.barcelona.cat\/escolesbressol\/ebmsantmedir\">http:\/\/web-del-centre<\/a><\/p>\n<p><strong>Escola Bressol Trencadis<br \/>\n<\/strong>Travessera de Dalt, 98<br \/>\nTel. 934619430<br \/>\nCorreu electr\u00f2nic: ebmtrencadis@bcn.cat<br \/>\nWeb:\u00a0<a href=\"http:\/\/ajuntament.barcelona.cat\/escolesbressol\/ebmtrencadis\">http:\/\/web-del-centre<\/a><\/p>\n<p>&nbsp;<\/p>\n","protected":false},"excerpt":{"rendered":"<p>Escola Bressol Caspolino Carrer de Nept\u00fa, 12 Tel. 936242796 Correu electr\u00f2nic: ebmcaspolino@bcn.cat Web: http:\/\/web-del-centre Escola Bressol Enxaneta Carrer de Ja\u00e9n, 22 Tel. 932178684 Correu electr\u00f2nic: ebmenxaneta@bcn.cat Web: http:\/\/web-del-centre Escola Bressol Galatea Avinguda de Vallcarca, 229 Tel. 934189436 Correu electr\u00f2nic: ebmgalatea@bcn.cat Web: http:\/\/web-del-centre Escola Bressol Gat negre Cam\u00ed de Can M\u00f3ra, 13 Tel. 932856679 Correu electr\u00f2nic: [&hellip;]<\/p>\n","protected":false},"author":1,"featured_media":0,"parent":338,"menu_order":10,"comment_status":"closed","ping_status":"closed","template":"page-templates\/side-menu.php","meta":{"_bbp_topic_count":0,"_bbp_reply_count":0,"_bbp_total_topic_count":0,"_bbp_total_reply_count":0,"_bbp_voice_count":0,"_bbp_anonymous_reply_count":0,"_bbp_topic_count_hidden":0,"_bbp_reply_count_hidden":0,"_bbp_forum_subforum_count":0,"site-sidebar-layout":"default","site-content-layout":"","ast-site-content-layout":"","site-content-style":"default","site-sidebar-style":"default","ast-global-header-display":"","ast-banner-title-visibility":"","ast-main-header-display":"","ast-hfb-above-header-display":"","ast-hfb-below-header-display":"","ast-hfb-mobile-header-display":"","site-post-title":"","ast-breadcrumbs-content":"","ast-featured-img":"","footer-sml-layout":"","theme-transparent-header-meta":"","adv-header-id-meta":"","stick-header-meta":"","header-above-stick-meta":"","header-main-stick-meta":"","header-below-stick-meta":"","astra-migrate-meta-layouts":"default","ast-page-background-enabled":"default","ast-page-background-meta":{"desktop":{"background-color":"var(--ast-global-color-4)","background-image":"","background-repeat":"repeat","background-position":"center center","background-size":"auto","background-attachment":"scroll","background-type":"","background-media":"","overlay-type":"","overlay-color":"","overlay-opacity":"","overlay-gradient":""},"tablet":{"background-color":"","background-image":"","background-repeat":"repeat","background-position":"center center","background-size":"auto","background-attachment":"scroll","background-type":"","background-media":"","overlay-type":"","overlay-color":"","overlay-opacity":"","overlay-gradient":""},"mobile":{"background-color":"","background-image":"","background-repeat":"repeat","background-position":"center center","background-size":"auto","background-attachment":"scroll","background-type":"","background-media":"","overlay-type":"","overlay-color":"","overlay-opacity":"","overlay-gradient":""}},"ast-content-background-meta":{"desktop":{"background-color":"var(--ast-global-color-5)","background-image":"","background-repeat":"repeat","background-position":"center center","background-size":"auto","background-attachment":"scroll","background-type":"","background-media":"","overlay-type":"","overlay-color":"","overlay-opacity":"","overlay-gradient":""},"tablet":{"background-color":"var(--ast-global-color-5)","background-image":"","background-repeat":"repeat","background-position":"center center","background-size":"auto","background-attachment":"scroll","background-type":"","background-media":"","overlay-type":"","overlay-color":"","overlay-opacity":"","overlay-gradient":""},"mobile":{"background-color":"var(--ast-global-color-5)","background-image":"","background-repeat":"repeat","background-position":"center center","background-size":"auto","background-attachment":"scroll","background-type":"","background-media":"","overlay-type":"","overlay-color":"","overlay-opacity":"","overlay-gradient":""}},"footnotes":""},"class_list":["post-377","page","type-page","status-publish","hentry"],"post_mailing_queue_ids":[],"_links":{"self":[{"href":"https:\/\/serveiseducatius.xtec.cat\/gracia\/wp-json\/wp\/v2\/pages\/377","targetHints":{"allow":["GET"]}}],"collection":[{"href":"https:\/\/serveiseducatius.xtec.cat\/gracia\/wp-json\/wp\/v2\/pages"}],"about":[{"href":"https:\/\/serveiseducatius.xtec.cat\/gracia\/wp-json\/wp\/v2\/types\/page"}],"author":[{"embeddable":true,"href":"https:\/\/serveiseducatius.xtec.cat\/gracia\/wp-json\/wp\/v2\/users\/1"}],"replies":[{"embeddable":true,"href":"https:\/\/serveiseducatius.xtec.cat\/gracia\/wp-json\/wp\/v2\/comments?post=377"}],"version-history":[{"count":4,"href":"https:\/\/serveiseducatius.xtec.cat\/gracia\/wp-json\/wp\/v2\/pages\/377\/revisions"}],"predecessor-version":[{"id":8411,"href":"https:\/\/serveiseducatius.xtec.cat\/gracia\/wp-json\/wp\/v2\/pages\/377\/revisions\/8411"}],"up":[{"embeddable":true,"href":"https:\/\/serveiseducatius.xtec.cat\/gracia\/wp-json\/wp\/v2\/pages\/338"}],"wp:attachment":[{"href":"https:\/\/serveiseducatius.xtec.cat\/gracia\/wp-json\/wp\/v2\/media?parent=377"}],"curies":[{"name":"wp","href":"https:\/\/api.w.org\/{rel}","templated":true}]}}