{"id":306,"date":"2015-11-24T18:02:44","date_gmt":"2015-11-24T17:02:44","guid":{"rendered":"http:\/\/serveiseducatius.xtec.cat\/gracia\/?page_id=306"},"modified":"2024-09-26T13:31:24","modified_gmt":"2024-09-26T11:31:24","slug":"equip","status":"publish","type":"page","link":"https:\/\/serveiseducatius.xtec.cat\/gracia\/el-servei-educatiu\/equip\/","title":{"rendered":"Equip SEI"},"content":{"rendered":"<div class=\"entry-content\"><img loading=\"lazy\" decoding=\"async\" class=\"wp-image-10903 aligncenter\" src=\"https:\/\/serveiseducatius.xtec.cat\/gracia\/wp-content\/uploads\/usu1170\/2024\/09\/Presentacion-proyecto-de-negocio-formas-organicas-profesional-azul-y-beis-1-1024x576.png\" alt=\"\" width=\"779\" height=\"438\" srcset=\"https:\/\/serveiseducatius.xtec.cat\/gracia\/wp-content\/uploads\/usu1170\/2024\/09\/Presentacion-proyecto-de-negocio-formas-organicas-profesional-azul-y-beis-1-1024x576.png 1024w, https:\/\/serveiseducatius.xtec.cat\/gracia\/wp-content\/uploads\/usu1170\/2024\/09\/Presentacion-proyecto-de-negocio-formas-organicas-profesional-azul-y-beis-1-300x169.png 300w, https:\/\/serveiseducatius.xtec.cat\/gracia\/wp-content\/uploads\/usu1170\/2024\/09\/Presentacion-proyecto-de-negocio-formas-organicas-profesional-azul-y-beis-1-768x432.png 768w, https:\/\/serveiseducatius.xtec.cat\/gracia\/wp-content\/uploads\/usu1170\/2024\/09\/Presentacion-proyecto-de-negocio-formas-organicas-profesional-azul-y-beis-1-1536x864.png 1536w, https:\/\/serveiseducatius.xtec.cat\/gracia\/wp-content\/uploads\/usu1170\/2024\/09\/Presentacion-proyecto-de-negocio-formas-organicas-profesional-azul-y-beis-1.png 1920w\" sizes=\"auto, (max-width: 779px) 100vw, 779px\" \/><\/div>\n<div class=\"entry-content\">\n<p>&nbsp;<\/p>\n<p style=\"text-align: left;\"><span style=\"font-family: inherit; font-size: 1em;\">Com a Servei Educatiu Integrat som un <\/span><strong style=\"font-family: inherit; font-size: 1em;\">equip de professionals<\/strong><span style=\"font-family: inherit; font-size: 1em;\"> amb un <\/span><strong style=\"font-family: inherit; font-size: 1em;\">horitz\u00f3 com\u00fa<\/strong><span style=\"font-family: inherit; font-size: 1em;\">. Treballem de manera <\/span><strong style=\"font-family: inherit; font-size: 1em;\">coordinada i integrada<\/strong><span style=\"font-family: inherit; font-size: 1em;\">, desenvolupant diferents tasques que <\/span><strong style=\"font-family: inherit; font-size: 1em;\">es complementen i es necessiten<\/strong><span style=\"font-family: inherit; font-size: 1em;\"> m\u00fatuament.<\/span><\/p>\n<p>El nostre horitz\u00f3 com\u00fa \u00e9s <strong>l\u2019\u00e8xit educatiu<\/strong> de l\u2019alumnat del nostre territori i per aconseguir-ho ens proposem acompanyar els centres i donar-los suport en la <strong>transformaci\u00f3 educativa<\/strong>, que garanteixi <strong>l\u2019equival\u00e8ncia<\/strong> entre centres capacitant-los per a bona atenci\u00f3 de la <strong>diversitat<\/strong> de l\u2019alumnat.<\/p>\n<p>Com a <strong>agents dinamitzadors al territori<\/strong>, pretenem aconseguir la necess\u00e0ria <strong>complicitat<\/strong> amb els <strong>centres educatius<\/strong> a fi de poder-hi <strong>cooperar<\/strong> de manera eficient i des d\u2019una estructura horitzontal i democr\u00e0tica, planificant conjuntament els objectius de centre i el proc\u00e9s d\u2019actuacions conjuntes des del centre i dels diferents <strong>perfils professionals<\/strong> que tenim al nostre SEI.<\/p>\n<p>Per poder garantir una bona <strong>cohesi\u00f3 <\/strong>d\u2019equip i un funcionament integrat des dels diversos professionals ens caldr\u00e0 desenvolupar unes din\u00e0miques de <strong>lideratge distribu\u00eft<\/strong> que ens permeti aprofundir en el coneixement dels diversos perfils integrats en el SEI i la manera com podem cooperar entre nosaltres, i amb els centres i la <strong>xarxa de serveis i entitats del territori<\/strong>.<\/p>\n<p>&nbsp;<\/p>\n<\/div>\n<div><\/div>\n<p>&nbsp;<\/p>\n<p>&nbsp;<\/p>\n<p>&nbsp;<\/p>\n<p>&nbsp;<\/p>\n<p>&nbsp;<\/p>\n<p>&nbsp;<\/p>\n<p>&nbsp;<\/p>\n<p>&nbsp;<\/p>\n<p>&nbsp;<\/p>\n<p>&nbsp;<\/p>\n<p>&nbsp;<\/p>\n<p>&nbsp;<\/p>\n","protected":false},"excerpt":{"rendered":"<p>&nbsp; Com a Servei Educatiu Integrat som un equip de professionals amb un horitz\u00f3 com\u00fa. Treballem de manera coordinada i integrada, desenvolupant diferents tasques que es complementen i es necessiten m\u00fatuament. El nostre horitz\u00f3 com\u00fa \u00e9s l\u2019\u00e8xit educatiu de l\u2019alumnat del nostre territori i per aconseguir-ho ens proposem acompanyar els centres i donar-los suport en [&hellip;]<\/p>\n","protected":false},"author":1,"featured_media":0,"parent":806,"menu_order":20,"comment_status":"closed","ping_status":"closed","template":"page-templates\/side-menu.php","meta":{"_bbp_topic_count":0,"_bbp_reply_count":0,"_bbp_total_topic_count":0,"_bbp_total_reply_count":0,"_bbp_voice_count":0,"_bbp_anonymous_reply_count":0,"_bbp_topic_count_hidden":0,"_bbp_reply_count_hidden":0,"_bbp_forum_subforum_count":0,"site-sidebar-layout":"default","site-content-layout":"","ast-site-content-layout":"","site-content-style":"default","site-sidebar-style":"default","ast-global-header-display":"","ast-banner-title-visibility":"","ast-main-header-display":"","ast-hfb-above-header-display":"","ast-hfb-below-header-display":"","ast-hfb-mobile-header-display":"","site-post-title":"","ast-breadcrumbs-content":"","ast-featured-img":"","footer-sml-layout":"","theme-transparent-header-meta":"","adv-header-id-meta":"","stick-header-meta":"","header-above-stick-meta":"","header-main-stick-meta":"","header-below-stick-meta":"","astra-migrate-meta-layouts":"default","ast-page-background-enabled":"default","ast-page-background-meta":{"desktop":{"background-color":"var(--ast-global-color-4)","background-image":"","background-repeat":"repeat","background-position":"center center","background-size":"auto","background-attachment":"scroll","background-type":"","background-media":"","overlay-type":"","overlay-color":"","overlay-opacity":"","overlay-gradient":""},"tablet":{"background-color":"","background-image":"","background-repeat":"repeat","background-position":"center center","background-size":"auto","background-attachment":"scroll","background-type":"","background-media":"","overlay-type":"","overlay-color":"","overlay-opacity":"","overlay-gradient":""},"mobile":{"background-color":"","background-image":"","background-repeat":"repeat","background-position":"center center","background-size":"auto","background-attachment":"scroll","background-type":"","background-media":"","overlay-type":"","overlay-color":"","overlay-opacity":"","overlay-gradient":""}},"ast-content-background-meta":{"desktop":{"background-color":"var(--ast-global-color-5)","background-image":"","background-repeat":"repeat","background-position":"center center","background-size":"auto","background-attachment":"scroll","background-type":"","background-media":"","overlay-type":"","overlay-color":"","overlay-opacity":"","overlay-gradient":""},"tablet":{"background-color":"var(--ast-global-color-5)","background-image":"","background-repeat":"repeat","background-position":"center center","background-size":"auto","background-attachment":"scroll","background-type":"","background-media":"","overlay-type":"","overlay-color":"","overlay-opacity":"","overlay-gradient":""},"mobile":{"background-color":"var(--ast-global-color-5)","background-image":"","background-repeat":"repeat","background-position":"center center","background-size":"auto","background-attachment":"scroll","background-type":"","background-media":"","overlay-type":"","overlay-color":"","overlay-opacity":"","overlay-gradient":""}},"footnotes":""},"class_list":["post-306","page","type-page","status-publish","hentry"],"post_mailing_queue_ids":[],"_links":{"self":[{"href":"https:\/\/serveiseducatius.xtec.cat\/gracia\/wp-json\/wp\/v2\/pages\/306","targetHints":{"allow":["GET"]}}],"collection":[{"href":"https:\/\/serveiseducatius.xtec.cat\/gracia\/wp-json\/wp\/v2\/pages"}],"about":[{"href":"https:\/\/serveiseducatius.xtec.cat\/gracia\/wp-json\/wp\/v2\/types\/page"}],"author":[{"embeddable":true,"href":"https:\/\/serveiseducatius.xtec.cat\/gracia\/wp-json\/wp\/v2\/users\/1"}],"replies":[{"embeddable":true,"href":"https:\/\/serveiseducatius.xtec.cat\/gracia\/wp-json\/wp\/v2\/comments?post=306"}],"version-history":[{"count":6,"href":"https:\/\/serveiseducatius.xtec.cat\/gracia\/wp-json\/wp\/v2\/pages\/306\/revisions"}],"predecessor-version":[{"id":10901,"href":"https:\/\/serveiseducatius.xtec.cat\/gracia\/wp-json\/wp\/v2\/pages\/306\/revisions\/10901"}],"up":[{"embeddable":true,"href":"https:\/\/serveiseducatius.xtec.cat\/gracia\/wp-json\/wp\/v2\/pages\/806"}],"wp:attachment":[{"href":"https:\/\/serveiseducatius.xtec.cat\/gracia\/wp-json\/wp\/v2\/media?parent=306"}],"curies":[{"name":"wp","href":"https:\/\/api.w.org\/{rel}","templated":true}]}}