{"id":11090,"date":"2024-11-12T12:31:08","date_gmt":"2024-11-12T11:31:08","guid":{"rendered":"https:\/\/serveiseducatius.xtec.cat\/gracia\/?page_id=11090"},"modified":"2024-12-17T12:50:18","modified_gmt":"2024-12-17T11:50:18","slug":"ens-cuidem","status":"publish","type":"page","link":"https:\/\/serveiseducatius.xtec.cat\/gracia\/ens-cuidem\/","title":{"rendered":"Ens cuidem. Laboratori de lectura sobre benestar i salut"},"content":{"rendered":"<p><a href=\"https:\/\/drive.google.com\/file\/d\/1zPe0Md9YvBsfKUW7NZ5GjyX5KcAGzeSp\/view\" target=\"_blank\" rel=\"noopener\"><img loading=\"lazy\" decoding=\"async\" class=\"wp-image-11095 aligncenter\" src=\"https:\/\/serveiseducatius.xtec.cat\/gracia\/wp-content\/uploads\/usu1170\/2024\/12\/ENS-CUIDEMPORTADA-1024x724.jpg\" alt=\"\" width=\"706\" height=\"499\" srcset=\"https:\/\/serveiseducatius.xtec.cat\/gracia\/wp-content\/uploads\/usu1170\/2024\/12\/ENS-CUIDEMPORTADA-1024x724.jpg 1024w, https:\/\/serveiseducatius.xtec.cat\/gracia\/wp-content\/uploads\/usu1170\/2024\/12\/ENS-CUIDEMPORTADA-300x212.jpg 300w, https:\/\/serveiseducatius.xtec.cat\/gracia\/wp-content\/uploads\/usu1170\/2024\/12\/ENS-CUIDEMPORTADA-768x543.jpg 768w, https:\/\/serveiseducatius.xtec.cat\/gracia\/wp-content\/uploads\/usu1170\/2024\/12\/ENS-CUIDEMPORTADA-1536x1086.jpg 1536w, https:\/\/serveiseducatius.xtec.cat\/gracia\/wp-content\/uploads\/usu1170\/2024\/12\/ENS-CUIDEMPORTADA-2048x1448.jpg 2048w\" sizes=\"auto, (max-width: 706px) 100vw, 706px\" \/><\/a><\/p>\n<p><span style=\"font-weight: 400;\">La conviv\u00e8ncia de qualitat i el benestar emocional s\u00f3n elements imprescindibles per generar bones condicions d&#8217;aprenentatge i per crear relacions socials positives i d&#8217;acceptaci\u00f3 de la diversitat. En aquest sentit, des del Servei Educatiu en col\u00b7laboraci\u00f3 amb el Districte, biblioteques de Gr\u00e0cia i l\u2019entitat MANENO es dissenya una activitat amb l\u2019objectiu\u00a0 que generi expectatives d&#8217;\u00e8xit, especialment en els canvis d&#8217;etapa educativa i prestar especial atenci\u00f3 al canvi de prim\u00e0ria a secund\u00e0ria.<\/span><\/p>\n<p><span style=\"font-weight: 400;\">Aquest laboratori proposa la creaci\u00f3 de diferents espais on literatura, art i joc ens permet promoure h\u00e0bits i estrat\u00e8gies per tenir cura del nostre benestar emocional. Es presenten diferents espais amb llibres i propostes que afavoreixin la participaci\u00f3 lliure de l\u2019alumnat. Gr\u00e0cies a una acurada tria d\u2019\u00e0lbums l\u2019alumnat podr\u00e0\u00a0 llegir, pensar, parlar, crear i jugar al seu ritme. Una oportunitat per connectar-se i acompanyar-se en edats properes.<\/span><\/p>\n<p><span style=\"font-weight: 400;\">Adre\u00e7at a: l&#8217;alumnat de 6\u00e8 i 1r d\u2019ESO.<\/span><\/p>\n<p data-pm-slice=\"1 1 []\">Per obtenir m\u00e9s informaci\u00f3, fes clic a la imatge<\/p>\n","protected":false},"excerpt":{"rendered":"<p>La conviv\u00e8ncia de qualitat i el benestar emocional s\u00f3n elements imprescindibles per generar bones condicions d&#8217;aprenentatge i per crear relacions socials positives i d&#8217;acceptaci\u00f3 de la diversitat. En aquest sentit, des del Servei Educatiu en col\u00b7laboraci\u00f3 amb el Districte, biblioteques de Gr\u00e0cia i l\u2019entitat MANENO es dissenya una activitat amb l\u2019objectiu\u00a0 que generi expectatives d&#8217;\u00e8xit, [&hellip;]<\/p>\n","protected":false},"author":5,"featured_media":0,"parent":0,"menu_order":0,"comment_status":"closed","ping_status":"closed","template":"","meta":{"_bbp_topic_count":0,"_bbp_reply_count":0,"_bbp_total_topic_count":0,"_bbp_total_reply_count":0,"_bbp_voice_count":0,"_bbp_anonymous_reply_count":0,"_bbp_topic_count_hidden":0,"_bbp_reply_count_hidden":0,"_bbp_forum_subforum_count":0,"site-sidebar-layout":"default","site-content-layout":"","ast-site-content-layout":"","site-content-style":"default","site-sidebar-style":"default","ast-global-header-display":"","ast-banner-title-visibility":"","ast-main-header-display":"","ast-hfb-above-header-display":"","ast-hfb-below-header-display":"","ast-hfb-mobile-header-display":"","site-post-title":"","ast-breadcrumbs-content":"","ast-featured-img":"","footer-sml-layout":"","theme-transparent-header-meta":"","adv-header-id-meta":"","stick-header-meta":"","header-above-stick-meta":"","header-main-stick-meta":"","header-below-stick-meta":"","astra-migrate-meta-layouts":"default","ast-page-background-enabled":"default","ast-page-background-meta":{"desktop":{"background-color":"var(--ast-global-color-4)","background-image":"","background-repeat":"repeat","background-position":"center center","background-size":"auto","background-attachment":"scroll","background-type":"","background-media":"","overlay-type":"","overlay-color":"","overlay-opacity":"","overlay-gradient":""},"tablet":{"background-color":"","background-image":"","background-repeat":"repeat","background-position":"center center","background-size":"auto","background-attachment":"scroll","background-type":"","background-media":"","overlay-type":"","overlay-color":"","overlay-opacity":"","overlay-gradient":""},"mobile":{"background-color":"","background-image":"","background-repeat":"repeat","background-position":"center center","background-size":"auto","background-attachment":"scroll","background-type":"","background-media":"","overlay-type":"","overlay-color":"","overlay-opacity":"","overlay-gradient":""}},"ast-content-background-meta":{"desktop":{"background-color":"var(--ast-global-color-5)","background-image":"","background-repeat":"repeat","background-position":"center center","background-size":"auto","background-attachment":"scroll","background-type":"","background-media":"","overlay-type":"","overlay-color":"","overlay-opacity":"","overlay-gradient":""},"tablet":{"background-color":"var(--ast-global-color-5)","background-image":"","background-repeat":"repeat","background-position":"center center","background-size":"auto","background-attachment":"scroll","background-type":"","background-media":"","overlay-type":"","overlay-color":"","overlay-opacity":"","overlay-gradient":""},"mobile":{"background-color":"var(--ast-global-color-5)","background-image":"","background-repeat":"repeat","background-position":"center center","background-size":"auto","background-attachment":"scroll","background-type":"","background-media":"","overlay-type":"","overlay-color":"","overlay-opacity":"","overlay-gradient":""}},"footnotes":""},"class_list":["post-11090","page","type-page","status-publish","hentry"],"post_mailing_queue_ids":[],"_links":{"self":[{"href":"https:\/\/serveiseducatius.xtec.cat\/gracia\/wp-json\/wp\/v2\/pages\/11090","targetHints":{"allow":["GET"]}}],"collection":[{"href":"https:\/\/serveiseducatius.xtec.cat\/gracia\/wp-json\/wp\/v2\/pages"}],"about":[{"href":"https:\/\/serveiseducatius.xtec.cat\/gracia\/wp-json\/wp\/v2\/types\/page"}],"author":[{"embeddable":true,"href":"https:\/\/serveiseducatius.xtec.cat\/gracia\/wp-json\/wp\/v2\/users\/5"}],"replies":[{"embeddable":true,"href":"https:\/\/serveiseducatius.xtec.cat\/gracia\/wp-json\/wp\/v2\/comments?post=11090"}],"version-history":[{"count":3,"href":"https:\/\/serveiseducatius.xtec.cat\/gracia\/wp-json\/wp\/v2\/pages\/11090\/revisions"}],"predecessor-version":[{"id":11097,"href":"https:\/\/serveiseducatius.xtec.cat\/gracia\/wp-json\/wp\/v2\/pages\/11090\/revisions\/11097"}],"wp:attachment":[{"href":"https:\/\/serveiseducatius.xtec.cat\/gracia\/wp-json\/wp\/v2\/media?parent=11090"}],"curies":[{"name":"wp","href":"https:\/\/api.w.org\/{rel}","templated":true}]}}