{"id":10115,"date":"2023-02-13T15:22:44","date_gmt":"2023-02-13T14:22:44","guid":{"rendered":"https:\/\/serveiseducatius.xtec.cat\/gracia\/?page_id=10115"},"modified":"2024-09-03T13:42:29","modified_gmt":"2024-09-03T11:42:29","slug":"capsules-audiovisuals-park-guell","status":"publish","type":"page","link":"https:\/\/serveiseducatius.xtec.cat\/gracia\/activitats-park-guell-gracia\/capsules-audiovisuals-park-guell\/","title":{"rendered":"C\u00e0psules audiovisuals Park G\u00fcell"},"content":{"rendered":"<p>El MUHBA ha constru\u00eft un nou <span style=\"color: #008080;\"><strong>espai virtual que oferir\u00e0 un ampli ventall de recursos i propostes educatives renovades a partir de fonts prim\u00e0ries de la ciutat de Barcelona<\/strong><\/span>. Aquest projecte ambici\u00f3s compta amb m\u00e9s de 300 peces i documents hist\u00f2rics que permeten als infants, joves i docents apropar-se a les fonts prim\u00e0ries com a eina educativa de manera \u00e0gil. Totes elles ordenades a partir de verbs com urbanitzar, governar, treballar o habitar, entre d\u2019altres. L\u2019aula comptar\u00e0 amb propostes educatives associades a cada verb i \u00e8poca hist\u00f2rica. El Park G\u00fcell, com espai clau de la hist\u00f2ria contempor\u00e0nia de la ciutat de Barcelona, hi estar\u00e0 present a trav\u00e9s de fotografies, documents o els elements arquitect\u00f2nics i patrimonials que m\u00e9s el defineixen, els quals es relacionaran amb alguns dels verbs i les propostes educatives enumerades anteriorment.<\/p>\n<p>Seguidament, us adjuntem les c\u00e0psules en catal\u00e0, castell\u00e0 i angl\u00e8s que relacionen el Park G\u00fcell amb alguns dels verbs i accions clau com Habitar, Proveir i Urbanitzar:<\/p>\n<p><span style=\"color: #008080;\"><strong>C\u00e0psules audiovisuals<\/strong>:<\/span><\/p>\n<p>&#8211; <strong>HABITAR:<\/strong><\/p>\n<ul>\n<li>CAT:<span style=\"color: #008080;\">\u00a0<a id=\"m_-7757122660519509790LPlnk75075\" style=\"color: #008080;\" href=\"https:\/\/www.youtube.com\/watch?v=3F2xjp44570\" target=\"_blank\" rel=\"noopener\" data-saferedirecturl=\"https:\/\/www.google.com\/url?q=https:\/\/www.youtube.com\/watch?v%3D3F2xjp44570&amp;source=gmail&amp;ust=1720173236013000&amp;usg=AOvVaw3wwEpc5ZEvlPZj18nkcUJW\">https:\/\/www.youtube.com\/<wbr \/>watch?v=3F2xjp44570<\/a><\/span><\/li>\n<li>CAST:<span style=\"color: #008080;\">\u00a0<a style=\"color: #008080;\" href=\"https:\/\/www.youtube.com\/watch?v=uKG3eXJKGPc\" target=\"_blank\" rel=\"noopener\" data-saferedirecturl=\"https:\/\/www.google.com\/url?q=https:\/\/www.youtube.com\/watch?v%3DuKG3eXJKGPc&amp;source=gmail&amp;ust=1720173236013000&amp;usg=AOvVaw0aa7V0G2rTxtgEOkwnLHK7\">https:\/\/www.youtube.com\/<wbr \/>watch?v=uKG3eXJKGPc<\/a><\/span><\/li>\n<li>ENG:\u00a0<span style=\"color: #008080;\"><a style=\"color: #008080;\" href=\"https:\/\/www.youtube.com\/watch?v=vXQ4MkrHovU\" target=\"_blank\" rel=\"noopener\" data-saferedirecturl=\"https:\/\/www.google.com\/url?q=https:\/\/www.youtube.com\/watch?v%3DvXQ4MkrHovU&amp;source=gmail&amp;ust=1720173236013000&amp;usg=AOvVaw2te36-Hb2UbpdWoZZaaEel\">https:\/\/www.youtube.com\/<wbr \/>watch?v=vXQ4MkrHovU<\/a><\/span><\/li>\n<\/ul>\n<p>&#8211;<strong> PROVEIR:\u00a0<\/strong><\/p>\n<ul>\n<li>CAT:\u00a0<span style=\"color: #008080;\"><a style=\"color: #008080;\" href=\"https:\/\/www.youtube.com\/watch?v=JvpTt_LSeSY\" target=\"_blank\" rel=\"noopener\" data-saferedirecturl=\"https:\/\/www.google.com\/url?q=https:\/\/www.youtube.com\/watch?v%3DJvpTt_LSeSY&amp;source=gmail&amp;ust=1720173236013000&amp;usg=AOvVaw06U9GnKzgkO-hZvZQLrDJY\">https:\/\/www.youtube.com\/<wbr \/>watch?v=JvpTt_LSeSY<\/a><\/span><\/li>\n<li>CAST:\u00a0<span style=\"color: #008080;\"><a style=\"color: #008080;\" href=\"https:\/\/www.youtube.com\/watch?v=uef15c-6SJU\" target=\"_blank\" rel=\"noopener\" data-saferedirecturl=\"https:\/\/www.google.com\/url?q=https:\/\/www.youtube.com\/watch?v%3Duef15c-6SJU&amp;source=gmail&amp;ust=1720173236013000&amp;usg=AOvVaw2RUwqD_KPY0jRHa6GNUv30\">https:\/\/www.youtube.com\/<wbr \/>watch?v=uef15c-6SJU<\/a><\/span><\/li>\n<li>ENG:<span style=\"color: #008080;\">\u00a0<a style=\"color: #008080;\" href=\"https:\/\/www.youtube.com\/watch?v=z6RtPN2min4\" target=\"_blank\" rel=\"noopener\" data-saferedirecturl=\"https:\/\/www.google.com\/url?q=https:\/\/www.youtube.com\/watch?v%3Dz6RtPN2min4&amp;source=gmail&amp;ust=1720173236013000&amp;usg=AOvVaw3RuqH83zCt9X9NDRn0u4i4\">https:\/\/www.youtube.com\/<wbr \/>watch?v=z6RtPN2min4<\/a><\/span><\/li>\n<\/ul>\n<p>&#8211; <strong>URBANITZAR:<\/strong><\/p>\n<ul>\n<li>CAT:<span style=\"color: #008080;\">\u00a0<a style=\"color: #008080;\" href=\"https:\/\/www.youtube.com\/watch?v=VEPB9fImSAg\" target=\"_blank\" rel=\"noopener\" data-saferedirecturl=\"https:\/\/www.google.com\/url?q=https:\/\/www.youtube.com\/watch?v%3DVEPB9fImSAg&amp;source=gmail&amp;ust=1720173236013000&amp;usg=AOvVaw2sUSlU7XdbKA6ohTRZxPS9\">https:\/\/www.youtube.com\/<wbr \/>watch?v=VEPB9fImSAg<\/a><\/span><\/li>\n<li>CAST:<span style=\"color: #008080;\">\u00a0<a style=\"color: #008080;\" href=\"https:\/\/www.youtube.com\/watch?v=Vdy_wSb-umA\" target=\"_blank\" rel=\"noopener\" data-saferedirecturl=\"https:\/\/www.google.com\/url?q=https:\/\/www.youtube.com\/watch?v%3DVdy_wSb-umA&amp;source=gmail&amp;ust=1720173236013000&amp;usg=AOvVaw3nSL64lNqbYrQO05xsmvFf\">https:\/\/www.youtube.com\/<wbr \/>watch?v=Vdy_wSb-umA<\/a><\/span><\/li>\n<li>ENG:<span style=\"color: #008080;\">\u00a0<a style=\"color: #008080;\" href=\"https:\/\/www.youtube.com\/watch?v=XCCxyCnDJYY\" target=\"_blank\" rel=\"noopener\" data-saferedirecturl=\"https:\/\/www.google.com\/url?q=https:\/\/www.youtube.com\/watch?v%3DXCCxyCnDJYY&amp;source=gmail&amp;ust=1720173236013000&amp;usg=AOvVaw3nxCxN6Xxb6vlUxmHlrgr5\">https:\/\/www.youtube.com\/<wbr \/>watch?v=XCCxyCnDJYY<\/a><\/span><\/li>\n<\/ul>\n","protected":false},"excerpt":{"rendered":"<p>El MUHBA ha constru\u00eft un nou espai virtual que oferir\u00e0 un ampli ventall de recursos i propostes educatives renovades a partir de fonts prim\u00e0ries de la ciutat de Barcelona. Aquest projecte ambici\u00f3s compta amb m\u00e9s de 300 peces i documents hist\u00f2rics que permeten als infants, joves i docents apropar-se a les fonts prim\u00e0ries com a [&hellip;]<\/p>\n","protected":false},"author":5,"featured_media":0,"parent":8542,"menu_order":5,"comment_status":"closed","ping_status":"closed","template":"","meta":{"_bbp_topic_count":0,"_bbp_reply_count":0,"_bbp_total_topic_count":0,"_bbp_total_reply_count":0,"_bbp_voice_count":0,"_bbp_anonymous_reply_count":0,"_bbp_topic_count_hidden":0,"_bbp_reply_count_hidden":0,"_bbp_forum_subforum_count":0,"site-sidebar-layout":"default","site-content-layout":"","ast-site-content-layout":"","site-content-style":"default","site-sidebar-style":"default","ast-global-header-display":"","ast-banner-title-visibility":"","ast-main-header-display":"","ast-hfb-above-header-display":"","ast-hfb-below-header-display":"","ast-hfb-mobile-header-display":"","site-post-title":"","ast-breadcrumbs-content":"","ast-featured-img":"","footer-sml-layout":"","theme-transparent-header-meta":"","adv-header-id-meta":"","stick-header-meta":"","header-above-stick-meta":"","header-main-stick-meta":"","header-below-stick-meta":"","astra-migrate-meta-layouts":"default","ast-page-background-enabled":"default","ast-page-background-meta":{"desktop":{"background-color":"var(--ast-global-color-4)","background-image":"","background-repeat":"repeat","background-position":"center center","background-size":"auto","background-attachment":"scroll","background-type":"","background-media":"","overlay-type":"","overlay-color":"","overlay-opacity":"","overlay-gradient":""},"tablet":{"background-color":"","background-image":"","background-repeat":"repeat","background-position":"center center","background-size":"auto","background-attachment":"scroll","background-type":"","background-media":"","overlay-type":"","overlay-color":"","overlay-opacity":"","overlay-gradient":""},"mobile":{"background-color":"","background-image":"","background-repeat":"repeat","background-position":"center center","background-size":"auto","background-attachment":"scroll","background-type":"","background-media":"","overlay-type":"","overlay-color":"","overlay-opacity":"","overlay-gradient":""}},"ast-content-background-meta":{"desktop":{"background-color":"var(--ast-global-color-5)","background-image":"","background-repeat":"repeat","background-position":"center center","background-size":"auto","background-attachment":"scroll","background-type":"","background-media":"","overlay-type":"","overlay-color":"","overlay-opacity":"","overlay-gradient":""},"tablet":{"background-color":"var(--ast-global-color-5)","background-image":"","background-repeat":"repeat","background-position":"center center","background-size":"auto","background-attachment":"scroll","background-type":"","background-media":"","overlay-type":"","overlay-color":"","overlay-opacity":"","overlay-gradient":""},"mobile":{"background-color":"var(--ast-global-color-5)","background-image":"","background-repeat":"repeat","background-position":"center center","background-size":"auto","background-attachment":"scroll","background-type":"","background-media":"","overlay-type":"","overlay-color":"","overlay-opacity":"","overlay-gradient":""}},"footnotes":""},"class_list":["post-10115","page","type-page","status-publish","hentry"],"post_mailing_queue_ids":[],"_links":{"self":[{"href":"https:\/\/serveiseducatius.xtec.cat\/gracia\/wp-json\/wp\/v2\/pages\/10115","targetHints":{"allow":["GET"]}}],"collection":[{"href":"https:\/\/serveiseducatius.xtec.cat\/gracia\/wp-json\/wp\/v2\/pages"}],"about":[{"href":"https:\/\/serveiseducatius.xtec.cat\/gracia\/wp-json\/wp\/v2\/types\/page"}],"author":[{"embeddable":true,"href":"https:\/\/serveiseducatius.xtec.cat\/gracia\/wp-json\/wp\/v2\/users\/5"}],"replies":[{"embeddable":true,"href":"https:\/\/serveiseducatius.xtec.cat\/gracia\/wp-json\/wp\/v2\/comments?post=10115"}],"version-history":[{"count":5,"href":"https:\/\/serveiseducatius.xtec.cat\/gracia\/wp-json\/wp\/v2\/pages\/10115\/revisions"}],"predecessor-version":[{"id":10869,"href":"https:\/\/serveiseducatius.xtec.cat\/gracia\/wp-json\/wp\/v2\/pages\/10115\/revisions\/10869"}],"up":[{"embeddable":true,"href":"https:\/\/serveiseducatius.xtec.cat\/gracia\/wp-json\/wp\/v2\/pages\/8542"}],"wp:attachment":[{"href":"https:\/\/serveiseducatius.xtec.cat\/gracia\/wp-json\/wp\/v2\/media?parent=10115"}],"curies":[{"name":"wp","href":"https:\/\/api.w.org\/{rel}","templated":true}]}}