{"id":9005,"date":"2019-03-29T12:06:13","date_gmt":"2019-03-29T11:06:13","guid":{"rendered":"http:\/\/serveiseducatius.xtec.cat\/girones\/?page_id=9005"},"modified":"2021-03-03T11:51:35","modified_gmt":"2021-03-03T10:51:35","slug":"xapes-personalitzades","status":"publish","type":"page","link":"https:\/\/serveiseducatius.xtec.cat\/girones\/recursos\/xapes-personalitzades\/","title":{"rendered":"Xapes personalitzades"},"content":{"rendered":"<p>&nbsp;<\/p>\n<h4><img loading=\"lazy\" decoding=\"async\" class=\" wp-image-9007 alignleft\" src=\"https:\/\/serveiseducatius.xtec.cat\/girones\/wp-content\/uploads\/usu1154\/2019\/03\/maquina-chapas-b500.jpg\" alt=\"\" width=\"65\" height=\"84\" \/>M\u00e0quina de fer xapes<\/h4>\n<p>Per fer xapes amb motlles intercanviables model B-500.<br \/>\nFacilita la promoci\u00f3 d&#8217;activitats educatives i pot utilitzar-se per fer jocs did\u00e0ctics.<\/p>\n<h4><img loading=\"lazy\" decoding=\"async\" class=\"wp-image-9008 alignleft\" src=\"https:\/\/serveiseducatius.xtec.cat\/girones\/wp-content\/uploads\/usu1154\/2019\/03\/troqueladora.gif\" alt=\"\" width=\"59\" height=\"74\" \/>Troqueladora<\/h4>\n<p>Retalla la imatge impresa que s&#8217;utilitzar\u00e0 per personalitzar la xapa.<\/p>\n<p>&nbsp;<\/p>\n<h4>Material<\/h4>\n<p>S&#8217;ha de portar impresa la imatge amb la que es vol personalitzar la xapa. Aquesta s&#8217;haur\u00e0 dissenyat i preparat pr\u00e8viament a <a href=\"http:\/\/editor.chapea.com\/main.php\" target=\"_blank\" rel=\"noopener noreferrer\">http:\/\/editor.chapea.com\/main.php<\/a>. Es retallar\u00e0 la imatge al CRP amb la troqueladora.<br \/>\nL\u2019usuari ha de portar les xapes. Es poden adquirir a www.chapea.com<br \/>\nTipus de xapes: 59mm (amb agulla muntada o iman)<\/p>\n<h4>Modalitat del servei<\/h4>\n<p>La utilitzaci\u00f3 de la m\u00e0quina es far\u00e0 en el CRP. Per fer la reserva cal\u00a0 enviar correu o trucar\u00a0 al CRP. ( crp-girones@xtec.cat \/ 972413569).<\/p>\n<h4>Temps<\/h4>\n<p>Cal reservar el servei pr\u00e8viament a trav\u00e9s del formulari de la columna lateral (en aquest cas, la reserva no ser\u00e0 efectiva fins rebre la confirmaci\u00f3 per correu electr\u00f2nic) o b\u00e9 per tel\u00e8fon (972 41 35 69) per concretar la disponibilitat temporal del servei.<\/p>\n<h4>Preu<\/h4>\n<p>El servei \u00e9s gratu\u00eft (si l\u2019usuari aporta el material)<\/p>\n<h4>Com funciona?<\/h4>\n<p><div class=\"ast-oembed-container \" style=\"height: 100%;\"><iframe loading=\"lazy\" title=\"M\u00e1quina Para Hacer Chapas (Modelo B500)\" width=\"500\" height=\"375\" src=\"https:\/\/www.youtube.com\/embed\/bK7wPS7pmoo?feature=oembed\" frameborder=\"0\" allow=\"accelerometer; autoplay; clipboard-write; encrypted-media; gyroscope; picture-in-picture; web-share\" referrerpolicy=\"strict-origin-when-cross-origin\" allowfullscreen><\/iframe><\/div><\/p>\n","protected":false},"excerpt":{"rendered":"<p>&nbsp; M\u00e0quina de fer xapes Per fer xapes amb motlles intercanviables model B-500. Facilita la promoci\u00f3 d&#8217;activitats educatives i pot utilitzar-se per fer jocs did\u00e0ctics. Troqueladora Retalla la imatge impresa que s&#8217;utilitzar\u00e0 per personalitzar la xapa. &nbsp; Material S&#8217;ha de portar impresa la imatge amb la que es vol personalitzar la xapa. Aquesta s&#8217;haur\u00e0 dissenyat [&hellip;]<\/p>\n","protected":false},"author":1,"featured_media":0,"parent":906,"menu_order":5,"comment_status":"closed","ping_status":"closed","template":"","meta":{"site-sidebar-layout":"default","site-content-layout":"","ast-site-content-layout":"","site-content-style":"default","site-sidebar-style":"default","ast-global-header-display":"","ast-banner-title-visibility":"","ast-main-header-display":"","ast-hfb-above-header-display":"","ast-hfb-below-header-display":"","ast-hfb-mobile-header-display":"","site-post-title":"","ast-breadcrumbs-content":"","ast-featured-img":"","footer-sml-layout":"","theme-transparent-header-meta":"","adv-header-id-meta":"","stick-header-meta":"","header-above-stick-meta":"","header-main-stick-meta":"","header-below-stick-meta":"","astra-migrate-meta-layouts":"default","ast-page-background-enabled":"default","ast-page-background-meta":{"desktop":{"background-color":"var(--ast-global-color-4)","background-image":"","background-repeat":"repeat","background-position":"center center","background-size":"auto","background-attachment":"scroll","background-type":"","background-media":"","overlay-type":"","overlay-color":"","overlay-opacity":"","overlay-gradient":""},"tablet":{"background-color":"","background-image":"","background-repeat":"repeat","background-position":"center center","background-size":"auto","background-attachment":"scroll","background-type":"","background-media":"","overlay-type":"","overlay-color":"","overlay-opacity":"","overlay-gradient":""},"mobile":{"background-color":"","background-image":"","background-repeat":"repeat","background-position":"center center","background-size":"auto","background-attachment":"scroll","background-type":"","background-media":"","overlay-type":"","overlay-color":"","overlay-opacity":"","overlay-gradient":""}},"ast-content-background-meta":{"desktop":{"background-color":"var(--ast-global-color-5)","background-image":"","background-repeat":"repeat","background-position":"center center","background-size":"auto","background-attachment":"scroll","background-type":"","background-media":"","overlay-type":"","overlay-color":"","overlay-opacity":"","overlay-gradient":""},"tablet":{"background-color":"var(--ast-global-color-5)","background-image":"","background-repeat":"repeat","background-position":"center center","background-size":"auto","background-attachment":"scroll","background-type":"","background-media":"","overlay-type":"","overlay-color":"","overlay-opacity":"","overlay-gradient":""},"mobile":{"background-color":"var(--ast-global-color-5)","background-image":"","background-repeat":"repeat","background-position":"center center","background-size":"auto","background-attachment":"scroll","background-type":"","background-media":"","overlay-type":"","overlay-color":"","overlay-opacity":"","overlay-gradient":""}},"footnotes":""},"class_list":["post-9005","page","type-page","status-publish","hentry"],"post_mailing_queue_ids":[],"_links":{"self":[{"href":"https:\/\/serveiseducatius.xtec.cat\/girones\/wp-json\/wp\/v2\/pages\/9005","targetHints":{"allow":["GET"]}}],"collection":[{"href":"https:\/\/serveiseducatius.xtec.cat\/girones\/wp-json\/wp\/v2\/pages"}],"about":[{"href":"https:\/\/serveiseducatius.xtec.cat\/girones\/wp-json\/wp\/v2\/types\/page"}],"author":[{"embeddable":true,"href":"https:\/\/serveiseducatius.xtec.cat\/girones\/wp-json\/wp\/v2\/users\/1"}],"replies":[{"embeddable":true,"href":"https:\/\/serveiseducatius.xtec.cat\/girones\/wp-json\/wp\/v2\/comments?post=9005"}],"version-history":[{"count":3,"href":"https:\/\/serveiseducatius.xtec.cat\/girones\/wp-json\/wp\/v2\/pages\/9005\/revisions"}],"predecessor-version":[{"id":13203,"href":"https:\/\/serveiseducatius.xtec.cat\/girones\/wp-json\/wp\/v2\/pages\/9005\/revisions\/13203"}],"up":[{"embeddable":true,"href":"https:\/\/serveiseducatius.xtec.cat\/girones\/wp-json\/wp\/v2\/pages\/906"}],"wp:attachment":[{"href":"https:\/\/serveiseducatius.xtec.cat\/girones\/wp-json\/wp\/v2\/media?parent=9005"}],"curies":[{"name":"wp","href":"https:\/\/api.w.org\/{rel}","templated":true}]}}