{"id":8516,"date":"2019-03-13T16:47:50","date_gmt":"2019-03-13T15:47:50","guid":{"rendered":"http:\/\/serveiseducatius.xtec.cat\/girones\/?page_id=8516"},"modified":"2023-02-06T12:30:27","modified_gmt":"2023-02-06T11:30:27","slug":"tic-tac-tallers","status":"publish","type":"page","link":"https:\/\/serveiseducatius.xtec.cat\/girones\/dinamitzacio\/tic-tac-tallers\/","title":{"rendered":"PIM PAM tallers"},"content":{"rendered":"<p><span style=\"font-family: inherit; font-size: 1em;\"><img loading=\"lazy\" decoding=\"async\" class=\"alignleft\" src=\"https:\/\/serveiseducatius.xtec.cat\/girones\/wp-content\/uploads\/usu1154\/2022\/07\/pim-pam-tallers-transparent.png\" alt=\"\" width=\"228\" height=\"228\" \/>S\u00f3n sessions monogr\u00e0fiques sobre metodologies amb enfocament globalitzat. S&#8217;organitzen des del CRP del Giron\u00e8s i formen part del Pla de Formaci\u00f3 de Zona. S\u00f3n tallers independents i no s&#8217;obtindr\u00e0 certificaci\u00f3. Caldr\u00e0 formalitzar la inscripci\u00f3 pr\u00e8via a cada taller que s&#8217;obrir\u00e0 una setmana abans. Consulteu la graella:<\/span><\/p>\n<p style=\"text-align: justify;\"><strong>Horari:<\/strong> De 17.30 a 19.30 h. aproximadament<br \/>\n<strong>Format: <\/strong>Presencial<br \/>\n<strong>Destinataris: <\/strong>Professorat d&#8217;infantil, prim\u00e0ria i de secund\u00e0ria.<br \/>\n<strong>Inscripcions:<\/strong> S&#8217;obren una setmana abans del dia del taller. <strong>Aforament limitat,<\/strong> les adjudicacions seran per ordre d&#8217;inscripci\u00f3.\u00a0<\/p>\n<p style=\"text-align: justify;\"><span style=\"font-size: 20px;\"><span style=\"color: #ffffff; background-color: #266666;\">\u00a0 Curs 22-23\u00a0<\/span><\/span><\/p>\n<table style=\"height: 504px; width: 56.7844%; border-style: solid; border-color: #000000;\">\n<tbody>\n<tr style=\"height: 58px;\">\n<td style=\"text-align: center; width: 15.1163%; height: 10px; border-style: solid; background-color: #40826d;\">\n<h4><span style=\"color: #ffffff; font-size: 16px;\">Dia<\/span><\/h4>\n<\/td>\n<td style=\"text-align: center; width: 22.2591%; height: 10px; border-style: solid; background-color: #40826d;\">\n<h4><span style=\"color: #ffffff; font-size: 16px;\">Nom del taller<\/span><\/h4>\n<\/td>\n<td style=\"text-align: center; width: 18.4386%; border-style: solid; background-color: #40826d; height: 10px;\">\n<h4><span style=\"color: #ffffff; font-size: 16px;\">Responsables<\/span><\/h4>\n<\/td>\n<td style=\"text-align: center; width: 25.7475%; border-style: solid; background-color: #40826d; height: 10px;\">\n<h4><span style=\"color: #ffffff; font-size: 16px;\">Descripci\u00f3<\/span><\/h4>\n<\/td>\n<td style=\"text-align: center; width: 16.2791%; border-style: solid; background-color: #40826d; height: 10px;\">\n<h4><span style=\"color: #ffffff; font-size: 16px;\">Inscripci\u00f3<\/span><\/h4>\n<\/td>\n<\/tr>\n<tr style=\"height: 31px;\">\n<td style=\"width: 15.1163%; height: 31px; text-align: left;\"><span style=\"font-size: 14px;\">05\/10\/22<\/span><\/td>\n<td style=\"width: 22.2591%; height: 31px; text-align: left;\"><span style=\"font-size: 14px;\"><strong>\u00a0Tinkering<\/strong><\/span><\/td>\n<td style=\"width: 18.4386%; text-align: center; height: 31px;\">Oriol Codina<\/td>\n<td style=\"width: 25.7475%; height: 31px; text-align: left;\"><span style=\"font-size: 12px;\">Presentaci\u00f3 d&#8217;experi\u00e8ncies amb el l kit\u00a0 tinkering en pr\u00e9stec al CRP.<\/span><\/td>\n<td style=\"width: 16.2791%; text-align: center; height: 31px;\">A partir del 28\/09<\/td>\n<\/tr>\n<tr style=\"height: 49px;\">\n<td style=\"width: 15.1163%; text-align: left; height: 49px;\"><span style=\"font-size: 14px;\">17\/10\/22<\/span><\/td>\n<td style=\"width: 22.2591%; text-align: left; height: 49px;\"><b>El nou curr\u00edculum, parlem-ne&#8230;<\/b><\/td>\n<td style=\"width: 18.4386%; text-align: center; height: 49px;\">Joel Aranda<\/td>\n<td style=\"width: 25.7475%; text-align: left; height: 49px;\"><span style=\"font-size: 12px;\">Com podem aprofitar el nou decret per emp\u00e8nyer en la direcci\u00f3 que els centres ja hem decidit.<\/span><\/td>\n<td style=\"width: 16.2791%; text-align: center; height: 49px;\">A partir del\u00a0 10\/10<\/td>\n<\/tr>\n<tr style=\"height: 68px;\">\n<td style=\"width: 15.1163%; text-align: left; height: 68px;\"><span style=\"font-size: 14px;\">28\/11\/2022<\/span><\/td>\n<td style=\"width: 22.2591%; text-align: left; height: 68px;\"><span style=\"font-size: 14px;\"><strong>Eines d&#8217;avaluaci\u00f3<\/strong><\/span><\/td>\n<td style=\"width: 18.4386%; text-align: center; height: 68px;\">Joel Aranda<\/td>\n<td style=\"width: 25.7475%; text-align: left; height: 68px;\"><span style=\"font-size: 12px;\">Compartir models i propostes per afavorir l&#8217;autogesti\u00f3 dels aprenentatges de l&#8217;alumnat\u00a0<\/span><\/td>\n<td style=\"width: 16.2791%; text-align: center; height: 68px;\">A partir del 21\/11<\/td>\n<\/tr>\n<tr style=\"height: 118px;\">\n<td style=\"width: 15.1163%; text-align: left; height: 118px;\"><span style=\"font-size: 14px;\">16\/1\/2023<\/span><\/td>\n<td style=\"width: 22.2591%; text-align: left; height: 118px;\"><span style=\"font-size: 14px;\"><strong>Artter\u00e0pia\u00a0<\/strong><\/span><\/td>\n<td style=\"width: 18.4386%; text-align: center; height: 118px;\">Imma de Batlle<\/td>\n<td style=\"width: 25.7475%; text-align: left; height: 118px;\"><span style=\"font-size: 12px;\">Acollim l&#8217;art com un cam\u00ed, un llenguatge infinit i lliure.\u00a0 Parteix de la idea que l&#8217;art i el joc s\u00f3n esdeveniments creatius que poden omplir espais, temps on tot \u00e9s possible.<\/span><\/td>\n<td style=\"width: 16.2791%; text-align: center; height: 118px;\">A partir del 9\/01<\/td>\n<\/tr>\n<tr style=\"height: 101px;\">\n<td style=\"width: 15.1163%; text-align: left; height: 101px;\"><span style=\"font-size: 14px;\">23\/01\/2023<\/span><\/td>\n<td style=\"width: 22.2591%; text-align: left; height: 101px;\"><span style=\"font-size: 14px;\"><strong>Rosa pionera, enginyera<\/strong><\/span><\/td>\n<td style=\"width: 18.4386%; text-align: center; height: 101px;\">Maria Berrocal<\/td>\n<td style=\"width: 25.7475%; text-align: left; height: 101px;\"><span style=\"font-size: 12px;\">A partir del conte Rosa pionera, enginyera presentem una proposta STEAM\u00a0 per acostar la tecnologia als alumnes de prim\u00e0ria.<\/span><\/td>\n<td style=\"width: 16.2791%; text-align: center; height: 101px;\">A partir del 16\/01<\/td>\n<\/tr>\n<tr>\n<td style=\"width: 15.1163%; text-align: left;\"><span style=\"font-size: 14px;\">30\/1\/2022<\/span><\/td>\n<td style=\"width: 22.2591%; text-align: left;\"><span style=\"font-size: 14px;\"><strong>Microbit_ Maker\u00a0<\/strong><\/span><\/td>\n<td style=\"width: 18.4386%; text-align: center;\">Marc Cargol<\/td>\n<td style=\"width: 25.7475%; text-align: left;\"><span style=\"font-family: helvetica, arial, sans-serif; font-size: 12px;\">Taller microbit relacionat amb material de pr\u00e9stec del CRP.<\/span>\u00a0<\/td>\n<td style=\"width: 16.2791%; text-align: center;\">A partir del 23\/1<\/td>\n<\/tr>\n<tr style=\"height: 31px;\">\n<td style=\"width: 15.1163%; height: 31px; text-align: left;\">\n<p>06\/02\/2022<\/p>\n<p><strong><span style=\"color: #993300;\">Anul\u00b7lat<\/span><\/strong><\/p>\n<\/td>\n<td style=\"width: 22.2591%; height: 31px; text-align: left;\"><span style=\"font-size: 14px;\"><strong>\u00a0L&#8217;art a l&#8217;escola<\/strong><\/span><\/td>\n<td style=\"width: 18.4386%; text-align: center; height: 31px;\">Aurelia\u00a0 de la Fuente<\/td>\n<td style=\"width: 25.7475%; height: 31px; text-align: left;\"><span style=\"font-size: 12px;\">Experi\u00e8ncies d&#8217;art a les aules de prim\u00e0ria<\/span><\/td>\n<td style=\"width: 16.2791%; text-align: center; height: 31px;\">A partir del 30\/01<\/td>\n<\/tr>\n<tr style=\"height: 31px;\">\n<td style=\"width: 15.1163%; height: 31px; text-align: left;\"><span style=\"font-size: 14px;\">A principis de juliol<\/span><\/td>\n<td style=\"width: 22.2591%; height: 31px; text-align: left;\"><span style=\"font-size: 14px;\"><strong>Escape room I<\/strong><\/span><\/td>\n<td style=\"width: 18.4386%; text-align: center; height: 31px;\">Pere Cornell\u00e0<\/td>\n<td style=\"width: 25.7475%; height: 31px; text-align: left;\"><span style=\"font-size: 12px;\">Crear una escape room amb genially. 1a sessi\u00f3<\/span><\/td>\n<td style=\"width: 16.2791%; text-align: center; height: 31px;\">A finals de juny<\/td>\n<\/tr>\n<tr style=\"height: 34px;\">\n<td style=\"width: 15.1163%; text-align: left; height: 34px;\"><span style=\"font-size: 14px;\">A principis de juliol<\/span><\/td>\n<td style=\"width: 22.2591%; text-align: left; height: 34px;\"><span style=\"font-size: 14px;\"><strong>Escape room II<\/strong><\/span><\/td>\n<td style=\"width: 18.4386%; text-align: center; height: 34px;\">Pere Cornell\u00e0 \u00a0<\/td>\n<td style=\"width: 25.7475%; text-align: left; height: 34px;\"><span style=\"font-size: 12px;\">Crear una escape room amb genially- 2a sessi\u00f3<\/span><\/td>\n<td style=\"width: 16.2791%; text-align: center; height: 34px;\">\n<p>A finals de juny<\/p>\n<\/td>\n<\/tr>\n<tr style=\"height: 31px;\">\n<td style=\"width: 15.1163%; height: 31px; text-align: left;\"><span style=\"font-size: 14px;\">A principis de juliol<\/span><\/td>\n<td style=\"width: 22.2591%; height: 31px; text-align: left;\"><span style=\"font-size: 14px;\"><strong> Escape room III<\/strong><\/span><\/td>\n<td style=\"width: 18.4386%; text-align: center; height: 31px;\">Pere Cornell\u00e0<\/td>\n<td style=\"width: 25.7475%; height: 31px; text-align: left;\"><span style=\"font-size: 12px;\">Crear una escape room amb genially- 3a sessi\u00f3<\/span><\/td>\n<td style=\"width: 16.2791%; text-align: center; height: 31px;\">A finals de juny<\/td>\n<\/tr>\n<\/tbody>\n<\/table>\n<p>&nbsp;<\/p>\n","protected":false},"excerpt":{"rendered":"<p>S\u00f3n sessions monogr\u00e0fiques sobre metodologies amb enfocament globalitzat. S&#8217;organitzen des del CRP del Giron\u00e8s i formen part del Pla de Formaci\u00f3 de Zona. S\u00f3n tallers independents i no s&#8217;obtindr\u00e0 certificaci\u00f3. Caldr\u00e0 formalitzar la inscripci\u00f3 pr\u00e8via a cada taller que s&#8217;obrir\u00e0 una setmana abans. Consulteu la graella: Horari: De 17.30 a 19.30 h. aproximadament Format: Presencial [&hellip;]<\/p>\n","protected":false},"author":1,"featured_media":0,"parent":8380,"menu_order":1,"comment_status":"closed","ping_status":"closed","template":"","meta":{"site-sidebar-layout":"default","site-content-layout":"","ast-site-content-layout":"","site-content-style":"default","site-sidebar-style":"default","ast-global-header-display":"","ast-banner-title-visibility":"","ast-main-header-display":"","ast-hfb-above-header-display":"","ast-hfb-below-header-display":"","ast-hfb-mobile-header-display":"","site-post-title":"","ast-breadcrumbs-content":"","ast-featured-img":"","footer-sml-layout":"","theme-transparent-header-meta":"","adv-header-id-meta":"","stick-header-meta":"","header-above-stick-meta":"","header-main-stick-meta":"","header-below-stick-meta":"","astra-migrate-meta-layouts":"default","ast-page-background-enabled":"default","ast-page-background-meta":{"desktop":{"background-color":"var(--ast-global-color-4)","background-image":"","background-repeat":"repeat","background-position":"center center","background-size":"auto","background-attachment":"scroll","background-type":"","background-media":"","overlay-type":"","overlay-color":"","overlay-opacity":"","overlay-gradient":""},"tablet":{"background-color":"","background-image":"","background-repeat":"repeat","background-position":"center center","background-size":"auto","background-attachment":"scroll","background-type":"","background-media":"","overlay-type":"","overlay-color":"","overlay-opacity":"","overlay-gradient":""},"mobile":{"background-color":"","background-image":"","background-repeat":"repeat","background-position":"center center","background-size":"auto","background-attachment":"scroll","background-type":"","background-media":"","overlay-type":"","overlay-color":"","overlay-opacity":"","overlay-gradient":""}},"ast-content-background-meta":{"desktop":{"background-color":"var(--ast-global-color-5)","background-image":"","background-repeat":"repeat","background-position":"center center","background-size":"auto","background-attachment":"scroll","background-type":"","background-media":"","overlay-type":"","overlay-color":"","overlay-opacity":"","overlay-gradient":""},"tablet":{"background-color":"var(--ast-global-color-5)","background-image":"","background-repeat":"repeat","background-position":"center center","background-size":"auto","background-attachment":"scroll","background-type":"","background-media":"","overlay-type":"","overlay-color":"","overlay-opacity":"","overlay-gradient":""},"mobile":{"background-color":"var(--ast-global-color-5)","background-image":"","background-repeat":"repeat","background-position":"center center","background-size":"auto","background-attachment":"scroll","background-type":"","background-media":"","overlay-type":"","overlay-color":"","overlay-opacity":"","overlay-gradient":""}},"footnotes":""},"class_list":["post-8516","page","type-page","status-publish","hentry"],"post_mailing_queue_ids":[],"_links":{"self":[{"href":"https:\/\/serveiseducatius.xtec.cat\/girones\/wp-json\/wp\/v2\/pages\/8516","targetHints":{"allow":["GET"]}}],"collection":[{"href":"https:\/\/serveiseducatius.xtec.cat\/girones\/wp-json\/wp\/v2\/pages"}],"about":[{"href":"https:\/\/serveiseducatius.xtec.cat\/girones\/wp-json\/wp\/v2\/types\/page"}],"author":[{"embeddable":true,"href":"https:\/\/serveiseducatius.xtec.cat\/girones\/wp-json\/wp\/v2\/users\/1"}],"replies":[{"embeddable":true,"href":"https:\/\/serveiseducatius.xtec.cat\/girones\/wp-json\/wp\/v2\/comments?post=8516"}],"version-history":[{"count":4,"href":"https:\/\/serveiseducatius.xtec.cat\/girones\/wp-json\/wp\/v2\/pages\/8516\/revisions"}],"predecessor-version":[{"id":15967,"href":"https:\/\/serveiseducatius.xtec.cat\/girones\/wp-json\/wp\/v2\/pages\/8516\/revisions\/15967"}],"up":[{"embeddable":true,"href":"https:\/\/serveiseducatius.xtec.cat\/girones\/wp-json\/wp\/v2\/pages\/8380"}],"wp:attachment":[{"href":"https:\/\/serveiseducatius.xtec.cat\/girones\/wp-json\/wp\/v2\/media?parent=8516"}],"curies":[{"name":"wp","href":"https:\/\/api.w.org\/{rel}","templated":true}]}}