{"id":8238,"date":"2019-02-22T10:26:05","date_gmt":"2019-02-22T09:26:05","guid":{"rendered":"http:\/\/serveiseducatius.xtec.cat\/girones\/?page_id=8238"},"modified":"2021-07-19T10:43:57","modified_gmt":"2021-07-19T08:43:57","slug":"eap","status":"publish","type":"page","link":"https:\/\/serveiseducatius.xtec.cat\/girones\/el-servei-educatiu\/eap\/","title":{"rendered":"EAP"},"content":{"rendered":"<h5>Descripci\u00f3<\/h5>\n<p>Els EAP s\u00f3n equips d\u2019assessorament i orientaci\u00f3 psicopedag\u00f2gica que donen suport al professorat i als centres educatius en la resposta a la diversitat de l\u2019alumnat i en relaci\u00f3 als alumnes que presenten necessitats educatives especials, aix\u00ed com a les seves fam\u00edlies. Estan formats per professionals de l\u2019especialitat de psicologia i pedagogia, treballadors\/es socials i fisioterapeutes.<br \/>\nEls EAP formen part dels serveis educatius de zona (SEZ), conjuntament amb els centres de recursos pedag\u00f2gics (CRP) i els equips de suport i assessorament en llengua, interculturalitat i cohesi\u00f3 social (ELIC). Al SEZ del Giron\u00e8s hi ha dos equips: l\u2019EAP de Girona i l\u2019EAP del Giron\u00e8s.<br \/>\nLes fam\u00edlies es poden posar en contacte amb l\u2019EAP referent a trav\u00e9s del centre educatiu o directament a la seu de l\u2019EAP (cal concertar hora).<\/p>\n<h5>Serveis que ofereixen<\/h5>\n<h6>A l\u2019alumnat i les seves fam\u00edlies:<\/h6>\n<ul>\n<li>Identificaci\u00f3 i avaluaci\u00f3 de les necessitats educatives especials de l\u2019alumnat i proposta d\u2019escolaritzaci\u00f3, en col\u00b7laboraci\u00f3 amb els serveis espec\u00edfics quan s\u2019escaigui.<\/li>\n<li>Avaluaci\u00f3 psicopedag\u00f2gica de l\u2019alumnat amb altes capacitats.<\/li>\n<li>Elaboraci\u00f3 de Dict\u00e0mens i Informes diversos per orientar l\u2019escolaritzaci\u00f3 i el tipus de centre.<\/li>\n<li>Seguiment de l\u2019alumnat amb necessitats educatives especials al llarg de la seva escolaritat i de manera especial en els moments de transici\u00f3 entre etapes educatives.<\/li>\n<li>Derivaci\u00f3 d\u2019alumnat als serveis educatius espec\u00edfics (CREDA, CREDV, SEEM, SEETDIC), als serveis socials, de salut o de just\u00edcia(CSMIJ, CDIAP, EAIA, DGAIA&#8230;).<\/li>\n<li>Assessorament sobre aspectes d\u2019orientaci\u00f3 personal, educativa, professional i social.<\/li>\n<\/ul>\n<h6>Als centres educatius:<\/h6>\n<ul>\n<li>Assessorament al professorat per a la planificaci\u00f3 de la resposta educativa (adaptacions d\u2019aula, de materials, plans individualitzats&#8230;) que pugui necessitar l\u2019alumnat.<\/li>\n<li>Participaci\u00f3 a les Comissions d\u2019Atenci\u00f3 a la diversitat del centre i a les comissions socials.<\/li>\n<li>Col\u00b7laboraci\u00f3 en la prevenci\u00f3 i resoluci\u00f3 de conflictes i en la detecci\u00f3 i prevenci\u00f3 de conductes de risc.<\/li>\n<li>Assessorament en processos de tutoria i orientaci\u00f3 de l\u2019alumnat.<\/li>\n<\/ul>\n<h6>A la zona:<\/h6>\n<ul>\n<li>Participaci\u00f3 en els processos d\u2019escolaritzaci\u00f3 i transici\u00f3 entre etapes educatives<\/li>\n<li>Treball en xarxa amb els diferents serveis i programes educatius de la zona (CREDA, CREDV, SEEM, SEETDIC) i amb equips o serveis d\u2019altres departaments (salut, acci\u00f3 social i just\u00edcia)de la zona.<\/li>\n<li>Participaci\u00f3 en els plans educatius d\u2019entorn i en altres plans o programes que afavoreixen la integraci\u00f3 escolar i social de l\u2019alumnat (absentisme, risc d\u2019exclusi\u00f3 social, salut&#8230;).<\/li>\n<li>Coordinaci\u00f3 i dinamitzaci\u00f3 d\u2019activitats de formaci\u00f3 i intercanvi dels docents, en col\u2022laboraci\u00f3 amb el CRP.<\/li>\n<\/ul>\n","protected":false},"excerpt":{"rendered":"<p>Descripci\u00f3 Els EAP s\u00f3n equips d\u2019assessorament i orientaci\u00f3 psicopedag\u00f2gica que donen suport al professorat i als centres educatius en la resposta a la diversitat de l\u2019alumnat i en relaci\u00f3 als alumnes que presenten necessitats educatives especials, aix\u00ed com a les seves fam\u00edlies. Estan formats per professionals de l\u2019especialitat de psicologia i pedagogia, treballadors\/es socials i [&hellip;]<\/p>\n","protected":false},"author":1,"featured_media":0,"parent":806,"menu_order":9,"comment_status":"closed","ping_status":"closed","template":"page-templates\/side-menu.php","meta":{"site-sidebar-layout":"default","site-content-layout":"","ast-site-content-layout":"","site-content-style":"default","site-sidebar-style":"default","ast-global-header-display":"","ast-banner-title-visibility":"","ast-main-header-display":"","ast-hfb-above-header-display":"","ast-hfb-below-header-display":"","ast-hfb-mobile-header-display":"","site-post-title":"","ast-breadcrumbs-content":"","ast-featured-img":"","footer-sml-layout":"","theme-transparent-header-meta":"","adv-header-id-meta":"","stick-header-meta":"","header-above-stick-meta":"","header-main-stick-meta":"","header-below-stick-meta":"","astra-migrate-meta-layouts":"default","ast-page-background-enabled":"default","ast-page-background-meta":{"desktop":{"background-color":"var(--ast-global-color-4)","background-image":"","background-repeat":"repeat","background-position":"center center","background-size":"auto","background-attachment":"scroll","background-type":"","background-media":"","overlay-type":"","overlay-color":"","overlay-opacity":"","overlay-gradient":""},"tablet":{"background-color":"","background-image":"","background-repeat":"repeat","background-position":"center center","background-size":"auto","background-attachment":"scroll","background-type":"","background-media":"","overlay-type":"","overlay-color":"","overlay-opacity":"","overlay-gradient":""},"mobile":{"background-color":"","background-image":"","background-repeat":"repeat","background-position":"center center","background-size":"auto","background-attachment":"scroll","background-type":"","background-media":"","overlay-type":"","overlay-color":"","overlay-opacity":"","overlay-gradient":""}},"ast-content-background-meta":{"desktop":{"background-color":"var(--ast-global-color-5)","background-image":"","background-repeat":"repeat","background-position":"center center","background-size":"auto","background-attachment":"scroll","background-type":"","background-media":"","overlay-type":"","overlay-color":"","overlay-opacity":"","overlay-gradient":""},"tablet":{"background-color":"var(--ast-global-color-5)","background-image":"","background-repeat":"repeat","background-position":"center center","background-size":"auto","background-attachment":"scroll","background-type":"","background-media":"","overlay-type":"","overlay-color":"","overlay-opacity":"","overlay-gradient":""},"mobile":{"background-color":"var(--ast-global-color-5)","background-image":"","background-repeat":"repeat","background-position":"center center","background-size":"auto","background-attachment":"scroll","background-type":"","background-media":"","overlay-type":"","overlay-color":"","overlay-opacity":"","overlay-gradient":""}},"footnotes":""},"class_list":["post-8238","page","type-page","status-publish","hentry"],"post_mailing_queue_ids":[],"_links":{"self":[{"href":"https:\/\/serveiseducatius.xtec.cat\/girones\/wp-json\/wp\/v2\/pages\/8238","targetHints":{"allow":["GET"]}}],"collection":[{"href":"https:\/\/serveiseducatius.xtec.cat\/girones\/wp-json\/wp\/v2\/pages"}],"about":[{"href":"https:\/\/serveiseducatius.xtec.cat\/girones\/wp-json\/wp\/v2\/types\/page"}],"author":[{"embeddable":true,"href":"https:\/\/serveiseducatius.xtec.cat\/girones\/wp-json\/wp\/v2\/users\/1"}],"replies":[{"embeddable":true,"href":"https:\/\/serveiseducatius.xtec.cat\/girones\/wp-json\/wp\/v2\/comments?post=8238"}],"version-history":[{"count":3,"href":"https:\/\/serveiseducatius.xtec.cat\/girones\/wp-json\/wp\/v2\/pages\/8238\/revisions"}],"predecessor-version":[{"id":13816,"href":"https:\/\/serveiseducatius.xtec.cat\/girones\/wp-json\/wp\/v2\/pages\/8238\/revisions\/13816"}],"up":[{"embeddable":true,"href":"https:\/\/serveiseducatius.xtec.cat\/girones\/wp-json\/wp\/v2\/pages\/806"}],"wp:attachment":[{"href":"https:\/\/serveiseducatius.xtec.cat\/girones\/wp-json\/wp\/v2\/media?parent=8238"}],"curies":[{"name":"wp","href":"https:\/\/api.w.org\/{rel}","templated":true}]}}