{"id":8235,"date":"2019-02-22T10:12:49","date_gmt":"2019-02-22T09:12:49","guid":{"rendered":"http:\/\/serveiseducatius.xtec.cat\/girones\/?page_id=8235"},"modified":"2025-05-29T10:36:16","modified_gmt":"2025-05-29T08:36:16","slug":"centre-de-recursos-pedagogics","status":"publish","type":"page","link":"https:\/\/serveiseducatius.xtec.cat\/girones\/el-servei-educatiu\/centre-de-recursos-pedagogics\/","title":{"rendered":"CRP"},"content":{"rendered":"\n<div class=\"wp-block-columns is-layout-flex wp-container-core-columns-is-layout-1 wp-block-columns-is-layout-flex\">\n<div class=\"wp-block-column is-layout-flow wp-block-column-is-layout-flow\">\n<p class=\"has-text-align-center\">El CRP \u00e9s un equip que dona suport a l&#8217;activitat pedag\u00f2gica dels centres i a la tasca docent. Sobretot en la gesti\u00f3 de la formaci\u00f3 permanent, els recursos pedag\u00f2gics i la dinamitzaci\u00f3 i suport de grups de professorat (xarxes, seminaris i grups de treball).<br>Forma part del Servei Educatiu del Giron\u00e8s conjuntament amb els equips de suport i assessorament en llengua, interculturalitat i cohesi\u00f3 social (ELIC) i els equips d\u2019assessorament psicopedag\u00f2gic (EAP).\u00a0<\/p>\n<\/div>\n\n\n\n<div class=\"wp-block-column is-vertically-aligned-center is-layout-flow wp-block-column-is-layout-flow\">\n<figure class=\"wp-block-image aligncenter size-full\"><a href=\"https:\/\/girones.mediateca.cat\/recursos\/kit-didactic\/\"><img loading=\"lazy\" decoding=\"async\" width=\"291\" height=\"218\" src=\"https:\/\/serveiseducatius.xtec.cat\/girones\/wp-content\/uploads\/usu1154\/2025\/05\/prestec-1.png\" alt=\"\" class=\"wp-image-17875\"\/><\/a><\/figure>\n<\/div>\n<\/div>\n\n\n\n<h5 class=\"wp-block-heading\">Contacte<\/h5>\n\n\n\n<p>Tel\u00e8fon: 972 413569 \/ Correu electr\u00f2nic: b7990103@xtec.cat&nbsp;<\/p>\n\n\n\n<h5 class=\"wp-block-heading\">Personal<\/h5>\n\n\n\n<ul class=\"wp-block-list\">\n<li>Joel Aranda (direcci\u00f3),  Cesc Cornet, Montse Cros, Cati Palom, Mar P\u00e9rez i Jordi Ventura<\/li>\n<\/ul>\n\n\n\n<h6 class=\"wp-block-heading\">Als centres educatius:<\/h6>\n\n\n\n<ul class=\"wp-block-list\">\n<li>Suport i assessorament en projectes de centre. <\/li>\n\n\n\n<li>Oferta i assessorament en recursos pedag\u00f2gics.<\/li>\n\n\n\n<li>Assessorament en formaci\u00f3 permanent.<\/li>\n<\/ul>\n\n\n\n<h6 class=\"wp-block-heading\">Al professorat dels centres educatius:<\/h6>\n\n\n\n<ul class=\"wp-block-list\">\n<li>Informaci\u00f3 i pr\u00e9stec de recursos educatius.<\/li>\n\n\n\n<li>Informaci\u00f3 i assessorament en formaci\u00f3 permanent.<\/li>\n<\/ul>\n\n\n\n<h6 class=\"wp-block-heading\">A la zona:<\/h6>\n\n\n\n<ul class=\"wp-block-list\">\n<li>Suport als projectes propis de la zona.<\/li>\n\n\n\n<li>Recollida, intercanvi i difusi\u00f3 de pr\u00e0ctiques i experi\u00e8ncies educatives.<\/li>\n\n\n\n<li>Disseny, elaboraci\u00f3 i dinamitzaci\u00f3 de maletes pedag\u00f2giques.<\/li>\n\n\n\n<li>Localitzaci\u00f3, selecci\u00f3, catalogaci\u00f3 i difusi\u00f3 de recursos.<\/li>\n\n\n\n<li>Disseny i organitzaci\u00f3 d\u2019activitats de dinamitzaci\u00f3 de la zona amb participaci\u00f3 de l\u2019alumnat.<\/li>\n\n\n\n<li>Disseny, organitzaci\u00f3 i impuls en les xarxes de centres.<\/li>\n\n\n\n<li>Treball en xarxa en la detecci\u00f3 de necessitats formatives, establiment de criteris d\u2019actuaci\u00f3 i en la difusi\u00f3 de recursos.<\/li>\n\n\n\n<li>Disseny, organitzaci\u00f3 i gesti\u00f3 de les activitats formatives de coordinaci\u00f3.<\/li>\n\n\n\n<li>Coordinaci\u00f3 i organitzaci\u00f3 de les activitats del Pla de Formaci\u00f3 de Zona (PFZ).<\/li>\n<\/ul>\n\n\n\n<p><\/p>\n","protected":false},"excerpt":{"rendered":"<p>El CRP \u00e9s un equip que dona suport a l&#8217;activitat pedag\u00f2gica dels centres i a la tasca docent. Sobretot en la gesti\u00f3 de la formaci\u00f3 permanent, els recursos pedag\u00f2gics i la dinamitzaci\u00f3 i suport de grups de professorat (xarxes, seminaris i grups de treball).Forma part del Servei Educatiu del Giron\u00e8s conjuntament amb els equips de [&hellip;]<\/p>\n","protected":false},"author":1,"featured_media":0,"parent":806,"menu_order":8,"comment_status":"closed","ping_status":"closed","template":"","meta":{"site-sidebar-layout":"default","site-content-layout":"","ast-site-content-layout":"default","site-content-style":"default","site-sidebar-style":"default","ast-global-header-display":"","ast-banner-title-visibility":"","ast-main-header-display":"","ast-hfb-above-header-display":"","ast-hfb-below-header-display":"","ast-hfb-mobile-header-display":"","site-post-title":"","ast-breadcrumbs-content":"","ast-featured-img":"","footer-sml-layout":"","theme-transparent-header-meta":"","adv-header-id-meta":"","stick-header-meta":"","header-above-stick-meta":"","header-main-stick-meta":"","header-below-stick-meta":"","astra-migrate-meta-layouts":"set","ast-page-background-enabled":"default","ast-page-background-meta":{"desktop":{"background-color":"var(--ast-global-color-4)","background-image":"","background-repeat":"repeat","background-position":"center center","background-size":"auto","background-attachment":"scroll","background-type":"","background-media":"","overlay-type":"","overlay-color":"","overlay-opacity":"","overlay-gradient":""},"tablet":{"background-color":"","background-image":"","background-repeat":"repeat","background-position":"center center","background-size":"auto","background-attachment":"scroll","background-type":"","background-media":"","overlay-type":"","overlay-color":"","overlay-opacity":"","overlay-gradient":""},"mobile":{"background-color":"","background-image":"","background-repeat":"repeat","background-position":"center center","background-size":"auto","background-attachment":"scroll","background-type":"","background-media":"","overlay-type":"","overlay-color":"","overlay-opacity":"","overlay-gradient":""}},"ast-content-background-meta":{"desktop":{"background-color":"var(--ast-global-color-5)","background-image":"","background-repeat":"repeat","background-position":"center center","background-size":"auto","background-attachment":"scroll","background-type":"","background-media":"","overlay-type":"","overlay-color":"","overlay-opacity":"","overlay-gradient":""},"tablet":{"background-color":"var(--ast-global-color-5)","background-image":"","background-repeat":"repeat","background-position":"center center","background-size":"auto","background-attachment":"scroll","background-type":"","background-media":"","overlay-type":"","overlay-color":"","overlay-opacity":"","overlay-gradient":""},"mobile":{"background-color":"var(--ast-global-color-5)","background-image":"","background-repeat":"repeat","background-position":"center center","background-size":"auto","background-attachment":"scroll","background-type":"","background-media":"","overlay-type":"","overlay-color":"","overlay-opacity":"","overlay-gradient":""}},"footnotes":""},"class_list":["post-8235","page","type-page","status-publish","hentry"],"post_mailing_queue_ids":[],"_links":{"self":[{"href":"https:\/\/serveiseducatius.xtec.cat\/girones\/wp-json\/wp\/v2\/pages\/8235","targetHints":{"allow":["GET"]}}],"collection":[{"href":"https:\/\/serveiseducatius.xtec.cat\/girones\/wp-json\/wp\/v2\/pages"}],"about":[{"href":"https:\/\/serveiseducatius.xtec.cat\/girones\/wp-json\/wp\/v2\/types\/page"}],"author":[{"embeddable":true,"href":"https:\/\/serveiseducatius.xtec.cat\/girones\/wp-json\/wp\/v2\/users\/1"}],"replies":[{"embeddable":true,"href":"https:\/\/serveiseducatius.xtec.cat\/girones\/wp-json\/wp\/v2\/comments?post=8235"}],"version-history":[{"count":6,"href":"https:\/\/serveiseducatius.xtec.cat\/girones\/wp-json\/wp\/v2\/pages\/8235\/revisions"}],"predecessor-version":[{"id":17895,"href":"https:\/\/serveiseducatius.xtec.cat\/girones\/wp-json\/wp\/v2\/pages\/8235\/revisions\/17895"}],"up":[{"embeddable":true,"href":"https:\/\/serveiseducatius.xtec.cat\/girones\/wp-json\/wp\/v2\/pages\/806"}],"wp:attachment":[{"href":"https:\/\/serveiseducatius.xtec.cat\/girones\/wp-json\/wp\/v2\/media?parent=8235"}],"curies":[{"name":"wp","href":"https:\/\/api.w.org\/{rel}","templated":true}]}}