{"id":797,"date":"2015-11-28T21:06:57","date_gmt":"2015-11-28T20:06:57","guid":{"rendered":"http:\/\/serveiseducatius.xtec.cat\/girones\/?page_id=797"},"modified":"2019-02-22T12:06:00","modified_gmt":"2019-02-22T11:06:00","slug":"presentacio","status":"publish","type":"page","link":"https:\/\/serveiseducatius.xtec.cat\/girones\/el-servei-educatiu\/presentacio\/","title":{"rendered":"Presentaci\u00f3"},"content":{"rendered":"<p>El <strong>Servei Educatiu del Giron\u00e8s<\/strong> \u00e9s un equip multiprofessional que dona suport i assessorament als centres educatius p\u00fablics i privats concertats de nivells educatius no universitaris (professorat, alumnat i fam\u00edlies). Els principals serveis que ofereix son:<\/p>\n<ul>\n<li>Suport i assessorament en estrat\u00e8gies organitzatives, did\u00e0ctiques i metodol\u00f2giques per a l\u2019assoliment de les <strong>compet\u00e8ncies b\u00e0siques.<\/strong><\/li>\n<li>Suport en la <strong>tutoria i l\u2019orientaci\u00f3<\/strong> educativa.<\/li>\n<li><strong>Detecci\u00f3 preco\u00e7<\/strong> de les dificultats d\u2019aprenentatge, socials, motrius i fer avaluacions psicopedag\u00f2giques.<\/li>\n<li>Assessorament sobre el proc\u00e9s d\u2019escolaritzaci\u00f3 en <strong>necessitats educatives espec\u00edfiques i especials<\/strong> (NEE).<\/li>\n<li>Assessorament sobre <strong>adaptacions curriculars individuals<\/strong> (CI).<\/li>\n<li>Suport en la <strong>prevenci\u00f3 de l\u2019abandonament escolar<\/strong> prematur.<\/li>\n<li>Suport en el tractament integrat de <strong>llengua i continguts<\/strong>.<\/li>\n<li>Planificaci\u00f3 i gesti\u00f3 del cat\u00e0leg de <strong>formaci\u00f3 del professorat<\/strong> de la zona.<\/li>\n<li>Suport i assessorament en did\u00e0ctica, <strong>innovaci\u00f3<\/strong> i\/o <strong>planificaci\u00f3<\/strong>: plans de millora, TAC, suport a la lectura\u2026<\/li>\n<li><strong>Servei de pr\u00e9stec<\/strong> de maquinari, v\u00eddeos i textos especialitzats en temes educatius.<\/li>\n<li>Suport a <strong>projectes internacionals<\/strong> pel desenvolupament del <strong>pluriling\u00fcisme<\/strong> i de les <strong>compet\u00e8ncies comunicatives<\/strong> dels alumnes.<\/li>\n<\/ul>\n<p>L&#8217;\u00e0mbit d&#8217;actuaci\u00f3 del servei educatiu\u00a0\u00e9s la comarca del Giron\u00e8s, a m\u00e9s d&#8217;algunes poblacions de comarques ve\u00efnes que, per motius diversos (pertinen\u00e7a a una ZER o a una zona d&#8217;inspecci\u00f3), s&#8217;integren al territori.<\/p>\n<h5>Equips<\/h5>\n<p>El Servei Educatiu el formen quatre equips:<\/p>\n<ul>\n<li>El Centre de Recursos Pedag\u00f2gics (CRP).<\/li>\n<li>Dos Equips d\u2019Assessorament i orientaci\u00f3 Psicopedag\u00f2gica (EAP de Girona i EAP del Giron\u00e8s).<\/li>\n<li>L&#8217;Equip d\u2019assessorament en Llengua i Cohesi\u00f3 social (ELIC).<\/li>\n<\/ul>\n<h5>Pla d&#8217;actuaci\u00f3<\/h5>\n<p>El Servei Educatiu organitza el seu pla d\u2019actuaci\u00f3\u00a0 -en el marc de les seves funcions i del seu \u00e0mbit d\u2019intervenci\u00f3- tenint en compte:<\/p>\n<ul>\n<li>El suport a les pol\u00edtiques educatives dissenyades pel Departament d\u2019Educaci\u00f3.<\/li>\n<li>La intervenci\u00f3 coordinada de suport als centres educatius amb la finalitat d\u2019afavorir-ne l\u2019\u00e8xit escolar, l\u2019equitat i la cohesi\u00f3 social.<\/li>\n<li>Les accions conjuntes dels serveis educatius en els entorns educatius dels centres (treball en xarxa amb serveis d\u2019ajuntaments i institucions).<\/li>\n<\/ul>\n<p>El pla d\u2019actuaci\u00f3 del Servei Educatiu s\u2019ajusta per poder atendre les necessitats dels centres educatius i del seu alumnat, d\u2019acord amb les caracter\u00edstiques de la zona, conjuntament amb les prioritats generals i territorials, i tenint en compte els recursos materials i humans de qu\u00e8 disposa cada servei educatiu.<\/p>\n<h5>Qui pot fer la demanda dels serveis?<\/h5>\n<ul>\n<li>Els centres, mitjan\u00e7ant els seus equips de direcci\u00f3.<\/li>\n<li>Col\u00b7lectius de docents, d\u2019especialitat, de nivell, d\u2019interessos, etc.<\/li>\n<li>Els docents directament.<\/li>\n<li>Altres entitats vinculades a l\u2019Educaci\u00f3.<\/li>\n<\/ul>\n<h5>Com es fa la demanda?<\/h5>\n<p>Trucant al tel\u00e8fon <b>972 413 569<\/b>\u00a0o enviant un correu electr\u00f2nic a <a href=\"mailto:se-girones@xtec.cat\">se-girones@xtec.cat<\/a><\/p>\n","protected":false},"excerpt":{"rendered":"<p>El Servei Educatiu del Giron\u00e8s \u00e9s un equip multiprofessional que dona suport i assessorament als centres educatius p\u00fablics i privats concertats de nivells educatius no universitaris (professorat, alumnat i fam\u00edlies). Els principals serveis que ofereix son: Suport i assessorament en estrat\u00e8gies organitzatives, did\u00e0ctiques i metodol\u00f2giques per a l\u2019assoliment de les compet\u00e8ncies b\u00e0siques. Suport en la [&hellip;]<\/p>\n","protected":false},"author":1,"featured_media":0,"parent":806,"menu_order":0,"comment_status":"closed","ping_status":"closed","template":"page-templates\/side-menu.php","meta":{"site-sidebar-layout":"default","site-content-layout":"","ast-site-content-layout":"","site-content-style":"default","site-sidebar-style":"default","ast-global-header-display":"","ast-banner-title-visibility":"","ast-main-header-display":"","ast-hfb-above-header-display":"","ast-hfb-below-header-display":"","ast-hfb-mobile-header-display":"","site-post-title":"","ast-breadcrumbs-content":"","ast-featured-img":"","footer-sml-layout":"","theme-transparent-header-meta":"","adv-header-id-meta":"","stick-header-meta":"","header-above-stick-meta":"","header-main-stick-meta":"","header-below-stick-meta":"","astra-migrate-meta-layouts":"default","ast-page-background-enabled":"default","ast-page-background-meta":{"desktop":{"background-color":"var(--ast-global-color-4)","background-image":"","background-repeat":"repeat","background-position":"center center","background-size":"auto","background-attachment":"scroll","background-type":"","background-media":"","overlay-type":"","overlay-color":"","overlay-opacity":"","overlay-gradient":""},"tablet":{"background-color":"","background-image":"","background-repeat":"repeat","background-position":"center center","background-size":"auto","background-attachment":"scroll","background-type":"","background-media":"","overlay-type":"","overlay-color":"","overlay-opacity":"","overlay-gradient":""},"mobile":{"background-color":"","background-image":"","background-repeat":"repeat","background-position":"center center","background-size":"auto","background-attachment":"scroll","background-type":"","background-media":"","overlay-type":"","overlay-color":"","overlay-opacity":"","overlay-gradient":""}},"ast-content-background-meta":{"desktop":{"background-color":"var(--ast-global-color-5)","background-image":"","background-repeat":"repeat","background-position":"center center","background-size":"auto","background-attachment":"scroll","background-type":"","background-media":"","overlay-type":"","overlay-color":"","overlay-opacity":"","overlay-gradient":""},"tablet":{"background-color":"var(--ast-global-color-5)","background-image":"","background-repeat":"repeat","background-position":"center center","background-size":"auto","background-attachment":"scroll","background-type":"","background-media":"","overlay-type":"","overlay-color":"","overlay-opacity":"","overlay-gradient":""},"mobile":{"background-color":"var(--ast-global-color-5)","background-image":"","background-repeat":"repeat","background-position":"center center","background-size":"auto","background-attachment":"scroll","background-type":"","background-media":"","overlay-type":"","overlay-color":"","overlay-opacity":"","overlay-gradient":""}},"footnotes":""},"class_list":["post-797","page","type-page","status-publish","hentry"],"post_mailing_queue_ids":[],"_links":{"self":[{"href":"https:\/\/serveiseducatius.xtec.cat\/girones\/wp-json\/wp\/v2\/pages\/797","targetHints":{"allow":["GET"]}}],"collection":[{"href":"https:\/\/serveiseducatius.xtec.cat\/girones\/wp-json\/wp\/v2\/pages"}],"about":[{"href":"https:\/\/serveiseducatius.xtec.cat\/girones\/wp-json\/wp\/v2\/types\/page"}],"author":[{"embeddable":true,"href":"https:\/\/serveiseducatius.xtec.cat\/girones\/wp-json\/wp\/v2\/users\/1"}],"replies":[{"embeddable":true,"href":"https:\/\/serveiseducatius.xtec.cat\/girones\/wp-json\/wp\/v2\/comments?post=797"}],"version-history":[{"count":3,"href":"https:\/\/serveiseducatius.xtec.cat\/girones\/wp-json\/wp\/v2\/pages\/797\/revisions"}],"predecessor-version":[{"id":8261,"href":"https:\/\/serveiseducatius.xtec.cat\/girones\/wp-json\/wp\/v2\/pages\/797\/revisions\/8261"}],"up":[{"embeddable":true,"href":"https:\/\/serveiseducatius.xtec.cat\/girones\/wp-json\/wp\/v2\/pages\/806"}],"wp:attachment":[{"href":"https:\/\/serveiseducatius.xtec.cat\/girones\/wp-json\/wp\/v2\/media?parent=797"}],"curies":[{"name":"wp","href":"https:\/\/api.w.org\/{rel}","templated":true}]}}