{"id":416,"date":"2015-11-25T15:58:53","date_gmt":"2015-11-25T14:58:53","guid":{"rendered":"http:\/\/serveiseducatius.xtec.cat\/girones\/?page_id=416"},"modified":"2025-06-02T15:13:38","modified_gmt":"2025-06-02T13:13:38","slug":"formacio","status":"publish","type":"page","link":"https:\/\/serveiseducatius.xtec.cat\/girones\/formacio-2\/formacio\/","title":{"rendered":"Pla de Formaci\u00f3 de Zona"},"content":{"rendered":"\n<p>El Departament d\u2019Educaci\u00f3 ha establert un conjunt de l\u00ednies de formaci\u00f3 permanent per donar resposta a les necessitats de formaci\u00f3 permanent dels centres educatius i dels docents de Catalunya. El Pla de Formaci\u00f3 de Zona (PFZ) \u00e9s la planificaci\u00f3 a nivell comarcal de la formaci\u00f3 permanent del professorat, la qual incorpora les activitats de formaci\u00f3 en centre i altres activitats adre\u00e7ades a tot el professorat de la comarca. El professorat hi participa a trav\u00e9s del proc\u00e9s de detecci\u00f3 de necessitats (demandes formatives) i mitjan\u00e7ant la seva representaci\u00f3 en la comissi\u00f3 del PFZ.<\/p>\n\n\n\n<h5 class=\"wp-block-heading\">Calendari PFZ 25\/26<\/h5>\n\n\n\n<figure class=\"wp-block-table table\"><table class=\"has-fixed-layout\"><tbody><tr><td><b>Proc\u00e9s<\/b><\/td><td class=\"has-text-align-center\" data-align=\"center\"><b>Inici<\/b><\/td><td class=\"has-text-align-center\" data-align=\"center\"><b>Fi<\/b><\/td><\/tr><tr><td><span style=\"font-weight: 400;\"><strong>1. Detecci\u00f3 de necessitats<\/strong><\/span><\/td><td class=\"has-text-align-center\" data-align=\"center\">12\/05\/2025<\/td><td class=\"has-text-align-center\" data-align=\"center\">23\/05\/2025<\/td><\/tr><tr><td><span style=\"font-weight: 400;\"><strong>2. Proposta d&#8217;activitats. <\/strong>A trav\u00e9s del formulari<\/span><\/td><td class=\"has-text-align-center\" data-align=\"center\">26\/05\/2025<\/td><td class=\"has-text-align-center\" data-align=\"center\">30\/05\/2025<\/td><\/tr><tr><td><strong>3. Publicaci\u00f3 de les activitats aprovades<\/strong><\/td><td class=\"has-text-align-center\" data-align=\"center\" colspan=\"2\">15\/07\/2025<\/td><\/tr><tr><td><strong>4. Inscripci\u00f3 del professorat a les activitats&nbsp;<\/strong><\/td><td class=\"has-text-align-center\" data-align=\"center\">05\/09\/2025<\/td><td class=\"has-text-align-center\" data-align=\"center\">21\/09\/ 2025<\/td><\/tr><tr><td><strong>5. Consulta d&#8217;adjudicacions&nbsp;<\/strong><\/td><td class=\"has-text-align-center\" data-align=\"center\">07\/10\/ 2025<\/td><td class=\"has-text-align-center\" data-align=\"center\">&nbsp;<\/td><\/tr><tr><td><strong>6. Inici de les activitats<\/strong><\/td><td class=\"has-text-align-center\" data-align=\"center\" colspan=\"2\">A partir del 13\/10\/2025<\/td><\/tr><\/tbody><\/table><\/figure>\n\n\n\n<p>\u00a0Modalitats de formaci\u00f3 en centre:<\/p>\n\n\n\n<div class=\"wp-block-getwid-button-group\"><div class=\"wp-block-getwid-button-group__wrapper\">\n<div class=\"wp-block-button\"><a class=\"wp-block-button__link wp-element-button\" href=\"https:\/\/drive.google.com\/file\/d\/1Sil4gJ282xnZNO0NA9I9YMEpLbF9FCd3\/view?usp=sharing\" target=\"_blank\" rel=\"noreferrer noopener\">Assessorament<\/a><\/div>\n\n\n\n<div class=\"wp-block-button\"><a class=\"wp-block-button__link wp-element-button\" href=\"https:\/\/drive.google.com\/file\/d\/1DfiE6pUWwq8xyot4cPhUfwdkEYdFnand\/view?usp=sharing\" target=\"_blank\" rel=\"noreferrer noopener\">Taller<\/a><\/div>\n\n\n\n<div class=\"wp-block-button\"><a class=\"wp-block-button__link wp-element-button\" href=\"https:\/\/drive.google.com\/file\/d\/1Sil4gJ282xnZNO0NA9I9YMEpLbF9FCd3\/view?usp=sharing\" target=\"_blank\" rel=\"noreferrer noopener\">Formaci\u00f3 Interna de Centre (FIC)<\/a><\/div>\n\n\n\n<div class=\"wp-block-button\"><a class=\"wp-block-button__link wp-element-button\" href=\"https:\/\/drive.google.com\/file\/d\/12CXDs29ARx9_8vL_btRmQc8_KXGCwdSn\/view?usp=sharing\" target=\"_blank\" rel=\"noreferrer noopener\">Visita formativa<\/a><\/div>\n<\/div><\/div>\n\n\n\n<p><a href=\"https:\/\/drive.google.com\/file\/d\/1DfiE6pUWwq8xyot4cPhUfwdkEYdFnand\/view?usp=sharing\" target=\"_blank\" rel=\"noreferrer noopener\"><\/a><br><br><br><\/p>\n","protected":false},"excerpt":{"rendered":"<p>El Departament d\u2019Educaci\u00f3 ha establert un conjunt de l\u00ednies de formaci\u00f3 permanent per donar resposta a les necessitats de formaci\u00f3 permanent dels centres educatius i dels docents de Catalunya. El Pla de Formaci\u00f3 de Zona (PFZ) \u00e9s la planificaci\u00f3 a nivell comarcal de la formaci\u00f3 permanent del professorat, la qual incorpora les activitats de formaci\u00f3 [&hellip;]<\/p>\n","protected":false},"author":1,"featured_media":0,"parent":8278,"menu_order":0,"comment_status":"closed","ping_status":"closed","template":"","meta":{"site-sidebar-layout":"default","site-content-layout":"","ast-site-content-layout":"default","site-content-style":"default","site-sidebar-style":"default","ast-global-header-display":"","ast-banner-title-visibility":"","ast-main-header-display":"","ast-hfb-above-header-display":"","ast-hfb-below-header-display":"","ast-hfb-mobile-header-display":"","site-post-title":"","ast-breadcrumbs-content":"","ast-featured-img":"","footer-sml-layout":"","theme-transparent-header-meta":"","adv-header-id-meta":"","stick-header-meta":"","header-above-stick-meta":"","header-main-stick-meta":"","header-below-stick-meta":"","astra-migrate-meta-layouts":"set","ast-page-background-enabled":"default","ast-page-background-meta":{"desktop":{"background-color":"var(--ast-global-color-4)","background-image":"","background-repeat":"repeat","background-position":"center center","background-size":"auto","background-attachment":"scroll","background-type":"","background-media":"","overlay-type":"","overlay-color":"","overlay-opacity":"","overlay-gradient":""},"tablet":{"background-color":"","background-image":"","background-repeat":"repeat","background-position":"center center","background-size":"auto","background-attachment":"scroll","background-type":"","background-media":"","overlay-type":"","overlay-color":"","overlay-opacity":"","overlay-gradient":""},"mobile":{"background-color":"","background-image":"","background-repeat":"repeat","background-position":"center center","background-size":"auto","background-attachment":"scroll","background-type":"","background-media":"","overlay-type":"","overlay-color":"","overlay-opacity":"","overlay-gradient":""}},"ast-content-background-meta":{"desktop":{"background-color":"var(--ast-global-color-5)","background-image":"","background-repeat":"repeat","background-position":"center center","background-size":"auto","background-attachment":"scroll","background-type":"","background-media":"","overlay-type":"","overlay-color":"","overlay-opacity":"","overlay-gradient":""},"tablet":{"background-color":"var(--ast-global-color-5)","background-image":"","background-repeat":"repeat","background-position":"center center","background-size":"auto","background-attachment":"scroll","background-type":"","background-media":"","overlay-type":"","overlay-color":"","overlay-opacity":"","overlay-gradient":""},"mobile":{"background-color":"var(--ast-global-color-5)","background-image":"","background-repeat":"repeat","background-position":"center center","background-size":"auto","background-attachment":"scroll","background-type":"","background-media":"","overlay-type":"","overlay-color":"","overlay-opacity":"","overlay-gradient":""}},"footnotes":""},"class_list":["post-416","page","type-page","status-publish","hentry"],"post_mailing_queue_ids":[],"_links":{"self":[{"href":"https:\/\/serveiseducatius.xtec.cat\/girones\/wp-json\/wp\/v2\/pages\/416","targetHints":{"allow":["GET"]}}],"collection":[{"href":"https:\/\/serveiseducatius.xtec.cat\/girones\/wp-json\/wp\/v2\/pages"}],"about":[{"href":"https:\/\/serveiseducatius.xtec.cat\/girones\/wp-json\/wp\/v2\/types\/page"}],"author":[{"embeddable":true,"href":"https:\/\/serveiseducatius.xtec.cat\/girones\/wp-json\/wp\/v2\/users\/1"}],"replies":[{"embeddable":true,"href":"https:\/\/serveiseducatius.xtec.cat\/girones\/wp-json\/wp\/v2\/comments?post=416"}],"version-history":[{"count":6,"href":"https:\/\/serveiseducatius.xtec.cat\/girones\/wp-json\/wp\/v2\/pages\/416\/revisions"}],"predecessor-version":[{"id":17942,"href":"https:\/\/serveiseducatius.xtec.cat\/girones\/wp-json\/wp\/v2\/pages\/416\/revisions\/17942"}],"up":[{"embeddable":true,"href":"https:\/\/serveiseducatius.xtec.cat\/girones\/wp-json\/wp\/v2\/pages\/8278"}],"wp:attachment":[{"href":"https:\/\/serveiseducatius.xtec.cat\/girones\/wp-json\/wp\/v2\/media?parent=416"}],"curies":[{"name":"wp","href":"https:\/\/api.w.org\/{rel}","templated":true}]}}