{"id":391,"date":"2015-11-25T14:31:04","date_gmt":"2015-11-25T13:31:04","guid":{"rendered":"http:\/\/serveiseducatius.xtec.cat\/girones\/?page_id=391"},"modified":"2019-02-26T16:50:48","modified_gmt":"2019-02-26T15:50:48","slug":"formacio-adults","status":"publish","type":"page","link":"https:\/\/serveiseducatius.xtec.cat\/girones\/centres-educatius\/formacio-adults\/","title":{"rendered":"Formaci\u00f3 d&#8217;adults"},"content":{"rendered":"<p><img loading=\"lazy\" decoding=\"async\" class=\"alignnone wp-image-1257\" src=\"http:\/\/serveiseducatius.xtec.cat\/girones\/wp-content\/uploads\/usu1154\/2015\/11\/mapa.png\" alt=\"mapa\" width=\"551\" height=\"346\" \/><\/p>\n<table width=\"977\">\n<tbody>\n<tr>\n<td width=\"330\">CFA Girona<\/td>\n<td width=\"245\">Travessia de la Creu, 1-3<\/td>\n<td width=\"174\">Girona<\/td>\n<td width=\"119\">17002<\/td>\n<td width=\"109\">972228820<\/td>\n<\/tr>\n<tr>\n<td width=\"330\">CFA Nou de Girona<\/td>\n<td width=\"245\">Narc\u00eds Xifra i Masmitj\u00e0, 43<\/td>\n<td width=\"174\">Girona<\/td>\n<td width=\"119\">17005<\/td>\n<td width=\"109\">972230403<\/td>\n<\/tr>\n<tr>\n<td width=\"330\">CFA Les Bernardes<\/td>\n<td width=\"245\">c. Sant Dion\u00eds, 40-42<\/td>\n<td width=\"174\">Salt<\/td>\n<td width=\"119\">17190<\/td>\n<td width=\"109\">972241410<\/td>\n<\/tr>\n<tr>\n<td width=\"330\">EOI Girona<\/td>\n<td width=\"245\">c.\u00a0Josep Viader i Moliner, 16<\/td>\n<td width=\"174\">Girona<\/td>\n<td width=\"119\">17005<\/td>\n<td width=\"109\">972219100<\/td>\n<\/tr>\n<\/tbody>\n<\/table>\n","protected":false},"excerpt":{"rendered":"<p>CFA Girona Travessia de la Creu, 1-3 Girona 17002 972228820 CFA Nou de Girona Narc\u00eds Xifra i Masmitj\u00e0, 43 Girona 17005 972230403 CFA Les Bernardes c. Sant Dion\u00eds, 40-42 Salt 17190 972241410 EOI Girona c.\u00a0Josep Viader i Moliner, 16 Girona 17005 972219100<\/p>\n","protected":false},"author":1,"featured_media":0,"parent":338,"menu_order":50,"comment_status":"closed","ping_status":"closed","template":"page-templates\/side-menu.php","meta":{"site-sidebar-layout":"default","site-content-layout":"","ast-site-content-layout":"","site-content-style":"default","site-sidebar-style":"default","ast-global-header-display":"","ast-banner-title-visibility":"","ast-main-header-display":"","ast-hfb-above-header-display":"","ast-hfb-below-header-display":"","ast-hfb-mobile-header-display":"","site-post-title":"","ast-breadcrumbs-content":"","ast-featured-img":"","footer-sml-layout":"","theme-transparent-header-meta":"","adv-header-id-meta":"","stick-header-meta":"","header-above-stick-meta":"","header-main-stick-meta":"","header-below-stick-meta":"","astra-migrate-meta-layouts":"default","ast-page-background-enabled":"default","ast-page-background-meta":{"desktop":{"background-color":"var(--ast-global-color-4)","background-image":"","background-repeat":"repeat","background-position":"center center","background-size":"auto","background-attachment":"scroll","background-type":"","background-media":"","overlay-type":"","overlay-color":"","overlay-opacity":"","overlay-gradient":""},"tablet":{"background-color":"","background-image":"","background-repeat":"repeat","background-position":"center center","background-size":"auto","background-attachment":"scroll","background-type":"","background-media":"","overlay-type":"","overlay-color":"","overlay-opacity":"","overlay-gradient":""},"mobile":{"background-color":"","background-image":"","background-repeat":"repeat","background-position":"center center","background-size":"auto","background-attachment":"scroll","background-type":"","background-media":"","overlay-type":"","overlay-color":"","overlay-opacity":"","overlay-gradient":""}},"ast-content-background-meta":{"desktop":{"background-color":"var(--ast-global-color-5)","background-image":"","background-repeat":"repeat","background-position":"center center","background-size":"auto","background-attachment":"scroll","background-type":"","background-media":"","overlay-type":"","overlay-color":"","overlay-opacity":"","overlay-gradient":""},"tablet":{"background-color":"var(--ast-global-color-5)","background-image":"","background-repeat":"repeat","background-position":"center center","background-size":"auto","background-attachment":"scroll","background-type":"","background-media":"","overlay-type":"","overlay-color":"","overlay-opacity":"","overlay-gradient":""},"mobile":{"background-color":"var(--ast-global-color-5)","background-image":"","background-repeat":"repeat","background-position":"center center","background-size":"auto","background-attachment":"scroll","background-type":"","background-media":"","overlay-type":"","overlay-color":"","overlay-opacity":"","overlay-gradient":""}},"footnotes":""},"class_list":["post-391","page","type-page","status-publish","hentry"],"post_mailing_queue_ids":[],"_links":{"self":[{"href":"https:\/\/serveiseducatius.xtec.cat\/girones\/wp-json\/wp\/v2\/pages\/391","targetHints":{"allow":["GET"]}}],"collection":[{"href":"https:\/\/serveiseducatius.xtec.cat\/girones\/wp-json\/wp\/v2\/pages"}],"about":[{"href":"https:\/\/serveiseducatius.xtec.cat\/girones\/wp-json\/wp\/v2\/types\/page"}],"author":[{"embeddable":true,"href":"https:\/\/serveiseducatius.xtec.cat\/girones\/wp-json\/wp\/v2\/users\/1"}],"replies":[{"embeddable":true,"href":"https:\/\/serveiseducatius.xtec.cat\/girones\/wp-json\/wp\/v2\/comments?post=391"}],"version-history":[{"count":3,"href":"https:\/\/serveiseducatius.xtec.cat\/girones\/wp-json\/wp\/v2\/pages\/391\/revisions"}],"predecessor-version":[{"id":8437,"href":"https:\/\/serveiseducatius.xtec.cat\/girones\/wp-json\/wp\/v2\/pages\/391\/revisions\/8437"}],"up":[{"embeddable":true,"href":"https:\/\/serveiseducatius.xtec.cat\/girones\/wp-json\/wp\/v2\/pages\/338"}],"wp:attachment":[{"href":"https:\/\/serveiseducatius.xtec.cat\/girones\/wp-json\/wp\/v2\/media?parent=391"}],"curies":[{"name":"wp","href":"https:\/\/api.w.org\/{rel}","templated":true}]}}