{"id":385,"date":"2015-11-25T14:26:15","date_gmt":"2015-11-25T13:26:15","guid":{"rendered":"http:\/\/serveiseducatius.xtec.cat\/girones\/?page_id=385"},"modified":"2025-02-12T10:05:46","modified_gmt":"2025-02-12T09:05:46","slug":"ensenyament-secundari-batxillerat-i-formacio-professional","status":"publish","type":"page","link":"https:\/\/serveiseducatius.xtec.cat\/girones\/centres-educatius\/ensenyament-secundari-batxillerat-i-formacio-professional\/","title":{"rendered":"Ensenyament secundari, Batxillerat i Formaci\u00f3 professional"},"content":{"rendered":"<p>&nbsp;<\/p>\n<h5>Ensenyament secundari<\/h5>\n<table style=\"width: 963px;\" width=\"977\">\n<tbody>\n<tr>\n<td style=\"width: 323px;\" width=\"330\">La Salle de Cass\u00e0<\/td>\n<td style=\"width: 241px;\" width=\"245\">c. Germ\u00e0 Agust\u00ed, 25<\/td>\n<td style=\"width: 172px;\" width=\"174\">Cass\u00e0 de la Selva<\/td>\n<td style=\"width: 118px;\" width=\"119\">17244<\/td>\n<td style=\"width: 109px;\" width=\"109\">972460261<\/td>\n<\/tr>\n<tr>\n<td style=\"width: 323px;\" width=\"330\">Les Alzines<\/td>\n<td style=\"width: 241px;\" width=\"245\">c. La Creu de Palau, s\/n<\/td>\n<td style=\"width: 172px;\" width=\"174\">Girona<\/td>\n<td style=\"width: 118px;\" width=\"119\">17003<\/td>\n<td style=\"width: 109px;\" width=\"109\">972212162<\/td>\n<\/tr>\n<tr>\n<td style=\"width: 323px;\" width=\"330\">Vedruna<\/td>\n<td style=\"width: 241px;\" width=\"245\">ctra. Barcelona, 21<\/td>\n<td style=\"width: 172px;\" width=\"174\">Girona<\/td>\n<td style=\"width: 118px;\" width=\"119\">17002<\/td>\n<td style=\"width: 109px;\" width=\"109\">972202084<\/td>\n<\/tr>\n<tr>\n<td style=\"width: 323px;\" width=\"330\">FEDAC Sant Narc\u00eds<\/td>\n<td style=\"width: 241px;\" width=\"245\">c. Pare Coll, 1-3<\/td>\n<td style=\"width: 172px;\" width=\"174\">Girona<\/td>\n<td style=\"width: 118px;\" width=\"119\">17005<\/td>\n<td style=\"width: 109px;\" width=\"109\">972233212<\/td>\n<\/tr>\n<tr>\n<td style=\"width: 323px;\" width=\"330\">La Salle<\/td>\n<td style=\"width: 241px;\" width=\"245\">c. Sant Joan Baptiste de la Salle, 12<\/td>\n<td style=\"width: 172px;\" width=\"174\">Girona<\/td>\n<td style=\"width: 118px;\" width=\"119\">17002<\/td>\n<td style=\"width: 109px;\" width=\"109\">972200292<\/td>\n<\/tr>\n<tr>\n<td style=\"width: 323px;\" width=\"330\">Maristes Girona<\/td>\n<td style=\"width: 241px;\" width=\"245\">av. Josep Tarradellas, 5-7<\/td>\n<td style=\"width: 172px;\" width=\"174\">Girona<\/td>\n<td style=\"width: 118px;\" width=\"119\">17005<\/td>\n<td style=\"width: 109px;\" width=\"109\">972232211<\/td>\n<\/tr>\n<tr>\n<td style=\"width: 323px;\" width=\"330\">Bell-lloc del Pla<\/td>\n<td style=\"width: 241px;\" width=\"245\">Can Pau Birol, 2-6<\/td>\n<td style=\"width: 172px;\" width=\"174\">Girona<\/td>\n<td style=\"width: 118px;\" width=\"119\">17005<\/td>\n<td style=\"width: 109px;\" width=\"109\">972232111<\/td>\n<\/tr>\n<tr>\n<td style=\"width: 323px;\" width=\"330\">Institut Jaume Vicens Vives<\/td>\n<td style=\"width: 241px;\" width=\"245\">c. Ferr\u00e0ndiz i de Bell\u00e9s, s\/n<\/td>\n<td style=\"width: 172px;\" width=\"174\">Girona<\/td>\n<td style=\"width: 118px;\" width=\"119\">17004<\/td>\n<td style=\"width: 109px;\" width=\"109\">972200130<\/td>\n<\/tr>\n<tr>\n<td style=\"width: 323px;\" width=\"330\">Institut Montilivi<\/td>\n<td style=\"width: 241px;\" width=\"245\">av. Montilivi, 125<\/td>\n<td style=\"width: 172px;\" width=\"174\">Girona<\/td>\n<td style=\"width: 118px;\" width=\"119\">17003<\/td>\n<td style=\"width: 109px;\" width=\"109\">972209458<\/td>\n<\/tr>\n<tr>\n<td style=\"width: 323px;\" width=\"330\">Institut\u00a0Ermessenda<\/td>\n<td style=\"width: 241px;\" width=\"245\">c. Antic Roca, 38<\/td>\n<td style=\"width: 172px;\" width=\"174\">Girona<\/td>\n<td style=\"width: 118px;\" width=\"119\">17001<\/td>\n<td style=\"width: 109px;\" width=\"109\">972656900<\/td>\n<\/tr>\n<tr>\n<td style=\"width: 323px;\" width=\"330\">Montessori-Palau<\/td>\n<td style=\"width: 241px;\" width=\"245\">c. Cam\u00ed vell de Fornells, 33<\/td>\n<td style=\"width: 172px;\" width=\"174\">Girona<\/td>\n<td style=\"width: 118px;\" width=\"119\">17003<\/td>\n<td style=\"width: 109px;\" width=\"109\">972417676<\/td>\n<\/tr>\n<tr>\n<td style=\"width: 323px;\" width=\"330\">Pompeu Fabra<\/td>\n<td style=\"width: 241px;\" width=\"245\">c. Sant Dion\u00eds, 31<\/td>\n<td style=\"width: 172px;\" width=\"174\">Salt<\/td>\n<td style=\"width: 118px;\" width=\"119\">17190<\/td>\n<td style=\"width: 109px;\" width=\"109\">972234972<\/td>\n<\/tr>\n<tr>\n<td style=\"width: 323px;\" width=\"330\">Vilagran<\/td>\n<td style=\"width: 241px;\" width=\"245\">c. Cervantes, 13-15<\/td>\n<td style=\"width: 172px;\" width=\"174\">Salt<\/td>\n<td style=\"width: 118px;\" width=\"119\">17190<\/td>\n<td style=\"width: 109px;\" width=\"109\">972241757<\/td>\n<\/tr>\n<tr>\n<td style=\"width: 323px;\" width=\"330\">Institut Salvador Espriu<\/td>\n<td style=\"width: 241px;\" width=\"245\">av. Folch i Torres, 4<\/td>\n<td style=\"width: 172px;\" width=\"174\">Salt<\/td>\n<td style=\"width: 118px;\" width=\"119\">17190<\/td>\n<td style=\"width: 109px;\" width=\"109\">972240246<\/td>\n<\/tr>\n<tr>\n<td style=\"width: 323px;\" width=\"330\">Institut Narc\u00eds Xifra i Masmitj\u00e0<\/td>\n<td style=\"width: 241px;\" width=\"245\">pg. Sant Joan Bosco, 1<\/td>\n<td style=\"width: 172px;\" width=\"174\">Girona<\/td>\n<td style=\"width: 118px;\" width=\"119\">17007<\/td>\n<td style=\"width: 109px;\" width=\"109\">972212612<\/td>\n<\/tr>\n<tr>\n<td style=\"width: 323px;\" width=\"330\">Institut Santiago Sobrequ\u00e9s i Vidal<\/td>\n<td style=\"width: 241px;\" width=\"245\">c. Joan Regl\u00e0, 2-4<\/td>\n<td style=\"width: 172px;\" width=\"174\">Girona<\/td>\n<td style=\"width: 118px;\" width=\"119\">17003<\/td>\n<td style=\"width: 109px;\" width=\"109\">972218550<\/td>\n<\/tr>\n<tr>\n<td style=\"width: 323px;\" width=\"330\">Institut Carles Rahola i Llorens<\/td>\n<td style=\"width: 241px;\" width=\"245\">c. Joan Mir\u00f3 i Ferr\u00e0, 10<\/td>\n<td style=\"width: 172px;\" width=\"174\">Girona<\/td>\n<td style=\"width: 118px;\" width=\"119\">17007<\/td>\n<td style=\"width: 109px;\" width=\"109\">972213118<\/td>\n<\/tr>\n<tr>\n<td style=\"width: 323px;\" width=\"330\">Institut Vallvera<\/td>\n<td style=\"width: 241px;\" width=\"245\">Cam\u00ed de les Guixeres, 2<\/td>\n<td style=\"width: 172px;\" width=\"174\">Salt<\/td>\n<td style=\"width: 118px;\" width=\"119\">17190<\/td>\n<td style=\"width: 109px;\" width=\"109\">972231919<\/td>\n<\/tr>\n<tr>\n<td style=\"width: 323px;\" width=\"330\">Sant Jordi<\/td>\n<td style=\"width: 241px;\" width=\"245\">ctra. de Girona a Fornells<\/td>\n<td style=\"width: 172px;\" width=\"174\">Fornells de la Selva<\/td>\n<td style=\"width: 118px;\" width=\"119\">17458<\/td>\n<td style=\"width: 109px;\" width=\"109\">972476065<\/td>\n<\/tr>\n<tr>\n<td style=\"width: 323px;\" width=\"330\">Institut de Cass\u00e0 de la Selva<\/td>\n<td style=\"width: 241px;\" width=\"245\">c. Josep Pla, s\/n<\/td>\n<td style=\"width: 172px;\" width=\"174\">Cass\u00e0 de la Selva<\/td>\n<td style=\"width: 118px;\" width=\"119\">17244<\/td>\n<td style=\"width: 109px;\" width=\"109\">972460630<\/td>\n<\/tr>\n<tr>\n<td style=\"width: 323px;\" width=\"330\">Institut de Celr\u00e0<\/td>\n<td style=\"width: 241px;\" width=\"245\">c. Pa\u00efsos Catalans, s\/n<\/td>\n<td style=\"width: 172px;\" width=\"174\">Celr\u00e0<\/td>\n<td style=\"width: 118px;\" width=\"119\">17460<\/td>\n<td style=\"width: 109px;\" width=\"109\">972492405<\/td>\n<\/tr>\n<tr>\n<td style=\"width: 323px;\" width=\"330\">Institut de Llagostera<\/td>\n<td style=\"width: 241px;\" width=\"245\">av. del Giron\u00e8s, 51<\/td>\n<td style=\"width: 172px;\" width=\"174\">Llagostera<\/td>\n<td style=\"width: 118px;\" width=\"119\">17240<\/td>\n<td style=\"width: 109px;\" width=\"109\">972831593<\/td>\n<\/tr>\n<tr>\n<td style=\"width: 323px;\" width=\"330\">Institut Santa Eug\u00e8nia<\/td>\n<td style=\"width: 241px;\" width=\"245\">c. Enric Marqu\u00e8s i Ribalta, 3<\/td>\n<td style=\"width: 172px;\" width=\"174\">Girona<\/td>\n<td style=\"width: 118px;\" width=\"119\">17006<\/td>\n<td style=\"width: 109px;\" width=\"109\">972230111<\/td>\n<\/tr>\n<tr>\n<td style=\"width: 323px;\" width=\"330\">Institut Vall de Ll\u00e9mana<\/td>\n<td style=\"width: 241px;\" width=\"245\">p. Rafel Mas\u00f3, s\/n<\/td>\n<td style=\"width: 172px;\" width=\"174\">Sant Gregori<\/td>\n<td style=\"width: 118px;\" width=\"119\">170150<\/td>\n<td style=\"width: 109px;\" width=\"109\">972656691<\/td>\n<\/tr>\n<tr>\n<td style=\"width: 323px;\" width=\"330\">Institut Salvador Sunyer<\/td>\n<td style=\"width: 241px;\" width=\"245\">c. de Miquel Mart\u00ed i Pol, s\/n<\/td>\n<td style=\"width: 172px;\" width=\"174\">Salt<\/td>\n<td style=\"width: 118px;\" width=\"119\">17190<\/td>\n<td style=\"width: 109px;\" width=\"109\">972234975<\/td>\n<\/tr>\n<tr>\n<td style=\"width: 323px;\" width=\"330\">Institut de Vilablareix<\/td>\n<td style=\"width: 241px;\" width=\"245\">c. Marie Curie, s\/n<\/td>\n<td style=\"width: 172px;\" width=\"174\">Vilablareix<\/td>\n<td style=\"width: 118px;\" width=\"119\">17180<\/td>\n<td style=\"width: 109px;\" width=\"109\">972406005<\/td>\n<\/tr>\n<tr>\n<td style=\"width: 323px;\" width=\"330\">SI la Miquela<\/td>\n<td style=\"width: 241px;\" width=\"245\">c. Salvador Dal\u00ed, 2<\/td>\n<td style=\"width: 172px;\" width=\"174\">Bescan\u00f3<\/td>\n<td style=\"width: 118px;\" width=\"119\">17162<\/td>\n<td style=\"width: 109px;\" width=\"109\">972442413<\/td>\n<\/tr>\n<\/tbody>\n<\/table>\n<h5>Batxillerat<\/h5>\n<table style=\"width: 71.151%; height: 643px;\" width=\"977\">\n<tbody>\n<tr style=\"height: 33px;\">\n<td style=\"height: 33px;\" width=\"330\">Institut de Cass\u00e0 de la Selva<\/td>\n<td style=\"height: 33px;\" width=\"245\">c. Josep Pla, s\/n<\/td>\n<td style=\"height: 33px;\" width=\"174\">Cass\u00e0 de la Selva<\/td>\n<td style=\"height: 33px;\" width=\"119\">17244<\/td>\n<td style=\"height: 33px;\" width=\"109\">972460630<\/td>\n<\/tr>\n<tr style=\"height: 33px;\">\n<td style=\"height: 33px;\" width=\"330\">Institut de Celr\u00e0<\/td>\n<td style=\"height: 33px;\" width=\"245\">c. Pa\u00efsos Catalans, s\/n<\/td>\n<td style=\"height: 33px;\" width=\"174\">Celr\u00e0<\/td>\n<td style=\"height: 33px;\" width=\"119\">17460<\/td>\n<td style=\"height: 33px;\" width=\"109\">972492405<\/td>\n<\/tr>\n<tr style=\"height: 33px;\">\n<td style=\"height: 33px;\" width=\"330\">Sant Jordi<\/td>\n<td style=\"height: 33px;\" width=\"245\">ctra. de Girona a Fornells<\/td>\n<td style=\"height: 33px;\" width=\"174\">Fornells de la Selva<\/td>\n<td style=\"height: 33px;\" width=\"119\">17458<\/td>\n<td style=\"height: 33px;\" width=\"109\">972476065<\/td>\n<\/tr>\n<tr style=\"height: 33px;\">\n<td style=\"height: 33px;\" width=\"330\">Les Alzines<\/td>\n<td style=\"height: 33px;\" width=\"245\">c. La Creu de Palau, s\/n<\/td>\n<td style=\"height: 33px;\" width=\"174\">Girona<\/td>\n<td style=\"height: 33px;\" width=\"119\">17003<\/td>\n<td style=\"height: 33px;\" width=\"109\">972212162<\/td>\n<\/tr>\n<tr style=\"height: 33px;\">\n<td style=\"height: 33px;\" width=\"330\">Vedruna<\/td>\n<td style=\"height: 33px;\" width=\"245\">ctra. Barcelona, 21<\/td>\n<td style=\"height: 33px;\" width=\"174\">Girona<\/td>\n<td style=\"height: 33px;\" width=\"119\">17002<\/td>\n<td style=\"height: 33px;\" width=\"109\">972202084<\/td>\n<\/tr>\n<tr style=\"height: 49px;\">\n<td style=\"height: 49px;\" width=\"330\">La Salle<\/td>\n<td style=\"height: 49px;\" width=\"245\">c. Sant Joan Baptiste de la Salle, 12<\/td>\n<td style=\"height: 49px;\" width=\"174\">Girona<\/td>\n<td style=\"height: 49px;\" width=\"119\">17002<\/td>\n<td style=\"height: 49px;\" width=\"109\">972200292<\/td>\n<\/tr>\n<tr style=\"height: 33px;\">\n<td style=\"height: 33px;\" width=\"330\">Maristes Girona<\/td>\n<td style=\"height: 33px;\" width=\"245\">av. Josep Tarradellas, 5-7<\/td>\n<td style=\"height: 33px;\" width=\"174\">Girona<\/td>\n<td style=\"height: 33px;\" width=\"119\">17005<\/td>\n<td style=\"height: 33px;\" width=\"109\">972232211<\/td>\n<\/tr>\n<tr style=\"height: 33px;\">\n<td style=\"height: 33px;\" width=\"330\">Bell-lloc del Pla<\/td>\n<td style=\"height: 33px;\" width=\"245\">Can Pau Birol, 2-6<\/td>\n<td style=\"height: 33px;\" width=\"174\">Girona<\/td>\n<td style=\"height: 33px;\" width=\"119\">17005<\/td>\n<td style=\"height: 33px;\" width=\"109\">972232111<\/td>\n<\/tr>\n<tr style=\"height: 33px;\">\n<td style=\"height: 33px;\" width=\"330\">Institut Jaume Vicens Vives<\/td>\n<td style=\"height: 33px;\" width=\"245\">c. Ferr\u00e0ndiz i de Bell\u00e9s, s\/n<\/td>\n<td style=\"height: 33px;\" width=\"174\">Girona<\/td>\n<td style=\"height: 33px;\" width=\"119\">17004<\/td>\n<td style=\"height: 33px;\" width=\"109\">972200130<\/td>\n<\/tr>\n<tr style=\"height: 33px;\">\n<td style=\"height: 33px;\" width=\"330\">Institut Montilivi<\/td>\n<td style=\"height: 33px;\" width=\"245\">av. Montilivi, 125<\/td>\n<td style=\"height: 33px;\" width=\"174\">Girona<\/td>\n<td style=\"height: 33px;\" width=\"119\">17003<\/td>\n<td style=\"height: 33px;\" width=\"109\">972209458<\/td>\n<\/tr>\n<tr style=\"height: 33px;\">\n<td style=\"height: 33px;\" width=\"330\">Institut Santa Eug\u00e8nia<\/td>\n<td style=\"height: 33px;\" width=\"245\">c. Enric Marqu\u00e8s i Ribalta, 3<\/td>\n<td style=\"height: 33px;\" width=\"174\">Girona<\/td>\n<td style=\"height: 33px;\" width=\"119\">17006<\/td>\n<td style=\"height: 33px;\" width=\"109\">972230111<\/td>\n<\/tr>\n<tr style=\"height: 33px;\">\n<td style=\"height: 33px;\" width=\"330\">Montessori-Palau<\/td>\n<td style=\"height: 33px;\" width=\"245\">c. Cam\u00ed vell de Fornells, 33<\/td>\n<td style=\"height: 33px;\" width=\"174\">Girona<\/td>\n<td style=\"height: 33px;\" width=\"119\">17003<\/td>\n<td style=\"height: 33px;\" width=\"109\">972417676<\/td>\n<\/tr>\n<tr style=\"height: 33px;\">\n<td style=\"height: 33px;\" width=\"330\">Institut Narc\u00eds Xifra i Masmitj\u00e0<\/td>\n<td style=\"height: 33px;\" width=\"245\">pg. Sant Joan Bosco, 1<\/td>\n<td style=\"height: 33px;\" width=\"174\">Girona<\/td>\n<td style=\"height: 33px;\" width=\"119\">17007<\/td>\n<td style=\"height: 33px;\" width=\"109\">972212612<\/td>\n<\/tr>\n<tr style=\"height: 33px;\">\n<td style=\"height: 33px;\" width=\"330\">Institut Santiago Sobrequ\u00e9s i Vidal<\/td>\n<td style=\"height: 33px;\" width=\"245\">c. Joan Regl\u00e0, 2-4<\/td>\n<td style=\"height: 33px;\" width=\"174\">Girona<\/td>\n<td style=\"height: 33px;\" width=\"119\">17003<\/td>\n<td style=\"height: 33px;\" width=\"109\">972218550<\/td>\n<\/tr>\n<tr style=\"height: 33px;\">\n<td style=\"height: 33px;\" width=\"330\">Institut Carles Rahola i Llorens<\/td>\n<td style=\"height: 33px;\" width=\"245\">c. Joan Mir\u00f3 i Ferr\u00e0, 10<\/td>\n<td style=\"height: 33px;\" width=\"174\">Girona<\/td>\n<td style=\"height: 33px;\" width=\"119\">17007<\/td>\n<td style=\"height: 33px;\" width=\"109\">972213118<\/td>\n<\/tr>\n<tr style=\"height: 33px;\">\n<td style=\"height: 33px;\" width=\"330\">Institut de Llagostera<\/td>\n<td style=\"height: 33px;\" width=\"245\">av. del Giron\u00e8s, 51<\/td>\n<td style=\"height: 33px;\" width=\"174\">Llagostera<\/td>\n<td style=\"height: 33px;\" width=\"119\">17240<\/td>\n<td style=\"height: 33px;\" width=\"109\">972831593<\/td>\n<\/tr>\n<tr style=\"height: 33px;\">\n<td style=\"height: 33px;\" width=\"330\">Institut Salvador Espriu<\/td>\n<td style=\"height: 33px;\" width=\"245\">av. Folch i Torres, 4<\/td>\n<td style=\"height: 33px;\" width=\"174\">Salt<\/td>\n<td style=\"height: 33px;\" width=\"119\">17190<\/td>\n<td style=\"height: 33px;\" width=\"109\">972240246<\/td>\n<\/tr>\n<tr style=\"height: 33px;\">\n<td style=\"height: 33px;\" width=\"330\">Institut Vallvera<\/td>\n<td style=\"height: 33px;\" width=\"245\">Cam\u00ed de les Guixeres, 2<\/td>\n<td style=\"height: 33px;\" width=\"174\">Salt<\/td>\n<td style=\"height: 33px;\" width=\"119\">17190<\/td>\n<td style=\"height: 33px;\" width=\"109\">972231919<\/td>\n<\/tr>\n<tr style=\"height: 33px;\">\n<td style=\"height: 33px;\">FEDAC Sant Narc\u00eds<\/td>\n<td style=\"height: 33px;\">c. Pare Collo, 3<\/td>\n<td style=\"height: 33px;\">Girona<\/td>\n<td style=\"height: 33px;\">17005<\/td>\n<td style=\"height: 33px;\">972233142<\/td>\n<\/tr>\n<\/tbody>\n<\/table>\n<h5>Formaci\u00f3 professional<\/h5>\n<table style=\"width: 71.151%; height: 346px;\" width=\"977\">\n<tbody>\n<tr style=\"height: 33px;\">\n<td style=\"height: 33px;\" width=\"330\">Institut Montilivi<\/td>\n<td style=\"height: 33px;\" width=\"245\">av. Montilivi, 125<\/td>\n<td style=\"height: 33px;\" width=\"174\">Girona<\/td>\n<td style=\"height: 33px;\" width=\"119\">17003<\/td>\n<td style=\"height: 33px;\" width=\"109\">972209458<\/td>\n<\/tr>\n<tr style=\"height: 33px;\">\n<td style=\"height: 33px;\" width=\"330\">Escola d&#8217;Hostaleria i Turisme de Girona<\/td>\n<td style=\"height: 33px;\" width=\"245\">c. Josep Viader Moliner, 11<\/td>\n<td style=\"height: 33px;\" width=\"174\">Girona<\/td>\n<td style=\"height: 33px;\" width=\"119\">17001<\/td>\n<td style=\"height: 33px;\" width=\"109\">972220122<\/td>\n<\/tr>\n<tr style=\"height: 33px;\">\n<td style=\"height: 33px;\" width=\"330\">Institut Narc\u00eds Xifra i Masmitj\u00e0<\/td>\n<td style=\"height: 33px;\" width=\"245\">pg. Sant Joan Bosco, 1<\/td>\n<td style=\"height: 33px;\" width=\"174\">Girona<\/td>\n<td style=\"height: 33px;\" width=\"119\">17007<\/td>\n<td style=\"height: 33px;\" width=\"109\">972212612<\/td>\n<\/tr>\n<tr style=\"height: 33px;\">\n<td style=\"height: 33px;\" width=\"330\">Institut Santa Eug\u00e8nia<\/td>\n<td style=\"height: 33px;\" width=\"245\">c. Enric Marqu\u00e8s i Ribalta, 3<\/td>\n<td style=\"height: 33px;\" width=\"174\">Girona<\/td>\n<td style=\"height: 33px;\" width=\"119\">17006<\/td>\n<td style=\"height: 33px;\" width=\"109\">972230111<\/td>\n<\/tr>\n<tr style=\"height: 49px;\">\n<td style=\"height: 49px;\" width=\"330\">Institut Gaud\u00ed de la Construcci\u00f3<\/td>\n<td style=\"height: 49px;\" width=\"245\">ctra. de Sta. Coloma de Farners, 78<\/td>\n<td style=\"height: 49px;\" width=\"174\">Girona<\/td>\n<td style=\"height: 49px;\" width=\"119\">17005<\/td>\n<td style=\"height: 49px;\" width=\"109\">972243843<\/td>\n<\/tr>\n<tr style=\"height: 33px;\">\n<td style=\"height: 33px;\" width=\"330\">Escola t\u00e8cnica Girona<\/td>\n<td style=\"height: 33px;\" width=\"245\">ctra. Barcelona, 199<\/td>\n<td style=\"height: 33px;\" width=\"174\">Girona<\/td>\n<td style=\"height: 33px;\" width=\"119\">17005<\/td>\n<td style=\"height: 33px;\" width=\"109\">972208316<\/td>\n<\/tr>\n<tr style=\"height: 33px;\">\n<td style=\"height: 33px;\" width=\"330\">Institut Salvador Espriu<\/td>\n<td style=\"height: 33px;\" width=\"245\">av. Folch i Torres, 4<\/td>\n<td style=\"height: 33px;\" width=\"174\">Salt<\/td>\n<td style=\"height: 33px;\" width=\"119\">17190<\/td>\n<td style=\"height: 33px;\" width=\"109\">972240246<\/td>\n<\/tr>\n<tr style=\"height: 33px;\">\n<td style=\"height: 33px;\" width=\"330\">Institut Vallvera<\/td>\n<td style=\"height: 33px;\" width=\"245\">Cam\u00ed de les Guixeres, 2<\/td>\n<td style=\"height: 33px;\" width=\"174\">Salt<\/td>\n<td style=\"height: 33px;\" width=\"119\">17190<\/td>\n<td style=\"height: 33px;\" width=\"109\">972231919<\/td>\n<\/tr>\n<tr style=\"height: 33px;\">\n<td style=\"height: 33px;\" width=\"330\">Garb\u00ed<\/td>\n<td style=\"height: 33px;\" width=\"245\">c. Francesc Maci\u00e0, 65<\/td>\n<td style=\"height: 33px;\" width=\"174\">Salt<\/td>\n<td style=\"height: 33px;\" width=\"119\">17190<\/td>\n<td style=\"height: 33px;\" width=\"109\">972418046<\/td>\n<\/tr>\n<tr style=\"height: 33px;\">\n<td style=\"height: 33px;\" width=\"330\">FEDAC Sant Narc\u00eds<\/td>\n<td style=\"height: 33px;\" width=\"245\">c. Pare Coll, 3<\/td>\n<td style=\"height: 33px;\" width=\"174\">Girona<\/td>\n<td style=\"height: 33px;\" width=\"119\">17005<\/td>\n<td style=\"height: 33px;\" width=\"109\">972233142<\/td>\n<\/tr>\n<\/tbody>\n<\/table>\n","protected":false},"excerpt":{"rendered":"<p>&nbsp; Ensenyament secundari La Salle de Cass\u00e0 c. Germ\u00e0 Agust\u00ed, 25 Cass\u00e0 de la Selva 17244 972460261 Les Alzines c. La Creu de Palau, s\/n Girona 17003 972212162 Vedruna ctra. Barcelona, 21 Girona 17002 972202084 FEDAC Sant Narc\u00eds c. Pare Coll, 1-3 Girona 17005 972233212 La Salle c. Sant Joan Baptiste de la Salle, 12 [&hellip;]<\/p>\n","protected":false},"author":1,"featured_media":0,"parent":338,"menu_order":30,"comment_status":"closed","ping_status":"closed","template":"page-templates\/side-menu.php","meta":{"site-sidebar-layout":"default","site-content-layout":"","ast-site-content-layout":"","site-content-style":"default","site-sidebar-style":"default","ast-global-header-display":"","ast-banner-title-visibility":"","ast-main-header-display":"","ast-hfb-above-header-display":"","ast-hfb-below-header-display":"","ast-hfb-mobile-header-display":"","site-post-title":"","ast-breadcrumbs-content":"","ast-featured-img":"","footer-sml-layout":"","theme-transparent-header-meta":"","adv-header-id-meta":"","stick-header-meta":"","header-above-stick-meta":"","header-main-stick-meta":"","header-below-stick-meta":"","astra-migrate-meta-layouts":"default","ast-page-background-enabled":"default","ast-page-background-meta":{"desktop":{"background-color":"var(--ast-global-color-4)","background-image":"","background-repeat":"repeat","background-position":"center center","background-size":"auto","background-attachment":"scroll","background-type":"","background-media":"","overlay-type":"","overlay-color":"","overlay-opacity":"","overlay-gradient":""},"tablet":{"background-color":"","background-image":"","background-repeat":"repeat","background-position":"center center","background-size":"auto","background-attachment":"scroll","background-type":"","background-media":"","overlay-type":"","overlay-color":"","overlay-opacity":"","overlay-gradient":""},"mobile":{"background-color":"","background-image":"","background-repeat":"repeat","background-position":"center center","background-size":"auto","background-attachment":"scroll","background-type":"","background-media":"","overlay-type":"","overlay-color":"","overlay-opacity":"","overlay-gradient":""}},"ast-content-background-meta":{"desktop":{"background-color":"var(--ast-global-color-5)","background-image":"","background-repeat":"repeat","background-position":"center center","background-size":"auto","background-attachment":"scroll","background-type":"","background-media":"","overlay-type":"","overlay-color":"","overlay-opacity":"","overlay-gradient":""},"tablet":{"background-color":"var(--ast-global-color-5)","background-image":"","background-repeat":"repeat","background-position":"center center","background-size":"auto","background-attachment":"scroll","background-type":"","background-media":"","overlay-type":"","overlay-color":"","overlay-opacity":"","overlay-gradient":""},"mobile":{"background-color":"var(--ast-global-color-5)","background-image":"","background-repeat":"repeat","background-position":"center center","background-size":"auto","background-attachment":"scroll","background-type":"","background-media":"","overlay-type":"","overlay-color":"","overlay-opacity":"","overlay-gradient":""}},"footnotes":""},"class_list":["post-385","page","type-page","status-publish","hentry"],"post_mailing_queue_ids":[],"_links":{"self":[{"href":"https:\/\/serveiseducatius.xtec.cat\/girones\/wp-json\/wp\/v2\/pages\/385","targetHints":{"allow":["GET"]}}],"collection":[{"href":"https:\/\/serveiseducatius.xtec.cat\/girones\/wp-json\/wp\/v2\/pages"}],"about":[{"href":"https:\/\/serveiseducatius.xtec.cat\/girones\/wp-json\/wp\/v2\/types\/page"}],"author":[{"embeddable":true,"href":"https:\/\/serveiseducatius.xtec.cat\/girones\/wp-json\/wp\/v2\/users\/1"}],"replies":[{"embeddable":true,"href":"https:\/\/serveiseducatius.xtec.cat\/girones\/wp-json\/wp\/v2\/comments?post=385"}],"version-history":[{"count":5,"href":"https:\/\/serveiseducatius.xtec.cat\/girones\/wp-json\/wp\/v2\/pages\/385\/revisions"}],"predecessor-version":[{"id":17552,"href":"https:\/\/serveiseducatius.xtec.cat\/girones\/wp-json\/wp\/v2\/pages\/385\/revisions\/17552"}],"up":[{"embeddable":true,"href":"https:\/\/serveiseducatius.xtec.cat\/girones\/wp-json\/wp\/v2\/pages\/338"}],"wp:attachment":[{"href":"https:\/\/serveiseducatius.xtec.cat\/girones\/wp-json\/wp\/v2\/media?parent=385"}],"curies":[{"name":"wp","href":"https:\/\/api.w.org\/{rel}","templated":true}]}}