{"id":377,"date":"2015-11-25T14:17:51","date_gmt":"2015-11-25T13:17:51","guid":{"rendered":"http:\/\/serveiseducatius.xtec.cat\/girones\/?page_id=377"},"modified":"2019-02-26T09:27:18","modified_gmt":"2019-02-26T08:27:18","slug":"escoles-bressol","status":"publish","type":"page","link":"https:\/\/serveiseducatius.xtec.cat\/girones\/centres-educatius\/escoles-bressol\/","title":{"rendered":"Escoles bressol"},"content":{"rendered":"<p><img loading=\"lazy\" decoding=\"async\" class=\"alignnone wp-image-1257\" src=\"http:\/\/serveiseducatius.xtec.cat\/girones\/wp-content\/uploads\/usu1154\/2015\/11\/mapa.png\" alt=\"mapa\" width=\"580\" height=\"364\" \/><\/p>\n<table style=\"height: 1348px;\" width=\"977\">\n<tbody>\n<tr style=\"height: 31px;\">\n<td style=\"height: 31px;\" width=\"330\">Escola Bressol Aiguaviva<\/td>\n<td style=\"height: 31px;\" width=\"245\">C. Major, s\/n<\/td>\n<td style=\"height: 31px;\" width=\"174\">Aiguaviva<\/td>\n<td style=\"height: 31px;\" width=\"119\">17181<\/td>\n<td style=\"height: 31px;\" width=\"109\"><\/td>\n<\/tr>\n<tr style=\"height: 31px;\">\n<td style=\"height: 31px;\" width=\"330\">Llar d&#8217;infants Bescan\u00f3 Nins<\/td>\n<td style=\"height: 31px;\" width=\"245\">C. Josep Pla\/Dr. Sobrequ\u00e8s<\/td>\n<td style=\"height: 31px;\" width=\"174\">Bescan\u00f3<\/td>\n<td style=\"height: 31px;\" width=\"119\">17162<\/td>\n<td style=\"height: 31px;\" width=\"109\">972440363<\/td>\n<\/tr>\n<tr style=\"height: 31px;\">\n<td style=\"height: 31px;\" width=\"330\">Llar d&#8217;infants El Carrilet<\/td>\n<td style=\"height: 31px;\" width=\"245\">Parc del Canig\u00f3, 2<\/td>\n<td style=\"height: 31px;\" width=\"174\">Bescan\u00f3<\/td>\n<td style=\"height: 31px;\" width=\"119\">17162<\/td>\n<td style=\"height: 31px;\" width=\"109\">972442285<\/td>\n<\/tr>\n<tr style=\"height: 31px;\">\n<td style=\"height: 31px;\" width=\"330\">Llar d&#8217;infants Taps<\/td>\n<td style=\"height: 31px;\" width=\"245\">Pl. Xesco Boix, s\/n<\/td>\n<td style=\"height: 31px;\" width=\"174\">Cass\u00e0 de la Selva<\/td>\n<td style=\"height: 31px;\" width=\"119\">17244<\/td>\n<td style=\"height: 31px;\" width=\"109\">972460229<\/td>\n<\/tr>\n<tr style=\"height: 31px;\">\n<td style=\"height: 31px;\" width=\"330\">Llar d&#8217;infants Trapelles<\/td>\n<td style=\"height: 31px;\" width=\"245\">C. Germans S\u00e0bat, 60<\/td>\n<td style=\"height: 31px;\" width=\"174\">Celr\u00e0<\/td>\n<td style=\"height: 31px;\" width=\"119\">17460<\/td>\n<td style=\"height: 31px;\" width=\"109\">972492452<\/td>\n<\/tr>\n<tr style=\"height: 31px;\">\n<td style=\"height: 31px;\" width=\"330\">Escola Bressol Els G\u00ednjols<\/td>\n<td style=\"height: 31px;\" width=\"245\">C. Canig\u00f3, s\/n<\/td>\n<td style=\"height: 31px;\" width=\"174\">Celr\u00e0<\/td>\n<td style=\"height: 31px;\" width=\"119\">17460<\/td>\n<td style=\"height: 31px;\" width=\"109\"><\/td>\n<\/tr>\n<tr style=\"height: 31px;\">\n<td style=\"height: 31px;\" width=\"330\">Llar d&#8217;infants Can Geli de l&#8217;Era<\/td>\n<td style=\"height: 31px;\" width=\"245\">C. Priorat, 23<\/td>\n<td style=\"height: 31px;\" width=\"174\">Cervi\u00e0 de Ter<\/td>\n<td style=\"height: 31px;\" width=\"119\">17464<\/td>\n<td style=\"height: 31px;\" width=\"109\">972496101<\/td>\n<\/tr>\n<tr style=\"height: 31px;\">\n<td style=\"height: 31px;\" width=\"330\">Sant Jordi 2<\/td>\n<td style=\"height: 31px;\" width=\"245\">C. Josep Pla, 15-17<\/td>\n<td style=\"height: 31px;\" width=\"174\">Fornells de la Selva<\/td>\n<td style=\"height: 31px;\" width=\"119\">17458<\/td>\n<td style=\"height: 31px;\" width=\"109\">972476065<\/td>\n<\/tr>\n<tr style=\"height: 31px;\">\n<td style=\"height: 31px;\" width=\"330\">Llar d&#8217;infants Coloraines<\/td>\n<td style=\"height: 31px;\" width=\"245\">C. Merc\u00e8 Roura i Duran, s\/n<\/td>\n<td style=\"height: 31px;\" width=\"174\">Fornells de la Selva<\/td>\n<td style=\"height: 31px;\" width=\"119\">17458<\/td>\n<td style=\"height: 31px;\" width=\"109\">972476439<\/td>\n<\/tr>\n<tr style=\"height: 31px;\">\n<td style=\"height: 31px;\" width=\"330\">Les Alzines<\/td>\n<td style=\"height: 31px;\" width=\"245\">C. La Creu de Palau, s\/n<\/td>\n<td style=\"height: 31px;\" width=\"174\">Girona<\/td>\n<td style=\"height: 31px;\" width=\"119\">17003<\/td>\n<td style=\"height: 31px;\" width=\"109\">972212162<\/td>\n<\/tr>\n<tr style=\"height: 31px;\">\n<td style=\"height: 31px;\" width=\"330\">Bell-lloc del Pla<\/td>\n<td style=\"height: 31px;\" width=\"245\">Can Pau Birol, 2-6<\/td>\n<td style=\"height: 31px;\" width=\"174\">Girona<\/td>\n<td style=\"height: 31px;\" width=\"119\">17005<\/td>\n<td style=\"height: 31px;\" width=\"109\">972232111<\/td>\n<\/tr>\n<tr style=\"height: 31px;\">\n<td style=\"height: 31px;\" width=\"330\">LLI privada Sol Solet-2<\/td>\n<td style=\"height: 31px;\" width=\"245\">C. Carme, 77<\/td>\n<td style=\"height: 31px;\" width=\"174\">Girona<\/td>\n<td style=\"height: 31px;\" width=\"119\">17004<\/td>\n<td style=\"height: 31px;\" width=\"109\">972209938<\/td>\n<\/tr>\n<tr style=\"height: 31px;\">\n<td style=\"height: 31px;\" width=\"330\">Montessori-Palau<\/td>\n<td style=\"height: 31px;\" width=\"245\">C. Cam\u00ed vell de Fornells, 33<\/td>\n<td style=\"height: 31px;\" width=\"174\">Girona<\/td>\n<td style=\"height: 31px;\" width=\"119\">17003<\/td>\n<td style=\"height: 31px;\" width=\"109\">972417676<\/td>\n<\/tr>\n<tr style=\"height: 31px;\">\n<td style=\"height: 31px;\" width=\"330\">Sagrada Fam\u00edlia<\/td>\n<td style=\"height: 31px;\" width=\"245\">Ctra. de Sant Feliu de Gu\u00edxols, 40<\/td>\n<td style=\"height: 31px;\" width=\"174\">Girona<\/td>\n<td style=\"height: 31px;\" width=\"119\">17004<\/td>\n<td style=\"height: 31px;\" width=\"109\">972200100<\/td>\n<\/tr>\n<tr style=\"height: 31px;\">\n<td style=\"height: 31px;\" width=\"330\">Escola Bambini-Montju\u00efc<\/td>\n<td style=\"height: 31px;\" width=\"245\">C. Bellpuig, 8-10<\/td>\n<td style=\"height: 31px;\" width=\"174\">Girona<\/td>\n<td style=\"height: 31px;\" width=\"119\">17007<\/td>\n<td style=\"height: 31px;\" width=\"109\">972212838<\/td>\n<\/tr>\n<tr style=\"height: 31px;\">\n<td style=\"height: 31px;\" width=\"330\">Llar d&#8217;infants La Baldufa<\/td>\n<td style=\"height: 31px;\" width=\"245\">C. Josep Prat, 13-15<\/td>\n<td style=\"height: 31px;\" width=\"174\">Girona<\/td>\n<td style=\"height: 31px;\" width=\"119\">17007<\/td>\n<td style=\"height: 31px;\" width=\"109\">972207292<\/td>\n<\/tr>\n<tr style=\"height: 31px;\">\n<td style=\"height: 31px;\" width=\"330\">Llar d&#8217;infants El Cavall Fort<\/td>\n<td style=\"height: 31px;\" width=\"245\">C. Pruner, 1<\/td>\n<td style=\"height: 31px;\" width=\"174\">Girona<\/td>\n<td style=\"height: 31px;\" width=\"119\">17004<\/td>\n<td style=\"height: 31px;\" width=\"109\">972208047<\/td>\n<\/tr>\n<tr style=\"height: 31px;\">\n<td style=\"height: 31px;\" width=\"330\">Llar d&#8217;infants Sant Ramon Nonat<\/td>\n<td style=\"height: 31px;\" width=\"245\">Pda. Montju\u00efc, s\/n<\/td>\n<td style=\"height: 31px;\" width=\"174\">Girona<\/td>\n<td style=\"height: 31px;\" width=\"119\">17007<\/td>\n<td style=\"height: 31px;\" width=\"109\">972203084<\/td>\n<\/tr>\n<tr style=\"height: 31px;\">\n<td style=\"height: 31px;\" width=\"330\">Llar d&#8217;infants El Tarl\u00e0<\/td>\n<td style=\"height: 31px;\" width=\"245\">C. Sant Sebasti\u00e0, s\/n<\/td>\n<td style=\"height: 31px;\" width=\"174\">Girona<\/td>\n<td style=\"height: 31px;\" width=\"119\">17005<\/td>\n<td style=\"height: 31px;\" width=\"109\">972238219<\/td>\n<\/tr>\n<tr style=\"height: 31px;\">\n<td style=\"height: 31px;\" width=\"330\">LLI privada Infants II<\/td>\n<td style=\"height: 31px;\" width=\"245\">C. Montseny, 51<\/td>\n<td style=\"height: 31px;\" width=\"174\">Girona<\/td>\n<td style=\"height: 31px;\" width=\"119\">17005<\/td>\n<td style=\"height: 31px;\" width=\"109\">972240210<\/td>\n<\/tr>\n<tr style=\"height: 31px;\">\n<td style=\"height: 31px;\" width=\"330\">LLI privada Querub\u00ed<\/td>\n<td style=\"height: 31px;\" width=\"245\">C. Cerver\u00ed, 1<\/td>\n<td style=\"height: 31px;\" width=\"174\">Girona<\/td>\n<td style=\"height: 31px;\" width=\"119\">17001<\/td>\n<td style=\"height: 31px;\" width=\"109\">972200555<\/td>\n<\/tr>\n<tr style=\"height: 31px;\">\n<td style=\"height: 31px;\" width=\"330\">EB privada Sol Solet-3<\/td>\n<td style=\"height: 31px;\" width=\"245\">C. Pau Casals, 8, baixos<\/td>\n<td style=\"height: 31px;\" width=\"174\">Girona<\/td>\n<td style=\"height: 31px;\" width=\"119\">17005<\/td>\n<td style=\"height: 31px;\" width=\"109\">972221663<\/td>\n<\/tr>\n<tr style=\"height: 46px;\">\n<td style=\"height: 46px;\" width=\"330\">LLI privada Cel Blau<\/td>\n<td style=\"height: 46px;\" width=\"245\">C. Castell de Requesens, 11-13 bxs.<\/td>\n<td style=\"height: 46px;\" width=\"174\">Girona<\/td>\n<td style=\"height: 46px;\" width=\"119\">17003<\/td>\n<td style=\"height: 46px;\" width=\"109\">972411441<\/td>\n<\/tr>\n<tr style=\"height: 31px;\">\n<td style=\"height: 31px;\" width=\"330\">LLI privada La Caseta dels Infants<\/td>\n<td style=\"height: 31px;\" width=\"245\">C. G\u00fcell, 55-57<\/td>\n<td style=\"height: 31px;\" width=\"174\">Girona<\/td>\n<td style=\"height: 31px;\" width=\"119\">17001<\/td>\n<td style=\"height: 31px;\" width=\"109\">972221737<\/td>\n<\/tr>\n<tr style=\"height: 31px;\">\n<td style=\"height: 31px;\" width=\"330\">LLI privada Ralet-Ralet<\/td>\n<td style=\"height: 31px;\" width=\"245\">C. Castell de Perelada, 24 bxs.<\/td>\n<td style=\"height: 31px;\" width=\"174\">Girona<\/td>\n<td style=\"height: 31px;\" width=\"119\">17003<\/td>\n<td style=\"height: 31px;\" width=\"109\">972223261<\/td>\n<\/tr>\n<tr style=\"height: 31px;\">\n<td style=\"height: 31px;\" width=\"330\">Llar d&#8217;infants El Pont<\/td>\n<td style=\"height: 31px;\" width=\"245\">C. Illes Filipines, 8 (Pont Major)<\/td>\n<td style=\"height: 31px;\" width=\"174\">Girona<\/td>\n<td style=\"height: 31px;\" width=\"119\">17004<\/td>\n<td style=\"height: 31px;\" width=\"109\">972200528<\/td>\n<\/tr>\n<tr style=\"height: 31px;\">\n<td style=\"height: 31px;\" width=\"330\">Llar d&#8217;infants El Tren<\/td>\n<td style=\"height: 31px;\" width=\"245\">C. Emp\u00faries, 45<\/td>\n<td style=\"height: 31px;\" width=\"174\">Girona<\/td>\n<td style=\"height: 31px;\" width=\"119\">17005<\/td>\n<td style=\"height: 31px;\" width=\"109\">972236228<\/td>\n<\/tr>\n<tr style=\"height: 31px;\">\n<td style=\"height: 31px;\" width=\"330\">LLI privada Ninots<\/td>\n<td style=\"height: 31px;\" width=\"245\">C. Caldes de Montbu\u00ed, 81-83, bxs.<\/td>\n<td style=\"height: 31px;\" width=\"174\">Girona<\/td>\n<td style=\"height: 31px;\" width=\"119\">17001<\/td>\n<td style=\"height: 31px;\" width=\"109\"><\/td>\n<\/tr>\n<tr style=\"height: 31px;\">\n<td style=\"height: 31px;\" width=\"330\">LLI privada Teypi 2<\/td>\n<td style=\"height: 31px;\" width=\"245\">C. Joan Regl\u00e0, 15<\/td>\n<td style=\"height: 31px;\" width=\"174\">Girona<\/td>\n<td style=\"height: 31px;\" width=\"119\">17003<\/td>\n<td style=\"height: 31px;\" width=\"109\">972216810<\/td>\n<\/tr>\n<tr style=\"height: 31px;\">\n<td style=\"height: 31px;\" width=\"330\">LLI privada Pandara<\/td>\n<td style=\"height: 31px;\" width=\"245\">C. San Miquel, 20, baixos<\/td>\n<td style=\"height: 31px;\" width=\"174\">Girona<\/td>\n<td style=\"height: 31px;\" width=\"119\">17001<\/td>\n<td style=\"height: 31px;\" width=\"109\">972204531<\/td>\n<\/tr>\n<tr style=\"height: 31px;\">\n<td style=\"height: 31px;\" width=\"330\">Escola Bressol Garb\u00ed<\/td>\n<td style=\"height: 31px;\" width=\"245\">C. Joaquim Riera Bertran, s\/n<\/td>\n<td style=\"height: 31px;\" width=\"174\">Girona<\/td>\n<td style=\"height: 31px;\" width=\"119\">17002<\/td>\n<td style=\"height: 31px;\" width=\"109\"><\/td>\n<\/tr>\n<tr style=\"height: 31px;\">\n<td style=\"height: 31px;\" width=\"330\">Escola Bressol L&#8217;Olivera<\/td>\n<td style=\"height: 31px;\" width=\"245\">C. \u00c0ngel Serradell i P\u00e9rez, 8<\/td>\n<td style=\"height: 31px;\" width=\"174\">Girona<\/td>\n<td style=\"height: 31px;\" width=\"119\">17003<\/td>\n<td style=\"height: 31px;\" width=\"109\"><\/td>\n<\/tr>\n<tr style=\"height: 31px;\">\n<td style=\"height: 31px;\" width=\"330\">Llar d&#8217;infants El Niu<\/td>\n<td style=\"height: 31px;\" width=\"245\">C. Ganix, 2<\/td>\n<td style=\"height: 31px;\" width=\"174\">Llagostera<\/td>\n<td style=\"height: 31px;\" width=\"119\">17240<\/td>\n<td style=\"height: 31px;\" width=\"109\">972831051<\/td>\n<\/tr>\n<tr style=\"height: 31px;\">\n<td style=\"height: 31px;\" width=\"330\">Llar d&#8217;infants El Carrilet<\/td>\n<td style=\"height: 31px;\" width=\"245\">C. Mas Sec, 71<\/td>\n<td style=\"height: 31px;\" width=\"174\">Llagostera<\/td>\n<td style=\"height: 31px;\" width=\"119\">17240<\/td>\n<td style=\"height: 31px;\" width=\"109\">972805228<\/td>\n<\/tr>\n<tr style=\"height: 31px;\">\n<td style=\"height: 31px;\" width=\"330\">EBM Vall-llobera<\/td>\n<td style=\"height: 31px;\" width=\"245\">C. Sant Sadurn\u00ed, s\/n<\/td>\n<td style=\"height: 31px;\" width=\"174\">Mediny\u00e0<\/td>\n<td style=\"height: 31px;\" width=\"119\">17482<\/td>\n<td style=\"height: 31px;\" width=\"109\"><\/td>\n<\/tr>\n<tr style=\"height: 31px;\">\n<td style=\"height: 31px;\" width=\"330\">Llar d&#8217;infants La Baldufa<\/td>\n<td style=\"height: 31px;\" width=\"245\">C. de les Escoles, s\/n &#8211;<\/td>\n<td style=\"height: 31px;\" width=\"174\">Quart<\/td>\n<td style=\"height: 31px;\" width=\"119\">17242<\/td>\n<td style=\"height: 31px;\" width=\"109\">972468783<\/td>\n<\/tr>\n<tr style=\"height: 31px;\">\n<td style=\"height: 31px;\" width=\"330\">Llar d&#8217;infants de Salt<\/td>\n<td style=\"height: 31px;\" width=\"245\">C. Sant Dion\u00eds, 25<\/td>\n<td style=\"height: 31px;\" width=\"174\">Salt<\/td>\n<td style=\"height: 31px;\" width=\"119\">17190<\/td>\n<td style=\"height: 31px;\" width=\"109\">972238388<\/td>\n<\/tr>\n<tr style=\"height: 31px;\">\n<td style=\"height: 31px;\" width=\"330\">Llar d&#8217;infants El Carrilet<\/td>\n<td style=\"height: 31px;\" width=\"245\">Ptge. dels Pa\u00efsos Catalans, 1<\/td>\n<td style=\"height: 31px;\" width=\"174\">Salt<\/td>\n<td style=\"height: 31px;\" width=\"119\">17190<\/td>\n<td style=\"height: 31px;\" width=\"109\">972237580<\/td>\n<\/tr>\n<tr style=\"height: 31px;\">\n<td style=\"height: 31px;\" width=\"330\">Llar d&#8217;infants de Sant Gregori<\/td>\n<td style=\"height: 31px;\" width=\"245\">C. Serra i Caball\u00e9, s\/n<\/td>\n<td style=\"height: 31px;\" width=\"174\">Sant Gregori<\/td>\n<td style=\"height: 31px;\" width=\"119\">17151<\/td>\n<td style=\"height: 31px;\" width=\"109\">972428434<\/td>\n<\/tr>\n<tr style=\"height: 31px;\">\n<td style=\"height: 31px;\" width=\"330\">Llar d&#8217;infants El Draguill\u00f3<\/td>\n<td style=\"height: 31px;\" width=\"245\">C. Dr. Joher, s\/n<\/td>\n<td style=\"height: 31px;\" width=\"174\">Sant Jordi Desvalls<\/td>\n<td style=\"height: 31px;\" width=\"119\">17464<\/td>\n<td style=\"height: 31px;\" width=\"109\"><\/td>\n<\/tr>\n<tr style=\"height: 31px;\">\n<td style=\"height: 31px;\" width=\"330\">EBM El Cau de les Goges<\/td>\n<td style=\"height: 31px;\" width=\"245\">Ptge. Xavier Montsalvatge, 1\u2013bxs.<\/td>\n<td style=\"height: 31px;\" width=\"174\">Sant Juli\u00e0 de Ramis<\/td>\n<td style=\"height: 31px;\" width=\"119\">17481<\/td>\n<td style=\"height: 31px;\" width=\"109\">972173082<\/td>\n<\/tr>\n<tr style=\"height: 31px;\">\n<td style=\"height: 31px;\" width=\"330\">Llar d&#8217;infants Confetti<\/td>\n<td style=\"height: 31px;\" width=\"245\">Ptge. Moss\u00e8n Cinto Verdaguer, 1<\/td>\n<td style=\"height: 31px;\" width=\"174\">Sarri\u00e0 de Ter<\/td>\n<td style=\"height: 31px;\" width=\"119\">17840<\/td>\n<td style=\"height: 31px;\" width=\"109\">972171607<\/td>\n<\/tr>\n<tr style=\"height: 31px;\">\n<td style=\"height: 31px;\" width=\"330\">Llar d&#8217;infants La Farigola<\/td>\n<td style=\"height: 31px;\" width=\"245\">C. Pirineus, s\/n<\/td>\n<td style=\"height: 31px;\" width=\"174\">Vilablareix<\/td>\n<td style=\"height: 31px;\" width=\"119\">17180<\/td>\n<td style=\"height: 31px;\" width=\"109\">972249824<\/td>\n<\/tr>\n<\/tbody>\n<\/table>\n","protected":false},"excerpt":{"rendered":"<p>Escola Bressol Aiguaviva C. Major, s\/n Aiguaviva 17181 Llar d&#8217;infants Bescan\u00f3 Nins C. Josep Pla\/Dr. Sobrequ\u00e8s Bescan\u00f3 17162 972440363 Llar d&#8217;infants El Carrilet Parc del Canig\u00f3, 2 Bescan\u00f3 17162 972442285 Llar d&#8217;infants Taps Pl. Xesco Boix, s\/n Cass\u00e0 de la Selva 17244 972460229 Llar d&#8217;infants Trapelles C. Germans S\u00e0bat, 60 Celr\u00e0 17460 972492452 Escola Bressol [&hellip;]<\/p>\n","protected":false},"author":1,"featured_media":0,"parent":338,"menu_order":10,"comment_status":"closed","ping_status":"closed","template":"page-templates\/side-menu.php","meta":{"site-sidebar-layout":"default","site-content-layout":"","ast-site-content-layout":"","site-content-style":"default","site-sidebar-style":"default","ast-global-header-display":"","ast-banner-title-visibility":"","ast-main-header-display":"","ast-hfb-above-header-display":"","ast-hfb-below-header-display":"","ast-hfb-mobile-header-display":"","site-post-title":"","ast-breadcrumbs-content":"","ast-featured-img":"","footer-sml-layout":"","theme-transparent-header-meta":"","adv-header-id-meta":"","stick-header-meta":"","header-above-stick-meta":"","header-main-stick-meta":"","header-below-stick-meta":"","astra-migrate-meta-layouts":"default","ast-page-background-enabled":"default","ast-page-background-meta":{"desktop":{"background-color":"var(--ast-global-color-4)","background-image":"","background-repeat":"repeat","background-position":"center center","background-size":"auto","background-attachment":"scroll","background-type":"","background-media":"","overlay-type":"","overlay-color":"","overlay-opacity":"","overlay-gradient":""},"tablet":{"background-color":"","background-image":"","background-repeat":"repeat","background-position":"center center","background-size":"auto","background-attachment":"scroll","background-type":"","background-media":"","overlay-type":"","overlay-color":"","overlay-opacity":"","overlay-gradient":""},"mobile":{"background-color":"","background-image":"","background-repeat":"repeat","background-position":"center center","background-size":"auto","background-attachment":"scroll","background-type":"","background-media":"","overlay-type":"","overlay-color":"","overlay-opacity":"","overlay-gradient":""}},"ast-content-background-meta":{"desktop":{"background-color":"var(--ast-global-color-5)","background-image":"","background-repeat":"repeat","background-position":"center center","background-size":"auto","background-attachment":"scroll","background-type":"","background-media":"","overlay-type":"","overlay-color":"","overlay-opacity":"","overlay-gradient":""},"tablet":{"background-color":"var(--ast-global-color-5)","background-image":"","background-repeat":"repeat","background-position":"center center","background-size":"auto","background-attachment":"scroll","background-type":"","background-media":"","overlay-type":"","overlay-color":"","overlay-opacity":"","overlay-gradient":""},"mobile":{"background-color":"var(--ast-global-color-5)","background-image":"","background-repeat":"repeat","background-position":"center center","background-size":"auto","background-attachment":"scroll","background-type":"","background-media":"","overlay-type":"","overlay-color":"","overlay-opacity":"","overlay-gradient":""}},"footnotes":""},"class_list":["post-377","page","type-page","status-publish","hentry"],"post_mailing_queue_ids":[],"_links":{"self":[{"href":"https:\/\/serveiseducatius.xtec.cat\/girones\/wp-json\/wp\/v2\/pages\/377","targetHints":{"allow":["GET"]}}],"collection":[{"href":"https:\/\/serveiseducatius.xtec.cat\/girones\/wp-json\/wp\/v2\/pages"}],"about":[{"href":"https:\/\/serveiseducatius.xtec.cat\/girones\/wp-json\/wp\/v2\/types\/page"}],"author":[{"embeddable":true,"href":"https:\/\/serveiseducatius.xtec.cat\/girones\/wp-json\/wp\/v2\/users\/1"}],"replies":[{"embeddable":true,"href":"https:\/\/serveiseducatius.xtec.cat\/girones\/wp-json\/wp\/v2\/comments?post=377"}],"version-history":[{"count":4,"href":"https:\/\/serveiseducatius.xtec.cat\/girones\/wp-json\/wp\/v2\/pages\/377\/revisions"}],"predecessor-version":[{"id":8349,"href":"https:\/\/serveiseducatius.xtec.cat\/girones\/wp-json\/wp\/v2\/pages\/377\/revisions\/8349"}],"up":[{"embeddable":true,"href":"https:\/\/serveiseducatius.xtec.cat\/girones\/wp-json\/wp\/v2\/pages\/338"}],"wp:attachment":[{"href":"https:\/\/serveiseducatius.xtec.cat\/girones\/wp-json\/wp\/v2\/media?parent=377"}],"curies":[{"name":"wp","href":"https:\/\/api.w.org\/{rel}","templated":true}]}}