{"id":338,"date":"2015-11-24T18:40:49","date_gmt":"2015-11-24T17:40:49","guid":{"rendered":"http:\/\/serveiseducatius.xtec.cat\/girones\/?page_id=338"},"modified":"2020-12-16T10:13:19","modified_gmt":"2020-12-16T09:13:19","slug":"centres-educatius","status":"publish","type":"page","link":"https:\/\/serveiseducatius.xtec.cat\/girones\/centres-educatius\/","title":{"rendered":"Centres educatius"},"content":{"rendered":"<p style=\"text-align: justify;\">Al Giron\u00e8s hi ha 67 Escoles Bressol, 67 centres d&#8217;Educaci\u00f3 Infantil i Prim\u00e0ria, 27 de Secund\u00e0ria Obligat\u00f2ria, 18 de Batxillerat, 10 de Formaci\u00f3 Professional i 4 centres de Formaci\u00f3 d&#8217;adults.<\/p>\n<ul>\n<li style=\"text-align: justify;\"><a href=\"http:\/\/serveiseducatius.xtec.cat\/girones\/comunitat\/centres-educatius\/escoles-bressol\/\">Escoles Bressol<\/a><\/li>\n<li style=\"text-align: justify;\"><a href=\"http:\/\/serveiseducatius.xtec.cat\/girones\/comunitat\/centres-educatius\/educacio-infantil-i-primaria\/\">Educaci\u00f3 infantil i prim\u00e0ria<\/a><\/li>\n<li style=\"text-align: justify;\"><a href=\"http:\/\/serveiseducatius.xtec.cat\/girones\/comunitat\/centres-educatius\/ensenyament-secundari-batxillerat-i-formacio-professional\/\">Ensenyament secundari, Batxillerat i Formaci\u00f3 professional<\/a><\/li>\n<li style=\"text-align: justify;\"><a href=\"http:\/\/serveiseducatius.xtec.cat\/girones\/comunitat\/centres-educatius\/educacio-especial\/\">Formaci\u00f3 d&#8217;adults<\/a><\/li>\n<\/ul>\n<p>Podeu consultar els detalls de cada centre de forma m\u00e9s completa als directoris seg\u00fcents:<\/p>\n<ul>\n<li><a href=\"http:\/\/ensenyament.gencat.cat\/ca\/arees-actuacio\/centres-serveis-educatius\/centres\/directoris-centres\/\" target=\"_blank\" rel=\"noopener noreferrer\">Directori de centres de Catalunya<\/a><\/li>\n<li><a href=\"http:\/\/mapaescolar.gencat.cat\/\" target=\"_blank\" rel=\"noopener noreferrer\">Cercador de centres de Catalunya<\/a><\/li>\n<\/ul>\n","protected":false},"excerpt":{"rendered":"<p>Al Giron\u00e8s hi ha 67 Escoles Bressol, 67 centres d&#8217;Educaci\u00f3 Infantil i Prim\u00e0ria, 27 de Secund\u00e0ria Obligat\u00f2ria, 18 de Batxillerat, 10 de Formaci\u00f3 Professional i 4 centres de Formaci\u00f3 d&#8217;adults. Escoles Bressol Educaci\u00f3 infantil i prim\u00e0ria Ensenyament secundari, Batxillerat i Formaci\u00f3 professional Formaci\u00f3 d&#8217;adults Podeu consultar els detalls de cada centre de forma m\u00e9s completa [&hellip;]<\/p>\n","protected":false},"author":1,"featured_media":0,"parent":0,"menu_order":0,"comment_status":"closed","ping_status":"closed","template":"","meta":{"site-sidebar-layout":"default","site-content-layout":"","ast-site-content-layout":"","site-content-style":"default","site-sidebar-style":"default","ast-global-header-display":"","ast-banner-title-visibility":"","ast-main-header-display":"","ast-hfb-above-header-display":"","ast-hfb-below-header-display":"","ast-hfb-mobile-header-display":"","site-post-title":"","ast-breadcrumbs-content":"","ast-featured-img":"","footer-sml-layout":"","theme-transparent-header-meta":"","adv-header-id-meta":"","stick-header-meta":"","header-above-stick-meta":"","header-main-stick-meta":"","header-below-stick-meta":"","astra-migrate-meta-layouts":"default","ast-page-background-enabled":"default","ast-page-background-meta":{"desktop":{"background-color":"var(--ast-global-color-4)","background-image":"","background-repeat":"repeat","background-position":"center center","background-size":"auto","background-attachment":"scroll","background-type":"","background-media":"","overlay-type":"","overlay-color":"","overlay-opacity":"","overlay-gradient":""},"tablet":{"background-color":"","background-image":"","background-repeat":"repeat","background-position":"center center","background-size":"auto","background-attachment":"scroll","background-type":"","background-media":"","overlay-type":"","overlay-color":"","overlay-opacity":"","overlay-gradient":""},"mobile":{"background-color":"","background-image":"","background-repeat":"repeat","background-position":"center center","background-size":"auto","background-attachment":"scroll","background-type":"","background-media":"","overlay-type":"","overlay-color":"","overlay-opacity":"","overlay-gradient":""}},"ast-content-background-meta":{"desktop":{"background-color":"var(--ast-global-color-5)","background-image":"","background-repeat":"repeat","background-position":"center center","background-size":"auto","background-attachment":"scroll","background-type":"","background-media":"","overlay-type":"","overlay-color":"","overlay-opacity":"","overlay-gradient":""},"tablet":{"background-color":"var(--ast-global-color-5)","background-image":"","background-repeat":"repeat","background-position":"center center","background-size":"auto","background-attachment":"scroll","background-type":"","background-media":"","overlay-type":"","overlay-color":"","overlay-opacity":"","overlay-gradient":""},"mobile":{"background-color":"var(--ast-global-color-5)","background-image":"","background-repeat":"repeat","background-position":"center center","background-size":"auto","background-attachment":"scroll","background-type":"","background-media":"","overlay-type":"","overlay-color":"","overlay-opacity":"","overlay-gradient":""}},"footnotes":""},"class_list":["post-338","page","type-page","status-publish","hentry"],"post_mailing_queue_ids":[],"_links":{"self":[{"href":"https:\/\/serveiseducatius.xtec.cat\/girones\/wp-json\/wp\/v2\/pages\/338","targetHints":{"allow":["GET"]}}],"collection":[{"href":"https:\/\/serveiseducatius.xtec.cat\/girones\/wp-json\/wp\/v2\/pages"}],"about":[{"href":"https:\/\/serveiseducatius.xtec.cat\/girones\/wp-json\/wp\/v2\/types\/page"}],"author":[{"embeddable":true,"href":"https:\/\/serveiseducatius.xtec.cat\/girones\/wp-json\/wp\/v2\/users\/1"}],"replies":[{"embeddable":true,"href":"https:\/\/serveiseducatius.xtec.cat\/girones\/wp-json\/wp\/v2\/comments?post=338"}],"version-history":[{"count":2,"href":"https:\/\/serveiseducatius.xtec.cat\/girones\/wp-json\/wp\/v2\/pages\/338\/revisions"}],"predecessor-version":[{"id":12800,"href":"https:\/\/serveiseducatius.xtec.cat\/girones\/wp-json\/wp\/v2\/pages\/338\/revisions\/12800"}],"wp:attachment":[{"href":"https:\/\/serveiseducatius.xtec.cat\/girones\/wp-json\/wp\/v2\/media?parent=338"}],"curies":[{"name":"wp","href":"https:\/\/api.w.org\/{rel}","templated":true}]}}