{"id":13810,"date":"2021-07-19T10:38:19","date_gmt":"2021-07-19T08:38:19","guid":{"rendered":"http:\/\/serveiseducatius.xtec.cat\/girones\/?page_id=13810"},"modified":"2026-01-19T12:32:29","modified_gmt":"2026-01-19T11:32:29","slug":"cretdic","status":"publish","type":"page","link":"https:\/\/serveiseducatius.xtec.cat\/girones\/el-servei-educatiu\/cretdic\/","title":{"rendered":"CRETDIC"},"content":{"rendered":"\n<h5 class=\"wp-block-heading\">Descripci\u00f3<\/h5>\n\n\n\n<div class=\"wp-block-columns is-layout-flex wp-container-core-columns-is-layout-1 wp-block-columns-is-layout-flex\">\n<div class=\"wp-block-column is-layout-flow wp-block-column-is-layout-flow\">\n<p>El CRETDIC \u00e9s un servei educatiu espec\u00edfic del Departament d&#8217;Educaci\u00f3. T\u00e9 la funci\u00f3 d&#8217;assessorament i de suport t\u00e8cnic als centres educatius i als serveis educatius en l\u2019adequaci\u00f3 de la tasca docent a les necessitats especials de l\u2019alumnat amb trastorns del desenvolupament i de la conducta.<\/p>\n\n\n\n<p>L&#8217;\u00e0mbit d&#8217;actuaci\u00f3 \u00e9s la demarcaci\u00f3 de Girona, i la intervenci\u00f3 es concreta en relaci\u00f3 a l&#8217;alumnat i fam\u00edlies, els centres educatius i professorat, serveis educatius (EAP) i zona educativa.<\/p>\n<\/div>\n\n\n\n<div class=\"wp-block-column is-layout-flow wp-block-column-is-layout-flow\">\n<figure class=\"wp-block-image aligncenter size-full\"><a href=\"https:\/\/sites.google.com\/xtec.cat\/cretdicgir\/inici?authuser=1\"><img loading=\"lazy\" decoding=\"async\" width=\"365\" height=\"226\" src=\"https:\/\/serveiseducatius.xtec.cat\/girones\/wp-content\/uploads\/usu1154\/2026\/01\/web-cretdic-3.png\" alt=\"\" class=\"wp-image-18229\" srcset=\"https:\/\/serveiseducatius.xtec.cat\/girones\/wp-content\/uploads\/usu1154\/2026\/01\/web-cretdic-3.png 365w, https:\/\/serveiseducatius.xtec.cat\/girones\/wp-content\/uploads\/usu1154\/2026\/01\/web-cretdic-3-300x186.png 300w\" sizes=\"auto, (max-width: 365px) 100vw, 365px\" \/><\/a><\/figure>\n<\/div>\n<\/div>\n\n\n\n<h5 class=\"wp-block-heading\">Destinataris<\/h5>\n\n\n\n<ul class=\"wp-block-list\">\n<li>Alumnat amb trastorns del desenvolupament i de la conducta.<\/li>\n\n\n\n<li>Centres i professorat de l\u2019alumnat amb trastorns del desenvolupament i de la conducta, en col\u00b7laboraci\u00f3 amb l\u2019EAP.<\/li>\n\n\n\n<li>Professionals dels serveis educatius (EAP i\/o SEE) de la zona educativa implicats en la resposta educativa d&#8217;aquest l\u2019alumnat.<\/li>\n<\/ul>\n\n\n\n<h5 class=\"wp-block-heading\">Funcions<\/h5>\n\n\n\n<ul class=\"wp-block-list\">\n<li>Col\u00b7laborar amb els assessors psicopedag\u00f2gics dels serveis educatius de zona (EAP) i espec\u00edfics en la identificaci\u00f3 i avaluaci\u00f3 de les necessitats de l\u2019alumnat amb trastorns generals del desenvolupament i\/o amb trastorns de conducta, en el seguiment de la seva evoluci\u00f3 i en l\u2019orientaci\u00f3 a llurs fam\u00edlies.<\/li>\n\n\n\n<li>Donar suport al professorat dels centres i als assessors psicopedag\u00f2gics dels serveis educatius (EAP) en la implantaci\u00f3 de mesures educatives i psicosocials per a l\u2019atenci\u00f3 a aquest alumnat.<\/li>\n\n\n\n<li>Orientar estrat\u00e8gies i materials per a l\u2019atenci\u00f3 a aquest alumnat.<\/li>\n\n\n\n<li>Contribuir a la formaci\u00f3 i actualitzaci\u00f3 dels professionals dels serveis educatius, professorat i altres professionals no docents.<\/li>\n\n\n\n<li>Altres funcions que li atribueixi el Departament d&#8217;Educaci\u00f3.<\/li>\n<\/ul>\n","protected":false},"excerpt":{"rendered":"<p>Descripci\u00f3 El CRETDIC \u00e9s un servei educatiu espec\u00edfic del Departament d&#8217;Educaci\u00f3. T\u00e9 la funci\u00f3 d&#8217;assessorament i de suport t\u00e8cnic als centres educatius i als serveis educatius en l\u2019adequaci\u00f3 de la tasca docent a les necessitats especials de l\u2019alumnat amb trastorns del desenvolupament i de la conducta. L&#8217;\u00e0mbit d&#8217;actuaci\u00f3 \u00e9s la demarcaci\u00f3 de Girona, i la [&hellip;]<\/p>\n","protected":false},"author":1,"featured_media":0,"parent":806,"menu_order":5,"comment_status":"closed","ping_status":"closed","template":"","meta":{"site-sidebar-layout":"default","site-content-layout":"","ast-site-content-layout":"default","site-content-style":"default","site-sidebar-style":"default","ast-global-header-display":"","ast-banner-title-visibility":"","ast-main-header-display":"","ast-hfb-above-header-display":"","ast-hfb-below-header-display":"","ast-hfb-mobile-header-display":"","site-post-title":"","ast-breadcrumbs-content":"","ast-featured-img":"","footer-sml-layout":"","theme-transparent-header-meta":"","adv-header-id-meta":"","stick-header-meta":"","header-above-stick-meta":"","header-main-stick-meta":"","header-below-stick-meta":"","astra-migrate-meta-layouts":"set","ast-page-background-enabled":"default","ast-page-background-meta":{"desktop":{"background-color":"var(--ast-global-color-4)","background-image":"","background-repeat":"repeat","background-position":"center center","background-size":"auto","background-attachment":"scroll","background-type":"","background-media":"","overlay-type":"","overlay-color":"","overlay-opacity":"","overlay-gradient":""},"tablet":{"background-color":"","background-image":"","background-repeat":"repeat","background-position":"center center","background-size":"auto","background-attachment":"scroll","background-type":"","background-media":"","overlay-type":"","overlay-color":"","overlay-opacity":"","overlay-gradient":""},"mobile":{"background-color":"","background-image":"","background-repeat":"repeat","background-position":"center center","background-size":"auto","background-attachment":"scroll","background-type":"","background-media":"","overlay-type":"","overlay-color":"","overlay-opacity":"","overlay-gradient":""}},"ast-content-background-meta":{"desktop":{"background-color":"var(--ast-global-color-5)","background-image":"","background-repeat":"repeat","background-position":"center center","background-size":"auto","background-attachment":"scroll","background-type":"","background-media":"","overlay-type":"","overlay-color":"","overlay-opacity":"","overlay-gradient":""},"tablet":{"background-color":"var(--ast-global-color-5)","background-image":"","background-repeat":"repeat","background-position":"center center","background-size":"auto","background-attachment":"scroll","background-type":"","background-media":"","overlay-type":"","overlay-color":"","overlay-opacity":"","overlay-gradient":""},"mobile":{"background-color":"var(--ast-global-color-5)","background-image":"","background-repeat":"repeat","background-position":"center center","background-size":"auto","background-attachment":"scroll","background-type":"","background-media":"","overlay-type":"","overlay-color":"","overlay-opacity":"","overlay-gradient":""}},"footnotes":""},"class_list":["post-13810","page","type-page","status-publish","hentry"],"post_mailing_queue_ids":[],"_links":{"self":[{"href":"https:\/\/serveiseducatius.xtec.cat\/girones\/wp-json\/wp\/v2\/pages\/13810","targetHints":{"allow":["GET"]}}],"collection":[{"href":"https:\/\/serveiseducatius.xtec.cat\/girones\/wp-json\/wp\/v2\/pages"}],"about":[{"href":"https:\/\/serveiseducatius.xtec.cat\/girones\/wp-json\/wp\/v2\/types\/page"}],"author":[{"embeddable":true,"href":"https:\/\/serveiseducatius.xtec.cat\/girones\/wp-json\/wp\/v2\/users\/1"}],"replies":[{"embeddable":true,"href":"https:\/\/serveiseducatius.xtec.cat\/girones\/wp-json\/wp\/v2\/comments?post=13810"}],"version-history":[{"count":4,"href":"https:\/\/serveiseducatius.xtec.cat\/girones\/wp-json\/wp\/v2\/pages\/13810\/revisions"}],"predecessor-version":[{"id":18230,"href":"https:\/\/serveiseducatius.xtec.cat\/girones\/wp-json\/wp\/v2\/pages\/13810\/revisions\/18230"}],"up":[{"embeddable":true,"href":"https:\/\/serveiseducatius.xtec.cat\/girones\/wp-json\/wp\/v2\/pages\/806"}],"wp:attachment":[{"href":"https:\/\/serveiseducatius.xtec.cat\/girones\/wp-json\/wp\/v2\/media?parent=13810"}],"curies":[{"name":"wp","href":"https:\/\/api.w.org\/{rel}","templated":true}]}}