{"id":8720,"date":"2024-07-15T10:25:41","date_gmt":"2024-07-15T08:25:41","guid":{"rendered":"https:\/\/serveiseducatius.xtec.cat\/girona\/?page_id=8720"},"modified":"2024-07-15T10:25:41","modified_gmt":"2024-07-15T08:25:41","slug":"material-de-suport-de-les-unitats-acompanyament-i-orientacio-uao","status":"publish","type":"page","link":"https:\/\/serveiseducatius.xtec.cat\/girona\/material-de-suport-de-les-unitats-acompanyament-i-orientacio-uao\/","title":{"rendered":"Material de suport de les Unitats Acompanyament i Orientaci\u00f3 (UAO)"},"content":{"rendered":"<p>Entre els cursos 2021-22 i 2023-24 les Unitats d&#8217;Acompanyament i Orientaci\u00f3 del ST d&#8217;Educaci\u00f3 a Girona han elaborat diversos materials de suport per als professionals dels centres educatius els quals es presenten a continuaci\u00f3:<\/p>\n<ul>\n<li><a href=\"https:\/\/sites.google.com\/xtec.cat\/bibliotecauao\/benvinguda-biblioteca-i-recursos\">Biblioteca i recursos<\/a><\/li>\n<li><a href=\"https:\/\/sites.google.com\/xtec.cat\/absentisme\/inici\">Protocol absentisme<\/a><\/li>\n<li><a href=\"https:\/\/drive.google.com\/drive\/folders\/1VHZ1zTSQNHxvazptcxyga1JvaxitAInq?usp=sharing\">Activitats i propostes d&#8217;intervenci\u00f3<\/a> (requereix usuari XTEC per poder-hi accedir).<\/li>\n<\/ul>\n","protected":false},"excerpt":{"rendered":"<p>Entre els cursos 2021-22 i 2023-24 les Unitats d&#8217;Acompanyament i Orientaci\u00f3 del ST d&#8217;Educaci\u00f3 a Girona han elaborat diversos materials de suport per als professionals dels centres educatius els quals es presenten a continuaci\u00f3:<\/p>\n<ul>\n<li><a href=\"https:\/\/sites.google.com\/xtec.cat\/bibliotecauao\/benvinguda-biblioteca-i-recursos\">Biblioteca i recursos<\/a><\/li>\n<li><a href=\"https:\/\/sites.google.com\/xtec.cat\/absentisme\/inici\">Protocol absentisme<\/a><\/li>\n<li><a href=\"https:\/\/drive.google.com\/drive\/folders\/1VHZ1zTSQNHxvazptcxyga1JvaxitAInq?usp=sharing\">Activitats i propostes d&#8217;intervenci\u00f3<\/a> (requereix usuari&hellip;  <a href=\"https:\/\/serveiseducatius.xtec.cat\/girona\/material-de-suport-de-les-unitats-acompanyament-i-orientacio-uao\/\" title=\"Read Material de suport de les Unitats Acompanyament i Orientaci\u00f3 (UAO)\">Llegeix m\u00e9s\u00bb<\/a><br \/>\n","protected":false},"author":4,"featured_media":0,"parent":0,"menu_order":0,"comment_status":"closed","ping_status":"closed","template":"","meta":{"_bbp_topic_count":0,"_bbp_reply_count":0,"_bbp_total_topic_count":0,"_bbp_total_reply_count":0,"_bbp_voice_count":0,"_bbp_anonymous_reply_count":0,"_bbp_topic_count_hidden":0,"_bbp_reply_count_hidden":0,"_bbp_forum_subforum_count":0,"footnotes":""},"class_list":["post-8720","page","type-page","status-publish","hentry"],"post_mailing_queue_ids":[],"_links":{"self":[{"href":"https:\/\/serveiseducatius.xtec.cat\/girona\/wp-json\/wp\/v2\/pages\/8720","targetHints":{"allow":["GET"]}}],"collection":[{"href":"https:\/\/serveiseducatius.xtec.cat\/girona\/wp-json\/wp\/v2\/pages"}],"about":[{"href":"https:\/\/serveiseducatius.xtec.cat\/girona\/wp-json\/wp\/v2\/types\/page"}],"author":[{"embeddable":true,"href":"https:\/\/serveiseducatius.xtec.cat\/girona\/wp-json\/wp\/v2\/users\/4"}],"replies":[{"embeddable":true,"href":"https:\/\/serveiseducatius.xtec.cat\/girona\/wp-json\/wp\/v2\/comments?post=8720"}],"version-history":[{"count":1,"href":"https:\/\/serveiseducatius.xtec.cat\/girona\/wp-json\/wp\/v2\/pages\/8720\/revisions"}],"predecessor-version":[{"id":8721,"href":"https:\/\/serveiseducatius.xtec.cat\/girona\/wp-json\/wp\/v2\/pages\/8720\/revisions\/8721"}],"wp:attachment":[{"href":"https:\/\/serveiseducatius.xtec.cat\/girona\/wp-json\/wp\/v2\/media?parent=8720"}],"curies":[{"name":"wp","href":"https:\/\/api.w.org\/{rel}","templated":true}]}}