{"id":6665,"date":"2026-01-13T16:58:41","date_gmt":"2026-01-13T15:58:41","guid":{"rendered":"https:\/\/serveiseducatius.xtec.cat\/garrotxa\/?page_id=6665"},"modified":"2026-01-19T11:12:47","modified_gmt":"2026-01-19T10:12:47","slug":"clva-certamen-de-lectura-en-veu-alta","status":"publish","type":"page","link":"https:\/\/serveiseducatius.xtec.cat\/garrotxa\/dinamitzacio\/clva-certamen-de-lectura-en-veu-alta\/","title":{"rendered":"CLVA &#8211; Certamen de Lectura en Veu Alta"},"content":{"rendered":"<h1 style=\"text-align: center;\"><span style=\"color: #36b8e3;\">XXII Certamen de Lectura en Veu Alta\u00a0<\/span><\/h1>\n<h1 style=\"text-align: center;\"><span style=\"color: #36b8e3;\">Curs 2025 2026<\/span><\/h1>\n<hr \/>\n<p>El Certamen de Lectura en Veu Alta \u00e9s organitzat per la Fundaci\u00f3 Enciclop\u00e8dia Catalana i el Departament d\u2019Educaci\u00f3, i compta amb el suport de l\u2019Obra Social \u201cla Caixa\u201d i de Biblioteques P\u00fabliques de Catalunya. T\u00e9 com a objectiu la promoci\u00f3 de la lectura a l\u2019alumnat de tot Catalunya.<\/p>\n<p>El Certamen consta de cinc categories:<\/p>\n<ul>\n<li>Grumets vermells (Cicle mitj\u00e0 de Prim\u00e0ria)<\/li>\n<li>Grumets verds (Cicle superior de Prim\u00e0ria)<\/li>\n<li>Timoners (Alumnat nouvingut de Cicle Superior de Prim\u00e0ria i primer Cicle d\u2019ESO)<\/li>\n<li>Corsaris (Primer cicle d\u2019ESO)<\/li>\n<li>Tropa de Corsaris (Grups de 3 alumnes de 2n cicle d\u2019ESO).<\/li>\n<\/ul>\n<p>La lectura \u00e9s individual a totes les categories, excepte la Tropa de Corsaris que \u00e9s una lectura col\u00b7lectiva.<\/p>\n<p>Cada centre educatiu pot participar en el CLVA amb un alumne per categoria, excepte en la categoria de Tropa de Corsaris, 3r i 4t d\u2019ESO, que ha de ser un grup de tres alumnes.<\/p>\n<hr \/>\n<h3 style=\"text-align: center;\"><span style=\"color: #36b8e3;\">LLIBRES<\/span><\/h3>\n<p>&nbsp;<\/p>\n<p style=\"text-align: left;\">Ja estan disponibles els <a href=\"https:\/\/www.lecturaenveualta.cat\/certamen-de-lectura-en-veu-alta-escolar\/llibres\/\" target=\"_blank\" rel=\"noopener\">Llibres del XXII CLVA<\/a>, per a la fase SEMIFINAL.<a href=\"https:\/\/serveiseducatius.xtec.cat\/garrotxa\/wp-content\/uploads\/usu774\/2026\/01\/llibres-clva-XXII.png\"><img loading=\"lazy\" decoding=\"async\" class=\"wp-image-6666 alignleft\" src=\"https:\/\/serveiseducatius.xtec.cat\/garrotxa\/wp-content\/uploads\/usu774\/2026\/01\/llibres-clva-XXII.png\" alt=\"\" width=\"380\" height=\"253\" srcset=\"https:\/\/serveiseducatius.xtec.cat\/garrotxa\/wp-content\/uploads\/usu774\/2026\/01\/llibres-clva-XXII.png 750w, https:\/\/serveiseducatius.xtec.cat\/garrotxa\/wp-content\/uploads\/usu774\/2026\/01\/llibres-clva-XXII-300x200.png 300w\" sizes=\"auto, (max-width: 380px) 100vw, 380px\" \/><\/a><\/p>\n<p>Cal fixar-se en l&#8217;EAN i la Col\u00b7lecci\u00f3 perqu\u00e8 tots s\u00f3n en edici\u00f3 escolar.<\/p>\n<p>Els centres rebran el fragment seleccionat de cada categoria 5 dies h\u00e0bils abans de la data de la semifinal.<\/p>\n<p>Per a la FINAL TERRITORIAL el llibre \u00e9s de lliure elecci\u00f3.<\/p>\n<hr \/>\n<h3 style=\"text-align: center;\"><span style=\"color: #36b8e3;\">INFORMACIONS DIVERSES<\/span><\/h3>\n<p>La semifinal de la Garrotxa del XXII Certamen de Lectura en Veu Alta tindr\u00e0 lloc el pr\u00f2xim <strong>dimecres 4 de mar\u00e7<\/strong> de 2026, de <strong>10:00 a 12:00 hores<\/strong> al <a href=\"https:\/\/maps.app.goo.gl\/Qcp7FBGAK6L9STVj9\" target=\"_blank\" rel=\"noopener\">Teatre Principal d&#8217;Olot<\/a>.<\/p>\n<p>La data l\u00edmit per emplenar aquest <strong><span style=\"text-decoration: underline;\"><span style=\"color: #000000;\"><a style=\"color: #000000; text-decoration: underline;\" href=\"https:\/\/forms.gle\/FS1aD8cFdyX634LFA\" target=\"_blank\" rel=\"noopener\">FORMULARI<\/a><\/span><\/span>\u00a0<\/strong>i fer-nos arribar el nom de la\/el representant de cada categoria \u00e9s el <strong>divendres 20 de febrer<\/strong>. Recordeu tamb\u00e9 que cal afegir el nom de l&#8217;alumnat suplent, per si de cas. Per exemple: Fern\u00e0ndez Pla, Laura; SUPLENT: Mas Gir\u00f3, Quim.<\/p>\n<h5><span style=\"color: #0791b8;\">Assistents:<\/span><\/h5>\n<ul>\n<li>Poden assistir un <strong>m\u00e0xim de 10 persones<\/strong> per centre. En aquest nombre s&#8217;inclou el professorat acompanyant i els companys i companyes que hagi decidit el centre educatiu.<\/li>\n<\/ul>\n<h5><span style=\"color: #0791b8;\">Aspectes a tenir presents:<\/span><\/h5>\n<ul>\n<li>El dia de la Semifinal de la Garrotxa, recordeu que <strong>cal llegir el llibre<\/strong>, <strong>no s&#8217;acceptaran lectors i lectores amb fotoc\u00f2pies<\/strong>.<\/li>\n<li>\u00c9s recomanable comprovar que teniu la mateixa edici\u00f3. En cas que no fos aix\u00ed, cal buscar el fragment en l&#8217;edici\u00f3 que teniu.<\/li>\n<li>El dia de la Semifinal, es far\u00e0 un sorteig per establir l&#8217;ordre en qu\u00e8 el lector o lectora llegir\u00e0 la lectura dels fragments.<\/li>\n<li>En cas que l&#8217;alumne\/a inscrit no hi pugui participar, \u00e9s important afegir el nom de lector o lectora suplent.<\/li>\n<\/ul>\n<h5><span style=\"color: #0791b8;\">Inscripcions 2026:<\/span><\/h5>\n<p><a href=\"https:\/\/serveiseducatius.xtec.cat\/garrotxa\/wp-content\/uploads\/usu774\/2026\/01\/Inscripcions-CLVA-2026.jpg\" target=\"_blank\" rel=\"noopener\"><img loading=\"lazy\" decoding=\"async\" class=\"alignnone wp-image-6691 size-full\" src=\"https:\/\/serveiseducatius.xtec.cat\/garrotxa\/wp-content\/uploads\/usu774\/2026\/01\/Inscripcions-CLVA-2026.jpg\" alt=\"\" width=\"794\" height=\"498\" srcset=\"https:\/\/serveiseducatius.xtec.cat\/garrotxa\/wp-content\/uploads\/usu774\/2026\/01\/Inscripcions-CLVA-2026.jpg 794w, https:\/\/serveiseducatius.xtec.cat\/garrotxa\/wp-content\/uploads\/usu774\/2026\/01\/Inscripcions-CLVA-2026-300x188.jpg 300w, https:\/\/serveiseducatius.xtec.cat\/garrotxa\/wp-content\/uploads\/usu774\/2026\/01\/Inscripcions-CLVA-2026-768x482.jpg 768w\" sizes=\"auto, (max-width: 794px) 100vw, 794px\" \/><\/a><\/p>\n<hr \/>\n<h3 style=\"text-align: center;\"><span style=\"color: #36b8e3;\">FINAL TERRITORIAL DE LES COMARQUES GIRONINES<\/span><\/h3>\n<p>Se celebrar\u00e0 el <strong>7 de maig<\/strong> a l&#8217;auditori de <strong>Palafrugell<\/strong>. (Pr\u00f2ximament, m\u00e9s informaci\u00f3).<\/p>\n<hr \/>\n<h3 style=\"text-align: center;\"><span style=\"color: #36b8e3;\">ENLLA\u00c7OS D&#8217;INTER\u00c8S<\/span><\/h3>\n<ul>\n<li><a href=\"https:\/\/www.lecturaenveualta.cat\/\" target=\"_blank\" rel=\"noopener\">https:\/\/www.lecturaenveualta.cat\/<\/a><\/li>\n<li><a href=\"https:\/\/www.lecturaenveualta.cat\/divulgacio-i-recursos\/\" target=\"_blank\" rel=\"noopener\">Divulgaci\u00f3 i recursos<\/a><\/li>\n<\/ul>\n","protected":false},"excerpt":{"rendered":"<p>XXII Certamen de Lectura en Veu Alta\u00a0 Curs 2025 2026 El Certamen de Lectura en Veu Alta \u00e9s organitzat per la Fundaci\u00f3 Enciclop\u00e8dia Catalana i el Departament d\u2019Educaci\u00f3, i compta amb el suport de l\u2019Obra Social \u201cla Caixa\u201d i de Biblioteques P\u00fabliques de Catalunya. T\u00e9 com a objectiu la promoci\u00f3 de la lectura a l\u2019alumnat [&hellip;]<\/p>\n","protected":false},"author":1,"featured_media":0,"parent":2274,"menu_order":0,"comment_status":"closed","ping_status":"closed","template":"","meta":{"_bbp_topic_count":0,"_bbp_reply_count":0,"_bbp_total_topic_count":0,"_bbp_total_reply_count":0,"_bbp_voice_count":0,"_bbp_anonymous_reply_count":0,"_bbp_topic_count_hidden":0,"_bbp_reply_count_hidden":0,"_bbp_forum_subforum_count":0,"site-sidebar-layout":"default","site-content-layout":"","ast-site-content-layout":"","site-content-style":"default","site-sidebar-style":"default","ast-global-header-display":"","ast-banner-title-visibility":"","ast-main-header-display":"","ast-hfb-above-header-display":"","ast-hfb-below-header-display":"","ast-hfb-mobile-header-display":"","site-post-title":"","ast-breadcrumbs-content":"","ast-featured-img":"","footer-sml-layout":"","theme-transparent-header-meta":"","adv-header-id-meta":"","stick-header-meta":"","header-above-stick-meta":"","header-main-stick-meta":"","header-below-stick-meta":"","astra-migrate-meta-layouts":"default","ast-page-background-enabled":"default","ast-page-background-meta":{"desktop":{"background-color":"var(--ast-global-color-5)","background-image":"","background-repeat":"repeat","background-position":"center center","background-size":"auto","background-attachment":"scroll","background-type":"","background-media":"","overlay-type":"","overlay-color":"","overlay-opacity":"","overlay-gradient":""},"tablet":{"background-color":"","background-image":"","background-repeat":"repeat","background-position":"center center","background-size":"auto","background-attachment":"scroll","background-type":"","background-media":"","overlay-type":"","overlay-color":"","overlay-opacity":"","overlay-gradient":""},"mobile":{"background-color":"","background-image":"","background-repeat":"repeat","background-position":"center center","background-size":"auto","background-attachment":"scroll","background-type":"","background-media":"","overlay-type":"","overlay-color":"","overlay-opacity":"","overlay-gradient":""}},"ast-content-background-meta":{"desktop":{"background-color":"var(--ast-global-color-4)","background-image":"","background-repeat":"repeat","background-position":"center center","background-size":"auto","background-attachment":"scroll","background-type":"","background-media":"","overlay-type":"","overlay-color":"","overlay-opacity":"","overlay-gradient":""},"tablet":{"background-color":"var(--ast-global-color-4)","background-image":"","background-repeat":"repeat","background-position":"center center","background-size":"auto","background-attachment":"scroll","background-type":"","background-media":"","overlay-type":"","overlay-color":"","overlay-opacity":"","overlay-gradient":""},"mobile":{"background-color":"var(--ast-global-color-4)","background-image":"","background-repeat":"repeat","background-position":"center center","background-size":"auto","background-attachment":"scroll","background-type":"","background-media":"","overlay-type":"","overlay-color":"","overlay-opacity":"","overlay-gradient":""}},"footnotes":""},"class_list":["post-6665","page","type-page","status-publish","hentry"],"post_mailing_queue_ids":[],"_links":{"self":[{"href":"https:\/\/serveiseducatius.xtec.cat\/garrotxa\/wp-json\/wp\/v2\/pages\/6665","targetHints":{"allow":["GET"]}}],"collection":[{"href":"https:\/\/serveiseducatius.xtec.cat\/garrotxa\/wp-json\/wp\/v2\/pages"}],"about":[{"href":"https:\/\/serveiseducatius.xtec.cat\/garrotxa\/wp-json\/wp\/v2\/types\/page"}],"author":[{"embeddable":true,"href":"https:\/\/serveiseducatius.xtec.cat\/garrotxa\/wp-json\/wp\/v2\/users\/1"}],"replies":[{"embeddable":true,"href":"https:\/\/serveiseducatius.xtec.cat\/garrotxa\/wp-json\/wp\/v2\/comments?post=6665"}],"version-history":[{"count":6,"href":"https:\/\/serveiseducatius.xtec.cat\/garrotxa\/wp-json\/wp\/v2\/pages\/6665\/revisions"}],"predecessor-version":[{"id":6693,"href":"https:\/\/serveiseducatius.xtec.cat\/garrotxa\/wp-json\/wp\/v2\/pages\/6665\/revisions\/6693"}],"up":[{"embeddable":true,"href":"https:\/\/serveiseducatius.xtec.cat\/garrotxa\/wp-json\/wp\/v2\/pages\/2274"}],"wp:attachment":[{"href":"https:\/\/serveiseducatius.xtec.cat\/garrotxa\/wp-json\/wp\/v2\/media?parent=6665"}],"curies":[{"name":"wp","href":"https:\/\/api.w.org\/{rel}","templated":true}]}}