{"id":5892,"date":"2025-02-06T12:22:50","date_gmt":"2025-02-06T11:22:50","guid":{"rendered":"https:\/\/serveiseducatius.xtec.cat\/garrotxa\/?page_id=5892"},"modified":"2025-12-19T09:15:19","modified_gmt":"2025-12-19T08:15:19","slug":"plantilles-de-programacio","status":"publish","type":"page","link":"https:\/\/serveiseducatius.xtec.cat\/garrotxa\/plantilles-de-programacio\/","title":{"rendered":"Plantilles de programaci\u00f3"},"content":{"rendered":"<p><strong>Plantilles de programaci\u00f3<\/strong><\/p>\n<p>Amb aquestes plantilles podreu dur a terme la vostra programaci\u00f3 segons el nou curr\u00edculum. S\u00f3n plantilles basades en les d&#8217;en Jaume Feliu, amb noves funcionalitats.<\/p>\n<p>&nbsp;<\/p>\n<p><strong>Desc\u00e0rrega<\/strong> (\u00faltima versi\u00f3 16\/12\/2025)<\/p>\n<ul>\n<li><a href=\"https:\/\/docs.google.com\/spreadsheets\/d\/1Uk9VBeXdJ5pVE_Dnws_hM7NQOhCmPKElVEjaRKxUeOw\/template\/preview\">PLANTILLA DE PROGRAMACI\u00d3 INF<\/a><\/li>\n<li><a href=\"https:\/\/docs.google.com\/spreadsheets\/d\/1nPz2tEvh3mB9y4GMmCbNVDu1StADfHmcQ8hbu1VNIPc\/template\/preview\">PLANTILLA DE PROGRAMACI\u00d3 PRI<\/a><\/li>\n<li><a href=\"https:\/\/docs.google.com\/spreadsheets\/d\/1-mvSSOaooDLqVGqDbg-8Q437xESCuMTgGuiFCP42we0\/template\/preview\">PLANTILLA DE PROGRAMACI\u00d3 SEC<\/a><\/li>\n<\/ul>\n<p>&nbsp;<\/p>\n<p><strong>Tasques pr\u00e8vies (preparaci\u00f3)<\/strong><\/p>\n<ul>\n<li>Quan h\u00e0giu fet clic damunt l&#8217;enlla\u00e7 de la plantilla que us interessa, feu clic al bot\u00f3 UTILITZA LA PLANTILLA i us en far\u00e0 una c\u00f2pia al vostre Drive.<\/li>\n<li>Actualitzeu el logo del centre.<\/li>\n<\/ul>\n<p>&nbsp;<\/p>\n<p><strong>Instruccions d&#8217;\u00fas<\/strong><\/p>\n<p>V\u00eddeo (en construcci\u00f3&#8230;)<\/p>\n","protected":false},"excerpt":{"rendered":"<p>Plantilles de programaci\u00f3 Amb aquestes plantilles podreu dur a terme la vostra programaci\u00f3 segons el nou curr\u00edculum. S\u00f3n plantilles basades en les d&#8217;en Jaume Feliu, amb noves funcionalitats. &nbsp; Desc\u00e0rrega (\u00faltima versi\u00f3 16\/12\/2025) PLANTILLA DE PROGRAMACI\u00d3 INF PLANTILLA DE PROGRAMACI\u00d3 PRI PLANTILLA DE PROGRAMACI\u00d3 SEC &nbsp; Tasques pr\u00e8vies (preparaci\u00f3) Quan h\u00e0giu fet clic damunt l&#8217;enlla\u00e7 [&hellip;]<\/p>\n","protected":false},"author":1,"featured_media":0,"parent":0,"menu_order":0,"comment_status":"closed","ping_status":"closed","template":"","meta":{"_bbp_topic_count":0,"_bbp_reply_count":0,"_bbp_total_topic_count":0,"_bbp_total_reply_count":0,"_bbp_voice_count":0,"_bbp_anonymous_reply_count":0,"_bbp_topic_count_hidden":0,"_bbp_reply_count_hidden":0,"_bbp_forum_subforum_count":0,"site-sidebar-layout":"default","site-content-layout":"","ast-site-content-layout":"","site-content-style":"default","site-sidebar-style":"default","ast-global-header-display":"","ast-banner-title-visibility":"","ast-main-header-display":"","ast-hfb-above-header-display":"","ast-hfb-below-header-display":"","ast-hfb-mobile-header-display":"","site-post-title":"","ast-breadcrumbs-content":"","ast-featured-img":"","footer-sml-layout":"","theme-transparent-header-meta":"","adv-header-id-meta":"","stick-header-meta":"","header-above-stick-meta":"","header-main-stick-meta":"","header-below-stick-meta":"","astra-migrate-meta-layouts":"default","ast-page-background-enabled":"default","ast-page-background-meta":{"desktop":{"background-color":"var(--ast-global-color-5)","background-image":"","background-repeat":"repeat","background-position":"center center","background-size":"auto","background-attachment":"scroll","background-type":"","background-media":"","overlay-type":"","overlay-color":"","overlay-opacity":"","overlay-gradient":""},"tablet":{"background-color":"","background-image":"","background-repeat":"repeat","background-position":"center center","background-size":"auto","background-attachment":"scroll","background-type":"","background-media":"","overlay-type":"","overlay-color":"","overlay-opacity":"","overlay-gradient":""},"mobile":{"background-color":"","background-image":"","background-repeat":"repeat","background-position":"center center","background-size":"auto","background-attachment":"scroll","background-type":"","background-media":"","overlay-type":"","overlay-color":"","overlay-opacity":"","overlay-gradient":""}},"ast-content-background-meta":{"desktop":{"background-color":"var(--ast-global-color-4)","background-image":"","background-repeat":"repeat","background-position":"center center","background-size":"auto","background-attachment":"scroll","background-type":"","background-media":"","overlay-type":"","overlay-color":"","overlay-opacity":"","overlay-gradient":""},"tablet":{"background-color":"var(--ast-global-color-4)","background-image":"","background-repeat":"repeat","background-position":"center center","background-size":"auto","background-attachment":"scroll","background-type":"","background-media":"","overlay-type":"","overlay-color":"","overlay-opacity":"","overlay-gradient":""},"mobile":{"background-color":"var(--ast-global-color-4)","background-image":"","background-repeat":"repeat","background-position":"center center","background-size":"auto","background-attachment":"scroll","background-type":"","background-media":"","overlay-type":"","overlay-color":"","overlay-opacity":"","overlay-gradient":""}},"footnotes":""},"class_list":["post-5892","page","type-page","status-publish","hentry"],"post_mailing_queue_ids":[],"_links":{"self":[{"href":"https:\/\/serveiseducatius.xtec.cat\/garrotxa\/wp-json\/wp\/v2\/pages\/5892","targetHints":{"allow":["GET"]}}],"collection":[{"href":"https:\/\/serveiseducatius.xtec.cat\/garrotxa\/wp-json\/wp\/v2\/pages"}],"about":[{"href":"https:\/\/serveiseducatius.xtec.cat\/garrotxa\/wp-json\/wp\/v2\/types\/page"}],"author":[{"embeddable":true,"href":"https:\/\/serveiseducatius.xtec.cat\/garrotxa\/wp-json\/wp\/v2\/users\/1"}],"replies":[{"embeddable":true,"href":"https:\/\/serveiseducatius.xtec.cat\/garrotxa\/wp-json\/wp\/v2\/comments?post=5892"}],"version-history":[{"count":6,"href":"https:\/\/serveiseducatius.xtec.cat\/garrotxa\/wp-json\/wp\/v2\/pages\/5892\/revisions"}],"predecessor-version":[{"id":6613,"href":"https:\/\/serveiseducatius.xtec.cat\/garrotxa\/wp-json\/wp\/v2\/pages\/5892\/revisions\/6613"}],"wp:attachment":[{"href":"https:\/\/serveiseducatius.xtec.cat\/garrotxa\/wp-json\/wp\/v2\/media?parent=5892"}],"curies":[{"name":"wp","href":"https:\/\/api.w.org\/{rel}","templated":true}]}}