{"id":5295,"date":"2024-06-16T23:15:45","date_gmt":"2024-06-16T21:15:45","guid":{"rendered":"https:\/\/serveiseducatius.xtec.cat\/garrotxa\/?page_id=5295"},"modified":"2025-01-17T10:04:01","modified_gmt":"2025-01-17T09:04:01","slug":"gestio-de-biblioteca","status":"publish","type":"page","link":"https:\/\/serveiseducatius.xtec.cat\/garrotxa\/gestio-de-biblioteca\/","title":{"rendered":"Gesti\u00f3 pr\u00e9stec Biblioteca"},"content":{"rendered":"<p><b>Antecedents<\/b><\/p>\n<p><span style=\"font-weight: 400;\">Actualment, la majoria dels centres gestionen el pr\u00e9stec de la seva Biblioteca amb l\u2019<a href=\"https:\/\/xtec.gencat.cat\/ca\/projectes\/biblioteca\/epergam\/entorn-biblioteca\"><strong><span style=\"color: #3366ff;\">eP\u00e8rgam<\/span><\/strong><\/a>. Aquest programa est\u00e0 obsolet i no es concedeix cap m\u00e9s llic\u00e8ncia ni m\u00e9s espai. Davant d\u2019aquesta situaci\u00f3 i tenint en compte que el nou eP\u00e8rgam no estar\u00e0 disponible fins d\u2019aqu\u00ed un o dos anys, hi ha centres que s\u2019han elaborat la seva pr\u00f2pia eina per a gestionar el pr\u00e9stec de la seva Biblioteca, com \u00e9s el cas de l\u2019escola Josep Dalmau Carles de Girona. Partint de l\u2019eina que ha creat aquesta escola, l\u2019hem fet evolucionar i l\u2019hem adaptat per poder llegir i importar f\u00e0cilment els registres dels llibres.\u00a0<\/span><\/p>\n<p><img loading=\"lazy\" decoding=\"async\" class=\"aligncenter size-large wp-image-5297\" src=\"https:\/\/serveiseducatius.xtec.cat\/garrotxa\/wp-content\/uploads\/usu774\/2024\/06\/PORTADA-1024x598.png\" alt=\"\" width=\"1024\" height=\"598\" srcset=\"https:\/\/serveiseducatius.xtec.cat\/garrotxa\/wp-content\/uploads\/usu774\/2024\/06\/PORTADA-1024x598.png 1024w, https:\/\/serveiseducatius.xtec.cat\/garrotxa\/wp-content\/uploads\/usu774\/2024\/06\/PORTADA-300x175.png 300w, https:\/\/serveiseducatius.xtec.cat\/garrotxa\/wp-content\/uploads\/usu774\/2024\/06\/PORTADA-768x448.png 768w, https:\/\/serveiseducatius.xtec.cat\/garrotxa\/wp-content\/uploads\/usu774\/2024\/06\/PORTADA.png 1216w\" sizes=\"auto, (max-width: 1024px) 100vw, 1024px\" \/><\/p>\n<p>&nbsp;<\/p>\n<p><span style=\"font-weight: 400;\">L\u2019eina que us presentem permet gestionar el pr\u00e9stec de la Biblioteca amb un full de c\u00e0lcul de Google. Aquest full de c\u00e0lcul est\u00e0 pensat per optimitzar la feina m\u00e9s feixuga, que \u00e9s la de donar d\u2019alta els registres dels llibres. Aquesta tasca es fa amb l\u2019ajuda de l\u2019aplicaci\u00f3 <\/span><span style=\"color: #3366ff;\"><strong><a style=\"color: #3366ff;\" href=\"https:\/\/play.google.com\/store\/apps\/details?id=com.vgm.mylibrary&amp;hl=en_US&amp;pli=1\">My Library<\/a><\/strong><\/span><span style=\"font-weight: 400;\"> per a dispositius Android. <\/span><\/p>\n<p><span style=\"font-weight: 400;\">Aquesta App disposa d\u2019un esc\u00e0ner de codi de barres que \u00e9s capa\u00e7 de cercar autom\u00e0ticament en l\u00ednia tota la informaci\u00f3 rellevant del llibre (t\u00edtol, autor, any de publicaci\u00f3, nombre de p\u00e0gines i codi ISBN). La informaci\u00f3 es desa en el dispositiu i es pot exportar directament al Drive. Llavors, nom\u00e9s s\u2019han de copiar i enganxar aquests registres a la pestanya REGISTRE del full de c\u00e0lcul de \u201cGesti\u00f3 del pr\u00e9stec\u201d i els llibres ja estaran disponibles per prestar.<\/span><\/p>\n<p><a href=\"https:\/\/docs.google.com\/document\/d\/1Xq5BTQHr5VA_4AROTnW9oBKrJV52qa8q9DeVkazeSZ4\/edit?usp=sharing\"><strong><span style=\"color: #3366ff;\">Instruccions<\/span><\/strong><\/a> (<a href=\"https:\/\/docs.google.com\/spreadsheets\/d\/1dYLR2qh6KRVS-FpeG_-iUmJlCsidATn_uDPqtskbIUc\/copy\">desc\u00e0rrega<\/a>, preparaci\u00f3 i utilitzaci\u00f3).<\/p>\n<p><img loading=\"lazy\" decoding=\"async\" class=\"aligncenter wp-image-5316 size-large\" src=\"https:\/\/serveiseducatius.xtec.cat\/garrotxa\/wp-content\/uploads\/usu774\/2024\/06\/esquema-del-proces-v2-1024x651.png\" alt=\"\" width=\"1024\" height=\"651\" srcset=\"https:\/\/serveiseducatius.xtec.cat\/garrotxa\/wp-content\/uploads\/usu774\/2024\/06\/esquema-del-proces-v2-1024x651.png 1024w, https:\/\/serveiseducatius.xtec.cat\/garrotxa\/wp-content\/uploads\/usu774\/2024\/06\/esquema-del-proces-v2-300x191.png 300w, https:\/\/serveiseducatius.xtec.cat\/garrotxa\/wp-content\/uploads\/usu774\/2024\/06\/esquema-del-proces-v2-768x488.png 768w, https:\/\/serveiseducatius.xtec.cat\/garrotxa\/wp-content\/uploads\/usu774\/2024\/06\/esquema-del-proces-v2.png 1192w\" sizes=\"auto, (max-width: 1024px) 100vw, 1024px\" \/><\/p>\n<p>&nbsp;<\/p>\n<p>&nbsp;<\/p>\n","protected":false},"excerpt":{"rendered":"<p>Antecedents Actualment, la majoria dels centres gestionen el pr\u00e9stec de la seva Biblioteca amb l\u2019eP\u00e8rgam. Aquest programa est\u00e0 obsolet i no es concedeix cap m\u00e9s llic\u00e8ncia ni m\u00e9s espai. Davant d\u2019aquesta situaci\u00f3 i tenint en compte que el nou eP\u00e8rgam no estar\u00e0 disponible fins d\u2019aqu\u00ed un o dos anys, hi ha centres que s\u2019han elaborat [&hellip;]<\/p>\n","protected":false},"author":1,"featured_media":0,"parent":0,"menu_order":0,"comment_status":"closed","ping_status":"closed","template":"","meta":{"_bbp_topic_count":0,"_bbp_reply_count":0,"_bbp_total_topic_count":0,"_bbp_total_reply_count":0,"_bbp_voice_count":0,"_bbp_anonymous_reply_count":0,"_bbp_topic_count_hidden":0,"_bbp_reply_count_hidden":0,"_bbp_forum_subforum_count":0,"site-sidebar-layout":"default","site-content-layout":"","ast-site-content-layout":"","site-content-style":"default","site-sidebar-style":"default","ast-global-header-display":"","ast-banner-title-visibility":"","ast-main-header-display":"","ast-hfb-above-header-display":"","ast-hfb-below-header-display":"","ast-hfb-mobile-header-display":"","site-post-title":"","ast-breadcrumbs-content":"","ast-featured-img":"","footer-sml-layout":"","theme-transparent-header-meta":"","adv-header-id-meta":"","stick-header-meta":"","header-above-stick-meta":"","header-main-stick-meta":"","header-below-stick-meta":"","astra-migrate-meta-layouts":"default","ast-page-background-enabled":"default","ast-page-background-meta":{"desktop":{"background-color":"var(--ast-global-color-5)","background-image":"","background-repeat":"repeat","background-position":"center center","background-size":"auto","background-attachment":"scroll","background-type":"","background-media":"","overlay-type":"","overlay-color":"","overlay-opacity":"","overlay-gradient":""},"tablet":{"background-color":"","background-image":"","background-repeat":"repeat","background-position":"center center","background-size":"auto","background-attachment":"scroll","background-type":"","background-media":"","overlay-type":"","overlay-color":"","overlay-opacity":"","overlay-gradient":""},"mobile":{"background-color":"","background-image":"","background-repeat":"repeat","background-position":"center center","background-size":"auto","background-attachment":"scroll","background-type":"","background-media":"","overlay-type":"","overlay-color":"","overlay-opacity":"","overlay-gradient":""}},"ast-content-background-meta":{"desktop":{"background-color":"var(--ast-global-color-4)","background-image":"","background-repeat":"repeat","background-position":"center center","background-size":"auto","background-attachment":"scroll","background-type":"","background-media":"","overlay-type":"","overlay-color":"","overlay-opacity":"","overlay-gradient":""},"tablet":{"background-color":"var(--ast-global-color-4)","background-image":"","background-repeat":"repeat","background-position":"center center","background-size":"auto","background-attachment":"scroll","background-type":"","background-media":"","overlay-type":"","overlay-color":"","overlay-opacity":"","overlay-gradient":""},"mobile":{"background-color":"var(--ast-global-color-4)","background-image":"","background-repeat":"repeat","background-position":"center center","background-size":"auto","background-attachment":"scroll","background-type":"","background-media":"","overlay-type":"","overlay-color":"","overlay-opacity":"","overlay-gradient":""}},"footnotes":""},"class_list":["post-5295","page","type-page","status-publish","hentry"],"post_mailing_queue_ids":[],"_links":{"self":[{"href":"https:\/\/serveiseducatius.xtec.cat\/garrotxa\/wp-json\/wp\/v2\/pages\/5295","targetHints":{"allow":["GET"]}}],"collection":[{"href":"https:\/\/serveiseducatius.xtec.cat\/garrotxa\/wp-json\/wp\/v2\/pages"}],"about":[{"href":"https:\/\/serveiseducatius.xtec.cat\/garrotxa\/wp-json\/wp\/v2\/types\/page"}],"author":[{"embeddable":true,"href":"https:\/\/serveiseducatius.xtec.cat\/garrotxa\/wp-json\/wp\/v2\/users\/1"}],"replies":[{"embeddable":true,"href":"https:\/\/serveiseducatius.xtec.cat\/garrotxa\/wp-json\/wp\/v2\/comments?post=5295"}],"version-history":[{"count":6,"href":"https:\/\/serveiseducatius.xtec.cat\/garrotxa\/wp-json\/wp\/v2\/pages\/5295\/revisions"}],"predecessor-version":[{"id":5832,"href":"https:\/\/serveiseducatius.xtec.cat\/garrotxa\/wp-json\/wp\/v2\/pages\/5295\/revisions\/5832"}],"wp:attachment":[{"href":"https:\/\/serveiseducatius.xtec.cat\/garrotxa\/wp-json\/wp\/v2\/media?parent=5295"}],"curies":[{"name":"wp","href":"https:\/\/api.w.org\/{rel}","templated":true}]}}