{"id":5128,"date":"2024-04-21T23:34:39","date_gmt":"2024-04-21T21:34:39","guid":{"rendered":"https:\/\/serveiseducatius.xtec.cat\/garrotxa\/?page_id=5128"},"modified":"2024-05-17T19:45:13","modified_gmt":"2024-05-17T17:45:13","slug":"diaris-curriculars-crpga","status":"publish","type":"page","link":"https:\/\/serveiseducatius.xtec.cat\/garrotxa\/diaris-curriculars-crpga\/","title":{"rendered":"Registres curriculars CRPGA"},"content":{"rendered":"<p><strong>Registres curriculars<\/strong><\/p>\n<p>Aquests &#8220;diaris&#8221; curriculars permeten dur a terme un registre de les compet\u00e8ncies espec\u00edfiques, criteris d&#8217;avaluaci\u00f3 i sabers que s&#8217;han treballat a cada curs (o cicle). Disposen d&#8217;una pestanya anomenada RESUM on es recopila autom\u00e0ticament el que s&#8217;ha treballat, el nombre de vegades i el que queda pendent.<\/p>\n<p>&nbsp;<\/p>\n<p><strong>Desc\u00e0rrega<\/strong><\/p>\n<ul>\n<li><a href=\"https:\/\/docs.google.com\/spreadsheets\/d\/1j7KASmf9VRXragWnex1jH3zJMcKlcf5deB_0orzEw_o\/copy\">REGISTRE CURRICULAR 1r-2n PRI 23\/24 (V0.16)<\/a><\/li>\n<li><a href=\"https:\/\/docs.google.com\/spreadsheets\/d\/1_hr5j2QUBftXQvfEVHimVgtEMXxJ9CAwkdIVIuJel0w\/copy\">REGISTRE CURRICULAR 3r-4t PRI 23\/24 (V0.16)<\/a><\/li>\n<li><a href=\"https:\/\/docs.google.com\/spreadsheets\/d\/1KgG3my7LwsKDL_ABdk9X7RuRkouF0Vu6cnyUe0lbOSc\/copy\">REGISTRE CURRICULAR 5\u00e8-6\u00e8 PRI 23\/24 (V0.16)<\/a><\/li>\n<\/ul>\n<p>&nbsp;<\/p>\n<p><strong>Tasques pr\u00e8vies (preparaci\u00f3)<\/strong><\/p>\n<ul>\n<li>Feu clic damunt de l&#8217;enlla\u00e7 corresponent i us demanar\u00e0 que en feu una c\u00f2pia. Es recomana fer la c\u00f2pia des del compte de centre.<\/li>\n<li>Canvieu el nom de l&#8217;arxiu segons us convingui (curs, cicle&#8230;)<\/li>\n<li>Compartiu el document nom\u00e9s amb els usuaris que l&#8217;han d&#8217;emplenar.<\/li>\n<\/ul>\n<p>&nbsp;<\/p>\n<p><strong>Instruccions d&#8217;\u00fas<\/strong><\/p>\n<ul>\n<li>Cada pestanya correspon a una SdA (projecte\/taller\/activitat&#8230;).<\/li>\n<li>Seleccioneu una pestanya buida (SdA1, SdA2&#8230;)<\/li>\n<li>Poseu un t\u00edtol de l&#8217;activitat, una descripci\u00f3, la data i enllaceu la carpeta Drive on teniu l&#8217;activitat documentada.<\/li>\n<li>Polseu el signe (+) per desplegar les agrupacions de cel\u00b7les de cada compet\u00e8ncia.<\/li>\n<li>Poseu els tics que correspongui a la columna CRITERIS D&#8217;AVALUACI\u00d3 i a SABERS. La resta de tics, compet\u00e8ncies espec\u00edfiques i categories de sabers es posen autom\u00e0ticament.<\/li>\n<li>Consulteu la pestanya RESUM per saber el que heu treballat amb les diferents SdA i quantes vegades.<\/li>\n<li>Polseu amb el bot\u00f3 dret damunt de qualsevol agrupaci\u00f3 de cel\u00b7les (+ o -) per desplegar o replegar totes les agrupacions de cel\u00b7les.<\/li>\n<li>Amb les files replegades tindreu una visi\u00f3 global de qu\u00e8 s&#8217;ha treballat de cada compet\u00e8ncia.<\/li>\n<\/ul>\n<p>&nbsp;<\/p>\n<p><strong>IMPORTANT: aspectes a tenir en compte per no corrompre les f\u00f3rmules<\/strong><\/p>\n<ul>\n<li>No es poden afegir, ni eliminar pestanyes.<\/li>\n<li>No es pot canviar el nom de les pestanyes.<\/li>\n<li>Tampoc es poden inserir files.<\/li>\n<\/ul>\n<p>&nbsp;<\/p>\n<p><strong>Captures<\/strong><\/p>\n<ul>\n<li>SdA replegada (visi\u00f3 global dels percentatges dels \u00edtems treballats i barra de progr\u00e9s per a cada compet\u00e8ncia).<\/li>\n<\/ul>\n<p><a href=\"https:\/\/serveiseducatius.xtec.cat\/garrotxa\/diaris-curriculars-crpga\/attachment\/captura-sda-replegada-2\/\" rel=\"attachment wp-att-5132\"><img loading=\"lazy\" decoding=\"async\" class=\"aligncenter size-full wp-image-5132\" src=\"https:\/\/serveiseducatius.xtec.cat\/garrotxa\/wp-content\/uploads\/usu774\/2024\/04\/captura-sda-replegada-1.png\" alt=\"\" width=\"1007\" height=\"795\" srcset=\"https:\/\/serveiseducatius.xtec.cat\/garrotxa\/wp-content\/uploads\/usu774\/2024\/04\/captura-sda-replegada-1.png 1007w, https:\/\/serveiseducatius.xtec.cat\/garrotxa\/wp-content\/uploads\/usu774\/2024\/04\/captura-sda-replegada-1-300x237.png 300w, https:\/\/serveiseducatius.xtec.cat\/garrotxa\/wp-content\/uploads\/usu774\/2024\/04\/captura-sda-replegada-1-768x606.png 768w\" sizes=\"auto, (max-width: 1007px) 100vw, 1007px\" \/><\/a><\/p>\n<ul>\n<li>SdA desplegada amb indicacions de les columnes on cal posar els tics, s\u00f3n els tics que tenen fons blanc. Els altres es posen autom\u00e0ticament.<a href=\"https:\/\/serveiseducatius.xtec.cat\/garrotxa\/general\/diaris-curriculars-crpga\/attachment\/captura-sda\/\" rel=\"attachment wp-att-5120\"><br \/>\n<\/a><a href=\"https:\/\/serveiseducatius.xtec.cat\/garrotxa\/general\/diaris-curriculars-crpga\/attachment\/captura-sda\/\" rel=\"attachment wp-att-5120\"><br \/>\n<img loading=\"lazy\" decoding=\"async\" class=\"aligncenter size-large wp-image-5120\" src=\"https:\/\/serveiseducatius.xtec.cat\/garrotxa\/wp-content\/uploads\/usu774\/2024\/04\/captura-sda-1024x528.png\" alt=\"\" width=\"1024\" height=\"528\" srcset=\"https:\/\/serveiseducatius.xtec.cat\/garrotxa\/wp-content\/uploads\/usu774\/2024\/04\/captura-sda-1024x528.png 1024w, https:\/\/serveiseducatius.xtec.cat\/garrotxa\/wp-content\/uploads\/usu774\/2024\/04\/captura-sda-300x155.png 300w, https:\/\/serveiseducatius.xtec.cat\/garrotxa\/wp-content\/uploads\/usu774\/2024\/04\/captura-sda-768x396.png 768w, https:\/\/serveiseducatius.xtec.cat\/garrotxa\/wp-content\/uploads\/usu774\/2024\/04\/captura-sda.png 1200w\" sizes=\"auto, (max-width: 1024px) 100vw, 1024px\" \/><\/a><\/li>\n<\/ul>\n<p>&nbsp;<\/p>\n<ul>\n<li>Pestanya RESUM. Fa el recompte de qu\u00e8 s&#8217;ha treballat entre totes les SdA i quantes vegades.<\/li>\n<\/ul>\n<p>&nbsp;<\/p>\n<p><img loading=\"lazy\" decoding=\"async\" class=\"aligncenter size-large wp-image-5162\" src=\"https:\/\/serveiseducatius.xtec.cat\/garrotxa\/wp-content\/uploads\/usu774\/2024\/04\/captura-resum2-1024x579.png\" alt=\"\" width=\"1024\" height=\"579\" srcset=\"https:\/\/serveiseducatius.xtec.cat\/garrotxa\/wp-content\/uploads\/usu774\/2024\/04\/captura-resum2-1024x579.png 1024w, https:\/\/serveiseducatius.xtec.cat\/garrotxa\/wp-content\/uploads\/usu774\/2024\/04\/captura-resum2-300x170.png 300w, https:\/\/serveiseducatius.xtec.cat\/garrotxa\/wp-content\/uploads\/usu774\/2024\/04\/captura-resum2-768x434.png 768w, https:\/\/serveiseducatius.xtec.cat\/garrotxa\/wp-content\/uploads\/usu774\/2024\/04\/captura-resum2.png 1210w\" sizes=\"auto, (max-width: 1024px) 100vw, 1024px\" \/><\/p>\n<p>&nbsp;<\/p>\n","protected":false},"excerpt":{"rendered":"<p>Registres curriculars Aquests &#8220;diaris&#8221; curriculars permeten dur a terme un registre de les compet\u00e8ncies espec\u00edfiques, criteris d&#8217;avaluaci\u00f3 i sabers que s&#8217;han treballat a cada curs (o cicle). Disposen d&#8217;una pestanya anomenada RESUM on es recopila autom\u00e0ticament el que s&#8217;ha treballat, el nombre de vegades i el que queda pendent. &nbsp; Desc\u00e0rrega REGISTRE CURRICULAR 1r-2n PRI [&hellip;]<\/p>\n","protected":false},"author":1,"featured_media":0,"parent":0,"menu_order":0,"comment_status":"closed","ping_status":"closed","template":"","meta":{"_bbp_topic_count":0,"_bbp_reply_count":0,"_bbp_total_topic_count":0,"_bbp_total_reply_count":0,"_bbp_voice_count":0,"_bbp_anonymous_reply_count":0,"_bbp_topic_count_hidden":0,"_bbp_reply_count_hidden":0,"_bbp_forum_subforum_count":0,"site-sidebar-layout":"default","site-content-layout":"","ast-site-content-layout":"","site-content-style":"default","site-sidebar-style":"default","ast-global-header-display":"","ast-banner-title-visibility":"","ast-main-header-display":"","ast-hfb-above-header-display":"","ast-hfb-below-header-display":"","ast-hfb-mobile-header-display":"","site-post-title":"","ast-breadcrumbs-content":"","ast-featured-img":"","footer-sml-layout":"","theme-transparent-header-meta":"","adv-header-id-meta":"","stick-header-meta":"","header-above-stick-meta":"","header-main-stick-meta":"","header-below-stick-meta":"","astra-migrate-meta-layouts":"default","ast-page-background-enabled":"default","ast-page-background-meta":{"desktop":{"background-color":"var(--ast-global-color-5)","background-image":"","background-repeat":"repeat","background-position":"center center","background-size":"auto","background-attachment":"scroll","background-type":"","background-media":"","overlay-type":"","overlay-color":"","overlay-opacity":"","overlay-gradient":""},"tablet":{"background-color":"","background-image":"","background-repeat":"repeat","background-position":"center center","background-size":"auto","background-attachment":"scroll","background-type":"","background-media":"","overlay-type":"","overlay-color":"","overlay-opacity":"","overlay-gradient":""},"mobile":{"background-color":"","background-image":"","background-repeat":"repeat","background-position":"center center","background-size":"auto","background-attachment":"scroll","background-type":"","background-media":"","overlay-type":"","overlay-color":"","overlay-opacity":"","overlay-gradient":""}},"ast-content-background-meta":{"desktop":{"background-color":"var(--ast-global-color-4)","background-image":"","background-repeat":"repeat","background-position":"center center","background-size":"auto","background-attachment":"scroll","background-type":"","background-media":"","overlay-type":"","overlay-color":"","overlay-opacity":"","overlay-gradient":""},"tablet":{"background-color":"var(--ast-global-color-4)","background-image":"","background-repeat":"repeat","background-position":"center center","background-size":"auto","background-attachment":"scroll","background-type":"","background-media":"","overlay-type":"","overlay-color":"","overlay-opacity":"","overlay-gradient":""},"mobile":{"background-color":"var(--ast-global-color-4)","background-image":"","background-repeat":"repeat","background-position":"center center","background-size":"auto","background-attachment":"scroll","background-type":"","background-media":"","overlay-type":"","overlay-color":"","overlay-opacity":"","overlay-gradient":""}},"footnotes":""},"class_list":["post-5128","page","type-page","status-publish","hentry"],"post_mailing_queue_ids":[],"_links":{"self":[{"href":"https:\/\/serveiseducatius.xtec.cat\/garrotxa\/wp-json\/wp\/v2\/pages\/5128","targetHints":{"allow":["GET"]}}],"collection":[{"href":"https:\/\/serveiseducatius.xtec.cat\/garrotxa\/wp-json\/wp\/v2\/pages"}],"about":[{"href":"https:\/\/serveiseducatius.xtec.cat\/garrotxa\/wp-json\/wp\/v2\/types\/page"}],"author":[{"embeddable":true,"href":"https:\/\/serveiseducatius.xtec.cat\/garrotxa\/wp-json\/wp\/v2\/users\/1"}],"replies":[{"embeddable":true,"href":"https:\/\/serveiseducatius.xtec.cat\/garrotxa\/wp-json\/wp\/v2\/comments?post=5128"}],"version-history":[{"count":7,"href":"https:\/\/serveiseducatius.xtec.cat\/garrotxa\/wp-json\/wp\/v2\/pages\/5128\/revisions"}],"predecessor-version":[{"id":5235,"href":"https:\/\/serveiseducatius.xtec.cat\/garrotxa\/wp-json\/wp\/v2\/pages\/5128\/revisions\/5235"}],"wp:attachment":[{"href":"https:\/\/serveiseducatius.xtec.cat\/garrotxa\/wp-json\/wp\/v2\/media?parent=5128"}],"curies":[{"name":"wp","href":"https:\/\/api.w.org\/{rel}","templated":true}]}}