{"id":3448,"date":"2021-09-21T22:41:24","date_gmt":"2021-09-21T20:41:24","guid":{"rendered":"https:\/\/serveiseducatius.xtec.cat\/garrotxa\/?page_id=3448"},"modified":"2024-04-10T10:18:24","modified_gmt":"2024-04-10T08:18:24","slug":"centre-dimpressio-3d","status":"publish","type":"page","link":"https:\/\/serveiseducatius.xtec.cat\/garrotxa\/centre-dimpressio-3d\/","title":{"rendered":"Centre d&#8217;impressi\u00f3 3D"},"content":{"rendered":"<p><b>El CRP de la Garrotxa posa a disposici\u00f3 del professorat de la comarca un centre d\u2019impressi\u00f3 3D<\/b> equipat amb 5 impressores \u201cEnder 3D PRO V2\u201d i una \u201cAnet A8\u201d.<\/p>\n<p><img loading=\"lazy\" decoding=\"async\" class=\"wp-image-4161 alignleft\" src=\"https:\/\/serveiseducatius.xtec.cat\/garrotxa\/wp-content\/uploads\/usu774\/2023\/03\/centre-i3d-1024x576.jpg\" alt=\"\" width=\"325\" height=\"183\" srcset=\"https:\/\/serveiseducatius.xtec.cat\/garrotxa\/wp-content\/uploads\/usu774\/2023\/03\/centre-i3d-1024x576.jpg 1024w, https:\/\/serveiseducatius.xtec.cat\/garrotxa\/wp-content\/uploads\/usu774\/2023\/03\/centre-i3d-300x169.jpg 300w, https:\/\/serveiseducatius.xtec.cat\/garrotxa\/wp-content\/uploads\/usu774\/2023\/03\/centre-i3d-768x432.jpg 768w, https:\/\/serveiseducatius.xtec.cat\/garrotxa\/wp-content\/uploads\/usu774\/2023\/03\/centre-i3d.jpg 1032w\" sizes=\"auto, (max-width: 325px) 100vw, 325px\" \/><\/p>\n<p><img loading=\"lazy\" decoding=\"async\" class=\"wp-image-4160 alignleft\" src=\"https:\/\/serveiseducatius.xtec.cat\/garrotxa\/wp-content\/uploads\/usu774\/2023\/03\/centre-i3d-2-1024x576.jpg\" alt=\"\" width=\"325\" height=\"183\" srcset=\"https:\/\/serveiseducatius.xtec.cat\/garrotxa\/wp-content\/uploads\/usu774\/2023\/03\/centre-i3d-2-1024x576.jpg 1024w, https:\/\/serveiseducatius.xtec.cat\/garrotxa\/wp-content\/uploads\/usu774\/2023\/03\/centre-i3d-2-300x169.jpg 300w, https:\/\/serveiseducatius.xtec.cat\/garrotxa\/wp-content\/uploads\/usu774\/2023\/03\/centre-i3d-2-768x432.jpg 768w, https:\/\/serveiseducatius.xtec.cat\/garrotxa\/wp-content\/uploads\/usu774\/2023\/03\/centre-i3d-2.jpg 1032w\" sizes=\"auto, (max-width: 325px) 100vw, 325px\" \/><\/p>\n<p>&nbsp;<\/p>\n<p>&nbsp;<\/p>\n<p>&nbsp;<\/p>\n<p>&nbsp;<\/p>\n<p>&nbsp;<\/p>\n<p><span style=\"text-decoration: underline;\"><strong>NORMES D&#8217;\u00daS<\/strong><\/span><\/p>\n<p><b>1. <\/b>Per a poder utilitzar el servei s\u2019haur\u00e0 <b>d\u2019acreditar uns coneixements m\u00ednims<\/b>. Els <strong>docents no iniciats <\/strong>hauran de realitzar<strong> la miniformaci\u00f3 anomenada \u201cBateig 3D\u201d<\/strong> d\u2019una hora de durada, on aprendran a: nivellar la base, canviar el filament, descarregar un objecte 3D (arxiu.STL), generar online el llescat (arxiu.GCODE) i desar-lo a la targeta microSD, fer el llen\u00e7ament de la impressi\u00f3 i a retirar la pe\u00e7a una vegada finalitzat el proc\u00e9s.<\/p>\n<p><b>2. <\/b>Es podr\u00e0<b> reservar la sala d\u2019impressi\u00f3 3D <\/b>per dies de 8:30 a 17:30h.<\/p>\n<p><strong>3. Paral\u00b7lelament haureu de fer la reserva <\/strong>de les impressores que necessiteu que hi hagi disponibles\u00a0al centre d\u2019impressi\u00f3.<\/p>\n<p><b>4. <\/b>Cada <b>centre s\u2019encarregar\u00e0 d\u2019adquirir el pl\u00e0stic<\/b>, que haur\u00e0 de ser el recomanat pel CRP per evitar embussos.<\/p>\n<p style=\"padding-left: 40px;\"><b>Pl\u00e0stic recomanat:<\/b><\/p>\n<ul>\n<li style=\"list-style-type: none;\">\n<ul>\n<li style=\"list-style-type: none;\">\n<ul>\n<li aria-level=\"1\">Bobina de <b>PLA<\/b> de <b>1,75mm<\/b> de di\u00e0metre de la marca <strong>ESUN<\/strong>, <strong>PRIMAVALUE<\/strong> o <strong>SMARTFIL<\/strong>.<\/li>\n<li aria-level=\"1\">Respecte al color, cal <b>evitar <\/b>el<b> violeta<\/b> i el<b> fluorescent<\/b> perqu\u00e8 s\u00f3n m\u00e9s tous i dif\u00edcils d\u2019imprimir.<\/li>\n<li aria-level=\"1\"><b>Absteniu-vos <\/b>de<b> comprar <\/b>filaments<b> molt econ\u00f2mics <\/b>(per sota dels 18\u20ac) <b>i de marques desconegudes<\/b>. Acostumen a ser vells, trencadissos i generen molts embussos.<\/li>\n<\/ul>\n<\/li>\n<\/ul>\n<\/li>\n<\/ul>\n<p><b>5. <\/b>Si la impressora se us <b>embussa, <\/b>demaneu assessorament al CRP<b>. <\/b><strong>No desmunteu cap pe\u00e7a<\/strong>. Gr\u00e0cies!<\/p>\n<p>&#8212;<\/p>\n<p><strong>*<\/strong>Durant el 1r trimestre de cada curs, el <strong>CRP ofereix un taller per als docents<\/strong> de la comarca que vulguin aprofundir en el domini d&#8217;aquesta tecnologia (per m\u00e9s informaci\u00f3 contacteu amb el CRP).<\/p>\n<p>*Si ho preferiu, us podeu <strong>emportar una o dues impressores al vostre centre<\/strong>. Heu de fer la reserva a trav\u00e9s de la <a href=\"https:\/\/www.mediateca.cat\/garrotxa\/recursos\/\">Mediateca.cat<\/a>.<\/p>\n<p>&nbsp;<\/p>\n<p>&nbsp;<\/p>\n<p>&nbsp;<\/p>\n<p>&nbsp;<\/p>\n<p>&nbsp;<\/p>\n","protected":false},"excerpt":{"rendered":"<p>El CRP de la Garrotxa posa a disposici\u00f3 del professorat de la comarca un centre d\u2019impressi\u00f3 3D equipat amb 5 impressores \u201cEnder 3D PRO V2\u201d i una \u201cAnet A8\u201d. &nbsp; &nbsp; &nbsp; &nbsp; &nbsp; NORMES D&#8217;\u00daS 1. Per a poder utilitzar el servei s\u2019haur\u00e0 d\u2019acreditar uns coneixements m\u00ednims. Els docents no iniciats hauran de realitzar [&hellip;]<\/p>\n","protected":false},"author":1,"featured_media":0,"parent":0,"menu_order":0,"comment_status":"closed","ping_status":"closed","template":"","meta":{"_bbp_topic_count":0,"_bbp_reply_count":0,"_bbp_total_topic_count":0,"_bbp_total_reply_count":0,"_bbp_voice_count":0,"_bbp_anonymous_reply_count":0,"_bbp_topic_count_hidden":0,"_bbp_reply_count_hidden":0,"_bbp_forum_subforum_count":0,"site-sidebar-layout":"default","site-content-layout":"","ast-site-content-layout":"","site-content-style":"default","site-sidebar-style":"default","ast-global-header-display":"","ast-banner-title-visibility":"","ast-main-header-display":"","ast-hfb-above-header-display":"","ast-hfb-below-header-display":"","ast-hfb-mobile-header-display":"","site-post-title":"","ast-breadcrumbs-content":"","ast-featured-img":"","footer-sml-layout":"","theme-transparent-header-meta":"","adv-header-id-meta":"","stick-header-meta":"","header-above-stick-meta":"","header-main-stick-meta":"","header-below-stick-meta":"","astra-migrate-meta-layouts":"default","ast-page-background-enabled":"default","ast-page-background-meta":{"desktop":{"background-color":"var(--ast-global-color-5)","background-image":"","background-repeat":"repeat","background-position":"center center","background-size":"auto","background-attachment":"scroll","background-type":"","background-media":"","overlay-type":"","overlay-color":"","overlay-opacity":"","overlay-gradient":""},"tablet":{"background-color":"","background-image":"","background-repeat":"repeat","background-position":"center center","background-size":"auto","background-attachment":"scroll","background-type":"","background-media":"","overlay-type":"","overlay-color":"","overlay-opacity":"","overlay-gradient":""},"mobile":{"background-color":"","background-image":"","background-repeat":"repeat","background-position":"center center","background-size":"auto","background-attachment":"scroll","background-type":"","background-media":"","overlay-type":"","overlay-color":"","overlay-opacity":"","overlay-gradient":""}},"ast-content-background-meta":{"desktop":{"background-color":"var(--ast-global-color-4)","background-image":"","background-repeat":"repeat","background-position":"center center","background-size":"auto","background-attachment":"scroll","background-type":"","background-media":"","overlay-type":"","overlay-color":"","overlay-opacity":"","overlay-gradient":""},"tablet":{"background-color":"var(--ast-global-color-4)","background-image":"","background-repeat":"repeat","background-position":"center center","background-size":"auto","background-attachment":"scroll","background-type":"","background-media":"","overlay-type":"","overlay-color":"","overlay-opacity":"","overlay-gradient":""},"mobile":{"background-color":"var(--ast-global-color-4)","background-image":"","background-repeat":"repeat","background-position":"center center","background-size":"auto","background-attachment":"scroll","background-type":"","background-media":"","overlay-type":"","overlay-color":"","overlay-opacity":"","overlay-gradient":""}},"footnotes":""},"class_list":["post-3448","page","type-page","status-publish","hentry"],"post_mailing_queue_ids":[],"_links":{"self":[{"href":"https:\/\/serveiseducatius.xtec.cat\/garrotxa\/wp-json\/wp\/v2\/pages\/3448","targetHints":{"allow":["GET"]}}],"collection":[{"href":"https:\/\/serveiseducatius.xtec.cat\/garrotxa\/wp-json\/wp\/v2\/pages"}],"about":[{"href":"https:\/\/serveiseducatius.xtec.cat\/garrotxa\/wp-json\/wp\/v2\/types\/page"}],"author":[{"embeddable":true,"href":"https:\/\/serveiseducatius.xtec.cat\/garrotxa\/wp-json\/wp\/v2\/users\/1"}],"replies":[{"embeddable":true,"href":"https:\/\/serveiseducatius.xtec.cat\/garrotxa\/wp-json\/wp\/v2\/comments?post=3448"}],"version-history":[{"count":7,"href":"https:\/\/serveiseducatius.xtec.cat\/garrotxa\/wp-json\/wp\/v2\/pages\/3448\/revisions"}],"predecessor-version":[{"id":5099,"href":"https:\/\/serveiseducatius.xtec.cat\/garrotxa\/wp-json\/wp\/v2\/pages\/3448\/revisions\/5099"}],"wp:attachment":[{"href":"https:\/\/serveiseducatius.xtec.cat\/garrotxa\/wp-json\/wp\/v2\/media?parent=3448"}],"curies":[{"name":"wp","href":"https:\/\/api.w.org\/{rel}","templated":true}]}}