{"id":3060,"date":"2021-04-08T21:29:49","date_gmt":"2021-04-08T19:29:49","guid":{"rendered":"http:\/\/serveiseducatius.xtec.cat\/garrotxa\/?page_id=3060"},"modified":"2023-10-19T13:23:51","modified_gmt":"2023-10-19T11:23:51","slug":"formacio","status":"publish","type":"page","link":"https:\/\/serveiseducatius.xtec.cat\/garrotxa\/comunitat\/espai-crp\/formacio\/","title":{"rendered":"Formaci\u00f3"},"content":{"rendered":"<p>Espai on s&#8217;enlla\u00e7aran les diferents activitats de formaci\u00f3 del programa (GAF)<\/p>\n<ul>\n<li>ACO3; \u00a0<a href=\"https:\/\/aplicacions.gestioeducativa.gencat.cat\/pls\/soloas\/pk_for_mod_ins.p_for_exhaustiu_activitat?p_header=Selecci%F3^pk_for_mod_ins.p_for_form_cons_act?p_excloure_crp_rec=T*Llista%20d%27activitats^pk_for_mod_ins.p_for_cons_activitats?p_crp=504%26p_crp_txt=La%20Garrotxa.%20Olot%26p_totes=N%26p_inici=11%26p_excloure_crp_rec=T*Detall%20d%27activitat^pk_for_mod_ins.p_for_detall_activitat?p_codi=5040260555%26p_curs=2023-2024%26p_es_inscr=S&amp;p_codi=5040260555&amp;p_curs=2023-2024&amp;p_es_inscr=S\">5040260555<\/a> Xarxes de comunicaci\u00f3 3 (comuna per a tots els centres)<\/li>\n<li>OCE3;\u00a0 <a href=\"https:\/\/aplicacions.gestioeducativa.gencat.cat\/pls\/soloas\/pk_for_mod_ins.p_for_detall_activitat?p_header=Selecci%F3^pk_for_mod_ins.p_for_form_cons_act?p_excloure_crp_rec=T*Llista%20d%27activitats^pk_for_mod_ins.p_for_cons_activitats?p_crp=504%26p_crp_txt=La%20Garrotxa.%20Olot%26p_totes=N%26p_inici=11%26p_excloure_crp_rec=T&amp;p_codi=5040270555&amp;p_curs=2023-2024&amp;p_excloure_crp_rec=T\">5040270555<\/a> Comunicaci\u00f3 oral en un centre educatiu 3 (INS Bosc de la Coma d&#8217;Olot)<\/li>\n<li>OCE3;\u00a0 Comunicaci\u00f3 oral en un centre educatiu 3 (ZER Comte Arnau de Vallfogona)<\/li>\n<li>OCE3;\u00a0 Comunicaci\u00f3 oral en un centre educatiu 3 (IE Mestre Andreu de Sant Joan de les Abadesses)<\/li>\n<li>OCE3;\u00a0 Comunicaci\u00f3 oral en un centre educatiu 3 (IE Germans Vila Riera de Camprodon)<\/li>\n<\/ul>\n","protected":false},"excerpt":{"rendered":"<p>Espai on s&#8217;enlla\u00e7aran les diferents activitats de formaci\u00f3 del programa (GAF) ACO3; \u00a05040260555 Xarxes de comunicaci\u00f3 3 (comuna per a tots els centres) OCE3;\u00a0 5040270555 Comunicaci\u00f3 oral en un centre educatiu 3 (INS Bosc de la Coma d&#8217;Olot) OCE3;\u00a0 Comunicaci\u00f3 oral en un centre educatiu 3 (ZER Comte Arnau de Vallfogona) OCE3;\u00a0 Comunicaci\u00f3 oral en [&hellip;]<\/p>\n","protected":false},"author":1,"featured_media":0,"parent":2196,"menu_order":0,"comment_status":"closed","ping_status":"closed","template":"page-templates\/side-menu.php","meta":{"_bbp_topic_count":0,"_bbp_reply_count":0,"_bbp_total_topic_count":0,"_bbp_total_reply_count":0,"_bbp_voice_count":0,"_bbp_anonymous_reply_count":0,"_bbp_topic_count_hidden":0,"_bbp_reply_count_hidden":0,"_bbp_forum_subforum_count":0,"site-sidebar-layout":"default","site-content-layout":"","ast-site-content-layout":"","site-content-style":"default","site-sidebar-style":"default","ast-global-header-display":"","ast-banner-title-visibility":"","ast-main-header-display":"","ast-hfb-above-header-display":"","ast-hfb-below-header-display":"","ast-hfb-mobile-header-display":"","site-post-title":"","ast-breadcrumbs-content":"","ast-featured-img":"","footer-sml-layout":"","theme-transparent-header-meta":"","adv-header-id-meta":"","stick-header-meta":"","header-above-stick-meta":"","header-main-stick-meta":"","header-below-stick-meta":"","astra-migrate-meta-layouts":"default","ast-page-background-enabled":"default","ast-page-background-meta":{"desktop":{"background-color":"var(--ast-global-color-5)","background-image":"","background-repeat":"repeat","background-position":"center center","background-size":"auto","background-attachment":"scroll","background-type":"","background-media":"","overlay-type":"","overlay-color":"","overlay-opacity":"","overlay-gradient":""},"tablet":{"background-color":"","background-image":"","background-repeat":"repeat","background-position":"center center","background-size":"auto","background-attachment":"scroll","background-type":"","background-media":"","overlay-type":"","overlay-color":"","overlay-opacity":"","overlay-gradient":""},"mobile":{"background-color":"","background-image":"","background-repeat":"repeat","background-position":"center center","background-size":"auto","background-attachment":"scroll","background-type":"","background-media":"","overlay-type":"","overlay-color":"","overlay-opacity":"","overlay-gradient":""}},"ast-content-background-meta":{"desktop":{"background-color":"var(--ast-global-color-4)","background-image":"","background-repeat":"repeat","background-position":"center center","background-size":"auto","background-attachment":"scroll","background-type":"","background-media":"","overlay-type":"","overlay-color":"","overlay-opacity":"","overlay-gradient":""},"tablet":{"background-color":"var(--ast-global-color-4)","background-image":"","background-repeat":"repeat","background-position":"center center","background-size":"auto","background-attachment":"scroll","background-type":"","background-media":"","overlay-type":"","overlay-color":"","overlay-opacity":"","overlay-gradient":""},"mobile":{"background-color":"var(--ast-global-color-4)","background-image":"","background-repeat":"repeat","background-position":"center center","background-size":"auto","background-attachment":"scroll","background-type":"","background-media":"","overlay-type":"","overlay-color":"","overlay-opacity":"","overlay-gradient":""}},"footnotes":""},"class_list":["post-3060","page","type-page","status-publish","hentry"],"post_mailing_queue_ids":[],"_links":{"self":[{"href":"https:\/\/serveiseducatius.xtec.cat\/garrotxa\/wp-json\/wp\/v2\/pages\/3060","targetHints":{"allow":["GET"]}}],"collection":[{"href":"https:\/\/serveiseducatius.xtec.cat\/garrotxa\/wp-json\/wp\/v2\/pages"}],"about":[{"href":"https:\/\/serveiseducatius.xtec.cat\/garrotxa\/wp-json\/wp\/v2\/types\/page"}],"author":[{"embeddable":true,"href":"https:\/\/serveiseducatius.xtec.cat\/garrotxa\/wp-json\/wp\/v2\/users\/1"}],"replies":[{"embeddable":true,"href":"https:\/\/serveiseducatius.xtec.cat\/garrotxa\/wp-json\/wp\/v2\/comments?post=3060"}],"version-history":[{"count":6,"href":"https:\/\/serveiseducatius.xtec.cat\/garrotxa\/wp-json\/wp\/v2\/pages\/3060\/revisions"}],"predecessor-version":[{"id":4653,"href":"https:\/\/serveiseducatius.xtec.cat\/garrotxa\/wp-json\/wp\/v2\/pages\/3060\/revisions\/4653"}],"up":[{"embeddable":true,"href":"https:\/\/serveiseducatius.xtec.cat\/garrotxa\/wp-json\/wp\/v2\/pages\/2196"}],"wp:attachment":[{"href":"https:\/\/serveiseducatius.xtec.cat\/garrotxa\/wp-json\/wp\/v2\/media?parent=3060"}],"curies":[{"name":"wp","href":"https:\/\/api.w.org\/{rel}","templated":true}]}}