{"id":3049,"date":"2021-04-08T19:59:55","date_gmt":"2021-04-08T17:59:55","guid":{"rendered":"http:\/\/serveiseducatius.xtec.cat\/garrotxa\/?page_id=3049"},"modified":"2025-02-06T12:29:22","modified_gmt":"2025-02-06T11:29:22","slug":"espai-crp","status":"publish","type":"page","link":"https:\/\/serveiseducatius.xtec.cat\/garrotxa\/el-servei\/espai-crp\/","title":{"rendered":"Espai CRP"},"content":{"rendered":"<p>Els Centres de Recursos Pedag\u00f2gics (CRP) s\u00f3n equips de dinamitzaci\u00f3 i assessorament dels professionals i centres educatius per a la millora i transformaci\u00f3 educativa.<\/p>\n<p><strong>Funcions<\/strong><\/p>\n<ul>\n<li>Suport i assessorament en projectes de centre (XTCD, Biblioteca Escolar, Servei Comunitari&#8230;)<\/li>\n<li>Disseny i organitzaci\u00f3 d\u2019activitats de dinamitzaci\u00f3 de la zona per projectar la figura de l\u2019alumne com a protagonista del seu aprenentatge ( Jocs Florals, Fira de matem\u00e0tiques, English Day, Dia de la dona cient\u00edfica, Certamen de Lectura en Veu Alta&#8230;)<\/li>\n<li>Treball en xarxa entre els centres i amb les institucions i serveis de la zona.<\/li>\n<li>Coordinaci\u00f3 i organitzaci\u00f3 de les activitats del Pla de Formaci\u00f3 de Zona (PFZ) de la Garrotxa, incloent la gesti\u00f3 d\u2019activitats de coordinaci\u00f3 de grups de docents i la informaci\u00f3 i assessorament als centres en l\u2019avaluaci\u00f3 del seu aprofitament i de la transfer\u00e8ncia a l\u2019aula.<\/li>\n<li>Disseny, elaboraci\u00f3 i pr\u00e9stec de materials, recursos did\u00e0ctics i maletes pedag\u00f2giques.<\/li>\n<li>Acompanyament als centres per la innovaci\u00f3 metodol\u00f2gica i la inclusi\u00f3 de noves tecnologies i recursos digitals a l\u2019aula.<\/li>\n<\/ul>\n<p>L\u2019acc\u00e9s al servei \u00e9s a partir de demandes dels centres educatius, d\u2019equips docents, de grups de professorat o en la coordinaci\u00f3 amb altres serveis i agents educatius que actuen a la zona.<\/p>\n<p style=\"text-align: justify;\"><strong>Equip CRP \u2013 La Garrotxa<\/strong><\/p>\n<ul>\n<li>Sheila Escanez &#8211; sescanez@xtec.cat &#8211; 972270107 (ext. #1944)<\/li>\n<li>Joel Comino &#8211; jcomino@xtec.cat &#8211; 972270107 (ext. #1945)<\/li>\n<li>Joan Pellicer &#8211; jpellic2@xtec.cat &#8211; 972270107 (ext. #1943)<\/li>\n<\/ul>\n<p>&nbsp;<\/p>\n<ul>\n<li>Jordi Olivet (Mentor 4.0) &#8211; 972270107 (ext. #1969)<\/li>\n<li>Carolina Font\u00e0s (Educadora Social, projecte Reconnect-ES) &#8211; 972270107 (ext. #1969) \/ 677347067 (m\u00f2bil)<\/li>\n<\/ul>\n<p>&nbsp;<\/p>\n<p><a href=\"https:\/\/serveiseducatius.xtec.cat\/garrotxa\/carrusel\/\">Carrusel<\/a> not\u00edcies<\/p>\n","protected":false},"excerpt":{"rendered":"<p>Els Centres de Recursos Pedag\u00f2gics (CRP) s\u00f3n equips de dinamitzaci\u00f3 i assessorament dels professionals i centres educatius per a la millora i transformaci\u00f3 educativa. Funcions Suport i assessorament en projectes de centre (XTCD, Biblioteca Escolar, Servei Comunitari&#8230;) Disseny i organitzaci\u00f3 d\u2019activitats de dinamitzaci\u00f3 de la zona per projectar la figura de l\u2019alumne com a protagonista [&hellip;]<\/p>\n","protected":false},"author":1,"featured_media":0,"parent":2217,"menu_order":0,"comment_status":"closed","ping_status":"closed","template":"","meta":{"_bbp_topic_count":0,"_bbp_reply_count":0,"_bbp_total_topic_count":0,"_bbp_total_reply_count":0,"_bbp_voice_count":0,"_bbp_anonymous_reply_count":0,"_bbp_topic_count_hidden":0,"_bbp_reply_count_hidden":0,"_bbp_forum_subforum_count":0,"site-sidebar-layout":"default","site-content-layout":"","ast-site-content-layout":"","site-content-style":"default","site-sidebar-style":"default","ast-global-header-display":"","ast-banner-title-visibility":"","ast-main-header-display":"","ast-hfb-above-header-display":"","ast-hfb-below-header-display":"","ast-hfb-mobile-header-display":"","site-post-title":"","ast-breadcrumbs-content":"","ast-featured-img":"","footer-sml-layout":"","theme-transparent-header-meta":"","adv-header-id-meta":"","stick-header-meta":"","header-above-stick-meta":"","header-main-stick-meta":"","header-below-stick-meta":"","astra-migrate-meta-layouts":"default","ast-page-background-enabled":"default","ast-page-background-meta":{"desktop":{"background-color":"var(--ast-global-color-5)","background-image":"","background-repeat":"repeat","background-position":"center center","background-size":"auto","background-attachment":"scroll","background-type":"","background-media":"","overlay-type":"","overlay-color":"","overlay-opacity":"","overlay-gradient":""},"tablet":{"background-color":"","background-image":"","background-repeat":"repeat","background-position":"center center","background-size":"auto","background-attachment":"scroll","background-type":"","background-media":"","overlay-type":"","overlay-color":"","overlay-opacity":"","overlay-gradient":""},"mobile":{"background-color":"","background-image":"","background-repeat":"repeat","background-position":"center center","background-size":"auto","background-attachment":"scroll","background-type":"","background-media":"","overlay-type":"","overlay-color":"","overlay-opacity":"","overlay-gradient":""}},"ast-content-background-meta":{"desktop":{"background-color":"var(--ast-global-color-4)","background-image":"","background-repeat":"repeat","background-position":"center center","background-size":"auto","background-attachment":"scroll","background-type":"","background-media":"","overlay-type":"","overlay-color":"","overlay-opacity":"","overlay-gradient":""},"tablet":{"background-color":"var(--ast-global-color-4)","background-image":"","background-repeat":"repeat","background-position":"center center","background-size":"auto","background-attachment":"scroll","background-type":"","background-media":"","overlay-type":"","overlay-color":"","overlay-opacity":"","overlay-gradient":""},"mobile":{"background-color":"var(--ast-global-color-4)","background-image":"","background-repeat":"repeat","background-position":"center center","background-size":"auto","background-attachment":"scroll","background-type":"","background-media":"","overlay-type":"","overlay-color":"","overlay-opacity":"","overlay-gradient":""}},"footnotes":""},"class_list":["post-3049","page","type-page","status-publish","hentry"],"post_mailing_queue_ids":[],"_links":{"self":[{"href":"https:\/\/serveiseducatius.xtec.cat\/garrotxa\/wp-json\/wp\/v2\/pages\/3049","targetHints":{"allow":["GET"]}}],"collection":[{"href":"https:\/\/serveiseducatius.xtec.cat\/garrotxa\/wp-json\/wp\/v2\/pages"}],"about":[{"href":"https:\/\/serveiseducatius.xtec.cat\/garrotxa\/wp-json\/wp\/v2\/types\/page"}],"author":[{"embeddable":true,"href":"https:\/\/serveiseducatius.xtec.cat\/garrotxa\/wp-json\/wp\/v2\/users\/1"}],"replies":[{"embeddable":true,"href":"https:\/\/serveiseducatius.xtec.cat\/garrotxa\/wp-json\/wp\/v2\/comments?post=3049"}],"version-history":[{"count":6,"href":"https:\/\/serveiseducatius.xtec.cat\/garrotxa\/wp-json\/wp\/v2\/pages\/3049\/revisions"}],"predecessor-version":[{"id":5897,"href":"https:\/\/serveiseducatius.xtec.cat\/garrotxa\/wp-json\/wp\/v2\/pages\/3049\/revisions\/5897"}],"up":[{"embeddable":true,"href":"https:\/\/serveiseducatius.xtec.cat\/garrotxa\/wp-json\/wp\/v2\/pages\/2217"}],"wp:attachment":[{"href":"https:\/\/serveiseducatius.xtec.cat\/garrotxa\/wp-json\/wp\/v2\/media?parent=3049"}],"curies":[{"name":"wp","href":"https:\/\/api.w.org\/{rel}","templated":true}]}}