{"id":3046,"date":"2021-04-08T19:48:31","date_gmt":"2021-04-08T17:48:31","guid":{"rendered":"http:\/\/serveiseducatius.xtec.cat\/garrotxa\/?page_id=3046"},"modified":"2021-04-08T20:29:32","modified_gmt":"2021-04-08T18:29:32","slug":"drets-dimatge","status":"publish","type":"page","link":"https:\/\/serveiseducatius.xtec.cat\/garrotxa\/comunitat\/espai-crp\/drets-dimatge\/","title":{"rendered":"Drets d&#8217;imatge"},"content":{"rendered":"<h3>Model d\u2019autoritzaci\u00f3<\/h3>\n<p><a href=\"https:\/\/serveiseducatius.xtec.cat\/garrotxa\/wp-content\/uploads\/usu774\/2021\/04\/dretsImatge-150x150.png\"><img loading=\"lazy\" decoding=\"async\" class=\"size-full wp-image-3047 alignleft\" src=\"https:\/\/serveiseducatius.xtec.cat\/garrotxa\/wp-content\/uploads\/usu774\/2021\/04\/dretsImatge-150x150.png\" alt=\"\" width=\"150\" height=\"150\" \/><\/a>La participaci\u00f3 en el programa <strong>Tenim la paraula! <\/strong>comporta documentar activitats orals a trav\u00e9s d\u2019enregistraments audiovisuals i sonors, aix\u00ed com recollir a trav\u00e9s de documents escrits la programaci\u00f3 de l\u2019activitat. Aquesta documentaci\u00f3 es publicar\u00e0 als espais de comunicaci\u00f3 i difusi\u00f3, inclosos els espais web, del Servei Educatiu de la Garrotxa i\/o del Departament d\u2019Educaci\u00f3.<\/p>\n<p>En aquests espais es poden publicar imatges en qu\u00e8 apareguin, individualment o en grup, alumnes que fan les activitats esmentades.<\/p>\n<p>At\u00e8s que el dret a la pr\u00f2pia imatge \u00e9s reconegut en l\u2019article 18.1 de la Constituci\u00f3 espanyola i est\u00e0 regulat per la Llei org\u00e0nica 1\/1982, de 5 de maig, sobre dret a l\u2019honor, a la intimitat i a la pr\u00f2pia imatge, cal el consentiment expressat per escrit dels afectats (o dels qui n\u2019exerceixen la p\u00e0tria potestat en el cas de menors de 14 anys) per publicar fotografies, v\u00eddeos i \u00e0udios on siguin clarament identificables.<\/p>\n<p>Per a la publicaci\u00f3 de materials en espais de difusi\u00f3 del Servei Educatiu de la Garrotxa i\/o del departament d\u2019educaci\u00f3 (blogs, webs, revistes\u2026) cal la corresponent cessi\u00f3 del dret de comunicaci\u00f3 p\u00fablica expressat per escrit dels afectats o dels qui n\u2019exerceixen la p\u00e0tria potestat en cas de minoria d\u2019edat, sense que la Llei de propietat intel\u00b7lectual admeti cap mena de modulaci\u00f3 segons l\u2019edat dels alumnes. Aquesta cessi\u00f3 s\u2019ha d\u2019efectuar encara que l\u2019autor\/a en q\u00fcesti\u00f3 no aparegui clarament identificat i s\u2019est\u00e9n a realitzacions com ara el treball de recerca de batxillerat i altres de similars.<\/p>\n<p>Per tal de facilitar la tasca als centres, us proposem dos models d\u2019autoritzaci\u00f3, un per a menors i un per a majors de 14 anys que poden signar ells mateixos:<\/p>\n<p><a href=\"https:\/\/drive.google.com\/file\/d\/1JEkHsdzMxG3t6wrSuKKczxvPspBroZGg\/view?usp=sharing\">Autoritzaci\u00f3 relativa als alumnes menors de 14 anys<\/a>: \u00fas d\u2019imatges, publicaci\u00f3 de dades de car\u00e0cter personal i de materials que elaboren.<\/p>\n<p><a href=\"https:\/\/drive.google.com\/file\/d\/1JDfA4KLtEWTajFTIYrLCQd6XEoNB9hWe\/view?usp=sharing\">Autoritzaci\u00f3 relativa a majors de 14 anys<\/a>: \u00fas d\u2019imatges, publicaci\u00f3 de dades de car\u00e0cter personal i de materials que elaboren.<\/p>\n","protected":false},"excerpt":{"rendered":"<p>Model d\u2019autoritzaci\u00f3 La participaci\u00f3 en el programa Tenim la paraula! comporta documentar activitats orals a trav\u00e9s d\u2019enregistraments audiovisuals i sonors, aix\u00ed com recollir a trav\u00e9s de documents escrits la programaci\u00f3 de l\u2019activitat. Aquesta documentaci\u00f3 es publicar\u00e0 als espais de comunicaci\u00f3 i difusi\u00f3, inclosos els espais web, del Servei Educatiu de la Garrotxa i\/o del Departament [&hellip;]<\/p>\n","protected":false},"author":1,"featured_media":0,"parent":2196,"menu_order":0,"comment_status":"closed","ping_status":"closed","template":"page-templates\/side-menu.php","meta":{"_bbp_topic_count":0,"_bbp_reply_count":0,"_bbp_total_topic_count":0,"_bbp_total_reply_count":0,"_bbp_voice_count":0,"_bbp_anonymous_reply_count":0,"_bbp_topic_count_hidden":0,"_bbp_reply_count_hidden":0,"_bbp_forum_subforum_count":0,"site-sidebar-layout":"default","site-content-layout":"","ast-site-content-layout":"","site-content-style":"default","site-sidebar-style":"default","ast-global-header-display":"","ast-banner-title-visibility":"","ast-main-header-display":"","ast-hfb-above-header-display":"","ast-hfb-below-header-display":"","ast-hfb-mobile-header-display":"","site-post-title":"","ast-breadcrumbs-content":"","ast-featured-img":"","footer-sml-layout":"","theme-transparent-header-meta":"","adv-header-id-meta":"","stick-header-meta":"","header-above-stick-meta":"","header-main-stick-meta":"","header-below-stick-meta":"","astra-migrate-meta-layouts":"default","ast-page-background-enabled":"default","ast-page-background-meta":{"desktop":{"background-color":"var(--ast-global-color-5)","background-image":"","background-repeat":"repeat","background-position":"center center","background-size":"auto","background-attachment":"scroll","background-type":"","background-media":"","overlay-type":"","overlay-color":"","overlay-opacity":"","overlay-gradient":""},"tablet":{"background-color":"","background-image":"","background-repeat":"repeat","background-position":"center center","background-size":"auto","background-attachment":"scroll","background-type":"","background-media":"","overlay-type":"","overlay-color":"","overlay-opacity":"","overlay-gradient":""},"mobile":{"background-color":"","background-image":"","background-repeat":"repeat","background-position":"center center","background-size":"auto","background-attachment":"scroll","background-type":"","background-media":"","overlay-type":"","overlay-color":"","overlay-opacity":"","overlay-gradient":""}},"ast-content-background-meta":{"desktop":{"background-color":"var(--ast-global-color-4)","background-image":"","background-repeat":"repeat","background-position":"center center","background-size":"auto","background-attachment":"scroll","background-type":"","background-media":"","overlay-type":"","overlay-color":"","overlay-opacity":"","overlay-gradient":""},"tablet":{"background-color":"var(--ast-global-color-4)","background-image":"","background-repeat":"repeat","background-position":"center center","background-size":"auto","background-attachment":"scroll","background-type":"","background-media":"","overlay-type":"","overlay-color":"","overlay-opacity":"","overlay-gradient":""},"mobile":{"background-color":"var(--ast-global-color-4)","background-image":"","background-repeat":"repeat","background-position":"center center","background-size":"auto","background-attachment":"scroll","background-type":"","background-media":"","overlay-type":"","overlay-color":"","overlay-opacity":"","overlay-gradient":""}},"footnotes":""},"class_list":["post-3046","page","type-page","status-publish","hentry"],"post_mailing_queue_ids":[],"_links":{"self":[{"href":"https:\/\/serveiseducatius.xtec.cat\/garrotxa\/wp-json\/wp\/v2\/pages\/3046","targetHints":{"allow":["GET"]}}],"collection":[{"href":"https:\/\/serveiseducatius.xtec.cat\/garrotxa\/wp-json\/wp\/v2\/pages"}],"about":[{"href":"https:\/\/serveiseducatius.xtec.cat\/garrotxa\/wp-json\/wp\/v2\/types\/page"}],"author":[{"embeddable":true,"href":"https:\/\/serveiseducatius.xtec.cat\/garrotxa\/wp-json\/wp\/v2\/users\/1"}],"replies":[{"embeddable":true,"href":"https:\/\/serveiseducatius.xtec.cat\/garrotxa\/wp-json\/wp\/v2\/comments?post=3046"}],"version-history":[{"count":3,"href":"https:\/\/serveiseducatius.xtec.cat\/garrotxa\/wp-json\/wp\/v2\/pages\/3046\/revisions"}],"predecessor-version":[{"id":3053,"href":"https:\/\/serveiseducatius.xtec.cat\/garrotxa\/wp-json\/wp\/v2\/pages\/3046\/revisions\/3053"}],"up":[{"embeddable":true,"href":"https:\/\/serveiseducatius.xtec.cat\/garrotxa\/wp-json\/wp\/v2\/pages\/2196"}],"wp:attachment":[{"href":"https:\/\/serveiseducatius.xtec.cat\/garrotxa\/wp-json\/wp\/v2\/media?parent=3046"}],"curies":[{"name":"wp","href":"https:\/\/api.w.org\/{rel}","templated":true}]}}