{"id":2639,"date":"2020-11-04T11:48:51","date_gmt":"2020-11-04T10:48:51","guid":{"rendered":"http:\/\/serveiseducatius.xtec.cat\/garrotxa\/?page_id=2639"},"modified":"2024-10-07T13:13:59","modified_gmt":"2024-10-07T11:13:59","slug":"biblioteques-escolars","status":"publish","type":"page","link":"https:\/\/serveiseducatius.xtec.cat\/garrotxa\/biblioteques-escolars\/","title":{"rendered":"Biblioteques escolars"},"content":{"rendered":"<p style=\"text-align: justify;\">Benvinguts i benvingudes a l&#8217;espai de Biblioteques Escolars de la Garrotxa.<\/p>\n<p style=\"text-align: justify;\">Aquest espai pret\u00e9n donar suport a l&#8217;organitzaci\u00f3 i dinamitzaci\u00f3 de la biblioteca escolar com a espai d&#8217;ensenyament i aprenentatge, aix\u00ed com oferir tota mena de recursos relacionats amb les biblioteques escolars i la dinamitzaci\u00f3 de la lectura.<\/p>\n<p style=\"text-align: justify;\">Aquest curs 2024 &#8211; 2025 el CRP coordina el Seminari de Biblioteques Escolars (BE) de la Garrotxa juntament amb els seg\u00fcents centres: escola <strong>Volc\u00e0 Bisaroques <\/strong>d&#8217;Olot, escola <strong>Verntallat<\/strong> de la Vall d&#8217;en Bas, <strong>Institut &#8211; Escola Greda<\/strong> d&#8217;Olot, escola <strong>Malagrida<\/strong> d&#8217;Olot, escola <strong>Joan Maragall<\/strong> de Sta. Pau i escola <strong>Rocalba<\/strong> de St. Feliu de Pallerols.<\/p>\n<p style=\"text-align: justify;\">Al llarg d&#8217;aquest curs ens trobarem els dijous de 17:00 a 19:00 hores, un total de 8 sessions amb la finalitat de treballar els seg\u00fcents objectius:<\/p>\n<ul>\n<li>Donar suport al treball d&#8217;organitzaci\u00f3 i dinamitzaci\u00f3 de la BE dels centres educatius de la comarca.<\/li>\n<li>Intercanviar experi\u00e8ncies i bones pr\u00e0ctiques de lectura, BE i aprenentatge.<\/li>\n<li>Oferir recursos per enfortir l&#8217;h\u00e0bit lector i el plaer de la lectura.<\/li>\n<\/ul>\n<div>\n<div style=\"text-align: justify;\">\n<div>\n<p style=\"text-align: justify;\">Fes CLIC sobre la imatge per visualitzar el <a href=\"https:\/\/sites.google.com\/xtec.cat\/bibliotequesescolarsgarrotxa\/inici\">SITES de BE de la GARROTXA<\/a>.<\/p>\n<\/div>\n<\/div>\n<\/div>\n<p><a href=\"https:\/\/sites.google.com\/xtec.cat\/bibliotequesescolarsgarrotxa\/inici\" rel=\"attachment wp-att-4680\"><img loading=\"lazy\" decoding=\"async\" class=\"aligncenter wp-image-4680 size-large\" src=\"https:\/\/serveiseducatius.xtec.cat\/garrotxa\/wp-content\/uploads\/usu774\/2023\/10\/Image-14-1024x543.jpg\" alt=\"\" width=\"1024\" height=\"543\" srcset=\"https:\/\/serveiseducatius.xtec.cat\/garrotxa\/wp-content\/uploads\/usu774\/2023\/10\/Image-14-1024x543.jpg 1024w, https:\/\/serveiseducatius.xtec.cat\/garrotxa\/wp-content\/uploads\/usu774\/2023\/10\/Image-14-300x159.jpg 300w, https:\/\/serveiseducatius.xtec.cat\/garrotxa\/wp-content\/uploads\/usu774\/2023\/10\/Image-14-768x407.jpg 768w, https:\/\/serveiseducatius.xtec.cat\/garrotxa\/wp-content\/uploads\/usu774\/2023\/10\/Image-14.jpg 1261w\" sizes=\"auto, (max-width: 1024px) 100vw, 1024px\" \/><\/a><\/p>\n<div><\/div>\n<p>&nbsp;<\/p>\n","protected":false},"excerpt":{"rendered":"<p>Benvinguts i benvingudes a l&#8217;espai de Biblioteques Escolars de la Garrotxa. Aquest espai pret\u00e9n donar suport a l&#8217;organitzaci\u00f3 i dinamitzaci\u00f3 de la biblioteca escolar com a espai d&#8217;ensenyament i aprenentatge, aix\u00ed com oferir tota mena de recursos relacionats amb les biblioteques escolars i la dinamitzaci\u00f3 de la lectura. Aquest curs 2024 &#8211; 2025 el CRP [&hellip;]<\/p>\n","protected":false},"author":1,"featured_media":0,"parent":0,"menu_order":0,"comment_status":"closed","ping_status":"closed","template":"","meta":{"_bbp_topic_count":0,"_bbp_reply_count":0,"_bbp_total_topic_count":0,"_bbp_total_reply_count":0,"_bbp_voice_count":0,"_bbp_anonymous_reply_count":0,"_bbp_topic_count_hidden":0,"_bbp_reply_count_hidden":0,"_bbp_forum_subforum_count":0,"site-sidebar-layout":"default","site-content-layout":"","ast-site-content-layout":"","site-content-style":"default","site-sidebar-style":"default","ast-global-header-display":"","ast-banner-title-visibility":"","ast-main-header-display":"","ast-hfb-above-header-display":"","ast-hfb-below-header-display":"","ast-hfb-mobile-header-display":"","site-post-title":"","ast-breadcrumbs-content":"","ast-featured-img":"","footer-sml-layout":"","theme-transparent-header-meta":"","adv-header-id-meta":"","stick-header-meta":"","header-above-stick-meta":"","header-main-stick-meta":"","header-below-stick-meta":"","astra-migrate-meta-layouts":"default","ast-page-background-enabled":"default","ast-page-background-meta":{"desktop":{"background-color":"var(--ast-global-color-5)","background-image":"","background-repeat":"repeat","background-position":"center center","background-size":"auto","background-attachment":"scroll","background-type":"","background-media":"","overlay-type":"","overlay-color":"","overlay-opacity":"","overlay-gradient":""},"tablet":{"background-color":"","background-image":"","background-repeat":"repeat","background-position":"center center","background-size":"auto","background-attachment":"scroll","background-type":"","background-media":"","overlay-type":"","overlay-color":"","overlay-opacity":"","overlay-gradient":""},"mobile":{"background-color":"","background-image":"","background-repeat":"repeat","background-position":"center center","background-size":"auto","background-attachment":"scroll","background-type":"","background-media":"","overlay-type":"","overlay-color":"","overlay-opacity":"","overlay-gradient":""}},"ast-content-background-meta":{"desktop":{"background-color":"var(--ast-global-color-4)","background-image":"","background-repeat":"repeat","background-position":"center center","background-size":"auto","background-attachment":"scroll","background-type":"","background-media":"","overlay-type":"","overlay-color":"","overlay-opacity":"","overlay-gradient":""},"tablet":{"background-color":"var(--ast-global-color-4)","background-image":"","background-repeat":"repeat","background-position":"center center","background-size":"auto","background-attachment":"scroll","background-type":"","background-media":"","overlay-type":"","overlay-color":"","overlay-opacity":"","overlay-gradient":""},"mobile":{"background-color":"var(--ast-global-color-4)","background-image":"","background-repeat":"repeat","background-position":"center center","background-size":"auto","background-attachment":"scroll","background-type":"","background-media":"","overlay-type":"","overlay-color":"","overlay-opacity":"","overlay-gradient":""}},"footnotes":""},"class_list":["post-2639","page","type-page","status-publish","hentry"],"post_mailing_queue_ids":[],"_links":{"self":[{"href":"https:\/\/serveiseducatius.xtec.cat\/garrotxa\/wp-json\/wp\/v2\/pages\/2639","targetHints":{"allow":["GET"]}}],"collection":[{"href":"https:\/\/serveiseducatius.xtec.cat\/garrotxa\/wp-json\/wp\/v2\/pages"}],"about":[{"href":"https:\/\/serveiseducatius.xtec.cat\/garrotxa\/wp-json\/wp\/v2\/types\/page"}],"author":[{"embeddable":true,"href":"https:\/\/serveiseducatius.xtec.cat\/garrotxa\/wp-json\/wp\/v2\/users\/1"}],"replies":[{"embeddable":true,"href":"https:\/\/serveiseducatius.xtec.cat\/garrotxa\/wp-json\/wp\/v2\/comments?post=2639"}],"version-history":[{"count":6,"href":"https:\/\/serveiseducatius.xtec.cat\/garrotxa\/wp-json\/wp\/v2\/pages\/2639\/revisions"}],"predecessor-version":[{"id":5489,"href":"https:\/\/serveiseducatius.xtec.cat\/garrotxa\/wp-json\/wp\/v2\/pages\/2639\/revisions\/5489"}],"wp:attachment":[{"href":"https:\/\/serveiseducatius.xtec.cat\/garrotxa\/wp-json\/wp\/v2\/media?parent=2639"}],"curies":[{"name":"wp","href":"https:\/\/api.w.org\/{rel}","templated":true}]}}