{"id":2271,"date":"2020-08-13T15:47:50","date_gmt":"2020-08-13T13:47:50","guid":{"rendered":"http:\/\/serveiseducatius.xtec.cat\/garrotxa\/?page_id=2271"},"modified":"2025-05-07T18:34:47","modified_gmt":"2025-05-07T16:34:47","slug":"gtaf-guia-rapida","status":"publish","type":"page","link":"https:\/\/serveiseducatius.xtec.cat\/garrotxa\/formacio\/gtaf-guia-rapida\/","title":{"rendered":"GTAF. Guia r\u00e0pida"},"content":{"rendered":"<p><strong>DIRECCIONS<\/strong><\/p>\n<p><strong>Tasca pr\u00e8via<\/strong> a l&#8217;inici de les activitats sol\u00b7licitades:<\/p>\n<ul>\n<li>Empleneu aquest <a href=\"https:\/\/docs.google.com\/forms\/d\/e\/1FAIpQLSdalW3rnzjMjrc-TXhZX6kyGGKAgmbaJXnzYub8u3aIrZiUGw\/viewform\">formulari<\/a> per fer arribar les dades que manquen de les activitats formatives del PFZ del centre (nombre de sessions, dates, horari&#8230;)<\/li>\n<\/ul>\n<p>&nbsp;<\/p>\n<p><strong>PERSONES FORMADORES O DE SUPORT<\/strong><\/p>\n<p>Tasques a realitzar des de <strong>7 dies abans<\/strong> de l&#8217;inici <strong>fins 15 dies posteriors<\/strong> a la finalitzaci\u00f3 de l&#8217;activitat:<\/p>\n<ul>\n<li>Connecteu-vos a l\u2019adre\u00e7a: <a href=\"https:\/\/aplicacions.gestioeducativa.gencat.cat\/pls\/gtaf\/inici\">https:\/\/aplicacions.gestioeducativa.gencat.cat\/pls\/gtaf\/inici<\/a><\/li>\n<li>Seleccioneu i cliqueu: Formador\/es, col\u00b7laboradors, suport.<\/li>\n<li>Introdu\u00efu el vostre nom d&#8217;usuari i contrasenya de la XTEC.<\/li>\n<li>Cliqueu <strong>Llista d&#8217;activitats<\/strong>.<\/li>\n<li>A la llista, cliqueu el nom de la vostra activitat i veureu la pantalla Detall de l\u2019activitat.<\/li>\n<li><strong>Consulteu la llista d\u2019assistents<\/strong>: accediu a una pantalla on trobareu la llista amb les dades professionals de les persones que han estat assignades a l\u2019activitat.<\/li>\n<li><strong>Imprimiu la graella on fareu signar obligat\u00f2riament els assistents<\/strong> a cada sessi\u00f3.<\/li>\n<li><strong>Seguiment dels assistents:<\/strong> cliqueu el bot\u00f3 i marqueu les sessions a les quals han assistit els alumnes; si un alumne no t\u00e9 dret a certificaci\u00f3 cal indicar la incid\u00e8ncia que ha motivat la no certificaci\u00f3 en el desplegable que hi ha al costat de cada un dels alumnes.<\/li>\n<li>Recordeu que <strong>heu de marcar<\/strong> una a una <strong>les persones que tenen dret a certificar<\/strong>. Quan acabeu cal que cliqueu el bot\u00f3 Desar dades que trobareu al final de la pantalla.<\/li>\n<li><strong>Q\u00fcestionari de satisfacci\u00f3<\/strong> <strong>(QS)<\/strong>: <strong>a la darrera sessi\u00f3 heu d&#8217;informar<\/strong><strong>\u00a0als participants<\/strong> que han de <b>respondre el <\/b><strong>QS<\/strong> des del men\u00fa &#8220;<a href=\"https:\/\/aplicacions.gestioeducativa.gencat.cat\/pls\/soloas\/pk_for_mod_ins.p_for_form_cons_selec\">Les meves activitats<\/a>&#8221; (cal identificar-se amb usuari xtec). Veureu que apareix QS al costat dret de l&#8217;activitat. Si sou la persona <strong>formadora,<\/strong> heu de respondre aquest altre <a href=\"https:\/\/aplicacions.gestioeducativa.gencat.cat\/pls\/gafoas\/pq_actes.p_inici?p_header=Men%FA%5Epk_for_mod_menu.p_for_opcions_menu?p_perfil=FOR#\">q\u00fcestionari<\/a> espec\u00edfic en comptes de l&#8217;anterior.<\/li>\n<li><strong>Acta d\u2019assist\u00e8ncia <\/strong>(termini obligatori abans de 15 dies de la finalitzaci\u00f3 de l&#8217;activitat): al final de l&#8217;activitat cal <strong>imprimir l&#8217;acta en pdf<\/strong>, <strong>signar-la digitalment <\/strong>amb el DNI o certificat digital i <strong>enviar-la per correu electr\u00f2nic al CRP<\/strong> (crp-garrotxa@xtec.cat).<\/li>\n<li><strong>Fulls de signatures <\/strong>(termini obligatori abans de 15 dies de la finalitzaci\u00f3 de l&#8217;activitat): tamb\u00e9 enviar-los per correu electr\u00f2nic al CRP <strong>signats digitalment<\/strong> o fer arribar els originals f\u00edsicament al CRP.<\/li>\n<li><span style=\"font-family: inherit; font-size: 1em;\"><strong>Evid\u00e8ncia<\/strong> (termini obligatori abans de 15 dies de la finalitzaci\u00f3 de l&#8217;activitat): quan es fa arribar l&#8217;acta al CRP tamb\u00e9 cal lliurar una <strong>evid\u00e8ncia de l&#8217;activitat <\/strong>(en format digital): pot ser una imatge, un v\u00eddeo, una fitxa d&#8217;una tasca, un enlla\u00e7 al material&#8230;<\/span>\n<ul>\n<li style=\"list-style-type: none;\">\n<ul>\n<li style=\"list-style-type: none;\"><\/li>\n<\/ul>\n<\/li>\n<\/ul>\n<\/li>\n<\/ul>\n","protected":false},"excerpt":{"rendered":"<p>DIRECCIONS Tasca pr\u00e8via a l&#8217;inici de les activitats sol\u00b7licitades: Empleneu aquest formulari per fer arribar les dades que manquen de les activitats formatives del PFZ del centre (nombre de sessions, dates, horari&#8230;) &nbsp; PERSONES FORMADORES O DE SUPORT Tasques a realitzar des de 7 dies abans de l&#8217;inici fins 15 dies posteriors a la finalitzaci\u00f3 [&hellip;]<\/p>\n","protected":false},"author":1,"featured_media":0,"parent":2263,"menu_order":0,"comment_status":"closed","ping_status":"closed","template":"","meta":{"_bbp_topic_count":0,"_bbp_reply_count":0,"_bbp_total_topic_count":0,"_bbp_total_reply_count":0,"_bbp_voice_count":0,"_bbp_anonymous_reply_count":0,"_bbp_topic_count_hidden":0,"_bbp_reply_count_hidden":0,"_bbp_forum_subforum_count":0,"site-sidebar-layout":"default","site-content-layout":"","ast-site-content-layout":"","site-content-style":"default","site-sidebar-style":"default","ast-global-header-display":"","ast-banner-title-visibility":"","ast-main-header-display":"","ast-hfb-above-header-display":"","ast-hfb-below-header-display":"","ast-hfb-mobile-header-display":"","site-post-title":"","ast-breadcrumbs-content":"","ast-featured-img":"","footer-sml-layout":"","theme-transparent-header-meta":"","adv-header-id-meta":"","stick-header-meta":"","header-above-stick-meta":"","header-main-stick-meta":"","header-below-stick-meta":"","astra-migrate-meta-layouts":"default","ast-page-background-enabled":"default","ast-page-background-meta":{"desktop":{"background-color":"var(--ast-global-color-5)","background-image":"","background-repeat":"repeat","background-position":"center center","background-size":"auto","background-attachment":"scroll","background-type":"","background-media":"","overlay-type":"","overlay-color":"","overlay-opacity":"","overlay-gradient":""},"tablet":{"background-color":"","background-image":"","background-repeat":"repeat","background-position":"center center","background-size":"auto","background-attachment":"scroll","background-type":"","background-media":"","overlay-type":"","overlay-color":"","overlay-opacity":"","overlay-gradient":""},"mobile":{"background-color":"","background-image":"","background-repeat":"repeat","background-position":"center center","background-size":"auto","background-attachment":"scroll","background-type":"","background-media":"","overlay-type":"","overlay-color":"","overlay-opacity":"","overlay-gradient":""}},"ast-content-background-meta":{"desktop":{"background-color":"var(--ast-global-color-4)","background-image":"","background-repeat":"repeat","background-position":"center center","background-size":"auto","background-attachment":"scroll","background-type":"","background-media":"","overlay-type":"","overlay-color":"","overlay-opacity":"","overlay-gradient":""},"tablet":{"background-color":"var(--ast-global-color-4)","background-image":"","background-repeat":"repeat","background-position":"center center","background-size":"auto","background-attachment":"scroll","background-type":"","background-media":"","overlay-type":"","overlay-color":"","overlay-opacity":"","overlay-gradient":""},"mobile":{"background-color":"var(--ast-global-color-4)","background-image":"","background-repeat":"repeat","background-position":"center center","background-size":"auto","background-attachment":"scroll","background-type":"","background-media":"","overlay-type":"","overlay-color":"","overlay-opacity":"","overlay-gradient":""}},"footnotes":""},"class_list":["post-2271","page","type-page","status-publish","hentry"],"post_mailing_queue_ids":[],"_links":{"self":[{"href":"https:\/\/serveiseducatius.xtec.cat\/garrotxa\/wp-json\/wp\/v2\/pages\/2271","targetHints":{"allow":["GET"]}}],"collection":[{"href":"https:\/\/serveiseducatius.xtec.cat\/garrotxa\/wp-json\/wp\/v2\/pages"}],"about":[{"href":"https:\/\/serveiseducatius.xtec.cat\/garrotxa\/wp-json\/wp\/v2\/types\/page"}],"author":[{"embeddable":true,"href":"https:\/\/serveiseducatius.xtec.cat\/garrotxa\/wp-json\/wp\/v2\/users\/1"}],"replies":[{"embeddable":true,"href":"https:\/\/serveiseducatius.xtec.cat\/garrotxa\/wp-json\/wp\/v2\/comments?post=2271"}],"version-history":[{"count":6,"href":"https:\/\/serveiseducatius.xtec.cat\/garrotxa\/wp-json\/wp\/v2\/pages\/2271\/revisions"}],"predecessor-version":[{"id":6016,"href":"https:\/\/serveiseducatius.xtec.cat\/garrotxa\/wp-json\/wp\/v2\/pages\/2271\/revisions\/6016"}],"up":[{"embeddable":true,"href":"https:\/\/serveiseducatius.xtec.cat\/garrotxa\/wp-json\/wp\/v2\/pages\/2263"}],"wp:attachment":[{"href":"https:\/\/serveiseducatius.xtec.cat\/garrotxa\/wp-json\/wp\/v2\/media?parent=2271"}],"curies":[{"name":"wp","href":"https:\/\/api.w.org\/{rel}","templated":true}]}}