{"id":2221,"date":"2020-08-13T13:18:41","date_gmt":"2020-08-13T11:18:41","guid":{"rendered":"http:\/\/serveiseducatius.xtec.cat\/garrotxa\/?page_id=2221"},"modified":"2025-01-14T10:10:48","modified_gmt":"2025-01-14T09:10:48","slug":"espai-elic","status":"publish","type":"page","link":"https:\/\/serveiseducatius.xtec.cat\/garrotxa\/el-servei\/espai-elic\/","title":{"rendered":"Espai ELIC"},"content":{"rendered":"<p>Els ELIC som equips d\u2019assessorament i orientaci\u00f3 en llengua, educaci\u00f3 intercultural i cohesi\u00f3 social. El nostre objectiu \u00e9s desenvolupar funcions de col\u00b7laboraci\u00f3, assessorament i suport escolar en relaci\u00f3 amb aspectes ling\u00fc\u00edstics, interculturals i de cohesi\u00f3 social en els diferents \u00e0mbits de l&#8217;entorn educatiu.<\/p>\n<p>Les funcions dels ELIC s\u00f3n:<\/p>\n<p><strong>Llengua<\/strong><\/p>\n<p>-Consolidar la llengua catalana com a llengua vehicular als centres educatius i com a eix vertebrador d\u2019un projecte pluriling\u00fce.<br \/>\n-Actualitzar les metodologies, les estrat\u00e8gies i els recursos did\u00e0ctics davant la creixent diversitat ling\u00fc\u00edstica i cultural de l\u2019alumnat, a les diferents etapes educatives.<\/p>\n<p><strong>Educaci\u00f3 intercultural<\/strong><br \/>\n-Desenvolupar una consci\u00e8ncia d\u2019igualtat com a condici\u00f3 pr\u00e8via per al coneixement i el respecte de les difer\u00e8ncies culturals en el marc de la nostra realitat.<br \/>\n-Potenciar la cultura del di\u00e0leg i la conviv\u00e8ncia.<\/p>\n<p><strong>Cohesi\u00f3 Social<\/strong><br \/>\n-Garantir l\u2019equitat i crear les condicions que facin possible la igualtat d\u2019oportunitats per accedir a una educaci\u00f3 de qualitat.<br \/>\n-Fomentar la inclusi\u00f3 social i escolar de tot l\u2019alumnat i evitar qualsevol tipus de marginaci\u00f3.<br \/>\n-Participar en el Pla Educatiu d&#8217;Entorn de la ciutat d&#8217;Olot.<\/p>\n<p>&nbsp;<\/p>\n<p>Equip LIC \u2013 La Garrotxa<\/p>\n<ul>\n<li>Marta Guitart Francas &#8211; mguita26@xtec.cat\u00a0 &#8211; 972270107 (ext. #1948)<\/li>\n<li>Merc\u00e8 Balateu Sarola &#8211; mbalateu@xtec.cat &#8211; 972270107 (ext. #1947)<\/li>\n<\/ul>\n","protected":false},"excerpt":{"rendered":"<p>Els ELIC som equips d\u2019assessorament i orientaci\u00f3 en llengua, educaci\u00f3 intercultural i cohesi\u00f3 social. El nostre objectiu \u00e9s desenvolupar funcions de col\u00b7laboraci\u00f3, assessorament i suport escolar en relaci\u00f3 amb aspectes ling\u00fc\u00edstics, interculturals i de cohesi\u00f3 social en els diferents \u00e0mbits de l&#8217;entorn educatiu. Les funcions dels ELIC s\u00f3n: Llengua -Consolidar la llengua catalana com a [&hellip;]<\/p>\n","protected":false},"author":1,"featured_media":0,"parent":2217,"menu_order":0,"comment_status":"closed","ping_status":"closed","template":"","meta":{"_bbp_topic_count":0,"_bbp_reply_count":0,"_bbp_total_topic_count":0,"_bbp_total_reply_count":0,"_bbp_voice_count":0,"_bbp_anonymous_reply_count":0,"_bbp_topic_count_hidden":0,"_bbp_reply_count_hidden":0,"_bbp_forum_subforum_count":0,"site-sidebar-layout":"default","site-content-layout":"","ast-site-content-layout":"","site-content-style":"default","site-sidebar-style":"default","ast-global-header-display":"","ast-banner-title-visibility":"","ast-main-header-display":"","ast-hfb-above-header-display":"","ast-hfb-below-header-display":"","ast-hfb-mobile-header-display":"","site-post-title":"","ast-breadcrumbs-content":"","ast-featured-img":"","footer-sml-layout":"","theme-transparent-header-meta":"","adv-header-id-meta":"","stick-header-meta":"","header-above-stick-meta":"","header-main-stick-meta":"","header-below-stick-meta":"","astra-migrate-meta-layouts":"default","ast-page-background-enabled":"default","ast-page-background-meta":{"desktop":{"background-color":"var(--ast-global-color-5)","background-image":"","background-repeat":"repeat","background-position":"center center","background-size":"auto","background-attachment":"scroll","background-type":"","background-media":"","overlay-type":"","overlay-color":"","overlay-opacity":"","overlay-gradient":""},"tablet":{"background-color":"","background-image":"","background-repeat":"repeat","background-position":"center center","background-size":"auto","background-attachment":"scroll","background-type":"","background-media":"","overlay-type":"","overlay-color":"","overlay-opacity":"","overlay-gradient":""},"mobile":{"background-color":"","background-image":"","background-repeat":"repeat","background-position":"center center","background-size":"auto","background-attachment":"scroll","background-type":"","background-media":"","overlay-type":"","overlay-color":"","overlay-opacity":"","overlay-gradient":""}},"ast-content-background-meta":{"desktop":{"background-color":"var(--ast-global-color-4)","background-image":"","background-repeat":"repeat","background-position":"center center","background-size":"auto","background-attachment":"scroll","background-type":"","background-media":"","overlay-type":"","overlay-color":"","overlay-opacity":"","overlay-gradient":""},"tablet":{"background-color":"var(--ast-global-color-4)","background-image":"","background-repeat":"repeat","background-position":"center center","background-size":"auto","background-attachment":"scroll","background-type":"","background-media":"","overlay-type":"","overlay-color":"","overlay-opacity":"","overlay-gradient":""},"mobile":{"background-color":"var(--ast-global-color-4)","background-image":"","background-repeat":"repeat","background-position":"center center","background-size":"auto","background-attachment":"scroll","background-type":"","background-media":"","overlay-type":"","overlay-color":"","overlay-opacity":"","overlay-gradient":""}},"footnotes":""},"class_list":["post-2221","page","type-page","status-publish","hentry"],"post_mailing_queue_ids":[],"_links":{"self":[{"href":"https:\/\/serveiseducatius.xtec.cat\/garrotxa\/wp-json\/wp\/v2\/pages\/2221","targetHints":{"allow":["GET"]}}],"collection":[{"href":"https:\/\/serveiseducatius.xtec.cat\/garrotxa\/wp-json\/wp\/v2\/pages"}],"about":[{"href":"https:\/\/serveiseducatius.xtec.cat\/garrotxa\/wp-json\/wp\/v2\/types\/page"}],"author":[{"embeddable":true,"href":"https:\/\/serveiseducatius.xtec.cat\/garrotxa\/wp-json\/wp\/v2\/users\/1"}],"replies":[{"embeddable":true,"href":"https:\/\/serveiseducatius.xtec.cat\/garrotxa\/wp-json\/wp\/v2\/comments?post=2221"}],"version-history":[{"count":4,"href":"https:\/\/serveiseducatius.xtec.cat\/garrotxa\/wp-json\/wp\/v2\/pages\/2221\/revisions"}],"predecessor-version":[{"id":5830,"href":"https:\/\/serveiseducatius.xtec.cat\/garrotxa\/wp-json\/wp\/v2\/pages\/2221\/revisions\/5830"}],"up":[{"embeddable":true,"href":"https:\/\/serveiseducatius.xtec.cat\/garrotxa\/wp-json\/wp\/v2\/pages\/2217"}],"wp:attachment":[{"href":"https:\/\/serveiseducatius.xtec.cat\/garrotxa\/wp-json\/wp\/v2\/media?parent=2221"}],"curies":[{"name":"wp","href":"https:\/\/api.w.org\/{rel}","templated":true}]}}