{"id":2217,"date":"2020-08-13T13:13:44","date_gmt":"2020-08-13T11:13:44","guid":{"rendered":"http:\/\/serveiseducatius.xtec.cat\/garrotxa\/?page_id=2217"},"modified":"2025-04-03T12:22:40","modified_gmt":"2025-04-03T10:22:40","slug":"el-servei","status":"publish","type":"page","link":"https:\/\/serveiseducatius.xtec.cat\/garrotxa\/el-servei\/","title":{"rendered":"EL SERVEI"},"content":{"rendered":"<p style=\"text-align: justify;\">Els serveis educatius de zona (SEZ) s\u00f3n equips multiprofessionals formats pels centres de recursos pedag\u00f2gics (CRP), els equips d&#8217;assessorament i orientaci\u00f3 psicopedag\u00f2gica (EAP) i els equips d&#8217;assessorament en llengua i cohesi\u00f3 social (ELIC). A la nostra comarca, tenim la particularitat de comptar tamb\u00e9 amb el camp d&#8217;aprenentatge (CdA).<\/p>\n<p><a href=\"https:\/\/serveiseducatius.xtec.cat\/garrotxa\/wp-content\/uploads\/usu774\/2021\/11\/organigrama-SE-1.png\"><img loading=\"lazy\" decoding=\"async\" class=\"aligncenter wp-image-3574\" src=\"https:\/\/serveiseducatius.xtec.cat\/garrotxa\/wp-content\/uploads\/usu774\/2021\/11\/organigrama-SE-1.png\" alt=\"\" width=\"609\" height=\"342\" srcset=\"https:\/\/serveiseducatius.xtec.cat\/garrotxa\/wp-content\/uploads\/usu774\/2021\/11\/organigrama-SE-1.png 849w, https:\/\/serveiseducatius.xtec.cat\/garrotxa\/wp-content\/uploads\/usu774\/2021\/11\/organigrama-SE-1-300x169.png 300w, https:\/\/serveiseducatius.xtec.cat\/garrotxa\/wp-content\/uploads\/usu774\/2021\/11\/organigrama-SE-1-768x431.png 768w\" sizes=\"auto, (max-width: 609px) 100vw, 609px\" \/><\/a>Els SE de la Garrotxa col\u00b7laboren i donen suport als professors dels centres p\u00fablics i privats sostinguts amb fons p\u00fablics d\u2019educaci\u00f3 obligat\u00f2ria no universit\u00e0ria de la comarca per a la realitzaci\u00f3 efectiva del projecte educatiu de cada centre. Els serveis educatius, en actuar en els mateixos centres i en una zona determinada, coordinen les seves actuacions entre ells i amb altres institucions que tamb\u00e9 hi actuen.<\/p>\n<p style=\"text-align: justify;\">Els serveis educatius organitzen els seus plans d&#8217;actuaci\u00f3 en el marc de les seves funcions i del seu \u00e0mbit d&#8217;intervenci\u00f3, d&#8217;acord amb les prioritats fixades pel Departament d&#8217;Educaci\u00f3 per a cada curs escolar.<\/p>\n","protected":false},"excerpt":{"rendered":"<p>Els serveis educatius de zona (SEZ) s\u00f3n equips multiprofessionals formats pels centres de recursos pedag\u00f2gics (CRP), els equips d&#8217;assessorament i orientaci\u00f3 psicopedag\u00f2gica (EAP) i els equips d&#8217;assessorament en llengua i cohesi\u00f3 social (ELIC). A la nostra comarca, tenim la particularitat de comptar tamb\u00e9 amb el camp d&#8217;aprenentatge (CdA). Els SE de la Garrotxa col\u00b7laboren i [&hellip;]<\/p>\n","protected":false},"author":1,"featured_media":0,"parent":0,"menu_order":0,"comment_status":"closed","ping_status":"closed","template":"","meta":{"_bbp_topic_count":0,"_bbp_reply_count":0,"_bbp_total_topic_count":0,"_bbp_total_reply_count":0,"_bbp_voice_count":0,"_bbp_anonymous_reply_count":0,"_bbp_topic_count_hidden":0,"_bbp_reply_count_hidden":0,"_bbp_forum_subforum_count":0,"site-sidebar-layout":"default","site-content-layout":"","ast-site-content-layout":"","site-content-style":"default","site-sidebar-style":"default","ast-global-header-display":"","ast-banner-title-visibility":"","ast-main-header-display":"","ast-hfb-above-header-display":"","ast-hfb-below-header-display":"","ast-hfb-mobile-header-display":"","site-post-title":"","ast-breadcrumbs-content":"","ast-featured-img":"","footer-sml-layout":"","theme-transparent-header-meta":"","adv-header-id-meta":"","stick-header-meta":"","header-above-stick-meta":"","header-main-stick-meta":"","header-below-stick-meta":"","astra-migrate-meta-layouts":"default","ast-page-background-enabled":"default","ast-page-background-meta":{"desktop":{"background-color":"var(--ast-global-color-5)","background-image":"","background-repeat":"repeat","background-position":"center center","background-size":"auto","background-attachment":"scroll","background-type":"","background-media":"","overlay-type":"","overlay-color":"","overlay-opacity":"","overlay-gradient":""},"tablet":{"background-color":"","background-image":"","background-repeat":"repeat","background-position":"center center","background-size":"auto","background-attachment":"scroll","background-type":"","background-media":"","overlay-type":"","overlay-color":"","overlay-opacity":"","overlay-gradient":""},"mobile":{"background-color":"","background-image":"","background-repeat":"repeat","background-position":"center center","background-size":"auto","background-attachment":"scroll","background-type":"","background-media":"","overlay-type":"","overlay-color":"","overlay-opacity":"","overlay-gradient":""}},"ast-content-background-meta":{"desktop":{"background-color":"var(--ast-global-color-4)","background-image":"","background-repeat":"repeat","background-position":"center center","background-size":"auto","background-attachment":"scroll","background-type":"","background-media":"","overlay-type":"","overlay-color":"","overlay-opacity":"","overlay-gradient":""},"tablet":{"background-color":"var(--ast-global-color-4)","background-image":"","background-repeat":"repeat","background-position":"center center","background-size":"auto","background-attachment":"scroll","background-type":"","background-media":"","overlay-type":"","overlay-color":"","overlay-opacity":"","overlay-gradient":""},"mobile":{"background-color":"var(--ast-global-color-4)","background-image":"","background-repeat":"repeat","background-position":"center center","background-size":"auto","background-attachment":"scroll","background-type":"","background-media":"","overlay-type":"","overlay-color":"","overlay-opacity":"","overlay-gradient":""}},"footnotes":""},"class_list":["post-2217","page","type-page","status-publish","hentry"],"post_mailing_queue_ids":[],"_links":{"self":[{"href":"https:\/\/serveiseducatius.xtec.cat\/garrotxa\/wp-json\/wp\/v2\/pages\/2217","targetHints":{"allow":["GET"]}}],"collection":[{"href":"https:\/\/serveiseducatius.xtec.cat\/garrotxa\/wp-json\/wp\/v2\/pages"}],"about":[{"href":"https:\/\/serveiseducatius.xtec.cat\/garrotxa\/wp-json\/wp\/v2\/types\/page"}],"author":[{"embeddable":true,"href":"https:\/\/serveiseducatius.xtec.cat\/garrotxa\/wp-json\/wp\/v2\/users\/1"}],"replies":[{"embeddable":true,"href":"https:\/\/serveiseducatius.xtec.cat\/garrotxa\/wp-json\/wp\/v2\/comments?post=2217"}],"version-history":[{"count":4,"href":"https:\/\/serveiseducatius.xtec.cat\/garrotxa\/wp-json\/wp\/v2\/pages\/2217\/revisions"}],"predecessor-version":[{"id":5993,"href":"https:\/\/serveiseducatius.xtec.cat\/garrotxa\/wp-json\/wp\/v2\/pages\/2217\/revisions\/5993"}],"wp:attachment":[{"href":"https:\/\/serveiseducatius.xtec.cat\/garrotxa\/wp-json\/wp\/v2\/media?parent=2217"}],"curies":[{"name":"wp","href":"https:\/\/api.w.org\/{rel}","templated":true}]}}