{"id":2196,"date":"2020-08-13T12:55:47","date_gmt":"2020-08-13T10:55:47","guid":{"rendered":"http:\/\/serveiseducatius.xtec.cat\/garrotxa\/?page_id=2196"},"modified":"2024-06-06T10:30:40","modified_gmt":"2024-06-06T08:30:40","slug":"espai-crp","status":"publish","type":"page","link":"https:\/\/serveiseducatius.xtec.cat\/garrotxa\/comunitat\/espai-crp\/","title":{"rendered":"Tenim la Paraula"},"content":{"rendered":"<div>\n<p><strong>3a FASE<\/strong><\/p>\n<p><a href=\"https:\/\/lookerstudio.google.com\/reporting\/1a6986a8-3c6f-403d-b343-fe38214232e5\">Compartim tutorials!<\/a>\u00a0 Recull d&#8217;activitats de 3r any a la Garrotxa i el Ripoll\u00e8s.<\/p>\n<\/div>\n<p><a href=\"https:\/\/lookerstudio.google.com\/reporting\/1a6986a8-3c6f-403d-b343-fe38214232e5\"><img loading=\"lazy\" decoding=\"async\" class=\"wp-image-5259 alignleft\" src=\"https:\/\/serveiseducatius.xtec.cat\/garrotxa\/wp-content\/uploads\/usu774\/2024\/06\/recull_activitats_3r_any-1.jpg\" alt=\"\" width=\"608\" height=\"509\" srcset=\"https:\/\/serveiseducatius.xtec.cat\/garrotxa\/wp-content\/uploads\/usu774\/2024\/06\/recull_activitats_3r_any-1.jpg 992w, https:\/\/serveiseducatius.xtec.cat\/garrotxa\/wp-content\/uploads\/usu774\/2024\/06\/recull_activitats_3r_any-1-300x250.jpg 300w, https:\/\/serveiseducatius.xtec.cat\/garrotxa\/wp-content\/uploads\/usu774\/2024\/06\/recull_activitats_3r_any-1-768x643.jpg 768w\" sizes=\"auto, (max-width: 608px) 100vw, 608px\" \/><\/a><\/p>\n<p>&nbsp;<\/p>\n<div>\n<p>&nbsp;<\/p>\n<p>&nbsp;<\/p>\n<p>&nbsp;<\/p>\n<p>&nbsp;<\/p>\n<p>&nbsp;<\/p>\n<p>&nbsp;<\/p>\n<p>&nbsp;<\/p>\n<\/div>\n<p>&nbsp;<\/p>\n<p>&nbsp;<\/p>\n<p>&nbsp;<\/p>\n<p>&nbsp;<\/p>\n<div>\n<p><a href=\"https:\/\/view.genial.ly\/648c2942c1ae8d00118bbadf\">Planificaci\u00f3 fase3<\/a> del programa Tenim la Paraula a la Garrotxa i el Ripoll\u00e8s.<\/p>\n<p><a href=\"https:\/\/view.genial.ly\/648c2942c1ae8d00118bbadf\" rel=\"attachment wp-att-4709\"><img loading=\"lazy\" decoding=\"async\" class=\"alignleft wp-image-4709\" src=\"https:\/\/serveiseducatius.xtec.cat\/garrotxa\/wp-content\/uploads\/usu774\/2023\/11\/fase3tp-1024x572.png\" alt=\"\" width=\"595\" height=\"332\" srcset=\"https:\/\/serveiseducatius.xtec.cat\/garrotxa\/wp-content\/uploads\/usu774\/2023\/11\/fase3tp-1024x572.png 1024w, https:\/\/serveiseducatius.xtec.cat\/garrotxa\/wp-content\/uploads\/usu774\/2023\/11\/fase3tp-300x168.png 300w, https:\/\/serveiseducatius.xtec.cat\/garrotxa\/wp-content\/uploads\/usu774\/2023\/11\/fase3tp-768x429.png 768w, https:\/\/serveiseducatius.xtec.cat\/garrotxa\/wp-content\/uploads\/usu774\/2023\/11\/fase3tp.png 1278w\" sizes=\"auto, (max-width: 595px) 100vw, 595px\" \/><\/a><\/p>\n<p>&nbsp;<\/p>\n<p>&nbsp;<\/p>\n<p>&nbsp;<\/p>\n<p>&nbsp;<\/p>\n<p>&nbsp;<\/p>\n<p>&nbsp;<\/p>\n<p>&nbsp;<\/p>\n<p>&nbsp;<\/p>\n<p><strong>2a FASE<\/strong><\/p>\n<\/div>\n<p><a href=\"https:\/\/view.genial.ly\/647da492c5578a0012570b98\/presentation-tenim-la-paraula-fase2-ripolles-i-garrotxa\">Experi\u00e8ncies<\/a> de 2n any a la Garrotxa i el Ripoll\u00e8s.<\/p>\n<p><a href=\"https:\/\/view.genial.ly\/647da492c5578a0012570b98\/presentation-tenim-la-paraula-fase2-ripolles-i-garrotxa\"><img loading=\"lazy\" decoding=\"async\" class=\"wp-image-4398 alignleft\" src=\"https:\/\/serveiseducatius.xtec.cat\/garrotxa\/wp-content\/uploads\/usu774\/2023\/06\/tpFase2-1024x604.png\" alt=\"\" width=\"605\" height=\"357\" srcset=\"https:\/\/serveiseducatius.xtec.cat\/garrotxa\/wp-content\/uploads\/usu774\/2023\/06\/tpFase2-1024x604.png 1024w, https:\/\/serveiseducatius.xtec.cat\/garrotxa\/wp-content\/uploads\/usu774\/2023\/06\/tpFase2-300x177.png 300w, https:\/\/serveiseducatius.xtec.cat\/garrotxa\/wp-content\/uploads\/usu774\/2023\/06\/tpFase2-768x453.png 768w, https:\/\/serveiseducatius.xtec.cat\/garrotxa\/wp-content\/uploads\/usu774\/2023\/06\/tpFase2.png 1191w\" sizes=\"auto, (max-width: 605px) 100vw, 605px\" \/><\/a><\/p>\n<p>&nbsp;<\/p>\n<p>&nbsp;<\/p>\n<p>&nbsp;<\/p>\n<p>&nbsp;<\/p>\n<p>&nbsp;<\/p>\n<p>&nbsp;<\/p>\n<p>&nbsp;<\/p>\n<p>&nbsp;<\/p>\n<p>&nbsp;<\/p>\n<p><a href=\"https:\/\/view.genial.ly\/633ec2c42aba480012a39bd9\/horizontal-infographic-diagrams-fase-2-tenim-la-paraula-garrotxa-ripolles\">Planificaci\u00f3 fase2<\/a> del programa Tenim la Paraula a la Garrotxa i el Ripoll\u00e8s.<\/p>\n<p><a href=\"https:\/\/view.genial.ly\/633ec2c42aba480012a39bd9\/horizontal-infographic-diagrams-fase-2-tenim-la-paraula-garrotxa-ripolles\"><img loading=\"lazy\" decoding=\"async\" class=\"wp-image-4399 alignleft\" src=\"https:\/\/serveiseducatius.xtec.cat\/garrotxa\/wp-content\/uploads\/usu774\/2023\/06\/tpMapaFase2-1024x576.png\" alt=\"\" width=\"608\" height=\"342\" srcset=\"https:\/\/serveiseducatius.xtec.cat\/garrotxa\/wp-content\/uploads\/usu774\/2023\/06\/tpMapaFase2-1024x576.png 1024w, https:\/\/serveiseducatius.xtec.cat\/garrotxa\/wp-content\/uploads\/usu774\/2023\/06\/tpMapaFase2-300x169.png 300w, https:\/\/serveiseducatius.xtec.cat\/garrotxa\/wp-content\/uploads\/usu774\/2023\/06\/tpMapaFase2-768x432.png 768w, https:\/\/serveiseducatius.xtec.cat\/garrotxa\/wp-content\/uploads\/usu774\/2023\/06\/tpMapaFase2.png 1281w\" sizes=\"auto, (max-width: 608px) 100vw, 608px\" \/><\/a><\/p>\n<p>&nbsp;<\/p>\n<p>&nbsp;<\/p>\n<p>&nbsp;<\/p>\n<p>&nbsp;<\/p>\n<p>&nbsp;<\/p>\n<p>&nbsp;<\/p>\n<p>&nbsp;<\/p>\n<p>&nbsp;<\/p>\n<p><strong>1a FASE<\/strong><\/p>\n<div>\n<p><a href=\"https:\/\/view.genial.ly\/6274f3254eda05001898dade\/presentation-tp\">Fira virtual:<\/a> experi\u00e8ncia de 1r any a la Garrotxa i el Ripoll\u00e8s.<\/p>\n<p><a href=\"https:\/\/view.genial.ly\/6274f3254eda05001898dade\/presentation-tp\" target=\"_blank\" rel=\"noopener\"><img loading=\"lazy\" decoding=\"async\" class=\"alignnone wp-image-3764\" src=\"https:\/\/serveiseducatius.xtec.cat\/garrotxa\/wp-content\/uploads\/usu774\/2022\/05\/imatge-nodes-1024x602.png\" alt=\"\" width=\"603\" height=\"354\" srcset=\"https:\/\/serveiseducatius.xtec.cat\/garrotxa\/wp-content\/uploads\/usu774\/2022\/05\/imatge-nodes-1024x602.png 1024w, https:\/\/serveiseducatius.xtec.cat\/garrotxa\/wp-content\/uploads\/usu774\/2022\/05\/imatge-nodes-300x176.png 300w, https:\/\/serveiseducatius.xtec.cat\/garrotxa\/wp-content\/uploads\/usu774\/2022\/05\/imatge-nodes-768x452.png 768w, https:\/\/serveiseducatius.xtec.cat\/garrotxa\/wp-content\/uploads\/usu774\/2022\/05\/imatge-nodes.png 1129w\" sizes=\"auto, (max-width: 603px) 100vw, 603px\" \/><\/a><\/p>\n<p>&nbsp;<\/p>\n<p><a href=\"https:\/\/view.genial.ly\/61694c153fa1ed0dc8d73a6c\/horizontal-infographic-diagrams-fase-1-tenim-la-paraula\">Planificaci\u00f3 fase1<\/a> del programa Tenim la Paraula a la Garrotxa i el Ripoll\u00e8s.<\/p>\n<p><a href=\"https:\/\/serveiseducatius.xtec.cat\/garrotxa\/wp-content\/uploads\/usu774\/2021\/10\/TP-planificacio.png\"><img loading=\"lazy\" decoding=\"async\" class=\"wp-image-3501 alignleft\" src=\"https:\/\/serveiseducatius.xtec.cat\/garrotxa\/wp-content\/uploads\/usu774\/2021\/10\/TP-planificacio-1024x542.png\" alt=\"\" width=\"599\" height=\"317\" srcset=\"https:\/\/serveiseducatius.xtec.cat\/garrotxa\/wp-content\/uploads\/usu774\/2021\/10\/TP-planificacio-1024x542.png 1024w, https:\/\/serveiseducatius.xtec.cat\/garrotxa\/wp-content\/uploads\/usu774\/2021\/10\/TP-planificacio-300x159.png 300w, https:\/\/serveiseducatius.xtec.cat\/garrotxa\/wp-content\/uploads\/usu774\/2021\/10\/TP-planificacio-768x407.png 768w, https:\/\/serveiseducatius.xtec.cat\/garrotxa\/wp-content\/uploads\/usu774\/2021\/10\/TP-planificacio.png 1267w\" sizes=\"auto, (max-width: 599px) 100vw, 599px\" \/><\/a><\/p>\n<p>&nbsp;<\/p>\n<p>&nbsp;<\/p>\n<p>&nbsp;<\/p>\n<p>&nbsp;<\/p>\n<p>&nbsp;<\/p>\n<p>&nbsp;<\/p>\n<\/div>\n<p>&nbsp;<\/p>\n<p>&nbsp;<\/p>\n<div>\n<p><a href=\"https:\/\/www.youtube.com\/watch?v=8u1jhT24zOk&amp;t=74s\">V\u00eddeo<\/a>: experi\u00e8ncia de 1r any al Pla de l&#8217;Estany.<\/p>\n<\/div>\n<p><iframe loading=\"lazy\" src=\"https:\/\/www.youtube.com\/embed\/8u1jhT24zOk\" width=\"560\" height=\"315\" frameborder=\"0\"><\/iframe><\/p>\n<div><a href=\"http:\/\/xtec.gencat.cat\/ca\/projectes\/llengua-oral\/tenim-la-paraula\/\">Documentaci\u00f3 del programa (<\/a><a href=\"http:\/\/xtec.gencat.cat\/ca\/projectes\/llengua-oral\/tenim-la-paraula\/\">Web XTEC)<\/a><\/div>\n","protected":false},"excerpt":{"rendered":"<p>3a FASE Compartim tutorials!\u00a0 Recull d&#8217;activitats de 3r any a la Garrotxa i el Ripoll\u00e8s. &nbsp; &nbsp; &nbsp; &nbsp; &nbsp; &nbsp; &nbsp; &nbsp; &nbsp; &nbsp; &nbsp; &nbsp; Planificaci\u00f3 fase3 del programa Tenim la Paraula a la Garrotxa i el Ripoll\u00e8s. &nbsp; &nbsp; &nbsp; &nbsp; &nbsp; &nbsp; &nbsp; &nbsp; 2a FASE Experi\u00e8ncies de 2n any a [&hellip;]<\/p>\n","protected":false},"author":1,"featured_media":0,"parent":2291,"menu_order":0,"comment_status":"closed","ping_status":"closed","template":"page-templates\/side-menu.php","meta":{"_bbp_topic_count":0,"_bbp_reply_count":0,"_bbp_total_topic_count":0,"_bbp_total_reply_count":0,"_bbp_voice_count":0,"_bbp_anonymous_reply_count":0,"_bbp_topic_count_hidden":0,"_bbp_reply_count_hidden":0,"_bbp_forum_subforum_count":0,"site-sidebar-layout":"default","site-content-layout":"","ast-site-content-layout":"","site-content-style":"default","site-sidebar-style":"default","ast-global-header-display":"","ast-banner-title-visibility":"","ast-main-header-display":"","ast-hfb-above-header-display":"","ast-hfb-below-header-display":"","ast-hfb-mobile-header-display":"","site-post-title":"","ast-breadcrumbs-content":"","ast-featured-img":"","footer-sml-layout":"","theme-transparent-header-meta":"","adv-header-id-meta":"","stick-header-meta":"","header-above-stick-meta":"","header-main-stick-meta":"","header-below-stick-meta":"","astra-migrate-meta-layouts":"default","ast-page-background-enabled":"default","ast-page-background-meta":{"desktop":{"background-color":"var(--ast-global-color-5)","background-image":"","background-repeat":"repeat","background-position":"center center","background-size":"auto","background-attachment":"scroll","background-type":"","background-media":"","overlay-type":"","overlay-color":"","overlay-opacity":"","overlay-gradient":""},"tablet":{"background-color":"","background-image":"","background-repeat":"repeat","background-position":"center center","background-size":"auto","background-attachment":"scroll","background-type":"","background-media":"","overlay-type":"","overlay-color":"","overlay-opacity":"","overlay-gradient":""},"mobile":{"background-color":"","background-image":"","background-repeat":"repeat","background-position":"center center","background-size":"auto","background-attachment":"scroll","background-type":"","background-media":"","overlay-type":"","overlay-color":"","overlay-opacity":"","overlay-gradient":""}},"ast-content-background-meta":{"desktop":{"background-color":"var(--ast-global-color-4)","background-image":"","background-repeat":"repeat","background-position":"center center","background-size":"auto","background-attachment":"scroll","background-type":"","background-media":"","overlay-type":"","overlay-color":"","overlay-opacity":"","overlay-gradient":""},"tablet":{"background-color":"var(--ast-global-color-4)","background-image":"","background-repeat":"repeat","background-position":"center center","background-size":"auto","background-attachment":"scroll","background-type":"","background-media":"","overlay-type":"","overlay-color":"","overlay-opacity":"","overlay-gradient":""},"mobile":{"background-color":"var(--ast-global-color-4)","background-image":"","background-repeat":"repeat","background-position":"center center","background-size":"auto","background-attachment":"scroll","background-type":"","background-media":"","overlay-type":"","overlay-color":"","overlay-opacity":"","overlay-gradient":""}},"footnotes":""},"class_list":["post-2196","page","type-page","status-publish","hentry"],"post_mailing_queue_ids":[],"_links":{"self":[{"href":"https:\/\/serveiseducatius.xtec.cat\/garrotxa\/wp-json\/wp\/v2\/pages\/2196","targetHints":{"allow":["GET"]}}],"collection":[{"href":"https:\/\/serveiseducatius.xtec.cat\/garrotxa\/wp-json\/wp\/v2\/pages"}],"about":[{"href":"https:\/\/serveiseducatius.xtec.cat\/garrotxa\/wp-json\/wp\/v2\/types\/page"}],"author":[{"embeddable":true,"href":"https:\/\/serveiseducatius.xtec.cat\/garrotxa\/wp-json\/wp\/v2\/users\/1"}],"replies":[{"embeddable":true,"href":"https:\/\/serveiseducatius.xtec.cat\/garrotxa\/wp-json\/wp\/v2\/comments?post=2196"}],"version-history":[{"count":6,"href":"https:\/\/serveiseducatius.xtec.cat\/garrotxa\/wp-json\/wp\/v2\/pages\/2196\/revisions"}],"predecessor-version":[{"id":5267,"href":"https:\/\/serveiseducatius.xtec.cat\/garrotxa\/wp-json\/wp\/v2\/pages\/2196\/revisions\/5267"}],"up":[{"embeddable":true,"href":"https:\/\/serveiseducatius.xtec.cat\/garrotxa\/wp-json\/wp\/v2\/pages\/2291"}],"wp:attachment":[{"href":"https:\/\/serveiseducatius.xtec.cat\/garrotxa\/wp-json\/wp\/v2\/media?parent=2196"}],"curies":[{"name":"wp","href":"https:\/\/api.w.org\/{rel}","templated":true}]}}