{"id":8879,"date":"2013-10-08T16:52:35","date_gmt":"2013-10-08T15:52:35","guid":{"rendered":"http:\/\/serveiseducatius.xtec.cat\/garrigues\/intraweb\/propostes-didactiques\/"},"modified":"2019-02-05T10:26:43","modified_gmt":"2019-02-05T09:26:43","slug":"propostes-didactiques","status":"publish","type":"page","link":"https:\/\/serveiseducatius.xtec.cat\/garrigues\/recursos\/recursos-garrigues\/propostes-didactiques\/","title":{"rendered":"Propostes Did\u00e0ctiques"},"content":{"rendered":"<p><span style=\"color: #669966;\"><u><strong><span style=\"font-size: x-large;\">CURS 18\/19:<\/span><\/strong><\/u><\/span><\/p>\n<p>&nbsp;<\/p>\n<p><a href=\"https:\/\/serveiseducatius.xtec.cat\/garrigues\/wp-content\/uploads\/usu142\/2019\/02\/sortida18_19.png\"><img loading=\"lazy\" decoding=\"async\" class=\"size-full wp-image-10800 alignnone\" src=\"https:\/\/serveiseducatius.xtec.cat\/garrigues\/wp-content\/uploads\/usu142\/2019\/02\/sortida18_19.png\" alt=\"\" width=\"500\" height=\"150\" srcset=\"https:\/\/serveiseducatius.xtec.cat\/garrigues\/wp-content\/uploads\/usu142\/2019\/02\/sortida18_19.png 500w, https:\/\/serveiseducatius.xtec.cat\/garrigues\/wp-content\/uploads\/usu142\/2019\/02\/sortida18_19-300x90.png 300w\" sizes=\"auto, (max-width: 500px) 100vw, 500px\" \/><\/a><\/p>\n<p><span style=\"color: #669966;\"><strong>ITINERARI:<\/strong><\/span><\/p>\n<p><strong>&#8211; Visita a la reserva natural Mas de Melons.\u00a0<\/strong>La proposta de visita compr\u00e8n una petita excursi\u00f3 a l\u2019entorn del centre d\u2019informaci\u00f3 de Mas de Melons, situat al terme de Castelldans, on visitarem alguns espais caracter\u00edstics, la flora, la fauna i el patrimoni hist\u00f2ric. Despr\u00e9s es far\u00e0 una visita a l\u2019interior del mas que acull un centre d\u2019interpretaci\u00f3.<\/p>\n<p><strong>&#8211; Visita al Centre de natura i fauna Vimferri de Juneda.\u00a0<\/strong>En el taller de fauna es far\u00e0 una visita guiada al centre. Es visitaran tots els animals per aprendre les seves caracter\u00edstiques. A l\u2019aula de natura es complimentaran els aprenentatges sobre la fauna aut\u00f2ctona.<\/p>\n<p><strong><span style=\"color: #669966;\">DOSSIER<\/span><\/strong>: <a href=\"https:\/\/drive.google.com\/open?id=15UPXYHFEQxSC3XTNmpGG3Xam0cP9e1tz\">pdf<\/a><\/p>\n<p>&nbsp;<\/p>\n<p><span style=\"color: #669966;\"><u><strong><span style=\"font-size: x-large;\">CURS 16\/17:<\/span><\/strong><\/u><\/span><\/p>\n<p><a href=\"https:\/\/serveiseducatius.xtec.cat\/garrigues\/wp-content\/uploads\/usu142\/2019\/02\/sortida16_17.png\"><img loading=\"lazy\" decoding=\"async\" class=\"size-full wp-image-10801 alignnone\" src=\"https:\/\/serveiseducatius.xtec.cat\/garrigues\/wp-content\/uploads\/usu142\/2019\/02\/sortida16_17.png\" alt=\"\" width=\"500\" height=\"150\" srcset=\"https:\/\/serveiseducatius.xtec.cat\/garrigues\/wp-content\/uploads\/usu142\/2019\/02\/sortida16_17.png 500w, https:\/\/serveiseducatius.xtec.cat\/garrigues\/wp-content\/uploads\/usu142\/2019\/02\/sortida16_17-300x90.png 300w\" sizes=\"auto, (max-width: 500px) 100vw, 500px\" \/><\/a><\/p>\n<p><span style=\"color: #669966;\"><strong>ITINERARI:<\/strong><\/span><\/p>\n<p><strong>&#8211; Els Vilars d\u2019Arbeca.\u00a0<\/strong>El Museu de Lleida conjuntament amb l\u2019Ajuntament d\u2019Arbeca han organitzat una activitat sobre el poblat ib\u00e8ric dels Vilars que pot ser molt valuosa per a l\u2019alumnat. L\u2019activitat consta de dues parts:<\/p>\n<p><strong>\u00a0 \u00a0 \u00a0 \u00a0 \u00a0 \u00a0 &#8211;\u00a0<\/strong><strong style=\"font-family: inherit; font-size: 1em;\">Visita a l\u2019exposici\u00f3 <\/strong><span style=\"font-family: inherit; font-size: 1em;\">\u201cLa fortalesa dels vilars d&#8217;Arbeca. Terra, aigua i poder en el m\u00f3n iber\u201d.\u00a0 <\/span><\/p>\n<p><span style=\"font-family: inherit; font-size: 1em;\">\u00a0 \u00a0 \u00a0 \u00a0 \u00a0 \u00a0 &#8211; E<\/span>l Museu ofereix la possibilitat de fer \u201cin situ\u201d el projecte educatiu: \u201c<strong>Fem d\u2019arque\u00f2legs<\/strong>\u201d<\/p>\n<p><strong>\u00a0 \u00a0 \u00a0 \u00a0 \u00a0 \u00a0 Durada de les dues activitats: 1h 15\u2019.<\/strong><\/p>\n<p>&#8211; L\u2019Ajuntament d\u2019Arbeca ofereix en la mateixa sortida <strong>la visita guiada al Jaciment dels Vilars. Durada 1h.<\/strong><\/p>\n<p><strong><span style=\"color: #669966;\">DOSSIER<\/span><\/strong>: <a href=\"https:\/\/drive.google.com\/open?id=16EM21QobfSrU4Dj_ojoR5Zxof3My9vL_\">pdf<\/a><\/p>\n<p>&nbsp;<\/p>\n<p><span style=\"color: #669966;\"><u><strong><span style=\"font-size: x-large;\">CURS 15\/16:<\/span><\/strong><\/u><\/span><\/p>\n<p><a href=\"https:\/\/serveiseducatius.xtec.cat\/garrigues\/wp-content\/uploads\/usu142\/2019\/02\/sortida15_16.png\"><img loading=\"lazy\" decoding=\"async\" class=\"size-full wp-image-10802 alignleft\" src=\"https:\/\/serveiseducatius.xtec.cat\/garrigues\/wp-content\/uploads\/usu142\/2019\/02\/sortida15_16.png\" alt=\"\" width=\"500\" height=\"150\" srcset=\"https:\/\/serveiseducatius.xtec.cat\/garrigues\/wp-content\/uploads\/usu142\/2019\/02\/sortida15_16.png 500w, https:\/\/serveiseducatius.xtec.cat\/garrigues\/wp-content\/uploads\/usu142\/2019\/02\/sortida15_16-300x90.png 300w\" sizes=\"auto, (max-width: 500px) 100vw, 500px\" \/><\/a><\/p>\n<p>&nbsp;<\/p>\n<p>&nbsp;<\/p>\n<p>&nbsp;<\/p>\n<p>&nbsp;<\/p>\n<p><span style=\"color: #669966;\"><strong>ITINERARI:<\/strong><\/span><\/p>\n<p>&#8211; <strong>El Cogul.<\/strong> Visita de les<strong> pintures rupestres de la Cova dels Moros del Cogul<\/strong> i visita a l\u2019exposici\u00f3 \u201cCogul un espai sagrat\u201d.<\/p>\n<p>&#8211; Caminada fins a les <strong>Tombes del Saladar<\/strong>, jaciment amb tombes antropomorfes excavades a la roca.<\/p>\n<p>&#8211; A la tarda i al mateix centre, <strong>tast d\u2019olis de les Garrigues<\/strong> per descobrir les principals caracter\u00edstiques dels nostres olis i aprendre a valorar i analitzar els olis.<\/p>\n<p><strong><span style=\"color: #669966;\">DOSSIER<\/span><\/strong>: <a href=\"https:\/\/drive.google.com\/file\/d\/1m92-fE5rOuBxkB8i8Za73OP0PD2uqaLj\/view?usp=sharing\">pdf<\/a><\/p>\n<p>&nbsp;<\/p>\n<p><span style=\"color: #669966;\"><u><strong><span style=\"font-size: x-large;\">CURS 14\/15:<\/span><\/strong><\/u><\/span><\/p>\n<p><a href=\"https:\/\/serveiseducatius.xtec.cat\/garrigues\/wp-content\/uploads\/usu142\/2019\/02\/sortida14_15.png\"><img loading=\"lazy\" decoding=\"async\" class=\"size-full wp-image-10803 alignleft\" src=\"https:\/\/serveiseducatius.xtec.cat\/garrigues\/wp-content\/uploads\/usu142\/2019\/02\/sortida14_15.png\" alt=\"\" width=\"500\" height=\"150\" srcset=\"https:\/\/serveiseducatius.xtec.cat\/garrigues\/wp-content\/uploads\/usu142\/2019\/02\/sortida14_15.png 500w, https:\/\/serveiseducatius.xtec.cat\/garrigues\/wp-content\/uploads\/usu142\/2019\/02\/sortida14_15-300x90.png 300w\" sizes=\"auto, (max-width: 500px) 100vw, 500px\" \/><\/a><\/p>\n<p>&nbsp;<\/p>\n<p>&nbsp;<\/p>\n<p>&nbsp;<\/p>\n<p>&nbsp;<\/p>\n<p><span style=\"color: #669966;\"><strong>ITINERARI:<\/strong><\/span><\/p>\n<p><strong>&#8211; Els Vilars d\u2019Arbeca<\/strong>. Visita guiada a la fortalesa dels Vilars d\u2019Arbeca, conjunt arqueol\u00f2gic de la Primera Edat del Ferro i la Cultura Ib\u00e8rica.<\/p>\n<p><strong>&#8211; Ruta per la quarta s\u00e8quia del Canal d\u2019Urgell<\/strong>. Visita guiada per tot el recorregut: els nou salts, les centrals hidroel\u00e8ctriques, el parc,&#8230;<\/p>\n<p><strong>&#8211; Dinar. <\/strong>Al Salt desfet de Juneda, al parc de la Banqueta.<\/p>\n<p><strong>&#8211; El museu de Minferri:<\/strong> Recull les restes trobades al jaciment de Minferri, un assentament de l\u2019edat de bronze\u00a0(uns 4.000 anys d\u2019antiguitat).<\/p>\n<p><strong><span style=\"color: #669966;\">DOSSIER<\/span><\/strong>: <a href=\"https:\/\/drive.google.com\/open?id=16EM21QobfSrU4Dj_ojoR5Zxof3My9vL_\">pdf<\/a><\/p>\n<p>&nbsp;<\/p>\n<p><span style=\"color: #669966;\"><u><strong><span style=\"font-size: x-large;\">CURS 13\/14:<\/span><\/strong><\/u><\/span><\/p>\n<p><img decoding=\"async\" src=\"http:\/\/serveiseducatius.xtec.cat\/garrigues\/wp-content\/uploads\/usu142\/2016\/09\/sortida13_14.png\" \/><\/p>\n<p><span style=\"color: #669966;\"><strong>ITINERARI:<\/strong><\/span><\/p>\n<p>El <strong>M\u00f3n de l&#8217;Oli<\/strong>: Visita guiada a la cooperativa de la Pobla de C\u00e9rvoles.<\/p>\n<p>El <strong>M\u00f3n del V<\/strong>i: Visita guiada al celler Mas Blanch i Jov\u00e9 de la Pobla de C\u00e9rvoles.<\/p>\n<p><strong>Arbor\u00e8tum<\/strong>: Recorregut guiat. Pobla de C\u00e9rvoles<\/p>\n<p><strong><span style=\"color: #669966;\">DOSSIER<\/span><\/strong>: <a href=\"http:\/\/serveiseducatius.xtec.cat\/garrigues\/wp-content\/uploads\/usu142\/2016\/09\/Proposta_didactica_13_14b.pdf\" target=\"_blank\" rel=\"noopener\">pdf<\/a><\/p>\n<p>&nbsp;<\/p>\n<p><span style=\"color: #669966;\"><u><span style=\"font-size: x-large;\"><strong>CURS 12\/13:\u00a0<\/strong><\/span><\/u><\/span><\/p>\n<p><img decoding=\"async\" src=\"http:\/\/serveiseducatius.xtec.cat\/garrigues\/wp-content\/uploads\/usu142\/2016\/09\/sortida.png\" \/><\/p>\n<p align=\"left\"><span style=\"color: #669966;\"><strong>ITINERARI:<\/strong><\/span><\/p>\n<p align=\"left\"><strong>El Mirador:<\/strong> centre de descoberta de les Garrigues. Visita din\u00e0mica i guiada.<\/p>\n<p><strong>La Floresta:<\/strong> visita guiada al castell, el pou de gel i el trull.<\/p>\n<p><strong>L&#8217;Albi:<\/strong> visita guiada al castell.<\/p>\n<div align=\"left\"><strong><span style=\"color: #669966;\">DOSSIER<\/span><\/strong>: <a href=\"http:\/\/serveiseducatius.xtec.cat\/garrigues\/wp-content\/uploads\/usu142\/2016\/09\/proposta_sortida.pdf\" target=\"_blank\" rel=\"noopener\">pdf<\/a><\/div>\n<p>&nbsp;<\/p>\n","protected":false},"excerpt":{"rendered":"<p>CURS 18\/19: &nbsp; ITINERARI: &#8211; Visita a la reserva natural Mas de Melons.\u00a0La proposta de visita compr\u00e8n una petita excursi\u00f3 a l\u2019entorn del centre d\u2019informaci\u00f3 de Mas de Melons, situat al terme de Castelldans, on visitarem alguns espais caracter\u00edstics, la flora, la fauna i el patrimoni hist\u00f2ric. Despr\u00e9s es far\u00e0 una visita a l\u2019interior del [&hellip;]<\/p>\n","protected":false},"author":1,"featured_media":0,"parent":8876,"menu_order":0,"comment_status":"closed","ping_status":"closed","template":"page-templates\/side-menu.php","meta":{"_bbp_topic_count":0,"_bbp_reply_count":0,"_bbp_total_topic_count":0,"_bbp_total_reply_count":0,"_bbp_voice_count":0,"_bbp_anonymous_reply_count":0,"_bbp_topic_count_hidden":0,"_bbp_reply_count_hidden":0,"_bbp_forum_subforum_count":0,"site-sidebar-layout":"default","site-content-layout":"","ast-site-content-layout":"","site-content-style":"default","site-sidebar-style":"default","ast-global-header-display":"","ast-banner-title-visibility":"","ast-main-header-display":"","ast-hfb-above-header-display":"","ast-hfb-below-header-display":"","ast-hfb-mobile-header-display":"","site-post-title":"","ast-breadcrumbs-content":"","ast-featured-img":"","footer-sml-layout":"","theme-transparent-header-meta":"","adv-header-id-meta":"","stick-header-meta":"","header-above-stick-meta":"","header-main-stick-meta":"","header-below-stick-meta":"","astra-migrate-meta-layouts":"default","ast-page-background-enabled":"default","ast-page-background-meta":{"desktop":{"background-color":"var(--ast-global-color-4)","background-image":"","background-repeat":"repeat","background-position":"center center","background-size":"auto","background-attachment":"scroll","background-type":"","background-media":"","overlay-type":"","overlay-color":"","overlay-opacity":"","overlay-gradient":""},"tablet":{"background-color":"","background-image":"","background-repeat":"repeat","background-position":"center center","background-size":"auto","background-attachment":"scroll","background-type":"","background-media":"","overlay-type":"","overlay-color":"","overlay-opacity":"","overlay-gradient":""},"mobile":{"background-color":"","background-image":"","background-repeat":"repeat","background-position":"center center","background-size":"auto","background-attachment":"scroll","background-type":"","background-media":"","overlay-type":"","overlay-color":"","overlay-opacity":"","overlay-gradient":""}},"ast-content-background-meta":{"desktop":{"background-color":"var(--ast-global-color-5)","background-image":"","background-repeat":"repeat","background-position":"center center","background-size":"auto","background-attachment":"scroll","background-type":"","background-media":"","overlay-type":"","overlay-color":"","overlay-opacity":"","overlay-gradient":""},"tablet":{"background-color":"var(--ast-global-color-5)","background-image":"","background-repeat":"repeat","background-position":"center center","background-size":"auto","background-attachment":"scroll","background-type":"","background-media":"","overlay-type":"","overlay-color":"","overlay-opacity":"","overlay-gradient":""},"mobile":{"background-color":"var(--ast-global-color-5)","background-image":"","background-repeat":"repeat","background-position":"center center","background-size":"auto","background-attachment":"scroll","background-type":"","background-media":"","overlay-type":"","overlay-color":"","overlay-opacity":"","overlay-gradient":""}},"footnotes":""},"class_list":["post-8879","page","type-page","status-publish","hentry"],"post_mailing_queue_ids":[],"_links":{"self":[{"href":"https:\/\/serveiseducatius.xtec.cat\/garrigues\/wp-json\/wp\/v2\/pages\/8879","targetHints":{"allow":["GET"]}}],"collection":[{"href":"https:\/\/serveiseducatius.xtec.cat\/garrigues\/wp-json\/wp\/v2\/pages"}],"about":[{"href":"https:\/\/serveiseducatius.xtec.cat\/garrigues\/wp-json\/wp\/v2\/types\/page"}],"author":[{"embeddable":true,"href":"https:\/\/serveiseducatius.xtec.cat\/garrigues\/wp-json\/wp\/v2\/users\/1"}],"replies":[{"embeddable":true,"href":"https:\/\/serveiseducatius.xtec.cat\/garrigues\/wp-json\/wp\/v2\/comments?post=8879"}],"version-history":[{"count":4,"href":"https:\/\/serveiseducatius.xtec.cat\/garrigues\/wp-json\/wp\/v2\/pages\/8879\/revisions"}],"predecessor-version":[{"id":10804,"href":"https:\/\/serveiseducatius.xtec.cat\/garrigues\/wp-json\/wp\/v2\/pages\/8879\/revisions\/10804"}],"up":[{"embeddable":true,"href":"https:\/\/serveiseducatius.xtec.cat\/garrigues\/wp-json\/wp\/v2\/pages\/8876"}],"wp:attachment":[{"href":"https:\/\/serveiseducatius.xtec.cat\/garrigues\/wp-json\/wp\/v2\/media?parent=8879"}],"curies":[{"name":"wp","href":"https:\/\/api.w.org\/{rel}","templated":true}]}}