{"id":8848,"date":"2013-04-04T11:39:27","date_gmt":"2013-04-04T10:39:27","guid":{"rendered":"http:\/\/serveiseducatius.xtec.cat\/garrigues\/intraweb\/cinema-al-crp\/"},"modified":"2024-03-07T14:05:44","modified_gmt":"2024-03-07T13:05:44","slug":"cinema-al-crp","status":"publish","type":"page","link":"https:\/\/serveiseducatius.xtec.cat\/garrigues\/recursos\/cinema-al-crp\/","title":{"rendered":"Cinema al CRP"},"content":{"rendered":"<table style=\"width: 100%; border: 0px dotted #000000; border-collapse: collapse;\" cellpadding=\"5\">\n<tbody>\n<tr>\n<td style=\"border: 0px dotted #000000;\" align=\"center\"><a href=\"https:\/\/sites.google.com\/a\/xtec.cat\/cataleg-dvd-amb-fitxa-didactica\/\"><img loading=\"lazy\" decoding=\"async\" class=\"alignnone wp-image-10198\" src=\"http:\/\/serveiseducatius.xtec.cat\/garrigues\/wp-content\/uploads\/usu142\/2013\/04\/cinema1.png\" alt=\"\" width=\"230\" height=\"164\" \/><\/a><\/td>\n<td style=\"border: 0px dotted #000000;\" align=\"center\"><a href=\"https:\/\/sites.google.com\/a\/xtec.cat\/dvd\/page?authuser=1\" target=\"_blank\" rel=\"noopener noreferrer\"><img loading=\"lazy\" decoding=\"async\" class=\"alignnone\" src=\"http:\/\/serveiseducatius.xtec.cat\/garrigues\/wp-content\/uploads\/usu142\/2016\/09\/dvd1.png\" alt=\"\" width=\"250\" height=\"160\" align=\"left\" \/><\/a><\/td>\n<\/tr>\n<\/tbody>\n<\/table>\n<p>&nbsp;<\/p>\n<div style=\"text-align: center;\"><strong><span style=\"font-size: 18pt;\">Altres p\u00e0gines d&#8217;inter\u00e9s:<br \/>\n<\/span><\/strong><\/div>\n<div style=\"text-align: center;\"><\/div>\n<div style=\"text-align: center;\"><\/div>\n<ul>\n<li><span style=\"font-family: verdana,sans-serif;\"><span style=\"color: #000000;\"><b><a href=\"http:\/\/www.cinescola.info\/\" target=\"_blank\" rel=\"nofollow noopener noreferrer\">CineEscola<\/a>:<\/b>\u00a0<\/span>Espai per difondre propostes did\u00e0ctiques sobre cinema, d\u2019acc\u00e9s gratu\u00eft i en catal\u00e0.<\/span><\/li>\n<li><strong><a href=\"http:\/\/www.amnistiacatalunya.org\/edu\/pelis\/lista-salud.html\">Cine i drets humans<\/a><\/strong><\/li>\n<li><a href=\"http:\/\/blocs.xtec.cat\/educaambcurts\"><strong>Educa valors amb curts.<\/strong><\/a><\/li>\n<li><strong><a href=\"http:\/\/www.filmoteca.cat\/web\/serveis-educatius\">Filmoteca de Catalunya<\/a>.<\/strong> Servei educatiiu<\/li>\n<\/ul>\n<ul>\n<li><span style=\"font-family: verdana,sans-serif;\"><span style=\"font-family: verdana,sans-serif;\"><b><a href=\"http:\/\/www.uhu.es\/cine.educacion\/cineyeducacion\/index.htm\" target=\"_blank\" rel=\"nofollow noopener noreferrer\">Cine y educaci\u00f3n<\/a>:<\/b>\u00a0P\u00e0gina sobre did\u00e0ctica del cinema i ensenyament amb cinema. Cont\u00e9 guies i unitats did\u00e0ctiques i una selecci\u00f3 de pel\u00b7l\u00edcules per treballar el cinema a l&#8217;educaci\u00f3.<\/span><\/span><\/li>\n<li><span style=\"font-family: verdana,sans-serif;\"><b><a href=\"http:\/\/www.cinemaencurs.org\/\" target=\"_blank\" rel=\"nofollow noopener noreferrer\">Cinema en curs<\/a><\/b>.\u00a0 Veure i fer cinema amb alumnes de 3 a 18 anys, treballant amb docents i cineastes.<b> <\/b><\/span><\/li>\n<li><span style=\"font-family: verdana,sans-serif;\"><b><a href=\"http:\/\/www.dracmagic.cat\/\" target=\"_blank\" rel=\"nofollow noopener noreferrer\">Drac M\u00e0gic<\/a>:<\/b>\u00a0Estudis monogr\u00e0fics sobre diferents pel\u00b7l\u00edcules amb orientacions did\u00e0ctiques i fitxes de treball.\u00a0<\/span><\/li>\n<li><span style=\"font-family: verdana,sans-serif;\"><b><a href=\"http:\/\/www.grupiref.org\/cat\/pensar-amb-el-cinema.htm\" target=\"_blank\" rel=\"nofollow noopener noreferrer\">Pensar amb el cinema<\/a>:<\/b> Guies did\u00e0ctiques per treballar: cinema i educaci\u00f3 infantil; drets dels infants i joves; cinema i \u00e8tica; cinema i ciutadania.\u00a0<\/span><\/li>\n<li>\n<div><span style=\"font-family: verdana,sans-serif;\"><span style=\"font-family: verdana,sans-serif;\"><b><a href=\"http:\/\/www.xtec.cat\/web\/recursos\/media\/cinema\" target=\"_blank\" rel=\"nofollow noopener noreferrer\">XTEC Cinema:<\/a><\/b>\u00a0P\u00e0gina del Servei de mitjans audiovisuals del Departament d&#8217;Educaci\u00f3. Cont\u00e9 els seg\u00fcents apartats: Eines, Con\u00e8ixer el cinema, Cinema i curr\u00edculum, Experi\u00e8ncies, Videoteca en l\u00ednia.<\/span><\/span><\/div>\n<div><\/div>\n<\/li>\n<li>\n<div><span style=\"font-family: verdana,sans-serif;\"><span style=\"font-family: verdana,sans-serif;\"><a href=\"http:\/\/cinema-educacio.blogspot.com.es\/\" target=\"_blank\" rel=\"noopener noreferrer\"><b>Cinema i educaci\u00f3<\/b><\/a>. Bloc amb guies did\u00e0ctiques i pel\u00b7l\u00edcules en ordre alfab\u00e8tic.<\/span><\/span><\/div>\n<div><\/div>\n<\/li>\n<li>\n<div><span style=\"color: #000000; font-family: verdana,sans-serif;\"><span style=\"color: #000000; font-family: verdana,sans-serif;\"><a href=\"http:\/\/www.museudelcinema.cat\/cat\/educacio_programacio.php\" target=\"_blank\" rel=\"nofollow noopener noreferrer\"><b>Museu del Cinema<\/b><\/a>. Activitats i recursos per a professorat i l&#8217;alumnat.<\/span><\/span><\/div>\n<div><\/div>\n<\/li>\n<li>\n<div><span style=\"font-family: verdana,sans-serif;\"><b><span style=\"color: #351c75;\"><a href=\"http:\/\/www.filmoteca.cat\/web\/sites\/default\/files\/articles\/1111\/documents\/filmoteca_escoles_2017-2018_baixa.pdf\" target=\"_blank\" rel=\"nofollow noopener noreferrer\">Programa per a centres educatius de la Filmoteca de Catalunya Curs 2017-201<\/a>8<\/span><\/b><\/span><\/div>\n<\/li>\n<\/ul>\n<div><\/div>\n<p>&nbsp;<\/p>\n<p>&nbsp;<\/p>\n","protected":false},"excerpt":{"rendered":"<p>&nbsp; Altres p\u00e0gines d&#8217;inter\u00e9s: CineEscola:\u00a0Espai per difondre propostes did\u00e0ctiques sobre cinema, d\u2019acc\u00e9s gratu\u00eft i en catal\u00e0. Cine i drets humans Educa valors amb curts. Filmoteca de Catalunya. Servei educatiiu Cine y educaci\u00f3n:\u00a0P\u00e0gina sobre did\u00e0ctica del cinema i ensenyament amb cinema. Cont\u00e9 guies i unitats did\u00e0ctiques i una selecci\u00f3 de pel\u00b7l\u00edcules per treballar el cinema a [&hellip;]<\/p>\n","protected":false},"author":1,"featured_media":0,"parent":906,"menu_order":0,"comment_status":"closed","ping_status":"closed","template":"","meta":{"_bbp_topic_count":0,"_bbp_reply_count":0,"_bbp_total_topic_count":0,"_bbp_total_reply_count":0,"_bbp_voice_count":0,"_bbp_anonymous_reply_count":0,"_bbp_topic_count_hidden":0,"_bbp_reply_count_hidden":0,"_bbp_forum_subforum_count":0,"site-sidebar-layout":"default","site-content-layout":"","ast-site-content-layout":"","site-content-style":"default","site-sidebar-style":"default","ast-global-header-display":"","ast-banner-title-visibility":"","ast-main-header-display":"","ast-hfb-above-header-display":"","ast-hfb-below-header-display":"","ast-hfb-mobile-header-display":"","site-post-title":"","ast-breadcrumbs-content":"","ast-featured-img":"","footer-sml-layout":"","theme-transparent-header-meta":"","adv-header-id-meta":"","stick-header-meta":"","header-above-stick-meta":"","header-main-stick-meta":"","header-below-stick-meta":"","astra-migrate-meta-layouts":"default","ast-page-background-enabled":"default","ast-page-background-meta":{"desktop":{"background-color":"var(--ast-global-color-4)","background-image":"","background-repeat":"repeat","background-position":"center center","background-size":"auto","background-attachment":"scroll","background-type":"","background-media":"","overlay-type":"","overlay-color":"","overlay-opacity":"","overlay-gradient":""},"tablet":{"background-color":"","background-image":"","background-repeat":"repeat","background-position":"center center","background-size":"auto","background-attachment":"scroll","background-type":"","background-media":"","overlay-type":"","overlay-color":"","overlay-opacity":"","overlay-gradient":""},"mobile":{"background-color":"","background-image":"","background-repeat":"repeat","background-position":"center center","background-size":"auto","background-attachment":"scroll","background-type":"","background-media":"","overlay-type":"","overlay-color":"","overlay-opacity":"","overlay-gradient":""}},"ast-content-background-meta":{"desktop":{"background-color":"var(--ast-global-color-5)","background-image":"","background-repeat":"repeat","background-position":"center center","background-size":"auto","background-attachment":"scroll","background-type":"","background-media":"","overlay-type":"","overlay-color":"","overlay-opacity":"","overlay-gradient":""},"tablet":{"background-color":"var(--ast-global-color-5)","background-image":"","background-repeat":"repeat","background-position":"center center","background-size":"auto","background-attachment":"scroll","background-type":"","background-media":"","overlay-type":"","overlay-color":"","overlay-opacity":"","overlay-gradient":""},"mobile":{"background-color":"var(--ast-global-color-5)","background-image":"","background-repeat":"repeat","background-position":"center center","background-size":"auto","background-attachment":"scroll","background-type":"","background-media":"","overlay-type":"","overlay-color":"","overlay-opacity":"","overlay-gradient":""}},"footnotes":""},"class_list":["post-8848","page","type-page","status-publish","hentry"],"post_mailing_queue_ids":[],"_links":{"self":[{"href":"https:\/\/serveiseducatius.xtec.cat\/garrigues\/wp-json\/wp\/v2\/pages\/8848","targetHints":{"allow":["GET"]}}],"collection":[{"href":"https:\/\/serveiseducatius.xtec.cat\/garrigues\/wp-json\/wp\/v2\/pages"}],"about":[{"href":"https:\/\/serveiseducatius.xtec.cat\/garrigues\/wp-json\/wp\/v2\/types\/page"}],"author":[{"embeddable":true,"href":"https:\/\/serveiseducatius.xtec.cat\/garrigues\/wp-json\/wp\/v2\/users\/1"}],"replies":[{"embeddable":true,"href":"https:\/\/serveiseducatius.xtec.cat\/garrigues\/wp-json\/wp\/v2\/comments?post=8848"}],"version-history":[{"count":6,"href":"https:\/\/serveiseducatius.xtec.cat\/garrigues\/wp-json\/wp\/v2\/pages\/8848\/revisions"}],"predecessor-version":[{"id":22442,"href":"https:\/\/serveiseducatius.xtec.cat\/garrigues\/wp-json\/wp\/v2\/pages\/8848\/revisions\/22442"}],"up":[{"embeddable":true,"href":"https:\/\/serveiseducatius.xtec.cat\/garrigues\/wp-json\/wp\/v2\/pages\/906"}],"wp:attachment":[{"href":"https:\/\/serveiseducatius.xtec.cat\/garrigues\/wp-json\/wp\/v2\/media?parent=8848"}],"curies":[{"name":"wp","href":"https:\/\/api.w.org\/{rel}","templated":true}]}}