{"id":8763,"date":"2010-04-12T14:36:21","date_gmt":"2010-04-12T13:36:21","guid":{"rendered":"http:\/\/serveiseducatius.xtec.cat\/garrigues\/intraweb\/recursos_tecnologics\/"},"modified":"2025-11-21T10:03:23","modified_gmt":"2025-11-21T09:03:23","slug":"recursos_tecnologics","status":"publish","type":"page","link":"https:\/\/serveiseducatius.xtec.cat\/garrigues\/recursos\/recursos_tecnologics\/","title":{"rendered":"Aparells"},"content":{"rendered":"<p><strong><span style=\"background-color: #669966; color: #ffffff; font-size: large;\">RECURSOS EN PR\u00c8STEC \u00a0 \u00a0 \u00a0 \u00a0 \u00a0 \u00a0 \u00a0 \u00a0 \u00a0 \u00a0 \u00a0 \u00a0 \u00a0 \u00a0 \u00a0 \u00a0 \u00a0 \u00a0 \u00a0 \u00a0 \u00a0 \u00a0 \u00a0 \u00a0 \u00a0 \u00a0 \u00a0 \u00a0 \u00a0 \u00a0 \u00a0 \u00a0 \u00a0 \u00a0 \u00a0 \u00a0 \u00a0 \u00a0 \u00a0 \u00a0 \u00a0 \u00a0<\/span><\/strong><\/p>\n<table style=\"border: 0px dotted #000000; border-collapse: collapse;\" width=\"627\" cellpadding=\"5\">\n<tbody>\n<tr>\n<td style=\"border: 0px dotted #000000;\">\n<p align=\"center\"><strong><img loading=\"lazy\" decoding=\"async\" src=\"http:\/\/serveiseducatius.xtec.cat\/garrigues\/wp-content\/uploads\/usu142\/2016\/09\/samsung.jpg\" width=\"130\" height=\"102\" \/><\/strong><\/p>\n<\/td>\n<td style=\"border: 0px dotted #000000;\">\n<p align=\"center\"><img loading=\"lazy\" decoding=\"async\" src=\"http:\/\/serveiseducatius.xtec.cat\/garrigues\/wp-content\/uploads\/usu142\/2016\/09\/camara_fotos.jpg\" width=\"139\" height=\"122\" \/><\/p>\n<\/td>\n<td style=\"border: 0px dotted #000000;\" align=\"center\"><img loading=\"lazy\" decoding=\"async\" src=\"http:\/\/serveiseducatius.xtec.cat\/garrigues\/wp-content\/uploads\/usu142\/2016\/09\/camara_video.jpg\" width=\"122\" height=\"122\" \/><\/td>\n<\/tr>\n<tr>\n<td style=\"border: 0px dotted #000000;\" align=\"center\"><span style=\"font-size: small;\"><strong>C\u00c0MERA DE V\u00cdDEO<br \/>\n<\/strong><\/span><\/td>\n<td style=\"border: 0px dotted #000000;\" align=\"center\"><span style=\"font-size: small;\"><strong>C\u00c0MERA DE FOTOS<br \/>\n<\/strong><\/span><\/td>\n<td style=\"border: 0px dotted #000000;\" align=\"center\"><span style=\"font-size: small;\"><strong>C\u00c0MERA DE V\u00cdDEO<br \/>\n<\/strong><\/span><\/td>\n<\/tr>\n<tr>\n<td style=\"border: 0px dotted #000000;\" align=\"center\"><img loading=\"lazy\" decoding=\"async\" src=\"http:\/\/serveiseducatius.xtec.cat\/garrigues\/wp-content\/uploads\/usu142\/2016\/09\/projector.jpg\" width=\"164\" height=\"104\" \/><\/td>\n<td style=\"border: 0px dotted #000000;\" align=\"center\"><img decoding=\"async\" src=\"http:\/\/serveiseducatius.xtec.cat\/garrigues\/wp-content\/uploads\/usu142\/2016\/09\/diapositives.jpg\" \/><\/td>\n<td style=\"border: 0px dotted #000000;\" align=\"center\"><img decoding=\"async\" src=\"http:\/\/serveiseducatius.xtec.cat\/garrigues\/wp-content\/uploads\/usu142\/2016\/09\/lector.png\" \/><\/td>\n<\/tr>\n<tr>\n<td style=\"border: 0px dotted #000000;\" align=\"center\"><span style=\"font-size: small;\"><strong>PROJECTOR ACER<br \/>\n<\/strong><\/span><\/td>\n<td style=\"border: 0px dotted #000000;\" align=\"center\"><span style=\"font-size: small;\"><strong>PROJECTOR DIAPOSITIVES<br \/>\n<\/strong><\/span><\/td>\n<td style=\"border: 0px dotted #000000;\" align=\"center\"><span style=\"font-size: small;\"><strong>LECTOR TARGETES<br \/>\n<\/strong><\/span><\/td>\n<\/tr>\n<tr>\n<td style=\"border: 0px dotted #000000;\" align=\"center\"><img decoding=\"async\" src=\"http:\/\/serveiseducatius.xtec.cat\/garrigues\/wp-content\/uploads\/usu142\/2016\/09\/dvd.jpg\" \/><\/td>\n<td style=\"border: 0px dotted #000000;\" align=\"center\"><img loading=\"lazy\" decoding=\"async\" src=\"http:\/\/serveiseducatius.xtec.cat\/garrigues\/wp-content\/uploads\/usu142\/2016\/09\/peu.jpg\" width=\"161\" height=\"127\" \/><\/td>\n<td style=\"border: 0px dotted #000000;\" align=\"center\"><img loading=\"lazy\" decoding=\"async\" src=\"http:\/\/serveiseducatius.xtec.cat\/garrigues\/wp-content\/uploads\/usu142\/2016\/09\/tripode.jpg\" width=\"164\" height=\"154\" \/><\/td>\n<\/tr>\n<tr>\n<td style=\"border: 0px dotted #000000;\" align=\"center\"><span style=\"font-size: small;\"><strong>DVD<br \/>\n<\/strong><\/span><\/td>\n<td style=\"border: 0px dotted #000000;\" align=\"center\"><span style=\"font-size: small;\"><strong>PEU<br \/>\n<\/strong><\/span><\/td>\n<td style=\"border: 0px dotted #000000;\" align=\"center\"><span style=\"font-size: small;\"><strong>TR\u00cdPODE MICRO<br \/>\n<\/strong><\/span><\/td>\n<\/tr>\n<tr>\n<td style=\"border: 0px dotted #000000;\" align=\"center\"><img decoding=\"async\" src=\"\/se-garrigues\/intranet\/file.php?file=imatges\/recursos_tecnologics\/pantalla.jpg\" \/><img decoding=\"async\" src=\"http:\/\/serveiseducatius.xtec.cat\/garrigues\/wp-content\/uploads\/usu142\/2016\/09\/Pantalla.jpg\" \/><\/td>\n<td style=\"border: 0px dotted #000000;\" align=\"center\"><img decoding=\"async\" src=\"http:\/\/serveiseducatius.xtec.cat\/garrigues\/wp-content\/uploads\/usu142\/2016\/09\/micro.jpg\" \/><\/td>\n<td style=\"border: 0px dotted #000000;\" align=\"center\"><img decoding=\"async\" src=\"http:\/\/serveiseducatius.xtec.cat\/garrigues\/wp-content\/uploads\/usu142\/2016\/09\/Kitradio.png\" \/><\/td>\n<\/tr>\n<tr>\n<td style=\"border: 0px dotted #000000;\" align=\"center\"><strong><span style=\"font-size: small;\">PANTALLA<br \/>\n<\/span><\/strong><\/td>\n<td style=\"border: 0px dotted #000000;\" align=\"center\"><strong><span style=\"font-size: small;\">MICRO<br \/>\n<\/span><\/strong><\/td>\n<td style=\"border: 0px dotted #000000;\" align=\"center\"><strong><span style=\"font-size: small;\">KITR\u00c0DIO<br \/>\n<\/span><\/strong><\/td>\n<\/tr>\n<tr>\n<td style=\"border: 0px dotted #000000;\" align=\"center\"><img loading=\"lazy\" decoding=\"async\" src=\"http:\/\/serveiseducatius.xtec.cat\/garrigues\/wp-content\/uploads\/usu142\/2016\/09\/megafonia.png\" width=\"96\" height=\"139\" \/><\/td>\n<td style=\"border: 0px dotted #000000;\" align=\"center\"><img loading=\"lazy\" decoding=\"async\" src=\"http:\/\/serveiseducatius.xtec.cat\/garrigues\/wp-content\/uploads\/usu142\/2016\/09\/platina.jpg\" width=\"152\" height=\"121\" \/><\/td>\n<td style=\"border: 0px dotted #000000;\" align=\"center\"><img decoding=\"async\" src=\"http:\/\/serveiseducatius.xtec.cat\/garrigues\/wp-content\/uploads\/usu142\/2016\/09\/taula_so.jpg\" \/><\/td>\n<\/tr>\n<tr>\n<td style=\"border: 0px dotted #000000;\" align=\"center\"><strong><span style=\"font-size: small;\">EQUIP MEGAFONIA<br \/>\n<\/span><\/strong><\/td>\n<td style=\"border: 0px dotted #000000;\" align=\"center\"><strong><span style=\"font-size: small;\">AMPLIFICADOR<br \/>\n<\/span><\/strong><\/td>\n<td style=\"border: 0px dotted #000000;\" align=\"center\"><strong><span style=\"font-size: small;\">TAULA SO ANAL\u00d2GIC<br \/>\n<\/span><\/strong><\/td>\n<\/tr>\n<tr>\n<td style=\"border: 0px dotted #000000;\" align=\"center\"><img loading=\"lazy\" decoding=\"async\" src=\"http:\/\/serveiseducatius.xtec.cat\/garrigues\/wp-content\/uploads\/usu142\/2016\/09\/lector_barres.jpg\" width=\"128\" height=\"128\" \/><\/td>\n<td style=\"border: 0px dotted #000000;\"><img loading=\"lazy\" decoding=\"async\" src=\"http:\/\/serveiseducatius.xtec.cat\/garrigues\/wp-content\/uploads\/usu142\/2016\/09\/reflex.jpg\" width=\"178\" height=\"146\" \/><\/td>\n<td style=\"border: 0px dotted #000000;\"><img loading=\"lazy\" decoding=\"async\" class=\"\" src=\"https:\/\/encrypted-tbn0.gstatic.com\/images?q=tbn:ANd9GcTlN9WhXqo1tJ96j5FZh47j42YLIJzIqx_woA&amp;usqp=CAU\" alt=\"Amazon.es: Estudio Croma - Fondos Fotogr\u00e1ficos \/ Estudio De Fotograf\u00eda E  Iluminaci\u00f3n: Electr\u00f3nica\" width=\"171\" height=\"150\" \/><\/td>\n<\/tr>\n<tr>\n<td style=\"border: 0px dotted #000000;\" align=\"center\"><strong><span style=\"font-size: small;\">LECTOR BARRES<\/span><\/strong><\/td>\n<td style=\"border: 0px dotted #000000;\"><span style=\"font-family: arial,helvetica,sans-serif; font-size: small;\"><strong>C\u00c0M<span style=\"font-size: small;\">E<\/span>RA DE FOTOS REFLEX<\/strong><\/span><\/td>\n<td style=\"border: 0px dotted #000000; text-align: center;\"><strong>CROMA<\/strong><\/td>\n<\/tr>\n<\/tbody>\n<\/table>\n<table style=\"border: 0px dotted #000000; border-collapse: collapse; width: 12.9111%; height: 177px;\" cellpadding=\"5\">\n<tbody>\n<tr style=\"height: 146px;\">\n<td style=\"border: 0px dotted #000000; height: 146px; width: 114.531%;\" align=\"center\"><img loading=\"lazy\" decoding=\"async\" class=\"\" src=\"https:\/\/assets.mmsrg.com\/isr\/166325\/c1\/-\/ASSET_MMS_87810664\/fee_325_225_png\" alt=\"Aro de luz + soporte | CellularLine Selfie Ring Pro, Anillo LED, Negro\" width=\"222\" height=\"153\" \/><\/td>\n<td style=\"border: 0px dotted #000000; height: 146px; width: 6.45161%;\"><\/td>\n<td style=\"border: 0px dotted #000000; height: 146px; width: 10.1124%;\"><\/td>\n<\/tr>\n<tr style=\"height: 31px;\">\n<td style=\"border: 0px dotted #000000; height: 31px; width: 114.531%;\" align=\"center\"><strong><span style=\"font-size: small;\">ARO DE LLUM<\/span><\/strong><\/td>\n<td style=\"border: 0px dotted #000000; height: 31px; width: 6.45161%;\"><\/td>\n<td style=\"border: 0px dotted #000000; text-align: center; height: 31px; width: 10.1124%;\"><\/td>\n<\/tr>\n<\/tbody>\n<\/table>\n<p><strong style=\"background-color: #669966;\"><span style=\"font-size: large;\"> <span style=\"color: #ffffff;\">RECURSOS DISPONIBLES AL CRP \u00a0 \u00a0 \u00a0 \u00a0 \u00a0 \u00a0 \u00a0 \u00a0 \u00a0 \u00a0 \u00a0 \u00a0 \u00a0 \u00a0 \u00a0 \u00a0 \u00a0 \u00a0 \u00a0 \u00a0 \u00a0 \u00a0 \u00a0 \u00a0 \u00a0 \u00a0 \u00a0 \u00a0 \u00a0 \u00a0 \u00a0 \u00a0 \u00a0\u00a0\u00a0<\/span><\/span><\/strong><\/p>\n<table style=\"border: 0px dotted #000000; border-collapse: collapse; width: 100%; height: 436px;\" width=\"623\" cellpadding=\"5\">\n<tbody>\n<tr style=\"height: 145px;\">\n<td style=\"border: 0px dotted #000000; height: 145px;\" align=\"center\"><img loading=\"lazy\" decoding=\"async\" src=\"http:\/\/serveiseducatius.xtec.cat\/garrigues\/wp-content\/uploads\/usu142\/2016\/09\/cizalla.gif\" width=\"127\" height=\"117\" \/><\/td>\n<td style=\"border: 0px dotted #000000; height: 145px;\" align=\"center\"><img decoding=\"async\" src=\"http:\/\/serveiseducatius.xtec.cat\/garrigues\/wp-content\/uploads\/usu142\/2016\/09\/plastificadora.jpg\" \/><\/td>\n<td style=\"border: 0px dotted #000000; height: 145px;\" align=\"center\"><img loading=\"lazy\" decoding=\"async\" src=\"http:\/\/serveiseducatius.xtec.cat\/garrigues\/wp-content\/uploads\/usu142\/2016\/09\/guillotina.jpg\" width=\"146\" height=\"146\" \/><\/td>\n<\/tr>\n<tr style=\"height: 23px;\">\n<td style=\"border: 0px dotted #000000; height: 23px;\" align=\"center\"><strong><span style=\"font-size: small;\">\u00a0CIZALLA<br \/>\n<\/span><\/strong><\/td>\n<td style=\"border: 0px dotted #000000; height: 23px;\" align=\"center\"><strong><span style=\"font-size: small;\">PLASTIFICADORA<br \/>\n<\/span><\/strong><\/td>\n<td style=\"border: 0px dotted #000000; height: 23px;\" align=\"center\"><strong><span style=\"font-size: small;\">\u00a0GUILLOTINA<\/span><\/strong><\/td>\n<\/tr>\n<tr style=\"height: 153px;\">\n<td style=\"border: 0px dotted #000000; height: 153px;\" align=\"center\"><img decoding=\"async\" src=\"http:\/\/serveiseducatius.xtec.cat\/garrigues\/wp-content\/uploads\/usu142\/2016\/09\/enquadernadora_espiral.jpg\" \/><\/td>\n<td style=\"border: 0px dotted #000000; height: 153px;\" align=\"center\"><img loading=\"lazy\" decoding=\"async\" src=\"http:\/\/serveiseducatius.xtec.cat\/garrigues\/wp-content\/uploads\/usu142\/2016\/09\/grapadora_gran.jpg\" width=\"151\" height=\"67\" \/><\/td>\n<td style=\"border: 0px dotted #000000; height: 153px;\" align=\"center\"><img loading=\"lazy\" decoding=\"async\" src=\"http:\/\/serveiseducatius.xtec.cat\/garrigues\/wp-content\/uploads\/usu142\/2016\/09\/taladro.jpg\" width=\"154\" height=\"154\" \/><\/td>\n<\/tr>\n<tr style=\"height: 23px;\">\n<td style=\"border: 0px dotted #000000; height: 23px;\" align=\"center\"><strong><span style=\"font-size: small;\">\u00a0ENQUADERNADORA ESPIRAL<br \/>\n<\/span><\/strong><\/td>\n<td style=\"border: 0px dotted #000000; height: 23px;\" align=\"center\"><strong><span style=\"font-size: small;\">\u00a0GRAPADORA REVISTES<br \/>\n<\/span><\/strong><\/td>\n<td style=\"border: 0px dotted #000000; height: 23px;\" align=\"center\"><strong><span style=\"font-size: small;\">\u00a0TALADRE 4 FORATS<br \/>\n<\/span><\/strong><\/td>\n<\/tr>\n<tr style=\"height: 23px;\">\n<td style=\"border: 0px dotted #000000; height: 23px;\" align=\"center\"><\/td>\n<td style=\"border: 0px dotted #000000; height: 23px;\" align=\"center\"><\/td>\n<td style=\"border: 0px dotted #000000; height: 23px;\" align=\"center\"><\/td>\n<\/tr>\n<tr style=\"height: 23px;\">\n<td style=\"border: 0px dotted #000000; height: 23px;\" align=\"center\"><\/td>\n<td style=\"border: 0px dotted #000000; height: 23px;\" align=\"center\"><\/td>\n<td style=\"border: 0px dotted #000000; height: 23px;\" align=\"center\"><\/td>\n<\/tr>\n<tr style=\"height: 23px;\">\n<td style=\"border: 0px dotted #000000; height: 23px;\" align=\"center\"><\/td>\n<td style=\"border: 0px dotted #000000; height: 23px;\"><\/td>\n<td style=\"border: 0px dotted #000000; height: 23px;\"><\/td>\n<\/tr>\n<tr style=\"height: 23px;\">\n<td style=\"border: 0px dotted #000000; height: 23px;\" align=\"center\"><strong><span style=\"font-size: small;\">\u00a0<\/span><\/strong><\/td>\n<td style=\"border: 0px dotted #000000; height: 23px;\"><\/td>\n<td style=\"border: 0px dotted #000000; height: 23px;\"><\/td>\n<\/tr>\n<\/tbody>\n<\/table>\n","protected":false},"excerpt":{"rendered":"<p>RECURSOS EN PR\u00c8STEC \u00a0 \u00a0 \u00a0 \u00a0 \u00a0 \u00a0 \u00a0 \u00a0 \u00a0 \u00a0 \u00a0 \u00a0 \u00a0 \u00a0 \u00a0 \u00a0 \u00a0 \u00a0 \u00a0 \u00a0 \u00a0 \u00a0 \u00a0 \u00a0 \u00a0 \u00a0 \u00a0 \u00a0 \u00a0 \u00a0 \u00a0 \u00a0 \u00a0 \u00a0 \u00a0 \u00a0 \u00a0 \u00a0 \u00a0 \u00a0 \u00a0 \u00a0 C\u00c0MERA DE V\u00cdDEO C\u00c0MERA DE FOTOS C\u00c0MERA DE V\u00cdDEO PROJECTOR [&hellip;]<\/p>\n","protected":false},"author":1,"featured_media":0,"parent":906,"menu_order":0,"comment_status":"closed","ping_status":"closed","template":"","meta":{"_bbp_topic_count":0,"_bbp_reply_count":0,"_bbp_total_topic_count":0,"_bbp_total_reply_count":0,"_bbp_voice_count":0,"_bbp_anonymous_reply_count":0,"_bbp_topic_count_hidden":0,"_bbp_reply_count_hidden":0,"_bbp_forum_subforum_count":0,"site-sidebar-layout":"default","site-content-layout":"","ast-site-content-layout":"default","site-content-style":"default","site-sidebar-style":"default","ast-global-header-display":"","ast-banner-title-visibility":"","ast-main-header-display":"","ast-hfb-above-header-display":"","ast-hfb-below-header-display":"","ast-hfb-mobile-header-display":"","site-post-title":"","ast-breadcrumbs-content":"","ast-featured-img":"","footer-sml-layout":"","theme-transparent-header-meta":"","adv-header-id-meta":"","stick-header-meta":"","header-above-stick-meta":"","header-main-stick-meta":"","header-below-stick-meta":"","astra-migrate-meta-layouts":"set","ast-page-background-enabled":"default","ast-page-background-meta":{"desktop":{"background-color":"var(--ast-global-color-4)","background-image":"","background-repeat":"repeat","background-position":"center center","background-size":"auto","background-attachment":"scroll","background-type":"","background-media":"","overlay-type":"","overlay-color":"","overlay-opacity":"","overlay-gradient":""},"tablet":{"background-color":"","background-image":"","background-repeat":"repeat","background-position":"center center","background-size":"auto","background-attachment":"scroll","background-type":"","background-media":"","overlay-type":"","overlay-color":"","overlay-opacity":"","overlay-gradient":""},"mobile":{"background-color":"","background-image":"","background-repeat":"repeat","background-position":"center center","background-size":"auto","background-attachment":"scroll","background-type":"","background-media":"","overlay-type":"","overlay-color":"","overlay-opacity":"","overlay-gradient":""}},"ast-content-background-meta":{"desktop":{"background-color":"var(--ast-global-color-5)","background-image":"","background-repeat":"repeat","background-position":"center center","background-size":"auto","background-attachment":"scroll","background-type":"","background-media":"","overlay-type":"","overlay-color":"","overlay-opacity":"","overlay-gradient":""},"tablet":{"background-color":"var(--ast-global-color-5)","background-image":"","background-repeat":"repeat","background-position":"center center","background-size":"auto","background-attachment":"scroll","background-type":"","background-media":"","overlay-type":"","overlay-color":"","overlay-opacity":"","overlay-gradient":""},"mobile":{"background-color":"var(--ast-global-color-5)","background-image":"","background-repeat":"repeat","background-position":"center center","background-size":"auto","background-attachment":"scroll","background-type":"","background-media":"","overlay-type":"","overlay-color":"","overlay-opacity":"","overlay-gradient":""}},"footnotes":""},"class_list":["post-8763","page","type-page","status-publish","hentry"],"post_mailing_queue_ids":[],"_links":{"self":[{"href":"https:\/\/serveiseducatius.xtec.cat\/garrigues\/wp-json\/wp\/v2\/pages\/8763","targetHints":{"allow":["GET"]}}],"collection":[{"href":"https:\/\/serveiseducatius.xtec.cat\/garrigues\/wp-json\/wp\/v2\/pages"}],"about":[{"href":"https:\/\/serveiseducatius.xtec.cat\/garrigues\/wp-json\/wp\/v2\/types\/page"}],"author":[{"embeddable":true,"href":"https:\/\/serveiseducatius.xtec.cat\/garrigues\/wp-json\/wp\/v2\/users\/1"}],"replies":[{"embeddable":true,"href":"https:\/\/serveiseducatius.xtec.cat\/garrigues\/wp-json\/wp\/v2\/comments?post=8763"}],"version-history":[{"count":4,"href":"https:\/\/serveiseducatius.xtec.cat\/garrigues\/wp-json\/wp\/v2\/pages\/8763\/revisions"}],"predecessor-version":[{"id":24632,"href":"https:\/\/serveiseducatius.xtec.cat\/garrigues\/wp-json\/wp\/v2\/pages\/8763\/revisions\/24632"}],"up":[{"embeddable":true,"href":"https:\/\/serveiseducatius.xtec.cat\/garrigues\/wp-json\/wp\/v2\/pages\/906"}],"wp:attachment":[{"href":"https:\/\/serveiseducatius.xtec.cat\/garrigues\/wp-json\/wp\/v2\/media?parent=8763"}],"curies":[{"name":"wp","href":"https:\/\/api.w.org\/{rel}","templated":true}]}}