{"id":8180,"date":"2016-07-13T12:44:21","date_gmt":"2016-07-13T11:44:21","guid":{"rendered":"http:\/\/serveiseducatius.xtec.cat\/garrigues\/?page_id=8180"},"modified":"2024-09-23T12:13:20","modified_gmt":"2024-09-23T10:13:20","slug":"professionals-eap","status":"publish","type":"page","link":"https:\/\/serveiseducatius.xtec.cat\/garrigues\/el-servei-educatiu\/qui-som\/professionals-eap\/","title":{"rendered":"Professionals EAP"},"content":{"rendered":"<table style=\"width: 59.702%; height: 236px;\" border=\"0\" width=\"761\" cellspacing=\"0\" cellpadding=\"0\">\n<tbody>\n<tr style=\"height: 38px;\">\n<td class=\"xl24\" style=\"height: 38px; width: 46.1419%;\" width=\"250\" height=\"38\"><strong><span style=\"color: #669966; font-family: Comic Sans MS;\">Nom professional<\/span><\/strong><\/td>\n<td class=\"xl25\" style=\"height: 38px; width: 28.0905%;\" width=\"171\"><strong><span style=\"color: #669966; font-family: Comic Sans MS;\">Perfil<\/span><span style=\"color: #669966; font-family: Comic Sans MS;\"> professional<\/span><\/strong><\/td>\n<td class=\"xl25\" style=\"height: 38px; width: 18.8265%;\" width=\"128\"><strong><span style=\"color: #669966; font-family: Comic Sans MS;\">Email<\/span><\/strong><\/td>\n<td class=\"xl25\" style=\"height: 38px; width: 15.3597%;\" width=\"146\"><strong><span style=\"color: #669966; font-family: Comic Sans MS;\">Observacions<\/span><\/strong><\/td>\n<\/tr>\n<tr style=\"height: 33px;\">\n<td class=\"xl28\" style=\"height: 33px; width: 46.1419%;\" width=\"250\" height=\"26\"><span style=\"font-family: Arial; font-size: small;\">S\u00c1NCHEZ PULIDO, Tom\u00e0s<br \/>\n<\/span><\/td>\n<td class=\"xl28\" style=\"height: 33px; width: 28.0905%;\" width=\"171\"><span style=\"font-family: Arial; font-size: small;\"><span style=\"font-family: Arial; font-size: small;\">Psicopedagogia\u00a0<\/span><\/span><\/td>\n<td class=\"xl29\" style=\"height: 33px; width: 18.8265%;\" width=\"128\"><a href=\"mailto:mboldu8@xtec.cat\" target=\"_parent\" rel=\"noopener\"><span style=\"color: #0000ff; font-family: Arial; font-size: small;\">\u00a0<\/span><\/a><a href=\"mailto:tsanche1@xtec.cat\" target=\"_parent\" rel=\"noopener\"><span style=\"color: #0000ff; font-family: Arial; font-size: small;\">tsanche1@xtec.cat<\/span><\/a><\/td>\n<td class=\"xl28\" style=\"height: 33px; width: 15.3597%;\" width=\"146\"><span style=\"font-family: arial,helvetica,sans-serif; font-size: small;\">Director EAP<\/span><\/td>\n<\/tr>\n<tr style=\"height: 33px;\">\n<td style=\"height: 33px; width: 46.1419%;\"><span style=\"font-family: Arial; font-size: small;\">MINGUELLA ABAD, Erica<\/span><\/td>\n<td style=\"height: 33px; width: 28.0905%;\"><span style=\"font-family: Arial; font-size: small;\"><span style=\"font-family: Arial; font-size: small;\">Psicopedagogia\u00a0<\/span><\/span><\/td>\n<td style=\"height: 33px; width: 18.8265%;\"><span style=\"color: #0000ff; font-family: Arial; font-size: small;\">emingue3@xtec.cat<\/span><\/td>\n<td style=\"height: 33px; width: 15.3597%;\"><span style=\"font-family: arial,helvetica,sans-serif; font-size: small;\">\u00a0<\/span><\/td>\n<\/tr>\n<tr style=\"height: 33px;\">\n<td class=\"xl28\" style=\"height: 33px; width: 46.1419%;\" width=\"250\" height=\"26\"><span style=\"font-size: small;\"><span style=\"font-family: Arial;\">MARTIN POVEDA, Sandra<\/span><\/span><\/td>\n<td class=\"xl28\" style=\"height: 33px; width: 28.0905%;\" width=\"171\"><span style=\"font-size: small;\"><span style=\"font-family: Arial;\">Treballadora Social<\/span><\/span><\/td>\n<td class=\"xl29\" style=\"height: 33px; width: 18.8265%;\" width=\"128\"><a href=\"mailto:@xtec.cat\" target=\"_parent\" rel=\"noopener\"><span style=\"color: #0000ff; font-family: Arial; font-size: small;\"><span style=\"font-size: small;\">smart20<\/span>@xtec.cat<\/span><\/a><\/td>\n<td class=\"xl28\" style=\"height: 33px; width: 15.3597%;\" width=\"146\"><\/td>\n<\/tr>\n<tr style=\"height: 33px;\">\n<td style=\"height: 33px; width: 46.1419%;\"><span style=\"font-family: Arial; font-size: small;\">MART\u00cd VIDAL, Anna M.<\/span><\/td>\n<td style=\"height: 33px; width: 28.0905%;\"><span style=\"font-size: small;\"><span style=\"font-family: Arial;\">Treballadora Social<\/span><\/span><\/td>\n<td style=\"height: 33px; width: 18.8265%;\"><span style=\"color: #0000ff; font-family: Arial; font-size: small;\"><span style=\"font-size: small;\">amart619@xtec.cat<\/span><\/span><\/td>\n<td style=\"height: 33px; width: 15.3597%;\"><\/td>\n<\/tr>\n<tr style=\"height: 33px;\">\n<td class=\"xl28\" style=\"height: 33px; width: 46.1419%;\" width=\"250\" height=\"26\"><span style=\"font-family: Arial; font-size: small;\">DANIEL MIR\u00d3, Val\u00e8ria C.<\/span><\/td>\n<td class=\"xl28\" style=\"height: 33px; width: 28.0905%;\" width=\"171\"><span style=\"font-family: Arial; font-size: small;\"><span style=\"font-family: Arial; font-size: small;\">Administrativa<\/span><\/span><\/td>\n<td class=\"xl29\" style=\"height: 33px; width: 18.8265%;\" width=\"128\"><a href=\"mailto:mboldu8@xtec.cat\" target=\"_parent\" rel=\"noopener\"><span style=\"color: #0000ff; font-family: Arial; font-size: small;\">vdaniel@xtec.cat<\/span><\/a><\/td>\n<td class=\"xl28\" style=\"height: 33px; width: 15.3597%;\" width=\"146\"><\/td>\n<\/tr>\n<\/tbody>\n<\/table>\n<p>&nbsp;<\/p>\n","protected":false},"excerpt":{"rendered":"<p>Nom professional Perfil professional Email Observacions S\u00c1NCHEZ PULIDO, Tom\u00e0s Psicopedagogia\u00a0 \u00a0tsanche1@xtec.cat Director EAP MINGUELLA ABAD, Erica Psicopedagogia\u00a0 emingue3@xtec.cat \u00a0 MARTIN POVEDA, Sandra Treballadora Social smart20@xtec.cat MART\u00cd VIDAL, Anna M. Treballadora Social amart619@xtec.cat DANIEL MIR\u00d3, Val\u00e8ria C. Administrativa vdaniel@xtec.cat &nbsp;<\/p>\n","protected":false},"author":1,"featured_media":0,"parent":8177,"menu_order":0,"comment_status":"closed","ping_status":"closed","template":"","meta":{"_bbp_topic_count":0,"_bbp_reply_count":0,"_bbp_total_topic_count":0,"_bbp_total_reply_count":0,"_bbp_voice_count":0,"_bbp_anonymous_reply_count":0,"_bbp_topic_count_hidden":0,"_bbp_reply_count_hidden":0,"_bbp_forum_subforum_count":0,"site-sidebar-layout":"default","site-content-layout":"","ast-site-content-layout":"","site-content-style":"default","site-sidebar-style":"default","ast-global-header-display":"","ast-banner-title-visibility":"","ast-main-header-display":"","ast-hfb-above-header-display":"","ast-hfb-below-header-display":"","ast-hfb-mobile-header-display":"","site-post-title":"","ast-breadcrumbs-content":"","ast-featured-img":"","footer-sml-layout":"","theme-transparent-header-meta":"","adv-header-id-meta":"","stick-header-meta":"","header-above-stick-meta":"","header-main-stick-meta":"","header-below-stick-meta":"","astra-migrate-meta-layouts":"default","ast-page-background-enabled":"default","ast-page-background-meta":{"desktop":{"background-color":"var(--ast-global-color-4)","background-image":"","background-repeat":"repeat","background-position":"center center","background-size":"auto","background-attachment":"scroll","background-type":"","background-media":"","overlay-type":"","overlay-color":"","overlay-opacity":"","overlay-gradient":""},"tablet":{"background-color":"","background-image":"","background-repeat":"repeat","background-position":"center center","background-size":"auto","background-attachment":"scroll","background-type":"","background-media":"","overlay-type":"","overlay-color":"","overlay-opacity":"","overlay-gradient":""},"mobile":{"background-color":"","background-image":"","background-repeat":"repeat","background-position":"center center","background-size":"auto","background-attachment":"scroll","background-type":"","background-media":"","overlay-type":"","overlay-color":"","overlay-opacity":"","overlay-gradient":""}},"ast-content-background-meta":{"desktop":{"background-color":"var(--ast-global-color-5)","background-image":"","background-repeat":"repeat","background-position":"center center","background-size":"auto","background-attachment":"scroll","background-type":"","background-media":"","overlay-type":"","overlay-color":"","overlay-opacity":"","overlay-gradient":""},"tablet":{"background-color":"var(--ast-global-color-5)","background-image":"","background-repeat":"repeat","background-position":"center center","background-size":"auto","background-attachment":"scroll","background-type":"","background-media":"","overlay-type":"","overlay-color":"","overlay-opacity":"","overlay-gradient":""},"mobile":{"background-color":"var(--ast-global-color-5)","background-image":"","background-repeat":"repeat","background-position":"center center","background-size":"auto","background-attachment":"scroll","background-type":"","background-media":"","overlay-type":"","overlay-color":"","overlay-opacity":"","overlay-gradient":""}},"footnotes":""},"class_list":["post-8180","page","type-page","status-publish","hentry"],"post_mailing_queue_ids":[],"_links":{"self":[{"href":"https:\/\/serveiseducatius.xtec.cat\/garrigues\/wp-json\/wp\/v2\/pages\/8180","targetHints":{"allow":["GET"]}}],"collection":[{"href":"https:\/\/serveiseducatius.xtec.cat\/garrigues\/wp-json\/wp\/v2\/pages"}],"about":[{"href":"https:\/\/serveiseducatius.xtec.cat\/garrigues\/wp-json\/wp\/v2\/types\/page"}],"author":[{"embeddable":true,"href":"https:\/\/serveiseducatius.xtec.cat\/garrigues\/wp-json\/wp\/v2\/users\/1"}],"replies":[{"embeddable":true,"href":"https:\/\/serveiseducatius.xtec.cat\/garrigues\/wp-json\/wp\/v2\/comments?post=8180"}],"version-history":[{"count":6,"href":"https:\/\/serveiseducatius.xtec.cat\/garrigues\/wp-json\/wp\/v2\/pages\/8180\/revisions"}],"predecessor-version":[{"id":22744,"href":"https:\/\/serveiseducatius.xtec.cat\/garrigues\/wp-json\/wp\/v2\/pages\/8180\/revisions\/22744"}],"up":[{"embeddable":true,"href":"https:\/\/serveiseducatius.xtec.cat\/garrigues\/wp-json\/wp\/v2\/pages\/8177"}],"wp:attachment":[{"href":"https:\/\/serveiseducatius.xtec.cat\/garrigues\/wp-json\/wp\/v2\/media?parent=8180"}],"curies":[{"name":"wp","href":"https:\/\/api.w.org\/{rel}","templated":true}]}}