{"id":19315,"date":"2021-04-23T13:03:11","date_gmt":"2021-04-23T11:03:11","guid":{"rendered":"https:\/\/serveiseducatius.xtec.cat\/garrigues\/?page_id=19315"},"modified":"2026-04-13T10:16:10","modified_gmt":"2026-04-13T08:16:10","slug":"deteccio-de-necessitats","status":"publish","type":"page","link":"https:\/\/serveiseducatius.xtec.cat\/garrigues\/formacio\/deteccio-de-necessitats\/","title":{"rendered":"Detecci\u00f3 de Necessitats"},"content":{"rendered":"\n<figure class=\"wp-block-table is-style-stripes\"><table class=\"has-fixed-layout\"><tbody><tr><td class=\"has-text-align-center\" data-align=\"center\" colspan=\"3\">\n<h4><strong>SOL\u00b7LICITUDS DE FORMACI\u00d3<\/strong><\/h4>\n<\/td><\/tr><tr><td class=\"has-text-align-center\" data-align=\"center\" colspan=\"3\">\n<h5><strong>CARACTER\u00cdSTIQUES&nbsp; DE LES DIFERENTS MODALITATS<\/strong><\/h5>\n<p>Abans d&#8217;omplir els diferents q\u00fcestionaris \u00e9s recomanable haver consultat el seg\u00fcent <a href=\"https:\/\/drive.google.com\/file\/d\/1kPAIyDC1IGEdfPGhDYX81Qjh6_LIROnp\/view?usp=sharing\" target=\"_blank\" rel=\"noopener\">document<\/a><\/p>\n<\/td><\/tr><tr><td class=\"has-text-align-center\" data-align=\"center\"><strong>Formaci\u00f3 en centre<\/strong><\/td><td class=\"has-text-align-center\" data-align=\"center\"><strong>Formaci\u00f3 per a centre<\/strong><\/td><td class=\"has-text-align-center\" data-align=\"center\"><strong>Formaci\u00f3 individual<\/strong><\/td><\/tr><tr><td class=\"has-text-align-center\" data-align=\"center\"><figure><a href=\"https:\/\/docs.google.com\/forms\/d\/e\/1FAIpQLSe_RyFqA8AP70jtzCsCoHHLbhunlKFGJ1lACz2tRwE4C4BtEw\/viewform?usp=publish-editor\" target=\"_blank\" rel=\"noreferrer noopener\"><img loading=\"lazy\" decoding=\"async\" width=\"123\" height=\"175\" class=\"alignnone wp-image-19329\" src=\"https:\/\/serveiseducatius.xtec.cat\/garrigues\/wp-content\/uploads\/usu142\/2021\/04\/en.jpg\" alt=\"\"><\/a><\/figure><\/td><td class=\"has-text-align-center\" data-align=\"center\"><figure><a href=\"https:\/\/docs.google.com\/forms\/d\/e\/1FAIpQLSdtcGmyVhbZvDWmXHtnVojyYL3Q1v6xXdNM19WtWV6vXvNXSA\/viewform?usp=publish-editor\" target=\"_blank\" rel=\"noreferrer noopener\"><img loading=\"lazy\" decoding=\"async\" width=\"107\" height=\"174\" class=\"alignnone wp-image-19330\" src=\"https:\/\/serveiseducatius.xtec.cat\/garrigues\/wp-content\/uploads\/usu142\/2021\/04\/per.jpg\" alt=\"\"><\/a><\/figure><\/td><td class=\"has-text-align-center\" data-align=\"center\"><figure><a href=\"https:\/\/docs.google.com\/forms\/d\/e\/1FAIpQLSfMn7YOl9u7aOrBrcRHhQstR6l_snHO66kOu2ksq6prM-frXQ\/viewform?usp=publish-editor\" target=\"_blank\" rel=\"noreferrer noopener\"><img loading=\"lazy\" decoding=\"async\" width=\"122\" height=\"174\" class=\"alignnone wp-image-19331\" src=\"https:\/\/serveiseducatius.xtec.cat\/garrigues\/wp-content\/uploads\/usu142\/2021\/04\/indiv.jpg\" alt=\"\"><\/a><\/figure><\/td><\/tr><\/tbody><\/table><\/figure>\n\n\n\n<p><\/p>\n","protected":false},"excerpt":{"rendered":"<p>SOL\u00b7LICITUDS DE FORMACI\u00d3 CARACTER\u00cdSTIQUES&nbsp; DE LES DIFERENTS MODALITATS Abans d&#8217;omplir els diferents q\u00fcestionaris \u00e9s recomanable haver consultat el seg\u00fcent document Formaci\u00f3 en centre Formaci\u00f3 per a centre Formaci\u00f3 individual<\/p>\n","protected":false},"author":3,"featured_media":0,"parent":8988,"menu_order":0,"comment_status":"closed","ping_status":"closed","template":"","meta":{"_bbp_topic_count":0,"_bbp_reply_count":0,"_bbp_total_topic_count":0,"_bbp_total_reply_count":0,"_bbp_voice_count":0,"_bbp_anonymous_reply_count":0,"_bbp_topic_count_hidden":0,"_bbp_reply_count_hidden":0,"_bbp_forum_subforum_count":0,"site-sidebar-layout":"left-sidebar","site-content-layout":"","ast-site-content-layout":"default","site-content-style":"default","site-sidebar-style":"boxed","ast-global-header-display":"","ast-banner-title-visibility":"","ast-main-header-display":"","ast-hfb-above-header-display":"","ast-hfb-below-header-display":"","ast-hfb-mobile-header-display":"","site-post-title":"","ast-breadcrumbs-content":"","ast-featured-img":"","footer-sml-layout":"","theme-transparent-header-meta":"default","adv-header-id-meta":"","stick-header-meta":"","header-above-stick-meta":"","header-main-stick-meta":"","header-below-stick-meta":"","astra-migrate-meta-layouts":"set","ast-page-background-enabled":"default","ast-page-background-meta":{"desktop":{"background-color":"var(--ast-global-color-4)","background-image":"","background-repeat":"repeat","background-position":"center center","background-size":"auto","background-attachment":"scroll","background-type":"","background-media":"","overlay-type":"","overlay-color":"","overlay-opacity":"","overlay-gradient":""},"tablet":{"background-color":"","background-image":"","background-repeat":"repeat","background-position":"center center","background-size":"auto","background-attachment":"scroll","background-type":"","background-media":"","overlay-type":"","overlay-color":"","overlay-opacity":"","overlay-gradient":""},"mobile":{"background-color":"","background-image":"","background-repeat":"repeat","background-position":"center center","background-size":"auto","background-attachment":"scroll","background-type":"","background-media":"","overlay-type":"","overlay-color":"","overlay-opacity":"","overlay-gradient":""}},"ast-content-background-meta":{"desktop":{"background-color":"var(--ast-global-color-5)","background-image":"","background-repeat":"repeat","background-position":"center center","background-size":"auto","background-attachment":"scroll","background-type":"","background-media":"","overlay-type":"","overlay-color":"","overlay-opacity":"","overlay-gradient":""},"tablet":{"background-color":"var(--ast-global-color-5)","background-image":"","background-repeat":"repeat","background-position":"center center","background-size":"auto","background-attachment":"scroll","background-type":"","background-media":"","overlay-type":"","overlay-color":"","overlay-opacity":"","overlay-gradient":""},"mobile":{"background-color":"var(--ast-global-color-5)","background-image":"","background-repeat":"repeat","background-position":"center center","background-size":"auto","background-attachment":"scroll","background-type":"","background-media":"","overlay-type":"","overlay-color":"","overlay-opacity":"","overlay-gradient":""}},"footnotes":""},"class_list":["post-19315","page","type-page","status-publish","hentry"],"post_mailing_queue_ids":[],"_links":{"self":[{"href":"https:\/\/serveiseducatius.xtec.cat\/garrigues\/wp-json\/wp\/v2\/pages\/19315","targetHints":{"allow":["GET"]}}],"collection":[{"href":"https:\/\/serveiseducatius.xtec.cat\/garrigues\/wp-json\/wp\/v2\/pages"}],"about":[{"href":"https:\/\/serveiseducatius.xtec.cat\/garrigues\/wp-json\/wp\/v2\/types\/page"}],"author":[{"embeddable":true,"href":"https:\/\/serveiseducatius.xtec.cat\/garrigues\/wp-json\/wp\/v2\/users\/3"}],"replies":[{"embeddable":true,"href":"https:\/\/serveiseducatius.xtec.cat\/garrigues\/wp-json\/wp\/v2\/comments?post=19315"}],"version-history":[{"count":6,"href":"https:\/\/serveiseducatius.xtec.cat\/garrigues\/wp-json\/wp\/v2\/pages\/19315\/revisions"}],"predecessor-version":[{"id":25245,"href":"https:\/\/serveiseducatius.xtec.cat\/garrigues\/wp-json\/wp\/v2\/pages\/19315\/revisions\/25245"}],"up":[{"embeddable":true,"href":"https:\/\/serveiseducatius.xtec.cat\/garrigues\/wp-json\/wp\/v2\/pages\/8988"}],"wp:attachment":[{"href":"https:\/\/serveiseducatius.xtec.cat\/garrigues\/wp-json\/wp\/v2\/media?parent=19315"}],"curies":[{"name":"wp","href":"https:\/\/api.w.org\/{rel}","templated":true}]}}