{"id":19031,"date":"2021-01-29T16:19:17","date_gmt":"2021-01-29T15:19:17","guid":{"rendered":"https:\/\/serveiseducatius.xtec.cat\/garrigues\/?page_id=19031"},"modified":"2025-11-21T12:35:23","modified_gmt":"2025-11-21T11:35:23","slug":"recursos-en-prestec","status":"publish","type":"page","link":"https:\/\/serveiseducatius.xtec.cat\/garrigues\/recursos\/recursos-en-prestec\/","title":{"rendered":"Recursos en pr\u00e9stec"},"content":{"rendered":"\n<figure class=\"wp-block-table aligncenter is-style-stripes\"><table class=\"has-fixed-layout\"><tbody><tr><td class=\"has-text-align-center\" data-align=\"center\">&nbsp;<br><figure><a href=\"https:\/\/sites.google.com\/xtec.cat\/lecturaalaula\/lectura\"><img loading=\"lazy\" decoding=\"async\" width=\"150\" height=\"150\" class=\"alignnone size-full wp-image-19032\" src=\"https:\/\/serveiseducatius.xtec.cat\/garrigues\/wp-content\/uploads\/usu142\/2021\/01\/maletes-lectura.jpg\" alt=\"\"><\/a><\/figure><\/td><td class=\"has-text-align-center\" data-align=\"center\"><figure><a href=\"https:\/\/serveiseducatius.xtec.cat\/garrigues\/wp-content\/uploads\/usu142\/2021\/09\/artistica.png\"><img loading=\"lazy\" decoding=\"async\" class=\"alignnone size-full wp-image-19719\" src=\"https:\/\/serveiseducatius.xtec.cat\/garrigues\/wp-content\/uploads\/usu142\/2021\/09\/artistica.png\" alt=\"\" width=\"150\" height=\"150\"><\/a><\/figure><\/td><td class=\"has-text-align-center\" data-align=\"center\"><figure><a href=\"https:\/\/serveiseducatius.xtec.cat\/garrigues\/robots\/\"><img loading=\"lazy\" decoding=\"async\" class=\"alignnone size-full wp-image-19034\" src=\"https:\/\/serveiseducatius.xtec.cat\/garrigues\/wp-content\/uploads\/usu142\/2021\/01\/rob\u00f2tica.jpg\" alt=\"\" width=\"150\" height=\"150\"><\/a><\/figure><\/td><\/tr><tr><td class=\"has-text-align-center\" data-align=\"center\">\n<h4><a href=\"https:\/\/sites.google.com\/xtec.cat\/lecturaalaula\/lectura\" target=\"_blank\" rel=\"noopener\">Programa de suport a les Lleng\u00fces<\/a><\/h4>\n<\/td><td class=\"has-text-align-center\" data-align=\"center\"><br><h4><a href=\"https:\/\/serveiseducatius.xtec.cat\/garrigues\/categoria\/musica\/prestec-artistica\/\" target=\"_blank\" rel=\"noopener\">Programa de suport a l&#8217;Educaci\u00f3 Art\u00edstica<\/a><\/h4><br><\/td><td class=\"has-text-align-center\" data-align=\"center\">\n<h4><a href=\"https:\/\/serveiseducatius.xtec.cat\/garrigues\/categoria\/tac\/recursos-de-robotica\/\" target=\"_blank\" rel=\"noopener\">Rob\u00f2tica a l&#8217;aula<\/a><\/h4>\n<\/td><\/tr><tr><td class=\"has-text-align-center\" data-align=\"center\">&nbsp;<br><figure><a href=\"https:\/\/serveiseducatius.xtec.cat\/garrigues\/wp-content\/uploads\/usu142\/2021\/09\/ciencies.jpg\"><img loading=\"lazy\" decoding=\"async\" width=\"150\" height=\"150\" class=\"alignnone size-full wp-image-19723\" src=\"https:\/\/serveiseducatius.xtec.cat\/garrigues\/wp-content\/uploads\/usu142\/2021\/09\/ciencies.jpg\" alt=\"\"><\/a><\/figure><\/td><td class=\"has-text-align-center\" data-align=\"center\"><figure><a href=\"https:\/\/sites.google.com\/a\/xtec.cat\/recursos-de-coeducacio\/\"><img loading=\"lazy\" decoding=\"async\" class=\"alignnone size-full wp-image-19033\" src=\"https:\/\/serveiseducatius.xtec.cat\/garrigues\/wp-content\/uploads\/usu142\/2021\/01\/Sense-t\u00edtol.jpg\" alt=\"\" width=\"150\" height=\"158\"><\/a><\/figure><\/td><td class=\"has-text-align-center\" data-align=\"center\"><figure><a href=\"https:\/\/serveiseducatius.xtec.cat\/garrigues\/altres-maletes\/\"><img loading=\"lazy\" decoding=\"async\" class=\"alignnone size-full wp-image-19038\" src=\"https:\/\/serveiseducatius.xtec.cat\/garrigues\/wp-content\/uploads\/usu142\/2021\/01\/maletes.jpg\" alt=\"\" width=\"150\" height=\"150\"><\/a><\/figure><\/td><\/tr><tr><td class=\"has-text-align-center\" data-align=\"center\">\n<h4><a href=\"https:\/\/serveiseducatius.xtec.cat\/garrigues\/categoria\/ciencies\/prestec-ciencies\/\" target=\"_blank\" rel=\"noopener\">Programa de suport a les Ci\u00e8ncies<\/a><\/h4>\n<\/td><td class=\"has-text-align-center\" data-align=\"center\">\n<h4><a href=\"https:\/\/sites.google.com\/xtec.cat\/recursos-de-coeducaci\/recursos-de-coeducaci%C3%B3\" target=\"_blank\" rel=\"noopener\">Maletes de Coeducaci\u00f3<\/a><\/h4>\n<\/td><td class=\"has-text-align-center\" data-align=\"center\">\n<h4><a href=\"https:\/\/serveiseducatius.xtec.cat\/garrigues\/altres-maletes\/\" target=\"_blank\" rel=\"noopener\">Altres maletes<\/a><\/h4>\n<\/td><\/tr><tr><td class=\"has-text-align-center\" data-align=\"center\"><br><h4><figure><a href=\"https:\/\/serveiseducatius.xtec.cat\/garrigues\/recursos\/cinema-al-crp\/\"><img loading=\"lazy\" decoding=\"async\" width=\"150\" height=\"150\" class=\"alignnone size-full wp-image-19037\" src=\"https:\/\/serveiseducatius.xtec.cat\/garrigues\/wp-content\/uploads\/usu142\/2021\/01\/cinema.jpg\" alt=\"\"><\/a><\/figure><\/h4><\/td><td class=\"has-text-align-center\" data-align=\"center\"><br><h4><figure><a href=\"https:\/\/serveiseducatius.xtec.cat\/garrigues\/recursos\/recursos_tecnologics\/\"><img loading=\"lazy\" decoding=\"async\" width=\"150\" height=\"150\" class=\"alignnone size-full wp-image-19039\" src=\"https:\/\/serveiseducatius.xtec.cat\/garrigues\/wp-content\/uploads\/usu142\/2021\/01\/aparellls.jpg\" alt=\"\"><\/a><\/figure><\/h4><\/td><td class=\"has-text-align-center\" data-align=\"center\">&nbsp;<br><figure><a href=\"https:\/\/serveiseducatius.xtec.cat\/garrigues\/wp-content\/uploads\/usu142\/2025\/09\/maletes.jpg\"><img loading=\"lazy\" decoding=\"async\" width=\"150\" height=\"150\" class=\"alignnone size-full wp-image-23788\" src=\"https:\/\/serveiseducatius.xtec.cat\/garrigues\/wp-content\/uploads\/usu142\/2025\/09\/maletes.jpg\" alt=\"\"><\/a><\/figure><\/td><\/tr><tr><td class=\"has-text-align-center\" data-align=\"center\">\n<h4><a href=\"https:\/\/serveiseducatius.xtec.cat\/garrigues\/recursos\/cinema-al-crp\/\" target=\"_blank\" rel=\"noopener\">Cinema<\/a><\/h4>\n<\/td><td class=\"has-text-align-center\" data-align=\"center\">\n<h4><a href=\"https:\/\/serveiseducatius.xtec.cat\/garrigues\/recursos\/recursos_tecnologics\/\" target=\"_blank\" rel=\"noopener\">Aparells<\/a><\/h4>\n<\/td><td class=\"has-text-align-center\" data-align=\"center\"><h4><a href=\"https:\/\/drive.google.com\/file\/d\/1Gnka_9wCj3IFqtlcU6hK3CkCJqcw8d8u\/view?usp=sharing\">Enlla\u00e7 al cat\u00e0leg<\/a><\/h4><\/td><\/tr><\/tbody><\/table><\/figure>\n\n\n\n<h3 class=\"wp-block-heading alignwide has-text-align-center\">&nbsp; <a href=\"https:\/\/docs.google.com\/document\/d\/1_PWfLcsP4MA1PMUcPz2sPHMQUnSPLW9NABbu1qUbj-A\/edit?usp=sharing\" target=\"_blank\" rel=\"noopener\">Disponibilitat de recursos<\/a><\/h3>\n\n\n\n<p>&nbsp;<\/p>\n\n\n\n<p><\/p>\n","protected":false},"excerpt":{"rendered":"<p>&nbsp; Programa de suport a les Lleng\u00fces Programa de suport a l&#8217;Educaci\u00f3 Art\u00edstica Rob\u00f2tica a l&#8217;aula &nbsp; Programa de suport a les Ci\u00e8ncies Maletes de Coeducaci\u00f3 Altres maletes &nbsp; Cinema Aparells Enlla\u00e7 al cat\u00e0leg &nbsp; Disponibilitat de recursos &nbsp;<\/p>\n","protected":false},"author":3,"featured_media":0,"parent":906,"menu_order":0,"comment_status":"closed","ping_status":"closed","template":"","meta":{"_bbp_topic_count":0,"_bbp_reply_count":0,"_bbp_total_topic_count":0,"_bbp_total_reply_count":0,"_bbp_voice_count":0,"_bbp_anonymous_reply_count":0,"_bbp_topic_count_hidden":0,"_bbp_reply_count_hidden":0,"_bbp_forum_subforum_count":0,"site-sidebar-layout":"left-sidebar","site-content-layout":"","ast-site-content-layout":"default","site-content-style":"default","site-sidebar-style":"default","ast-global-header-display":"","ast-banner-title-visibility":"","ast-main-header-display":"","ast-hfb-above-header-display":"","ast-hfb-below-header-display":"","ast-hfb-mobile-header-display":"","site-post-title":"","ast-breadcrumbs-content":"","ast-featured-img":"","footer-sml-layout":"","theme-transparent-header-meta":"default","adv-header-id-meta":"","stick-header-meta":"","header-above-stick-meta":"","header-main-stick-meta":"","header-below-stick-meta":"","astra-migrate-meta-layouts":"set","ast-page-background-enabled":"default","ast-page-background-meta":{"desktop":{"background-color":"var(--ast-global-color-4)","background-image":"","background-repeat":"repeat","background-position":"center center","background-size":"auto","background-attachment":"scroll","background-type":"","background-media":"","overlay-type":"","overlay-color":"","overlay-opacity":"","overlay-gradient":""},"tablet":{"background-color":"","background-image":"","background-repeat":"repeat","background-position":"center center","background-size":"auto","background-attachment":"scroll","background-type":"","background-media":"","overlay-type":"","overlay-color":"","overlay-opacity":"","overlay-gradient":""},"mobile":{"background-color":"","background-image":"","background-repeat":"repeat","background-position":"center center","background-size":"auto","background-attachment":"scroll","background-type":"","background-media":"","overlay-type":"","overlay-color":"","overlay-opacity":"","overlay-gradient":""}},"ast-content-background-meta":{"desktop":{"background-color":"var(--ast-global-color-5)","background-image":"","background-repeat":"repeat","background-position":"center center","background-size":"auto","background-attachment":"scroll","background-type":"","background-media":"","overlay-type":"","overlay-color":"","overlay-opacity":"","overlay-gradient":""},"tablet":{"background-color":"var(--ast-global-color-5)","background-image":"","background-repeat":"repeat","background-position":"center center","background-size":"auto","background-attachment":"scroll","background-type":"","background-media":"","overlay-type":"","overlay-color":"","overlay-opacity":"","overlay-gradient":""},"mobile":{"background-color":"var(--ast-global-color-5)","background-image":"","background-repeat":"repeat","background-position":"center center","background-size":"auto","background-attachment":"scroll","background-type":"","background-media":"","overlay-type":"","overlay-color":"","overlay-opacity":"","overlay-gradient":""}},"footnotes":""},"class_list":["post-19031","page","type-page","status-publish","hentry"],"post_mailing_queue_ids":[],"_links":{"self":[{"href":"https:\/\/serveiseducatius.xtec.cat\/garrigues\/wp-json\/wp\/v2\/pages\/19031","targetHints":{"allow":["GET"]}}],"collection":[{"href":"https:\/\/serveiseducatius.xtec.cat\/garrigues\/wp-json\/wp\/v2\/pages"}],"about":[{"href":"https:\/\/serveiseducatius.xtec.cat\/garrigues\/wp-json\/wp\/v2\/types\/page"}],"author":[{"embeddable":true,"href":"https:\/\/serveiseducatius.xtec.cat\/garrigues\/wp-json\/wp\/v2\/users\/3"}],"replies":[{"embeddable":true,"href":"https:\/\/serveiseducatius.xtec.cat\/garrigues\/wp-json\/wp\/v2\/comments?post=19031"}],"version-history":[{"count":5,"href":"https:\/\/serveiseducatius.xtec.cat\/garrigues\/wp-json\/wp\/v2\/pages\/19031\/revisions"}],"predecessor-version":[{"id":24634,"href":"https:\/\/serveiseducatius.xtec.cat\/garrigues\/wp-json\/wp\/v2\/pages\/19031\/revisions\/24634"}],"up":[{"embeddable":true,"href":"https:\/\/serveiseducatius.xtec.cat\/garrigues\/wp-json\/wp\/v2\/pages\/906"}],"wp:attachment":[{"href":"https:\/\/serveiseducatius.xtec.cat\/garrigues\/wp-json\/wp\/v2\/media?parent=19031"}],"curies":[{"name":"wp","href":"https:\/\/api.w.org\/{rel}","templated":true}]}}